{"id":4710,"date":"2022-09-12T14:33:17","date_gmt":"2022-09-12T12:33:17","guid":{"rendered":"https:\/\/vx3785300.server2.imperialmedia.cz\/?page_id=4710"},"modified":"2022-09-16T08:31:18","modified_gmt":"2022-09-16T06:31:18","slug":"novosti","status":"publish","type":"page","link":"https:\/\/www.dspprerov.cz\/ru\/novosti\/","title":{"rendered":"\u041d\u043e\u0432\u043e\u0441\u0442\u0438"},"content":{"rendered":"\t\t<div data-elementor-type=\"wp-page\" data-elementor-id=\"4710\" class=\"elementor elementor-4710 elementor-333\" data-elementor-post-type=\"page\">\n\t\t\t\t\t\t<section class=\"elementor-section elementor-top-section elementor-element elementor-element-b6b8908 elementor-section-content-middle elementor-section-boxed elementor-section-height-default elementor-section-height-default\" data-id=\"b6b8908\" data-element_type=\"section\" data-e-type=\"section\" data-settings=\"{&quot;background_background&quot;:&quot;classic&quot;}\">\n\t\t\t\t\t\t\t<div class=\"elementor-background-overlay\"><\/div>\n\t\t\t\t\t\t\t<div class=\"elementor-container elementor-column-gap-no\">\n\t\t\t\t\t<div class=\"elementor-column elementor-col-100 elementor-top-column elementor-element elementor-element-1deea2fe\" data-id=\"1deea2fe\" data-element_type=\"column\" data-e-type=\"column\">\n\t\t\t<div class=\"elementor-widget-wrap elementor-element-populated\">\n\t\t\t\t\t\t<div class=\"elementor-element elementor-element-301dc7b3 elementor-widget elementor-widget-heading\" data-id=\"301dc7b3\" data-element_type=\"widget\" data-e-type=\"widget\" data-widget_type=\"heading.default\">\n\t\t\t\t<div class=\"elementor-widget-container\">\n\t\t\t\t\t<h4 class=\"elementor-heading-title elementor-size-default\">\u041d\u043e\u0432\u043e\u0441\u0442\u0438<\/h4>\t\t\t\t<\/div>\n\t\t\t\t<\/div>\n\t\t\t\t\t<\/div>\n\t\t<\/div>\n\t\t\t\t\t<\/div>\n\t\t<\/section>\n\t\t\t\t<section class=\"elementor-section elementor-top-section elementor-element elementor-element-bc718c4 elementor-section-boxed elementor-section-height-default elementor-section-height-default\" data-id=\"bc718c4\" data-element_type=\"section\" data-e-type=\"section\" data-settings=\"{&quot;background_background&quot;:&quot;classic&quot;}\">\n\t\t\t\t\t\t\t<div class=\"elementor-background-overlay\"><\/div>\n\t\t\t\t\t\t\t<div class=\"elementor-container elementor-column-gap-default\">\n\t\t\t\t\t<div class=\"elementor-column elementor-col-100 elementor-top-column elementor-element elementor-element-1be5515b\" data-id=\"1be5515b\" data-element_type=\"column\" data-e-type=\"column\">\n\t\t\t<div class=\"elementor-widget-wrap elementor-element-populated\">\n\t\t\t\t\t\t<div class=\"elementor-element elementor-element-4d0fe644 elementor-grid-2 elementor-grid-tablet-2 elementor-grid-mobile-1 elementor-posts--thumbnail-top elementor-card-shadow-yes elementor-posts__hover-gradient elementor-widget elementor-widget-posts\" data-id=\"4d0fe644\" data-element_type=\"widget\" data-e-type=\"widget\" data-settings=\"{&quot;cards_columns&quot;:&quot;2&quot;,&quot;pagination_type&quot;:&quot;prev_next&quot;,&quot;cards_columns_tablet&quot;:&quot;2&quot;,&quot;cards_columns_mobile&quot;:&quot;1&quot;,&quot;cards_row_gap&quot;:{&quot;unit&quot;:&quot;px&quot;,&quot;size&quot;:35,&quot;sizes&quot;:[]},&quot;cards_row_gap_tablet&quot;:{&quot;unit&quot;:&quot;px&quot;,&quot;size&quot;:&quot;&quot;,&quot;sizes&quot;:[]},&quot;cards_row_gap_mobile&quot;:{&quot;unit&quot;:&quot;px&quot;,&quot;size&quot;:&quot;&quot;,&quot;sizes&quot;:[]}}\" data-widget_type=\"posts.cards\">\n\t\t\t\t<div class=\"elementor-widget-container\">\n\t\t\t\t\t\t\t<div class=\"elementor-posts-container elementor-posts elementor-posts--skin-cards elementor-grid\" role=\"list\">\n\t\t\t\t<article class=\"elementor-post elementor-grid-item post-6326 post type-post status-publish format-standard has-post-thumbnail hentry category-77\" role=\"listitem\">\n\t\t\t<div class=\"elementor-post__card\">\n\t\t\t\t<a class=\"elementor-post__thumbnail__link\" href=\"https:\/\/www.dspprerov.cz\/ru\/%d0%bf%d1%80%d0%b8%d0%b3%d0%bb%d0%b0%d1%88%d0%b5%d0%bd%d0%b8%d0%b5-%d0%bd%d0%b0-mine-2026\/\" tabindex=\"-1\" ><div class=\"elementor-post__thumbnail\"><img fetchpriority=\"high\" decoding=\"async\" width=\"800\" height=\"553\" src=\"https:\/\/www.dspprerov.cz\/wp-content\/uploads\/2026\/03\/bvv-2026-1024x708.jpg\" class=\"attachment-large size-large wp-image-6629\" alt=\"\" srcset=\"https:\/\/www.dspprerov.cz\/wp-content\/uploads\/2026\/03\/bvv-2026-1024x708.jpg 1024w, https:\/\/www.dspprerov.cz\/wp-content\/uploads\/2026\/03\/bvv-2026-300x207.jpg 300w, https:\/\/www.dspprerov.cz\/wp-content\/uploads\/2026\/03\/bvv-2026-768x531.jpg 768w, https:\/\/www.dspprerov.cz\/wp-content\/uploads\/2026\/03\/bvv-2026.jpg 1263w\" sizes=\"(max-width: 800px) 100vw, 800px\" \/><\/div><\/a>\n\t\t\t\t<div class=\"elementor-post__badge\">\u042f\u0440\u043c\u0430\u0440\u043a\u0438<\/div>\n\t\t\t\t<div class=\"elementor-post__text\">\n\t\t\t\t<h3 class=\"elementor-post__title\">\n\t\t\t<a href=\"https:\/\/www.dspprerov.cz\/ru\/%d0%bf%d1%80%d0%b8%d0%b3%d0%bb%d0%b0%d1%88%d0%b5%d0%bd%d0%b8%d0%b5-%d0%bd%d0%b0-mine-2026\/\" >\n\t\t\t\t\u041f\u0440\u0438\u0433\u043b\u0430\u0448\u0435\u043d\u0438\u0435 \u043d\u0430 MINE&#038;BUILD 2026\t\t\t<\/a>\n\t\t<\/h3>\n\t\t\t\t<div class=\"elementor-post__excerpt\">\n\t\t\t<p>\u0423\u0432\u0430\u0436\u0430\u0435\u043c\u044b\u0435 \u043a\u043b\u0438\u0435\u043d\u0442\u044b \u0438 \u0434\u0435\u043b\u043e\u0432\u044b\u0435 \u043f\u0430\u0440\u0442\u043d\u0435\u0440\u044b! \u041c\u044b \u0440\u0430\u0434\u044b \u043f\u0440\u0438\u0433\u043b\u0430\u0441\u0438\u0442\u044c \u0432\u0430\u0441 \u043d\u0430 \u0432\u044b\u0441\u0442\u0430\u0432\u043a\u0443 MINE&amp;BUILD 2026, \u043a\u043e\u0442\u043e\u0440\u0430\u044f \u043f\u0440\u043e\u0439\u0434\u0435\u0442 \u0432 \u0411\u0440\u043d\u043e, \u0427\u0435\u0445\u0438\u044f, \u0441 25 \u043f\u043e 28 \u043c\u0430\u0440\u0442\u0430 2026 \u0433\u043e\u0434\u0430.<\/p>\n\t\t<\/div>\n\t\t\n\t\t<a class=\"elementor-post__read-more\" href=\"https:\/\/www.dspprerov.cz\/ru\/%d0%bf%d1%80%d0%b8%d0%b3%d0%bb%d0%b0%d1%88%d0%b5%d0%bd%d0%b8%d0%b5-%d0%bd%d0%b0-mine-2026\/\" aria-label=\"Read more about \u041f\u0440\u0438\u0433\u043b\u0430\u0448\u0435\u043d\u0438\u0435 \u043d\u0430 MINE&#038;BUILD 2026\" tabindex=\"-1\" >\n\t\t\t\u010c\u00edst v\u00edce \u00bb\t\t<\/a>\n\n\t\t\t\t<\/div>\n\t\t\t\t<div class=\"elementor-post__meta-data\">\n\t\t\t\t\t<span class=\"elementor-post-date\">\n\t\t\t10.01.2025\t\t<\/span>\n\t\t\t\t<\/div>\n\t\t\t\t\t<\/div>\n\t\t<\/article>\n\t\t\t\t<\/div>\n\t\t\n\t\t\t\t\t\t<\/div>\n\t\t\t\t<\/div>\n\t\t\t\t\t<\/div>\n\t\t<\/div>\n\t\t\t\t\t<\/div>\n\t\t<\/section>\n\t\t\t\t<\/div>\n\t\t","protected":false},"excerpt":{"rendered":"<p>\u041d\u043e\u0432\u043e\u0441\u0442\u0438<\/p>\n","protected":false},"author":3,"featured_media":0,"parent":0,"menu_order":0,"comment_status":"closed","ping_status":"closed","template":"","meta":{"_acf_changed":false,"footnotes":""},"class_list":["post-4710","page","type-page","status-publish","hentry"],"acf":[],"_links":{"self":[{"href":"https:\/\/www.dspprerov.cz\/ru\/wp-json\/wp\/v2\/pages\/4710","targetHints":{"allow":["GET"]}}],"collection":[{"href":"https:\/\/www.dspprerov.cz\/ru\/wp-json\/wp\/v2\/pages"}],"about":[{"href":"https:\/\/www.dspprerov.cz\/ru\/wp-json\/wp\/v2\/types\/page"}],"author":[{"embeddable":true,"href":"https:\/\/www.dspprerov.cz\/ru\/wp-json\/wp\/v2\/users\/3"}],"replies":[{"embeddable":true,"href":"https:\/\/www.dspprerov.cz\/ru\/wp-json\/wp\/v2\/comments?post=4710"}],"version-history":[{"count":4,"href":"https:\/\/www.dspprerov.cz\/ru\/wp-json\/wp\/v2\/pages\/4710\/revisions"}],"predecessor-version":[{"id":4714,"href":"https:\/\/www.dspprerov.cz\/ru\/wp-json\/wp\/v2\/pages\/4710\/revisions\/4714"}],"wp:attachment":[{"href":"https:\/\/www.dspprerov.cz\/ru\/wp-json\/wp\/v2\/media?parent=4710"}],"curies":[{"name":"wp","href":"https:\/\/api.w.org\/{rel}","templated":true}]}}