{"id":3782,"date":"2022-08-19T15:23:34","date_gmt":"2022-08-19T13:23:34","guid":{"rendered":"https:\/\/vx3785300.server2.imperialmedia.cz\/?page_id=3782"},"modified":"2022-09-16T08:36:55","modified_gmt":"2022-09-16T06:36:55","slug":"stancii-sortirovki","status":"publish","type":"page","link":"https:\/\/www.dspprerov.cz\/ru\/stancii-sortirovki\/","title":{"rendered":"\u0421\u0442\u0430\u043d\u0446\u0438\u0438 \u0441\u043e\u0440\u0442\u0438\u0440\u043e\u0432\u043a\u0438"},"content":{"rendered":"\t\t<div data-elementor-type=\"wp-page\" data-elementor-id=\"3782\" class=\"elementor elementor-3782 elementor-272\" data-elementor-post-type=\"page\">\n\t\t\t\t\t\t<section class=\"elementor-section elementor-top-section elementor-element elementor-element-b6b8908 elementor-section-content-middle elementor-section-boxed elementor-section-height-default elementor-section-height-default\" data-id=\"b6b8908\" data-element_type=\"section\" data-e-type=\"section\" data-settings=\"{&quot;background_background&quot;:&quot;classic&quot;}\">\n\t\t\t\t\t\t\t<div class=\"elementor-background-overlay\"><\/div>\n\t\t\t\t\t\t\t<div class=\"elementor-container elementor-column-gap-no\">\n\t\t\t\t\t<div class=\"elementor-column elementor-col-100 elementor-top-column elementor-element elementor-element-1deea2fe\" data-id=\"1deea2fe\" data-element_type=\"column\" data-e-type=\"column\">\n\t\t\t<div class=\"elementor-widget-wrap elementor-element-populated\">\n\t\t\t\t\t\t<div class=\"elementor-element elementor-element-301dc7b3 elementor-widget elementor-widget-heading\" data-id=\"301dc7b3\" data-element_type=\"widget\" data-e-type=\"widget\" data-widget_type=\"heading.default\">\n\t\t\t\t<div class=\"elementor-widget-container\">\n\t\t\t\t\t<h4 class=\"elementor-heading-title elementor-size-default\">\u0421\u0442\u0430\u043d\u0446\u0438\u0438 \u0441\u043e\u0440\u0442\u0438\u0440\u043e\u0432\u043a\u0438<\/h4>\t\t\t\t<\/div>\n\t\t\t\t<\/div>\n\t\t\t\t\t<\/div>\n\t\t<\/div>\n\t\t\t\t\t<\/div>\n\t\t<\/section>\n\t\t\t\t<section class=\"elementor-section elementor-top-section elementor-element elementor-element-15f697f elementor-section-boxed elementor-section-height-default elementor-section-height-default\" data-id=\"15f697f\" data-element_type=\"section\" data-e-type=\"section\">\n\t\t\t\t\t\t<div class=\"elementor-container elementor-column-gap-default\">\n\t\t\t\t\t<div class=\"elementor-column elementor-col-50 elementor-top-column elementor-element elementor-element-cb280fc\" data-id=\"cb280fc\" data-element_type=\"column\" data-e-type=\"column\">\n\t\t\t<div class=\"elementor-widget-wrap elementor-element-populated\">\n\t\t\t\t\t\t<div class=\"elementor-element elementor-element-05455fd elementor-widget elementor-widget-text-editor\" data-id=\"05455fd\" data-element_type=\"widget\" data-e-type=\"widget\" data-widget_type=\"text-editor.default\">\n\t\t\t\t<div class=\"elementor-widget-container\">\n\t\t\t\t\t\t\t\t\t<p>\u0421\u0442\u0430\u043d\u0446\u0438\u044f \u0441\u043e\u0440\u0442\u0438\u0440\u043e\u0432\u043a\u0438 \u0441\u043e\u0441\u0442\u043e\u0438\u0442 \u0438\u0437 \u043a\u043e\u043c\u043f\u043b\u0435\u043a\u0441\u0430 \u0432\u043e\u0437\u0434\u0443\u0448\u043d\u043e\u0439, \u0440\u0443\u0447\u043d\u043e\u0439 \u0438 \u043c\u0430\u0433\u043d\u0438\u0442\u043d\u043e\u0439 \u0441\u0435\u043f\u0430\u0440\u0430\u0446\u0438\u0438 \u0432 \u043e\u0434\u043d\u043e\u043c \u043a\u043e\u043c\u043f\u0430\u043a\u0442\u043d\u043e\u043c \u0431\u043b\u043e\u043a\u0435. \u0412 \u043e\u0441\u043d\u043e\u0432\u043d\u043e\u043c \u043e\u043d \u0438\u0441\u043f\u043e\u043b\u044c\u0437\u0443\u0435\u0442\u0441\u044f \u043f\u0440\u0438 \u043f\u0435\u0440\u0435\u0440\u0430\u0431\u043e\u0442\u043a\u0435 \u0441\u0442\u0440\u043e\u0438\u0442\u0435\u043b\u044c\u043d\u044b\u0445 \u043c\u0430\u0442\u0435\u0440\u0438\u0430\u043b\u043e\u0432. \u0418\u043c\u0435\u044e\u0442\u0441\u044f \u043a\u0430\u043a \u0441\u0442\u0430\u0446\u0438\u043e\u043d\u0430\u0440\u043d\u044b\u0435, \u0442\u0430\u043a \u0438 \u043c\u043e\u0431\u0438\u043b\u044c\u043d\u044b\u0435 \u043a\u043e\u043d\u0441\u0442\u0440\u0443\u043a\u0446\u0438\u0438.<\/p>\t\t\t\t\t\t\t\t<\/div>\n\t\t\t\t<\/div>\n\t\t\t\t<div class=\"elementor-element elementor-element-d04ef9c elementor-widget elementor-widget-text-editor\" data-id=\"d04ef9c\" data-element_type=\"widget\" data-e-type=\"widget\" data-widget_type=\"text-editor.default\">\n\t\t\t\t<div class=\"elementor-widget-container\">\n\t\t\t\t\t\t\t\t\t<h4><b>\u0421\u0430\u043c\u044b\u0435 \u0432\u0430\u0436\u043d\u044b\u0435 \u043f\u0440\u0435\u0438\u043c\u0443\u0449\u0435\u0441\u0442\u0432\u0430<\/b><\/h4><ul><li>\u043d\u0435\u043f\u0440\u0435\u0432\u0437\u043e\u0439\u0434\u0435\u043d\u043d\u0430\u044f \u043f\u0440\u043e\u0441\u0442\u043e\u0442\u0430 \u043d\u0430\u0441\u0442\u0440\u043e\u0439\u043a\u0438<\/li><li>\u043a\u043e\u043c\u0444\u043e\u0440\u0442 \u0434\u043b\u044f \u043e\u043f\u0435\u0440\u0430\u0442\u043e\u0440\u043e\u0432<\/li><li>\u0431\u0435\u0437\u043e\u043f\u0430\u0441\u043d\u043e\u0441\u0442\u044c \u0438 \u043e\u0445\u0440\u0430\u043d\u0430 \u043e\u043a\u0440\u0443\u0436\u0430\u044e\u0449\u0435\u0439 \u0441\u0440\u0435\u0434\u044b<\/li><li>\u043e\u043f\u0446\u0438\u044f \u0432\u0441\u0442\u0440\u043e\u0435\u043d\u043d\u043e\u0433\u043e \u0432\u043e\u0437\u0434\u0443\u0448\u043d\u043e\u0433\u043e \u0441\u0435\u043f\u0430\u0440\u0430\u0442\u043e\u0440\u0430<\/li><li>\u0432\u043e\u0437\u043c\u043e\u0436\u043d\u043e\u0441\u0442\u044c \u0432\u0441\u0442\u0440\u043e\u0435\u043d\u043d\u043e\u0433\u043e \u043c\u0430\u0433\u043d\u0438\u0442\u043d\u043e\u0433\u043e \u0441\u0435\u043f\u0430\u0440\u0430\u0442\u043e\u0440\u0430<\/li><li>\u0441\u043e\u0440\u0442\u0438\u0440\u043e\u0432\u043a\u0430 \u043d\u0430 2-6 \u043a\u043e\u043d\u0442\u0435\u0439\u043d\u0435\u0440\u043e\u0432 \u0434\u043b\u044f \u043a\u0430\u043c\u043d\u044f, \u0434\u0435\u0440\u0435\u0432\u0430, \u0431\u0443\u043c\u0430\u0433\u0438, \u043f\u043b\u0430\u0441\u0442\u0438\u043a\u0430, \u043c\u0435\u0442\u0430\u043b\u043b\u0430 \u0438 \u0442.\u0434.<\/li><\/ul>\t\t\t\t\t\t\t\t<\/div>\n\t\t\t\t<\/div>\n\t\t\t\t<div class=\"elementor-element elementor-element-cf80113 elementor-widget elementor-widget-text-editor\" data-id=\"cf80113\" data-element_type=\"widget\" data-e-type=\"widget\" data-widget_type=\"text-editor.default\">\n\t\t\t\t<div class=\"elementor-widget-container\">\n\t\t\t\t\t\t\t\t\t<p><\/p>\n<p>\u041f\u0430\u0440\u0430\u043c\u0435\u0442\u0440\u044b \u043d\u0430\u0434\u043e \u0440\u0435\u0448\u0430\u0442\u044c \u0438\u043d\u0434\u0438\u0432\u0438\u0434\u0443\u0430\u043b\u044c\u043d\u043e \u0441\u043e\u0433\u043b\u0430\u0441\u043d\u043e \u043a\u043e\u043d\u043a\u0440\u0435\u0442\u043d\u044b\u043c \u0443\u0441\u043b\u043e\u0432\u0438\u044f\u043c.<\/p>\t\t\t\t\t\t\t\t<\/div>\n\t\t\t\t<\/div>\n\t\t\t\t\t<\/div>\n\t\t<\/div>\n\t\t\t\t<div class=\"elementor-column elementor-col-50 elementor-top-column elementor-element elementor-element-71b6915\" data-id=\"71b6915\" data-element_type=\"column\" data-e-type=\"column\">\n\t\t\t<div class=\"elementor-widget-wrap elementor-element-populated\">\n\t\t\t\t\t\t<div class=\"elementor-element elementor-element-38a8613 elementor-widget elementor-widget-image\" data-id=\"38a8613\" data-element_type=\"widget\" data-e-type=\"widget\" data-widget_type=\"image.default\">\n\t\t\t\t<div class=\"elementor-widget-container\">\n\t\t\t\t\t\t\t\t\t\t\t\t\t\t\t<img fetchpriority=\"high\" decoding=\"async\" width=\"600\" height=\"338\" src=\"https:\/\/www.dspprerov.cz\/wp-content\/uploads\/2022\/05\/tridici-stanice-2.jpg\" class=\"attachment-large size-large wp-image-649\" alt=\"\" srcset=\"https:\/\/www.dspprerov.cz\/wp-content\/uploads\/2022\/05\/tridici-stanice-2.jpg 600w, https:\/\/www.dspprerov.cz\/wp-content\/uploads\/2022\/05\/tridici-stanice-2-300x169.jpg 300w\" sizes=\"(max-width: 600px) 100vw, 600px\" \/>\t\t\t\t\t\t\t\t\t\t\t\t\t\t\t<\/div>\n\t\t\t\t<\/div>\n\t\t\t\t\t<\/div>\n\t\t<\/div>\n\t\t\t\t\t<\/div>\n\t\t<\/section>\n\t\t\t\t<section class=\"elementor-section elementor-top-section elementor-element elementor-element-64983d8 elementor-section-boxed elementor-section-height-default elementor-section-height-default\" data-id=\"64983d8\" data-element_type=\"section\" data-e-type=\"section\">\n\t\t\t\t\t\t<div class=\"elementor-container elementor-column-gap-default\">\n\t\t\t\t\t<div class=\"elementor-column elementor-col-100 elementor-top-column elementor-element elementor-element-c39bf12\" data-id=\"c39bf12\" data-element_type=\"column\" data-e-type=\"column\">\n\t\t\t<div class=\"elementor-widget-wrap elementor-element-populated\">\n\t\t\t\t\t\t<div class=\"elementor-element elementor-element-2bde59c elementor-widget elementor-widget-gallery\" data-id=\"2bde59c\" data-element_type=\"widget\" data-e-type=\"widget\" data-settings=\"{&quot;lazyload&quot;:&quot;yes&quot;,&quot;gallery_layout&quot;:&quot;grid&quot;,&quot;columns&quot;:4,&quot;columns_tablet&quot;:2,&quot;columns_mobile&quot;:1,&quot;gap&quot;:{&quot;unit&quot;:&quot;px&quot;,&quot;size&quot;:10,&quot;sizes&quot;:[]},&quot;gap_tablet&quot;:{&quot;unit&quot;:&quot;px&quot;,&quot;size&quot;:10,&quot;sizes&quot;:[]},&quot;gap_mobile&quot;:{&quot;unit&quot;:&quot;px&quot;,&quot;size&quot;:10,&quot;sizes&quot;:[]},&quot;link_to&quot;:&quot;file&quot;,&quot;aspect_ratio&quot;:&quot;3:2&quot;,&quot;overlay_background&quot;:&quot;yes&quot;,&quot;content_hover_animation&quot;:&quot;fade-in&quot;}\" data-widget_type=\"gallery.default\">\n\t\t\t\t<div class=\"elementor-widget-container\">\n\t\t\t\t\t\t\t<div class=\"elementor-gallery__container\">\n\t\t\t\t\t\t\t<a class=\"e-gallery-item elementor-gallery-item elementor-animated-content\" href=\"https:\/\/www.dspprerov.cz\/wp-content\/uploads\/2022\/05\/tridici-stanice-3.jpg\" data-elementor-open-lightbox=\"yes\" data-elementor-lightbox-slideshow=\"2bde59c\" data-elementor-lightbox-title=\"T\u0159\u00edd\u00edc\u00ed Stanice 3\" data-e-action-hash=\"#elementor-action%3Aaction%3Dlightbox%26settings%3DeyJpZCI6MjE4LCJ1cmwiOiJodHRwczpcL1wvd3d3LmRzcHByZXJvdi5jelwvd3AtY29udGVudFwvdXBsb2Fkc1wvMjAyMlwvMDVcL3RyaWRpY2ktc3RhbmljZS0zLmpwZyIsInNsaWRlc2hvdyI6IjJiZGU1OWMifQ%3D%3D\">\n\t\t\t\t\t<div class=\"e-gallery-image elementor-gallery-item__image\" data-thumbnail=\"https:\/\/www.dspprerov.cz\/wp-content\/uploads\/2022\/05\/tridici-stanice-3-300x141.jpg\" data-width=\"300\" data-height=\"141\" aria-label=\"\" role=\"img\" ><\/div>\n\t\t\t\t\t\t\t\t\t\t\t<div class=\"elementor-gallery-item__overlay\"><\/div>\n\t\t\t\t\t\t\t\t\t\t\t\t\t\t<\/a>\n\t\t\t\t\t\t\t<a class=\"e-gallery-item elementor-gallery-item elementor-animated-content\" href=\"https:\/\/www.dspprerov.cz\/wp-content\/uploads\/2022\/05\/tridici-stanice.jpg\" data-elementor-open-lightbox=\"yes\" data-elementor-lightbox-slideshow=\"2bde59c\" data-elementor-lightbox-title=\"T\u0159\u00edd\u00edc\u00ed Stanice\" data-e-action-hash=\"#elementor-action%3Aaction%3Dlightbox%26settings%3DeyJpZCI6MjE5LCJ1cmwiOiJodHRwczpcL1wvd3d3LmRzcHByZXJvdi5jelwvd3AtY29udGVudFwvdXBsb2Fkc1wvMjAyMlwvMDVcL3RyaWRpY2ktc3RhbmljZS5qcGciLCJzbGlkZXNob3ciOiIyYmRlNTljIn0%3D\">\n\t\t\t\t\t<div class=\"e-gallery-image elementor-gallery-item__image\" data-thumbnail=\"https:\/\/www.dspprerov.cz\/wp-content\/uploads\/2022\/05\/tridici-stanice-300x135.jpg\" data-width=\"300\" data-height=\"135\" aria-label=\"\" role=\"img\" ><\/div>\n\t\t\t\t\t\t\t\t\t\t\t<div class=\"elementor-gallery-item__overlay\"><\/div>\n\t\t\t\t\t\t\t\t\t\t\t\t\t\t<\/a>\n\t\t\t\t\t<\/div>\n\t\t\t\t\t<\/div>\n\t\t\t\t<\/div>\n\t\t\t\t\t<\/div>\n\t\t<\/div>\n\t\t\t\t\t<\/div>\n\t\t<\/section>\n\t\t\t\t<\/div>\n\t\t","protected":false},"excerpt":{"rendered":"<p>\u0421\u0442\u0430\u043d\u0446\u0438\u0438 \u0441\u043e\u0440\u0442\u0438\u0440\u043e\u0432\u043a\u0438 \u0421\u0442\u0430\u043d\u0446\u0438\u044f \u0441\u043e\u0440\u0442\u0438\u0440\u043e\u0432\u043a\u0438 \u0441\u043e\u0441\u0442\u043e\u0438\u0442 \u0438\u0437 \u043a\u043e\u043c\u043f\u043b\u0435\u043a\u0441\u0430 \u0432\u043e\u0437\u0434\u0443\u0448\u043d\u043e\u0439, \u0440\u0443\u0447\u043d\u043e\u0439 \u0438 \u043c\u0430\u0433\u043d\u0438\u0442\u043d\u043e\u0439 \u0441\u0435\u043f\u0430\u0440\u0430\u0446\u0438\u0438 \u0432 \u043e\u0434\u043d\u043e\u043c \u043a\u043e\u043c\u043f\u0430\u043a\u0442\u043d\u043e\u043c \u0431\u043b\u043e\u043a\u0435. \u0412 \u043e\u0441\u043d\u043e\u0432\u043d\u043e\u043c \u043e\u043d \u0438\u0441\u043f\u043e\u043b\u044c\u0437\u0443\u0435\u0442\u0441\u044f \u043f\u0440\u0438 \u043f\u0435\u0440\u0435\u0440\u0430\u0431\u043e\u0442\u043a\u0435 \u0441\u0442\u0440\u043e\u0438\u0442\u0435\u043b\u044c\u043d\u044b\u0445 \u043c\u0430\u0442\u0435\u0440\u0438\u0430\u043b\u043e\u0432. \u0418\u043c\u0435\u044e\u0442\u0441\u044f \u043a\u0430\u043a \u0441\u0442\u0430\u0446\u0438\u043e\u043d\u0430\u0440\u043d\u044b\u0435, \u0442\u0430\u043a \u0438 \u043c\u043e\u0431\u0438\u043b\u044c\u043d\u044b\u0435 \u043a\u043e\u043d\u0441\u0442\u0440\u0443\u043a\u0446\u0438\u0438. \u0421\u0430\u043c\u044b\u0435 \u0432\u0430\u0436\u043d\u044b\u0435 \u043f\u0440\u0435\u0438\u043c\u0443\u0449\u0435\u0441\u0442\u0432\u0430 \u043d\u0435\u043f\u0440\u0435\u0432\u0437\u043e\u0439\u0434\u0435\u043d\u043d\u0430\u044f \u043f\u0440\u043e\u0441\u0442\u043e\u0442\u0430 \u043d\u0430\u0441\u0442\u0440\u043e\u0439\u043a\u0438 \u043a\u043e\u043c\u0444\u043e\u0440\u0442 \u0434\u043b\u044f \u043e\u043f\u0435\u0440\u0430\u0442\u043e\u0440\u043e\u0432 \u0431\u0435\u0437\u043e\u043f\u0430\u0441\u043d\u043e\u0441\u0442\u044c \u0438 \u043e\u0445\u0440\u0430\u043d\u0430 \u043e\u043a\u0440\u0443\u0436\u0430\u044e\u0449\u0435\u0439 \u0441\u0440\u0435\u0434\u044b \u043e\u043f\u0446\u0438\u044f \u0432\u0441\u0442\u0440\u043e\u0435\u043d\u043d\u043e\u0433\u043e \u0432\u043e\u0437\u0434\u0443\u0448\u043d\u043e\u0433\u043e \u0441\u0435\u043f\u0430\u0440\u0430\u0442\u043e\u0440\u0430 \u0432\u043e\u0437\u043c\u043e\u0436\u043d\u043e\u0441\u0442\u044c \u0432\u0441\u0442\u0440\u043e\u0435\u043d\u043d\u043e\u0433\u043e \u043c\u0430\u0433\u043d\u0438\u0442\u043d\u043e\u0433\u043e \u0441\u0435\u043f\u0430\u0440\u0430\u0442\u043e\u0440\u0430 \u0441\u043e\u0440\u0442\u0438\u0440\u043e\u0432\u043a\u0430 \u043d\u0430 [&hellip;]<\/p>\n","protected":false},"author":3,"featured_media":0,"parent":0,"menu_order":0,"comment_status":"closed","ping_status":"closed","template":"","meta":{"_acf_changed":false,"footnotes":""},"class_list":["post-3782","page","type-page","status-publish","hentry"],"acf":[],"_links":{"self":[{"href":"https:\/\/www.dspprerov.cz\/ru\/wp-json\/wp\/v2\/pages\/3782","targetHints":{"allow":["GET"]}}],"collection":[{"href":"https:\/\/www.dspprerov.cz\/ru\/wp-json\/wp\/v2\/pages"}],"about":[{"href":"https:\/\/www.dspprerov.cz\/ru\/wp-json\/wp\/v2\/types\/page"}],"author":[{"embeddable":true,"href":"https:\/\/www.dspprerov.cz\/ru\/wp-json\/wp\/v2\/users\/3"}],"replies":[{"embeddable":true,"href":"https:\/\/www.dspprerov.cz\/ru\/wp-json\/wp\/v2\/comments?post=3782"}],"version-history":[{"count":5,"href":"https:\/\/www.dspprerov.cz\/ru\/wp-json\/wp\/v2\/pages\/3782\/revisions"}],"predecessor-version":[{"id":3788,"href":"https:\/\/www.dspprerov.cz\/ru\/wp-json\/wp\/v2\/pages\/3782\/revisions\/3788"}],"wp:attachment":[{"href":"https:\/\/www.dspprerov.cz\/ru\/wp-json\/wp\/v2\/media?parent=3782"}],"curies":[{"name":"wp","href":"https:\/\/api.w.org\/{rel}","templated":true}]}}