{"id":4814,"date":"2022-09-14T08:40:06","date_gmt":"2022-09-14T06:40:06","guid":{"rendered":"https:\/\/vx3785300.server2.imperialmedia.cz\/?page_id=4814"},"modified":"2022-09-14T08:45:04","modified_gmt":"2022-09-14T06:45:04","slug":"polityka-ochrony-danych-osobowych","status":"publish","type":"page","link":"https:\/\/www.dspprerov.cz\/pl\/polityka-ochrony-danych-osobowych\/","title":{"rendered":"Polityka ochrony danych osobowych"},"content":{"rendered":"\t\t<div data-elementor-type=\"wp-page\" data-elementor-id=\"4814\" class=\"elementor elementor-4814 elementor-3\" data-elementor-post-type=\"page\">\n\t\t\t\t\t\t<section class=\"elementor-section elementor-top-section elementor-element elementor-element-5aabf413 elementor-section-boxed elementor-section-height-default elementor-section-height-default\" data-id=\"5aabf413\" data-element_type=\"section\" data-e-type=\"section\">\n\t\t\t\t\t\t<div class=\"elementor-container elementor-column-gap-default\">\n\t\t\t\t\t<div class=\"elementor-column elementor-col-100 elementor-top-column elementor-element elementor-element-5bb34e3\" data-id=\"5bb34e3\" data-element_type=\"column\" data-e-type=\"column\">\n\t\t\t<div class=\"elementor-widget-wrap elementor-element-populated\">\n\t\t\t\t\t\t<div class=\"elementor-element elementor-element-4097066 elementor-widget elementor-widget-text-editor\" data-id=\"4097066\" data-element_type=\"widget\" data-e-type=\"widget\" data-widget_type=\"text-editor.default\">\n\t\t\t\t<div class=\"elementor-widget-container\">\n\t\t\t\t\t\t\t\t\t<p><\/p>\n<h2>Kim jeste\u015bmy<\/h2>\n<p><\/p>\n<p>Nasz adres internetowy to: https:\/\/www.dspprerov.cz<\/p>\n<p><\/p>\n<h2>Uwagi<\/h2>\n<p><\/p>\n<p>Kiedy odwiedzaj\u0105cy zamieszczaj\u0105 komentarz na tej stronie, zbierane s\u0105 dane wy\u015bwietlane w formularzu komentarza, a tak\u017ce adres IP odwiedzaj\u0105cego i ci\u0105g agenta u\u017cytkownika okre\u015blaj\u0105cy przegl\u0105dark\u0119, co pomaga w wykrywaniu spamu.<\/p>\n<p><span style=\"color: var( --e-global-color-text ); font-family: var( --e-global-typography-text-font-family ), Sans-serif; font-weight: var( --e-global-typography-text-font-weight ); font-size: 1rem;\">Us\u0142uga Gravatar mo\u017ce otrzyma\u0107 anonimowy ci\u0105g utworzony z adresu e-mail u\u017cytkownika (zwany r\u00f3wnie\u017c hashem), kt\u00f3ry mo\u017ce zosta\u0107 wykorzystany do okre\u015blenia, czy u\u017cytkownik korzysta z us\u0142ugi. Polityka prywatno\u015bci Gravatar jest dost\u0119pna tutaj: https:\/\/automattic.com\/privacy\/. Po zatwierdzeniu komentarza, Twoje zdj\u0119cie profilowe jest widoczne publicznie w kontek\u015bcie Twojego komentarza.<\/span><br><\/p>\n<p><\/p>\n<h2>Media<\/h2>\n<p><\/p>\n<p>Je\u015bli przesy\u0142asz obrazy na t\u0119 stron\u0119, powiniene\u015b unika\u0107 przesy\u0142ania obraz\u00f3w z osadzonymi danymi o lokalizacji (EXIF GPS). Odwiedzaj\u0105cy stron\u0119 mog\u0105 pobiera\u0107 i przegl\u0105da\u0107 arbitralne dane o lokalizacji z obraz\u00f3w na stronie.<\/p>\n<p><\/p>\n<h2>Cookies<\/h2>\n<p><\/p>\n<p>Je\u015bli zamieszczasz komentarz na naszej stronie, mo\u017cesz zezwoli\u0107 na zapisanie w plikach cookies swojego imienia, adresu e-mail oraz strony internetowej. W ten spos\u00f3b staramy si\u0119 zwi\u0119kszy\u0107 Twoj\u0105 wygod\u0119, kiedy zamie\u015bcisz nowy komentarz nie b\u0119dziesz musia\u0142 ponownie wype\u0142nia\u0107 tych informacji. Te pliki cookie b\u0119d\u0105 mia\u0142y czas \u017cycia jednego roku.<\/p>\n<p><span style=\"color: var( --e-global-color-text ); font-family: var( --e-global-typography-text-font-family ), Sans-serif; font-weight: var( --e-global-typography-text-font-weight ); font-size: 1rem;\">Je\u015bli odwiedzisz nasz\u0105 stron\u0119 logowania, ustawimy tymczasowe pliki cookie, aby sprawdzi\u0107, czy Twoja przegl\u0105darka akceptuje pliki cookie. Ten plik cookie nie zawiera \u017cadnych danych osobowych i zostanie usuni\u0119ty po zamkni\u0119ciu przegl\u0105darki.<\/span><br><\/p>\n<p><span style=\"color: var( --e-global-color-text ); font-family: var( --e-global-typography-text-font-family ), Sans-serif; font-weight: var( --e-global-typography-text-font-weight ); font-size: 1rem;\">Po zalogowaniu si\u0119 ustawimy r\u00f3wnie\u017c kilka plik\u00f3w cookie do przechowywania danych logowania oraz ustawie\u0144 wy\u015bwietlania ekranu. Czas \u017cycia plik\u00f3w cookie dotycz\u0105cych logowania wynosi dwa dni, a plik\u00f3w cookie dotycz\u0105cych ustawie\u0144 wy\u015bwietlania &#8211; jeden rok. Je\u015bli potwierdzisz opcj\u0119 &#8222;Zapami\u0119taj mnie&#8221;, Tw\u00f3j login b\u0119dzie trwa\u0142 przez dwa tygodnie. Je\u015bli wylogujesz si\u0119 ze swojego konta, pliki cookie logowania zostan\u0105 usuni\u0119te.<\/span><br><\/p>\n<p><span style=\"color: var( --e-global-color-text ); font-family: var( --e-global-typography-text-font-family ), Sans-serif; font-weight: var( --e-global-typography-text-font-weight ); font-size: 1rem;\">Je\u015bli edytujesz lub publikujesz artyku\u0142, w Twojej przegl\u0105darce zostanie zapisany kolejny plik cookie. Ten plik cookie nie zawiera \u017cadnych danych osobowych i po prostu wskazuje ID postu, kt\u00f3ry w\u0142a\u015bnie edytowa\u0142e\u015b. Wygasa on po 1 dniu.<\/span><br><\/p>\n<p><\/p>\n<h2>Osadzone tre\u015bci z innych stron internetowych<\/h2>\n<p><\/p>\n<p>Posty na tej stronie mog\u0105 zawiera\u0107 osadzone tre\u015bci (takie jak filmy, obrazy, artyku\u0142y itp.). Osadzona zawarto\u015b\u0107 z innych stron internetowych zachowuje si\u0119 w taki sam spos\u00f3b, jak gdyby odwiedzaj\u0105cy odwiedzi\u0142 inn\u0105 stron\u0119 internetow\u0105.<\/p>\n<p><span style=\"color: var( --e-global-color-text ); font-family: var( --e-global-typography-text-font-family ), Sans-serif; font-weight: var( --e-global-typography-text-font-weight ); font-size: 1rem;\">Te strony internetowe mog\u0105 zbiera\u0107 dane o Tobie, u\u017cywa\u0107 plik\u00f3w cookie, osadza\u0107 dodatkowe \u015bledzenie od os\u00f3b trzecich i \u015bledzi\u0107 Twoj\u0105 interakcj\u0119 z t\u0105 osadzon\u0105 tre\u015bci\u0105, w tym \u015bledzi\u0107 Twoj\u0105 interakcj\u0119 z osadzon\u0105 tre\u015bci\u0105, je\u015bli masz konto i jeste\u015b zalogowany na tej stronie.<\/span><br><\/p>\n<p><\/p>\n<h2>Komu udost\u0119pniamy Twoje dane<\/h2>\n<p><\/p>\n<p>Je\u015bli za\u017c\u0105dasz zresetowania has\u0142a, Tw\u00f3j adres IP zostanie uwzgl\u0119dniony w wiadomo\u015bci e-mail dotycz\u0105cej zresetowania has\u0142a.<\/p>\n<p><\/p>\n<h2>Jak d\u0142ugo przechowujemy Twoje dane<\/h2>\n<p><\/p>\n<p>Je\u015bli dodasz komentarz, komentarz i jego metadane b\u0119d\u0105 przechowywane bezterminowo. Dane te s\u0105 przechowywane w celu automatycznego rozpoznawania i zatwierdzania wszystkich kolejnych komentarzy, a nie przetrzymywania ich w kolejce do moderacji.<\/p>\n<p><span style=\"color: var( --e-global-color-text ); font-family: var( --e-global-typography-text-font-family ), Sans-serif; font-weight: var( --e-global-typography-text-font-weight ); font-size: 1rem;\">W przypadku u\u017cytkownik\u00f3w, kt\u00f3rzy rejestruj\u0105 si\u0119 na tej stronie (je\u015bli maj\u0105 tak\u0105 mo\u017cliwo\u015b\u0107), przechowujemy r\u00f3wnie\u017c dane osobowe, kt\u00f3re podaj\u0105 w swoim profilu u\u017cytkownika. Wszyscy u\u017cytkownicy mog\u0105 w ka\u017cdej chwili zobaczy\u0107, edytowa\u0107 lub usun\u0105\u0107 swoje dane osobowe (z wyj\u0105tkiem tego, \u017ce nie mog\u0105 zmieni\u0107 swojej nazwy u\u017cytkownika). Administratorzy strony mog\u0105 r\u00f3wnie\u017c przegl\u0105da\u0107 i edytowa\u0107 te informacje.<\/span><br><\/p>\n<p><\/p>\n<h2>Jakie s\u0105 twoje prawa?<\/h2>\n<p><\/p>\n<p>Je\u015bli posiadasz konto na tej stronie lub zamie\u015bci\u0142e\u015b tutaj komentarze, mo\u017cesz za\u017c\u0105da\u0107 otrzymania pliku eksportowego danych osobowych, kt\u00f3re przechowujemy na Tw\u00f3j temat, w tym wszelkich danych, kt\u00f3re nam przekaza\u0142e\u015b. Mo\u017cesz r\u00f3wnie\u017c za\u017c\u0105da\u0107, aby\u015bmy usun\u0119li wszelkie dane osobowe, kt\u00f3re posiadamy na Tw\u00f3j temat. Ta opcja nie obejmuje danych, kt\u00f3re musimy zachowa\u0107 ze wzgl\u0119d\u00f3w administracyjnych, prawnych lub bezpiecze\u0144stwa.<\/p>\n<p><\/p>\n<h2>Gdzie wysy\u0142amy Twoje dane?<\/h2>\n<p><\/p>\n<p>Komentarze odwiedzaj\u0105cych mog\u0105 by\u0107 sprawdzane za pomoc\u0105 automatycznej us\u0142ugi wykrywania spamu, kt\u00f3ra mo\u017ce znajdowa\u0107 si\u0119 za granic\u0105.<\/p>\n<p><\/p>\t\t\t\t\t\t\t\t<\/div>\n\t\t\t\t<\/div>\n\t\t\t\t\t<\/div>\n\t\t<\/div>\n\t\t\t\t\t<\/div>\n\t\t<\/section>\n\t\t\t\t<\/div>\n\t\t","protected":false},"excerpt":{"rendered":"<p>Kim jeste\u015bmy Nasz adres internetowy to: https:\/\/www.dspprerov.cz Uwagi Kiedy odwiedzaj\u0105cy zamieszczaj\u0105 komentarz na tej stronie, zbierane s\u0105 dane wy\u015bwietlane w formularzu komentarza, a tak\u017ce adres IP odwiedzaj\u0105cego i ci\u0105g agenta u\u017cytkownika okre\u015blaj\u0105cy przegl\u0105dark\u0119, co pomaga w wykrywaniu spamu. Us\u0142uga Gravatar mo\u017ce otrzyma\u0107 anonimowy ci\u0105g utworzony z adresu e-mail u\u017cytkownika (zwany r\u00f3wnie\u017c hashem), kt\u00f3ry mo\u017ce zosta\u0107 [&hellip;]<\/p>\n","protected":false},"author":3,"featured_media":0,"parent":0,"menu_order":0,"comment_status":"closed","ping_status":"closed","template":"","meta":{"_acf_changed":false,"footnotes":""},"class_list":["post-4814","page","type-page","status-publish","hentry"],"acf":[],"_links":{"self":[{"href":"https:\/\/www.dspprerov.cz\/pl\/wp-json\/wp\/v2\/pages\/4814","targetHints":{"allow":["GET"]}}],"collection":[{"href":"https:\/\/www.dspprerov.cz\/pl\/wp-json\/wp\/v2\/pages"}],"about":[{"href":"https:\/\/www.dspprerov.cz\/pl\/wp-json\/wp\/v2\/types\/page"}],"author":[{"embeddable":true,"href":"https:\/\/www.dspprerov.cz\/pl\/wp-json\/wp\/v2\/users\/3"}],"replies":[{"embeddable":true,"href":"https:\/\/www.dspprerov.cz\/pl\/wp-json\/wp\/v2\/comments?post=4814"}],"version-history":[{"count":8,"href":"https:\/\/www.dspprerov.cz\/pl\/wp-json\/wp\/v2\/pages\/4814\/revisions"}],"predecessor-version":[{"id":4822,"href":"https:\/\/www.dspprerov.cz\/pl\/wp-json\/wp\/v2\/pages\/4814\/revisions\/4822"}],"wp:attachment":[{"href":"https:\/\/www.dspprerov.cz\/pl\/wp-json\/wp\/v2\/media?parent=4814"}],"curies":[{"name":"wp","href":"https:\/\/api.w.org\/{rel}","templated":true}]}}