{"id":4670,"date":"2022-09-12T14:09:44","date_gmt":"2022-09-12T12:09:44","guid":{"rendered":"https:\/\/vx3785300.server2.imperialmedia.cz\/?page_id=4670"},"modified":"2022-09-12T14:16:28","modified_gmt":"2022-09-12T12:16:28","slug":"o-nas","status":"publish","type":"page","link":"https:\/\/www.dspprerov.cz\/pl\/o-nas\/","title":{"rendered":"O nas"},"content":{"rendered":"\t\t<div data-elementor-type=\"wp-page\" data-elementor-id=\"4670\" class=\"elementor elementor-4670 elementor-292\" data-elementor-post-type=\"page\">\n\t\t\t\t\t\t<section class=\"elementor-section elementor-top-section elementor-element elementor-element-b6b8908 elementor-section-content-middle elementor-section-boxed elementor-section-height-default elementor-section-height-default\" data-id=\"b6b8908\" data-element_type=\"section\" data-e-type=\"section\" data-settings=\"{&quot;background_background&quot;:&quot;classic&quot;}\">\n\t\t\t\t\t\t\t<div class=\"elementor-background-overlay\"><\/div>\n\t\t\t\t\t\t\t<div class=\"elementor-container elementor-column-gap-no\">\n\t\t\t\t\t<div class=\"elementor-column elementor-col-100 elementor-top-column elementor-element elementor-element-1deea2fe\" data-id=\"1deea2fe\" data-element_type=\"column\" data-e-type=\"column\">\n\t\t\t<div class=\"elementor-widget-wrap elementor-element-populated\">\n\t\t\t\t\t\t<div class=\"elementor-element elementor-element-301dc7b3 elementor-widget elementor-widget-heading\" data-id=\"301dc7b3\" data-element_type=\"widget\" data-e-type=\"widget\" data-widget_type=\"heading.default\">\n\t\t\t\t<div class=\"elementor-widget-container\">\n\t\t\t\t\t<h4 class=\"elementor-heading-title elementor-size-default\">O nas<\/h4>\t\t\t\t<\/div>\n\t\t\t\t<\/div>\n\t\t\t\t\t<\/div>\n\t\t<\/div>\n\t\t\t\t\t<\/div>\n\t\t<\/section>\n\t\t\t\t<section class=\"elementor-section elementor-top-section elementor-element elementor-element-15f697f elementor-section-boxed elementor-section-height-default elementor-section-height-default\" data-id=\"15f697f\" data-element_type=\"section\" data-e-type=\"section\">\n\t\t\t\t\t\t<div class=\"elementor-container elementor-column-gap-default\">\n\t\t\t\t\t<div class=\"elementor-column elementor-col-50 elementor-top-column elementor-element elementor-element-cb280fc\" data-id=\"cb280fc\" data-element_type=\"column\" data-e-type=\"column\">\n\t\t\t<div class=\"elementor-widget-wrap elementor-element-populated\">\n\t\t\t\t\t\t<div class=\"elementor-element elementor-element-cf80113 elementor-widget elementor-widget-text-editor\" data-id=\"cf80113\" data-element_type=\"widget\" data-e-type=\"widget\" data-widget_type=\"text-editor.default\">\n\t\t\t\t<div class=\"elementor-widget-container\">\n\t\t\t\t\t\t\t\t\t<p><b>Firma DSP P\u0159erov jest liderem w dziedzinie system\u00f3w kruszenia, przesiewania i mycia z kompletnym asortymentem kruszarek, przesiewaczy, podajnik\u00f3w, odwadniaczy i innych maszyn. Portfolio produkt\u00f3w znajduje zastosowanie w wielu bran\u017cach, w tym w kamienio\u0142omach, \u017cwirowniach, architekturze krajobrazu, budownictwie kolejowym i drogowym, g\u00f3rnictwie na ma\u0142\u0105 skal\u0119, budownictwie i rozbi\u00f3rce, gospodarce odpadami i recyklingu.<\/b><\/p><p>Firma DSP P\u0159erov z siedzib\u0105 w Republice Czeskiej od 1998 roku produkuje i wprowadza innowacyjne maszyny i urz\u0105dzenia do przerobu surowc\u00f3w mineralnych. Zesp\u00f3\u0142 rozwojowy sk\u0142ada si\u0119 z cz\u0142onk\u00f3w z do\u015bwiadczeniem si\u0119gaj\u0105cym g\u0142\u0119bokich pocz\u0105tk\u00f3w przemys\u0142u w dawnej Czechos\u0142owacji i uzupe\u0142niony jest o pracownik\u00f3w stosuj\u0105cych elementy nowoczesnej in\u017cynierii.<\/p><p>DSP P\u0159erov jest nadal w 100% prywatn\u0105 w\u0142asno\u015bci\u0105 czeskich w\u0142a\u015bcicieli, kt\u00f3rzy r\u00f3wnie\u017c zarz\u0105dzaj\u0105 firm\u0105. &#8222;Idea jedno\u015bci jest podstaw\u0105 wszystkiego, co robimy. Wspieramy si\u0119 wzajemnie, gdy d\u0105\u017cymy do ci\u0105g\u0142ego ulepszania naszych produkt\u00f3w z us\u0142ugami i tworzenia atmosfery, kt\u00f3r\u0105 klienci rozpoznaj\u0105 i doceniaj\u0105. Wynik ten daje nam siln\u0105 wiar\u0119 w DSP P\u0159erov i nasz\u0105 zdolno\u015b\u0107 do odniesienia sukcesu na globalnym rynku.&#8221;<\/p><p>Nikt nie wie o urz\u0105dzeniu wi\u0119cej, ni\u017c ten, kto z nim codziennie pracuje. Dlatego do priorytet\u00f3w sp\u00f3\u0142ki nale\u017cy zdolno\u015b\u0107 komunikacji z klientem, zdolno\u015b\u0107 zrozumienia jego problem\u00f3w i zdolno\u015b\u0107 jego pozyskania dla naszego rozwi\u0105zania.<\/p>\t\t\t\t\t\t\t\t<\/div>\n\t\t\t\t<\/div>\n\t\t\t\t\t<\/div>\n\t\t<\/div>\n\t\t\t\t<div class=\"elementor-column elementor-col-50 elementor-top-column elementor-element elementor-element-200c324\" data-id=\"200c324\" data-element_type=\"column\" data-e-type=\"column\">\n\t\t\t<div class=\"elementor-widget-wrap elementor-element-populated\">\n\t\t\t\t\t\t<div class=\"elementor-element elementor-element-962eb50 elementor-widget elementor-widget-text-editor\" data-id=\"962eb50\" data-element_type=\"widget\" data-e-type=\"widget\" data-widget_type=\"text-editor.default\">\n\t\t\t\t<div class=\"elementor-widget-container\">\n\t\t\t\t\t\t\t\t\t<p>Strategia rozwoju opiera si\u0119 na tworzeniu fundamentu najbardziej praktycznych typ\u00f3w i wielko\u015bci poszczeg\u00f3lnych obiekt\u00f3w i zmierza do coraz wi\u0119kszej kompleksowo\u015bci oferowanych us\u0142ug. Podobnie dzia\u0142alno\u015b\u0107 firmy rozwija si\u0119 terytorialnie z siln\u0105 sieci\u0105 zagranicznych partner\u00f3w handlowych dla poszczeg\u00f3lnych rynk\u00f3w. Produkty DSP P\u0159erov s\u0105 dostarczane do klient\u00f3w \u0142\u0105cznie z instalacj\u0105, monta\u017cem i uruchomieniem. Za granic\u0105 jest wykorzystywana wsp\u00f3\u0142praca z przedstawicielami handlowymi lub lokalnymi firmami.\u00a0Struktura zawodowa pracownik\u00f3w opiera si\u0119 na czterech g\u0142\u00f3wnych dzia\u0142aniach, kt\u00f3rymi s\u0105:<\/p><ul><li>Rozw\u00f3j konstrukcyjny nowych wyrob\u00f3w,<\/li><li>Produkcja, monta\u017c i testowanie produkt\u00f3w,<\/li><li>Kompleksowe us\u0142ugi handlowe,<\/li><li>Instalacja dostarczonych urz\u0105dze\u0144 i serwis po sprzeda\u017cy.<p>\u00a0<\/p><\/li><\/ul><p>DSP P\u0159erov jest posiadaczem certyfikat\u00f3w i uprawnie\u0144. Kluczowe w\u0119z\u0142y konstrukcyjne s\u0105 obj\u0119te szeregiem wzor\u00f3w u\u017cytkowych (tzw. ma\u0142e patenty).<\/p><p>Celem firmy jest osi\u0105gni\u0119cie jako\u015bci i d\u0142ugotrwa\u0142ej wsp\u00f3\u0142pracy na poziomie mi\u0119dzynarodowym w zakresie dostaw urz\u0105dze\u0144 przetw\u00f3rczych ukierunkowanych na oszcz\u0119dno\u015b\u0107 energii i rentowno\u015b\u0107.<\/p>\t\t\t\t\t\t\t\t<\/div>\n\t\t\t\t<\/div>\n\t\t\t\t\t<\/div>\n\t\t<\/div>\n\t\t\t\t\t<\/div>\n\t\t<\/section>\n\t\t\t\t<section class=\"elementor-section elementor-top-section elementor-element elementor-element-ce0f113 elementor-section-boxed elementor-section-height-default elementor-section-height-default\" data-id=\"ce0f113\" data-element_type=\"section\" data-e-type=\"section\">\n\t\t\t\t\t\t<div class=\"elementor-container elementor-column-gap-default\">\n\t\t\t\t\t<div class=\"elementor-column elementor-col-100 elementor-top-column elementor-element elementor-element-8fbaf9b\" data-id=\"8fbaf9b\" data-element_type=\"column\" data-e-type=\"column\">\n\t\t\t<div class=\"elementor-widget-wrap elementor-element-populated\">\n\t\t\t\t\t\t<div class=\"elementor-element elementor-element-ab750b4 elementor-widget elementor-widget-heading\" data-id=\"ab750b4\" data-element_type=\"widget\" data-e-type=\"widget\" data-widget_type=\"heading.default\">\n\t\t\t\t<div class=\"elementor-widget-container\">\n\t\t\t\t\t<h4 class=\"elementor-heading-title elementor-size-default\">Certyfikaty<\/h4>\t\t\t\t<\/div>\n\t\t\t\t<\/div>\n\t\t\t\t<div class=\"elementor-element elementor-element-ac203a4 elementor-widget elementor-widget-image\" data-id=\"ac203a4\" data-element_type=\"widget\" data-e-type=\"widget\" data-widget_type=\"image.default\">\n\t\t\t\t<div class=\"elementor-widget-container\">\n\t\t\t\t\t\t\t\t\t\t\t\t\t\t\t\t<a href=\"https:\/\/www.dspprerov.cz\/wp-content\/uploads\/2022\/05\/cert-en-scaled.jpg\" data-elementor-open-lightbox=\"yes\" data-elementor-lightbox-title=\"Cert En\" data-e-action-hash=\"#elementor-action%3Aaction%3Dlightbox%26settings%3DeyJpZCI6NzA4LCJ1cmwiOiJodHRwczpcL1wvd3d3LmRzcHByZXJvdi5jelwvd3AtY29udGVudFwvdXBsb2Fkc1wvMjAyMlwvMDVcL2NlcnQtZW4tc2NhbGVkLmpwZyJ9\">\n\t\t\t\t\t\t\t<img fetchpriority=\"high\" decoding=\"async\" width=\"735\" height=\"1024\" src=\"https:\/\/www.dspprerov.cz\/wp-content\/uploads\/2022\/05\/cert-en-735x1024.jpg\" class=\"attachment-large size-large wp-image-708\" alt=\"\" srcset=\"https:\/\/www.dspprerov.cz\/wp-content\/uploads\/2022\/05\/cert-en-735x1024.jpg 735w, https:\/\/www.dspprerov.cz\/wp-content\/uploads\/2022\/05\/cert-en-215x300.jpg 215w, https:\/\/www.dspprerov.cz\/wp-content\/uploads\/2022\/05\/cert-en-768x1071.jpg 768w, https:\/\/www.dspprerov.cz\/wp-content\/uploads\/2022\/05\/cert-en-1102x1536.jpg 1102w, https:\/\/www.dspprerov.cz\/wp-content\/uploads\/2022\/05\/cert-en-1469x2048.jpg 1469w, https:\/\/www.dspprerov.cz\/wp-content\/uploads\/2022\/05\/cert-en-scaled.jpg 1836w\" sizes=\"(max-width: 735px) 100vw, 735px\" \/>\t\t\t\t\t\t\t\t<\/a>\n\t\t\t\t\t\t\t\t\t\t\t\t\t\t\t<\/div>\n\t\t\t\t<\/div>\n\t\t\t\t\t<\/div>\n\t\t<\/div>\n\t\t\t\t\t<\/div>\n\t\t<\/section>\n\t\t\t\t<\/div>\n\t\t","protected":false},"excerpt":{"rendered":"<p>O nas Firma DSP P\u0159erov jest liderem w dziedzinie system\u00f3w kruszenia, przesiewania i mycia z kompletnym asortymentem kruszarek, przesiewaczy, podajnik\u00f3w, odwadniaczy i innych maszyn. Portfolio produkt\u00f3w znajduje zastosowanie w wielu bran\u017cach, w tym w kamienio\u0142omach, \u017cwirowniach, architekturze krajobrazu, budownictwie kolejowym i drogowym, g\u00f3rnictwie na ma\u0142\u0105 skal\u0119, budownictwie i rozbi\u00f3rce, gospodarce odpadami i recyklingu. Firma DSP [&hellip;]<\/p>\n","protected":false},"author":3,"featured_media":0,"parent":0,"menu_order":0,"comment_status":"closed","ping_status":"closed","template":"","meta":{"_acf_changed":false,"footnotes":""},"class_list":["post-4670","page","type-page","status-publish","hentry"],"acf":[],"_links":{"self":[{"href":"https:\/\/www.dspprerov.cz\/pl\/wp-json\/wp\/v2\/pages\/4670","targetHints":{"allow":["GET"]}}],"collection":[{"href":"https:\/\/www.dspprerov.cz\/pl\/wp-json\/wp\/v2\/pages"}],"about":[{"href":"https:\/\/www.dspprerov.cz\/pl\/wp-json\/wp\/v2\/types\/page"}],"author":[{"embeddable":true,"href":"https:\/\/www.dspprerov.cz\/pl\/wp-json\/wp\/v2\/users\/3"}],"replies":[{"embeddable":true,"href":"https:\/\/www.dspprerov.cz\/pl\/wp-json\/wp\/v2\/comments?post=4670"}],"version-history":[{"count":7,"href":"https:\/\/www.dspprerov.cz\/pl\/wp-json\/wp\/v2\/pages\/4670\/revisions"}],"predecessor-version":[{"id":4678,"href":"https:\/\/www.dspprerov.cz\/pl\/wp-json\/wp\/v2\/pages\/4670\/revisions\/4678"}],"wp:attachment":[{"href":"https:\/\/www.dspprerov.cz\/pl\/wp-json\/wp\/v2\/media?parent=4670"}],"curies":[{"name":"wp","href":"https:\/\/api.w.org\/{rel}","templated":true}]}}