{"id":4573,"date":"2022-09-12T10:08:00","date_gmt":"2022-09-12T08:08:00","guid":{"rendered":"https:\/\/vx3785300.server2.imperialmedia.cz\/?page_id=4573"},"modified":"2022-09-12T10:29:15","modified_gmt":"2022-09-12T08:29:15","slug":"serwis-i-czesci-zamienne","status":"publish","type":"page","link":"https:\/\/www.dspprerov.cz\/pl\/serwis-i-czesci-zamienne\/","title":{"rendered":"Serwis i cz\u0119\u015bci zamienne"},"content":{"rendered":"\t\t<div data-elementor-type=\"wp-page\" data-elementor-id=\"4573\" class=\"elementor elementor-4573 elementor-285\" data-elementor-post-type=\"page\">\n\t\t\t\t\t\t<section class=\"elementor-section elementor-top-section elementor-element elementor-element-b6b8908 elementor-section-content-middle elementor-section-boxed elementor-section-height-default elementor-section-height-default\" data-id=\"b6b8908\" data-element_type=\"section\" data-e-type=\"section\" data-settings=\"{&quot;background_background&quot;:&quot;classic&quot;}\">\n\t\t\t\t\t\t\t<div class=\"elementor-background-overlay\"><\/div>\n\t\t\t\t\t\t\t<div class=\"elementor-container elementor-column-gap-no\">\n\t\t\t\t\t<div class=\"elementor-column elementor-col-100 elementor-top-column elementor-element elementor-element-1deea2fe\" data-id=\"1deea2fe\" data-element_type=\"column\" data-e-type=\"column\">\n\t\t\t<div class=\"elementor-widget-wrap elementor-element-populated\">\n\t\t\t\t\t\t<div class=\"elementor-element elementor-element-301dc7b3 elementor-widget elementor-widget-heading\" data-id=\"301dc7b3\" data-element_type=\"widget\" data-e-type=\"widget\" data-widget_type=\"heading.default\">\n\t\t\t\t<div class=\"elementor-widget-container\">\n\t\t\t\t\t<h4 class=\"elementor-heading-title elementor-size-default\">Serwis i cz\u0119\u015bci zamienne<\/h4>\t\t\t\t<\/div>\n\t\t\t\t<\/div>\n\t\t\t\t\t<\/div>\n\t\t<\/div>\n\t\t\t\t\t<\/div>\n\t\t<\/section>\n\t\t\t\t<section class=\"elementor-section elementor-top-section elementor-element elementor-element-15f697f elementor-section-boxed elementor-section-height-default elementor-section-height-default\" data-id=\"15f697f\" data-element_type=\"section\" data-e-type=\"section\">\n\t\t\t\t\t\t<div class=\"elementor-container elementor-column-gap-default\">\n\t\t\t\t\t<div class=\"elementor-column elementor-col-100 elementor-top-column elementor-element elementor-element-cb280fc\" data-id=\"cb280fc\" data-element_type=\"column\" data-e-type=\"column\">\n\t\t\t<div class=\"elementor-widget-wrap elementor-element-populated\">\n\t\t\t\t\t\t<div class=\"elementor-element elementor-element-cf80113 elementor-widget elementor-widget-text-editor\" data-id=\"cf80113\" data-element_type=\"widget\" data-e-type=\"widget\" data-widget_type=\"text-editor.default\">\n\t\t\t\t<div class=\"elementor-widget-container\">\n\t\t\t\t\t\t\t\t\t<h4><b>Wsparcie techniczne<\/b><\/h4><p><b>DSP P\u0159erov przeprowadza serwis i remonty kruszarek i przesiewaczy wibracyjnych, \u0142\u0105cznie z dostaw\u0105 oryginalnych cz\u0119\u015bci zamiennych. Oferuje szereg zalecanych cz\u0119\u015bci zamiennych i zestaw\u00f3w konserwacyjnych. Informacje o wszystkich dost\u0119pnych opcjach dla poszczeg\u00f3lnych urz\u0105dze\u0144 mo\u017cna uzyska\u0107 u sprzedawcy.<\/b><\/p><p>Integraln\u0105 cz\u0119\u015bci\u0105 programu dzia\u0142alno\u015bci serwisowej jest kompletna oferta us\u0142ug przed i po sprzeda\u017cy takich, jak:<\/p><ul><li>Identyfikacja potrzeb klienta<\/li><li>Wsp\u00f3\u0142praca w opracowaniu aplikacji<\/li><li>Zapewnienie urz\u0105dze\u0144 kompletuj\u0105cych<\/li><li>Wprowadzenie do eksploatacji<\/li><li>Szkolenie obs\u0142ugi<\/li><li>Wykazanie spe\u0142nienia parametr\u00f3w wed\u0142ug projektu<\/li><li>Naprawy gwarancyjne i pogwarancyjne<\/li><\/ul>\t\t\t\t\t\t\t\t<\/div>\n\t\t\t\t<\/div>\n\t\t\t\t\t<\/div>\n\t\t<\/div>\n\t\t\t\t\t<\/div>\n\t\t<\/section>\n\t\t\t\t<section class=\"elementor-section elementor-top-section elementor-element elementor-element-4042fed elementor-section-boxed elementor-section-height-default elementor-section-height-default\" data-id=\"4042fed\" data-element_type=\"section\" data-e-type=\"section\">\n\t\t\t\t\t\t<div class=\"elementor-container elementor-column-gap-default\">\n\t\t\t\t\t<div class=\"elementor-column elementor-col-100 elementor-top-column elementor-element elementor-element-bb377d3\" data-id=\"bb377d3\" data-element_type=\"column\" data-e-type=\"column\">\n\t\t\t<div class=\"elementor-widget-wrap elementor-element-populated\">\n\t\t\t\t\t\t<div class=\"elementor-element elementor-element-5cde9b4 elementor-widget elementor-widget-text-editor\" data-id=\"5cde9b4\" data-element_type=\"widget\" data-e-type=\"widget\" data-widget_type=\"text-editor.default\">\n\t\t\t\t<div class=\"elementor-widget-container\">\n\t\t\t\t\t\t\t\t\t<h4><b>Szkolenie<\/b><br><\/h4>\n<p>DSP P\u0159erov oferuje kompleksowy program szkoleniowy dla wszystkich pracownik\u00f3w serwisu i dealer\u00f3w, wyposa\u017caj\u0105c ich w odpowiednie umiej\u0119tno\u015bci, wiedz\u0119, metody i procedury do wykonywania niezb\u0119dnych prac serwisowych.<\/p>\t\t\t\t\t\t\t\t<\/div>\n\t\t\t\t<\/div>\n\t\t\t\t\t<\/div>\n\t\t<\/div>\n\t\t\t\t\t<\/div>\n\t\t<\/section>\n\t\t\t\t<section class=\"elementor-section elementor-top-section elementor-element elementor-element-22831b2 elementor-section-boxed elementor-section-height-default elementor-section-height-default\" data-id=\"22831b2\" data-element_type=\"section\" data-e-type=\"section\">\n\t\t\t\t\t\t<div class=\"elementor-container elementor-column-gap-default\">\n\t\t\t\t\t<div class=\"elementor-column elementor-col-100 elementor-top-column elementor-element elementor-element-0de6d78\" data-id=\"0de6d78\" data-element_type=\"column\" data-e-type=\"column\">\n\t\t\t<div class=\"elementor-widget-wrap elementor-element-populated\">\n\t\t\t\t\t\t<div class=\"elementor-element elementor-element-4c5c36c elementor-widget elementor-widget-text-editor\" data-id=\"4c5c36c\" data-element_type=\"widget\" data-e-type=\"widget\" data-widget_type=\"text-editor.default\">\n\t\t\t\t<div class=\"elementor-widget-container\">\n\t\t\t\t\t\t\t\t\t<h4><b>System zdalnego dost\u0119pu<\/b><\/h4><p>System zdalnego dost\u0119pu, kt\u00f3ry umo\u017cliwia monitorowanie aktualnych informacji o kruszarce przez portal online, gdziekolwiek z \u0142\u0105czem internetowym na PC, urz\u0105dzenia mobilnych lub tabletach z chronionym dost\u0119pem. Zaleta tego systemu polega te\u017c na mo\u017cliwo\u015bci zdalnego serwisu. W efekcie przynosi oszcz\u0119dno\u015b\u0107 czasu i pieni\u0119dzy klienta.<\/p>\t\t\t\t\t\t\t\t<\/div>\n\t\t\t\t<\/div>\n\t\t\t\t\t<\/div>\n\t\t<\/div>\n\t\t\t\t\t<\/div>\n\t\t<\/section>\n\t\t\t\t<section class=\"elementor-section elementor-top-section elementor-element elementor-element-08beeec elementor-section-boxed elementor-section-height-default elementor-section-height-default\" data-id=\"08beeec\" data-element_type=\"section\" data-e-type=\"section\">\n\t\t\t\t\t\t<div class=\"elementor-container elementor-column-gap-default\">\n\t\t\t\t\t<div class=\"elementor-column elementor-col-100 elementor-top-column elementor-element elementor-element-e4c8ab2\" data-id=\"e4c8ab2\" data-element_type=\"column\" data-e-type=\"column\">\n\t\t\t<div class=\"elementor-widget-wrap elementor-element-populated\">\n\t\t\t\t\t\t<div class=\"elementor-element elementor-element-13ca81f elementor-widget elementor-widget-text-editor\" data-id=\"13ca81f\" data-element_type=\"widget\" data-e-type=\"widget\" data-widget_type=\"text-editor.default\">\n\t\t\t\t<div class=\"elementor-widget-container\">\n\t\t\t\t\t\t\t\t\t<h4>Je\u015bli chcieliby\u015bcie Pa\u0144stwo dowiedzie\u0107 si\u0119 wi\u0119cej o ofercie produktowej DSP P\u0159erov i obs\u0142udze klienta, prosimy o kontakt:\u00a0<a href=\"mailto:dsp@dspprerov.cz\"><strong>dsp@dspprerov.cz<\/strong><\/a><\/h4>\t\t\t\t\t\t\t\t<\/div>\n\t\t\t\t<\/div>\n\t\t\t\t\t<\/div>\n\t\t<\/div>\n\t\t\t\t\t<\/div>\n\t\t<\/section>\n\t\t\t\t<section class=\"elementor-section elementor-top-section elementor-element elementor-element-3279d8b elementor-section-boxed elementor-section-height-default elementor-section-height-default\" data-id=\"3279d8b\" data-element_type=\"section\" data-e-type=\"section\">\n\t\t\t\t\t\t<div class=\"elementor-container elementor-column-gap-default\">\n\t\t\t\t\t<div class=\"elementor-column elementor-col-100 elementor-top-column elementor-element elementor-element-65bcce0\" data-id=\"65bcce0\" data-element_type=\"column\" data-e-type=\"column\">\n\t\t\t<div class=\"elementor-widget-wrap elementor-element-populated\">\n\t\t\t\t\t\t<div class=\"elementor-element elementor-element-846fb04 elementor-widget elementor-widget-gallery\" data-id=\"846fb04\" data-element_type=\"widget\" data-e-type=\"widget\" data-settings=\"{&quot;lazyload&quot;:&quot;yes&quot;,&quot;gallery_layout&quot;:&quot;grid&quot;,&quot;columns&quot;:4,&quot;columns_tablet&quot;:2,&quot;columns_mobile&quot;:1,&quot;gap&quot;:{&quot;unit&quot;:&quot;px&quot;,&quot;size&quot;:10,&quot;sizes&quot;:[]},&quot;gap_tablet&quot;:{&quot;unit&quot;:&quot;px&quot;,&quot;size&quot;:10,&quot;sizes&quot;:[]},&quot;gap_mobile&quot;:{&quot;unit&quot;:&quot;px&quot;,&quot;size&quot;:10,&quot;sizes&quot;:[]},&quot;link_to&quot;:&quot;file&quot;,&quot;aspect_ratio&quot;:&quot;3:2&quot;,&quot;overlay_background&quot;:&quot;yes&quot;,&quot;content_hover_animation&quot;:&quot;fade-in&quot;}\" data-widget_type=\"gallery.default\">\n\t\t\t\t<div class=\"elementor-widget-container\">\n\t\t\t\t\t\t\t<div class=\"elementor-gallery__container\">\n\t\t\t\t\t\t\t<a class=\"e-gallery-item elementor-gallery-item elementor-animated-content\" href=\"https:\/\/www.dspprerov.cz\/wp-content\/uploads\/2022\/07\/servis11.jpg\" data-elementor-open-lightbox=\"yes\" data-elementor-lightbox-slideshow=\"846fb04\" data-elementor-lightbox-title=\"Servis11\" data-e-action-hash=\"#elementor-action%3Aaction%3Dlightbox%26settings%3DeyJpZCI6MjcxMiwidXJsIjoiaHR0cHM6XC9cL3d3dy5kc3BwcmVyb3YuY3pcL3dwLWNvbnRlbnRcL3VwbG9hZHNcLzIwMjJcLzA3XC9zZXJ2aXMxMS5qcGciLCJzbGlkZXNob3ciOiI4NDZmYjA0In0%3D\">\n\t\t\t\t\t<div class=\"e-gallery-image elementor-gallery-item__image\" data-thumbnail=\"https:\/\/www.dspprerov.cz\/wp-content\/uploads\/2022\/07\/servis11-300x224.jpg\" data-width=\"300\" data-height=\"224\" aria-label=\"\" role=\"img\" ><\/div>\n\t\t\t\t\t\t\t\t\t\t\t<div class=\"elementor-gallery-item__overlay\"><\/div>\n\t\t\t\t\t\t\t\t\t\t\t\t\t\t<\/a>\n\t\t\t\t\t\t\t<a class=\"e-gallery-item elementor-gallery-item elementor-animated-content\" href=\"https:\/\/www.dspprerov.cz\/wp-content\/uploads\/2022\/07\/servis9.jpg\" data-elementor-open-lightbox=\"yes\" data-elementor-lightbox-slideshow=\"846fb04\" data-elementor-lightbox-title=\"Servis9\" data-e-action-hash=\"#elementor-action%3Aaction%3Dlightbox%26settings%3DeyJpZCI6MjcwNywidXJsIjoiaHR0cHM6XC9cL3d3dy5kc3BwcmVyb3YuY3pcL3dwLWNvbnRlbnRcL3VwbG9hZHNcLzIwMjJcLzA3XC9zZXJ2aXM5LmpwZyIsInNsaWRlc2hvdyI6Ijg0NmZiMDQifQ%3D%3D\">\n\t\t\t\t\t<div class=\"e-gallery-image elementor-gallery-item__image\" data-thumbnail=\"https:\/\/www.dspprerov.cz\/wp-content\/uploads\/2022\/07\/servis9-300x225.jpg\" data-width=\"300\" data-height=\"225\" aria-label=\"\" role=\"img\" ><\/div>\n\t\t\t\t\t\t\t\t\t\t\t<div class=\"elementor-gallery-item__overlay\"><\/div>\n\t\t\t\t\t\t\t\t\t\t\t\t\t\t<\/a>\n\t\t\t\t\t\t\t<a class=\"e-gallery-item elementor-gallery-item elementor-animated-content\" href=\"https:\/\/www.dspprerov.cz\/wp-content\/uploads\/2022\/07\/servis8.jpg\" data-elementor-open-lightbox=\"yes\" data-elementor-lightbox-slideshow=\"846fb04\" data-elementor-lightbox-title=\"Servis8\" data-e-action-hash=\"#elementor-action%3Aaction%3Dlightbox%26settings%3DeyJpZCI6MjcwMiwidXJsIjoiaHR0cHM6XC9cL3d3dy5kc3BwcmVyb3YuY3pcL3dwLWNvbnRlbnRcL3VwbG9hZHNcLzIwMjJcLzA3XC9zZXJ2aXM4LmpwZyIsInNsaWRlc2hvdyI6Ijg0NmZiMDQifQ%3D%3D\">\n\t\t\t\t\t<div class=\"e-gallery-image elementor-gallery-item__image\" data-thumbnail=\"https:\/\/www.dspprerov.cz\/wp-content\/uploads\/2022\/07\/servis8-300x225.jpg\" data-width=\"300\" data-height=\"225\" aria-label=\"\" role=\"img\" ><\/div>\n\t\t\t\t\t\t\t\t\t\t\t<div class=\"elementor-gallery-item__overlay\"><\/div>\n\t\t\t\t\t\t\t\t\t\t\t\t\t\t<\/a>\n\t\t\t\t\t\t\t<a class=\"e-gallery-item elementor-gallery-item elementor-animated-content\" href=\"https:\/\/www.dspprerov.cz\/wp-content\/uploads\/2022\/07\/servis7.jpg\" data-elementor-open-lightbox=\"yes\" data-elementor-lightbox-slideshow=\"846fb04\" data-elementor-lightbox-title=\"Servis7\" data-e-action-hash=\"#elementor-action%3Aaction%3Dlightbox%26settings%3DeyJpZCI6MjY5NywidXJsIjoiaHR0cHM6XC9cL3d3dy5kc3BwcmVyb3YuY3pcL3dwLWNvbnRlbnRcL3VwbG9hZHNcLzIwMjJcLzA3XC9zZXJ2aXM3LmpwZyIsInNsaWRlc2hvdyI6Ijg0NmZiMDQifQ%3D%3D\">\n\t\t\t\t\t<div class=\"e-gallery-image elementor-gallery-item__image\" data-thumbnail=\"https:\/\/www.dspprerov.cz\/wp-content\/uploads\/2022\/07\/servis7-300x225.jpg\" data-width=\"300\" data-height=\"225\" aria-label=\"\" role=\"img\" ><\/div>\n\t\t\t\t\t\t\t\t\t\t\t<div class=\"elementor-gallery-item__overlay\"><\/div>\n\t\t\t\t\t\t\t\t\t\t\t\t\t\t<\/a>\n\t\t\t\t\t\t\t<a class=\"e-gallery-item elementor-gallery-item elementor-animated-content\" href=\"https:\/\/www.dspprerov.cz\/wp-content\/uploads\/2022\/07\/servis6.jpg\" data-elementor-open-lightbox=\"yes\" data-elementor-lightbox-slideshow=\"846fb04\" data-elementor-lightbox-title=\"Servis6\" data-e-action-hash=\"#elementor-action%3Aaction%3Dlightbox%26settings%3DeyJpZCI6MjY5MiwidXJsIjoiaHR0cHM6XC9cL3d3dy5kc3BwcmVyb3YuY3pcL3dwLWNvbnRlbnRcL3VwbG9hZHNcLzIwMjJcLzA3XC9zZXJ2aXM2LmpwZyIsInNsaWRlc2hvdyI6Ijg0NmZiMDQifQ%3D%3D\">\n\t\t\t\t\t<div class=\"e-gallery-image elementor-gallery-item__image\" data-thumbnail=\"https:\/\/www.dspprerov.cz\/wp-content\/uploads\/2022\/07\/servis6-300x225.jpg\" data-width=\"300\" data-height=\"225\" aria-label=\"\" role=\"img\" ><\/div>\n\t\t\t\t\t\t\t\t\t\t\t<div class=\"elementor-gallery-item__overlay\"><\/div>\n\t\t\t\t\t\t\t\t\t\t\t\t\t\t<\/a>\n\t\t\t\t\t\t\t<a class=\"e-gallery-item elementor-gallery-item elementor-animated-content\" href=\"https:\/\/www.dspprerov.cz\/wp-content\/uploads\/2022\/07\/servis4.jpg\" data-elementor-open-lightbox=\"yes\" data-elementor-lightbox-slideshow=\"846fb04\" data-elementor-lightbox-title=\"Servis4\" data-e-action-hash=\"#elementor-action%3Aaction%3Dlightbox%26settings%3DeyJpZCI6MjY4NywidXJsIjoiaHR0cHM6XC9cL3d3dy5kc3BwcmVyb3YuY3pcL3dwLWNvbnRlbnRcL3VwbG9hZHNcLzIwMjJcLzA3XC9zZXJ2aXM0LmpwZyIsInNsaWRlc2hvdyI6Ijg0NmZiMDQifQ%3D%3D\">\n\t\t\t\t\t<div class=\"e-gallery-image elementor-gallery-item__image\" data-thumbnail=\"https:\/\/www.dspprerov.cz\/wp-content\/uploads\/2022\/07\/servis4-300x225.jpg\" data-width=\"300\" data-height=\"225\" aria-label=\"\" role=\"img\" ><\/div>\n\t\t\t\t\t\t\t\t\t\t\t<div class=\"elementor-gallery-item__overlay\"><\/div>\n\t\t\t\t\t\t\t\t\t\t\t\t\t\t<\/a>\n\t\t\t\t\t<\/div>\n\t\t\t\t\t<\/div>\n\t\t\t\t<\/div>\n\t\t\t\t\t<\/div>\n\t\t<\/div>\n\t\t\t\t\t<\/div>\n\t\t<\/section>\n\t\t\t\t<\/div>\n\t\t","protected":false},"excerpt":{"rendered":"<p>Serwis i cz\u0119\u015bci zamienne Wsparcie techniczne DSP P\u0159erov przeprowadza serwis i remonty kruszarek i przesiewaczy wibracyjnych, \u0142\u0105cznie z dostaw\u0105 oryginalnych cz\u0119\u015bci zamiennych. Oferuje szereg zalecanych cz\u0119\u015bci zamiennych i zestaw\u00f3w konserwacyjnych. Informacje o wszystkich dost\u0119pnych opcjach dla poszczeg\u00f3lnych urz\u0105dze\u0144 mo\u017cna uzyska\u0107 u sprzedawcy. Integraln\u0105 cz\u0119\u015bci\u0105 programu dzia\u0142alno\u015bci serwisowej jest kompletna oferta us\u0142ug przed i po sprzeda\u017cy [&hellip;]<\/p>\n","protected":false},"author":3,"featured_media":0,"parent":0,"menu_order":0,"comment_status":"closed","ping_status":"closed","template":"","meta":{"_acf_changed":false,"footnotes":""},"class_list":["post-4573","page","type-page","status-publish","hentry"],"acf":[],"_links":{"self":[{"href":"https:\/\/www.dspprerov.cz\/pl\/wp-json\/wp\/v2\/pages\/4573","targetHints":{"allow":["GET"]}}],"collection":[{"href":"https:\/\/www.dspprerov.cz\/pl\/wp-json\/wp\/v2\/pages"}],"about":[{"href":"https:\/\/www.dspprerov.cz\/pl\/wp-json\/wp\/v2\/types\/page"}],"author":[{"embeddable":true,"href":"https:\/\/www.dspprerov.cz\/pl\/wp-json\/wp\/v2\/users\/3"}],"replies":[{"embeddable":true,"href":"https:\/\/www.dspprerov.cz\/pl\/wp-json\/wp\/v2\/comments?post=4573"}],"version-history":[{"count":22,"href":"https:\/\/www.dspprerov.cz\/pl\/wp-json\/wp\/v2\/pages\/4573\/revisions"}],"predecessor-version":[{"id":4597,"href":"https:\/\/www.dspprerov.cz\/pl\/wp-json\/wp\/v2\/pages\/4573\/revisions\/4597"}],"wp:attachment":[{"href":"https:\/\/www.dspprerov.cz\/pl\/wp-json\/wp\/v2\/media?parent=4573"}],"curies":[{"name":"wp","href":"https:\/\/api.w.org\/{rel}","templated":true}]}}