{"id":3913,"date":"2022-08-25T14:43:14","date_gmt":"2022-08-25T12:43:14","guid":{"rendered":"https:\/\/vx3785300.server2.imperialmedia.cz\/?page_id=3913"},"modified":"2022-08-25T14:45:06","modified_gmt":"2022-08-25T12:45:06","slug":"male-wydobycie","status":"publish","type":"page","link":"https:\/\/www.dspprerov.cz\/pl\/male-wydobycie\/","title":{"rendered":"Ma\u0142e wydobycie"},"content":{"rendered":"\t\t<div data-elementor-type=\"wp-page\" data-elementor-id=\"3913\" class=\"elementor elementor-3913 elementor-1766\" data-elementor-post-type=\"page\">\n\t\t\t\t\t\t<section class=\"elementor-section elementor-top-section elementor-element elementor-element-b6b8908 elementor-section-content-middle elementor-section-boxed elementor-section-height-default elementor-section-height-default\" data-id=\"b6b8908\" data-element_type=\"section\" data-e-type=\"section\" data-settings=\"{&quot;background_background&quot;:&quot;classic&quot;}\">\n\t\t\t\t\t\t\t<div class=\"elementor-background-overlay\"><\/div>\n\t\t\t\t\t\t\t<div class=\"elementor-container elementor-column-gap-no\">\n\t\t\t\t\t<div class=\"elementor-column elementor-col-100 elementor-top-column elementor-element elementor-element-1deea2fe\" data-id=\"1deea2fe\" data-element_type=\"column\" data-e-type=\"column\">\n\t\t\t<div class=\"elementor-widget-wrap elementor-element-populated\">\n\t\t\t\t\t\t<div class=\"elementor-element elementor-element-301dc7b3 elementor-widget elementor-widget-heading\" data-id=\"301dc7b3\" data-element_type=\"widget\" data-e-type=\"widget\" data-widget_type=\"heading.default\">\n\t\t\t\t<div class=\"elementor-widget-container\">\n\t\t\t\t\t<h4 class=\"elementor-heading-title elementor-size-default\">Ma\u0142e wydobycie<\/h4>\t\t\t\t<\/div>\n\t\t\t\t<\/div>\n\t\t\t\t\t<\/div>\n\t\t<\/div>\n\t\t\t\t\t<\/div>\n\t\t<\/section>\n\t\t\t\t<section class=\"elementor-section elementor-top-section elementor-element elementor-element-458bdd2 elementor-section-boxed elementor-section-height-default elementor-section-height-default\" data-id=\"458bdd2\" data-element_type=\"section\" data-e-type=\"section\">\n\t\t\t\t\t\t<div class=\"elementor-container elementor-column-gap-default\">\n\t\t\t\t\t<div class=\"elementor-column elementor-col-50 elementor-top-column elementor-element elementor-element-955a4fb\" data-id=\"955a4fb\" data-element_type=\"column\" data-e-type=\"column\">\n\t\t\t<div class=\"elementor-widget-wrap elementor-element-populated\">\n\t\t\t\t\t\t<div class=\"elementor-element elementor-element-39e0f7d elementor-widget elementor-widget-text-editor\" data-id=\"39e0f7d\" data-element_type=\"widget\" data-e-type=\"widget\" data-widget_type=\"text-editor.default\">\n\t\t\t\t<div class=\"elementor-widget-container\">\n\t\t\t\t\t\t\t\t\t<p><b>Oferujemy linie technologiczne do wydobycia z\u0142ota, coltanu lub kamieni szlachetnych z rozsypu dla ma\u0142ych kopalni. Technologia obejmuje wej\u015bciowy lej wsypowy, pralk\u0119 b\u0119bnow\u0105, jednostk\u0119 przesiewaj\u0105c\u0105 z przesiewaczem wibracyjnym, przeno\u015bniki ta\u015bmowe, oraz nawi\u0105zuj\u0105ce urz\u0105dzenia, takie jak osadzarki, zsuwnie koncentracyjne, koncentratory grawitacyjne, pompy szlamowe lub piaskowe, agregat pr\u0105dotw\u00f3rczy, itd.<\/b><\/p>\n<p><b style=\"color: var( --e-global-color-text ); font-family: var( --e-global-typography-text-font-family ), Sans-serif; font-size: 1rem;\">D\u0142ugotrwale wsp\u00f3\u0142pracujemy z czo\u0142owymi \u015bwiatowymi producentami urz\u0105dze\u0144 do przetwarzania w Kanadzie, USA, Chinach i w Rosji. Wyb\u00f3r tych urz\u0105dze\u0144 zale\u017cy od konkretnego wydobywanego surowca &#8211; nasze urz\u0105dzenia nadaj\u0105 si\u0119 i s\u0105 wypr\u00f3bowane do wydobycia z\u0142ota, kamieni szlachetnych, kasyterytu lub kolumbitu (tzw. &#8222;coltan&#8221;). Wa\u017cn\u0105 rol\u0119 odgrywaj\u0105 te\u017c konkretne warunki geologiczne wydobywanego z\u0142o\u017ca (przede wszystkim wielko\u015b\u0107 ziaren pozyskiwanego surowca, zawarto\u015b\u0107 cz\u0105stek i\u0142u, itp.)<\/b><br><\/p>\n<p><b style=\"color: var( --e-global-color-text ); font-family: var( --e-global-typography-text-font-family ), Sans-serif; font-size: 1rem;\">Z pomoc\u0105 naszych ekspert\u00f3w geologicznych i na podstawie Pa\u0144stwa potrzeb skompletujemy dan\u0105 lini\u0119 tak, aby\u015bmy spe\u0142nili kompletn\u0105 dostaw\u0119 &#8222;pod klucz &#8222;.&nbsp;<\/b><b>Ca\u0142kowita wydajno\u015b\u0107 wynosi od 30 do 70 t\/h.<\/b><\/p>\t\t\t\t\t\t\t\t<\/div>\n\t\t\t\t<\/div>\n\t\t\t\t\t<\/div>\n\t\t<\/div>\n\t\t\t\t<div class=\"elementor-column elementor-col-50 elementor-top-column elementor-element elementor-element-6519756\" data-id=\"6519756\" data-element_type=\"column\" data-e-type=\"column\">\n\t\t\t<div class=\"elementor-widget-wrap elementor-element-populated\">\n\t\t\t\t\t\t<div class=\"elementor-element elementor-element-98ed903 elementor-widget elementor-widget-image\" data-id=\"98ed903\" data-element_type=\"widget\" data-e-type=\"widget\" data-widget_type=\"image.default\">\n\t\t\t\t<div class=\"elementor-widget-container\">\n\t\t\t\t\t\t\t\t\t\t\t\t\t\t\t<img fetchpriority=\"high\" decoding=\"async\" width=\"650\" height=\"459\" src=\"https:\/\/www.dspprerov.cz\/wp-content\/uploads\/2022\/07\/sm1.jpg\" class=\"attachment-large size-large wp-image-1774\" alt=\"\" srcset=\"https:\/\/www.dspprerov.cz\/wp-content\/uploads\/2022\/07\/sm1.jpg 650w, https:\/\/www.dspprerov.cz\/wp-content\/uploads\/2022\/07\/sm1-300x212.jpg 300w\" sizes=\"(max-width: 650px) 100vw, 650px\" \/>\t\t\t\t\t\t\t\t\t\t\t\t\t\t\t<\/div>\n\t\t\t\t<\/div>\n\t\t\t\t\t<\/div>\n\t\t<\/div>\n\t\t\t\t\t<\/div>\n\t\t<\/section>\n\t\t\t\t<section class=\"elementor-section elementor-top-section elementor-element elementor-element-24c10f9 elementor-section-boxed elementor-section-height-default elementor-section-height-default\" data-id=\"24c10f9\" data-element_type=\"section\" data-e-type=\"section\">\n\t\t\t\t\t\t<div class=\"elementor-container elementor-column-gap-default\">\n\t\t\t\t\t<div class=\"elementor-column elementor-col-100 elementor-top-column elementor-element elementor-element-276fde4\" data-id=\"276fde4\" data-element_type=\"column\" data-e-type=\"column\">\n\t\t\t<div class=\"elementor-widget-wrap elementor-element-populated\">\n\t\t\t\t\t\t<div class=\"elementor-element elementor-element-81e1b9a elementor-widget elementor-widget-gallery\" data-id=\"81e1b9a\" data-element_type=\"widget\" data-e-type=\"widget\" data-settings=\"{&quot;lazyload&quot;:&quot;yes&quot;,&quot;gallery_layout&quot;:&quot;grid&quot;,&quot;columns&quot;:4,&quot;columns_tablet&quot;:2,&quot;columns_mobile&quot;:1,&quot;gap&quot;:{&quot;unit&quot;:&quot;px&quot;,&quot;size&quot;:10,&quot;sizes&quot;:[]},&quot;gap_tablet&quot;:{&quot;unit&quot;:&quot;px&quot;,&quot;size&quot;:10,&quot;sizes&quot;:[]},&quot;gap_mobile&quot;:{&quot;unit&quot;:&quot;px&quot;,&quot;size&quot;:10,&quot;sizes&quot;:[]},&quot;link_to&quot;:&quot;file&quot;,&quot;aspect_ratio&quot;:&quot;3:2&quot;,&quot;overlay_background&quot;:&quot;yes&quot;,&quot;content_hover_animation&quot;:&quot;fade-in&quot;}\" data-widget_type=\"gallery.default\">\n\t\t\t\t<div class=\"elementor-widget-container\">\n\t\t\t\t\t\t\t<div class=\"elementor-gallery__container\">\n\t\t\t\t\t\t\t<a class=\"e-gallery-item elementor-gallery-item elementor-animated-content\" href=\"https:\/\/www.dspprerov.cz\/wp-content\/uploads\/2022\/07\/sm2.jpg\" data-elementor-open-lightbox=\"yes\" data-elementor-lightbox-slideshow=\"81e1b9a\" data-elementor-lightbox-title=\"Sm2\" data-e-action-hash=\"#elementor-action%3Aaction%3Dlightbox%26settings%3DeyJpZCI6MTc3NiwidXJsIjoiaHR0cHM6XC9cL3d3dy5kc3BwcmVyb3YuY3pcL3dwLWNvbnRlbnRcL3VwbG9hZHNcLzIwMjJcLzA3XC9zbTIuanBnIiwic2xpZGVzaG93IjoiODFlMWI5YSJ9\">\n\t\t\t\t\t<div class=\"e-gallery-image elementor-gallery-item__image\" data-thumbnail=\"https:\/\/www.dspprerov.cz\/wp-content\/uploads\/2022\/07\/sm2-300x220.jpg\" data-width=\"300\" data-height=\"220\" aria-label=\"\" role=\"img\" ><\/div>\n\t\t\t\t\t\t\t\t\t\t\t<div class=\"elementor-gallery-item__overlay\"><\/div>\n\t\t\t\t\t\t\t\t\t\t\t\t\t\t<\/a>\n\t\t\t\t\t\t\t<a class=\"e-gallery-item elementor-gallery-item elementor-animated-content\" href=\"https:\/\/www.dspprerov.cz\/wp-content\/uploads\/2022\/07\/sm3.jpg\" data-elementor-open-lightbox=\"yes\" data-elementor-lightbox-slideshow=\"81e1b9a\" data-elementor-lightbox-title=\"Sm3\" data-e-action-hash=\"#elementor-action%3Aaction%3Dlightbox%26settings%3DeyJpZCI6MTc4MSwidXJsIjoiaHR0cHM6XC9cL3d3dy5kc3BwcmVyb3YuY3pcL3dwLWNvbnRlbnRcL3VwbG9hZHNcLzIwMjJcLzA3XC9zbTMuanBnIiwic2xpZGVzaG93IjoiODFlMWI5YSJ9\">\n\t\t\t\t\t<div class=\"e-gallery-image elementor-gallery-item__image\" data-thumbnail=\"https:\/\/www.dspprerov.cz\/wp-content\/uploads\/2022\/07\/sm3-300x224.jpg\" data-width=\"300\" data-height=\"224\" aria-label=\"\" role=\"img\" ><\/div>\n\t\t\t\t\t\t\t\t\t\t\t<div class=\"elementor-gallery-item__overlay\"><\/div>\n\t\t\t\t\t\t\t\t\t\t\t\t\t\t<\/a>\n\t\t\t\t\t\t\t<a class=\"e-gallery-item elementor-gallery-item elementor-animated-content\" href=\"https:\/\/www.dspprerov.cz\/wp-content\/uploads\/2022\/07\/sm4.jpg\" data-elementor-open-lightbox=\"yes\" data-elementor-lightbox-slideshow=\"81e1b9a\" data-elementor-lightbox-title=\"Sm4\" data-e-action-hash=\"#elementor-action%3Aaction%3Dlightbox%26settings%3DeyJpZCI6MTc4NiwidXJsIjoiaHR0cHM6XC9cL3d3dy5kc3BwcmVyb3YuY3pcL3dwLWNvbnRlbnRcL3VwbG9hZHNcLzIwMjJcLzA3XC9zbTQuanBnIiwic2xpZGVzaG93IjoiODFlMWI5YSJ9\">\n\t\t\t\t\t<div class=\"e-gallery-image elementor-gallery-item__image\" data-thumbnail=\"https:\/\/www.dspprerov.cz\/wp-content\/uploads\/2022\/07\/sm4-300x243.jpg\" data-width=\"300\" data-height=\"243\" aria-label=\"\" role=\"img\" ><\/div>\n\t\t\t\t\t\t\t\t\t\t\t<div class=\"elementor-gallery-item__overlay\"><\/div>\n\t\t\t\t\t\t\t\t\t\t\t\t\t\t<\/a>\n\t\t\t\t\t\t\t<a class=\"e-gallery-item elementor-gallery-item elementor-animated-content\" href=\"https:\/\/www.dspprerov.cz\/wp-content\/uploads\/2022\/07\/sm5.jpg\" data-elementor-open-lightbox=\"yes\" data-elementor-lightbox-slideshow=\"81e1b9a\" data-elementor-lightbox-title=\"Sm5\" data-e-action-hash=\"#elementor-action%3Aaction%3Dlightbox%26settings%3DeyJpZCI6MTc5MSwidXJsIjoiaHR0cHM6XC9cL3d3dy5kc3BwcmVyb3YuY3pcL3dwLWNvbnRlbnRcL3VwbG9hZHNcLzIwMjJcLzA3XC9zbTUuanBnIiwic2xpZGVzaG93IjoiODFlMWI5YSJ9\">\n\t\t\t\t\t<div class=\"e-gallery-image elementor-gallery-item__image\" data-thumbnail=\"https:\/\/www.dspprerov.cz\/wp-content\/uploads\/2022\/07\/sm5-300x225.jpg\" data-width=\"300\" data-height=\"225\" aria-label=\"\" role=\"img\" ><\/div>\n\t\t\t\t\t\t\t\t\t\t\t<div class=\"elementor-gallery-item__overlay\"><\/div>\n\t\t\t\t\t\t\t\t\t\t\t\t\t\t<\/a>\n\t\t\t\t\t<\/div>\n\t\t\t\t\t<\/div>\n\t\t\t\t<\/div>\n\t\t\t\t\t<\/div>\n\t\t<\/div>\n\t\t\t\t\t<\/div>\n\t\t<\/section>\n\t\t\t\t<\/div>\n\t\t","protected":false},"excerpt":{"rendered":"<p>Ma\u0142e wydobycie Oferujemy linie technologiczne do wydobycia z\u0142ota, coltanu lub kamieni szlachetnych z rozsypu dla ma\u0142ych kopalni. Technologia obejmuje wej\u015bciowy lej wsypowy, pralk\u0119 b\u0119bnow\u0105, jednostk\u0119 przesiewaj\u0105c\u0105 z przesiewaczem wibracyjnym, przeno\u015bniki ta\u015bmowe, oraz nawi\u0105zuj\u0105ce urz\u0105dzenia, takie jak osadzarki, zsuwnie koncentracyjne, koncentratory grawitacyjne, pompy szlamowe lub piaskowe, agregat pr\u0105dotw\u00f3rczy, itd. D\u0142ugotrwale wsp\u00f3\u0142pracujemy z czo\u0142owymi \u015bwiatowymi producentami urz\u0105dze\u0144 [&hellip;]<\/p>\n","protected":false},"author":3,"featured_media":0,"parent":0,"menu_order":0,"comment_status":"closed","ping_status":"closed","template":"","meta":{"_acf_changed":false,"footnotes":""},"class_list":["post-3913","page","type-page","status-publish","hentry"],"acf":[],"_links":{"self":[{"href":"https:\/\/www.dspprerov.cz\/pl\/wp-json\/wp\/v2\/pages\/3913","targetHints":{"allow":["GET"]}}],"collection":[{"href":"https:\/\/www.dspprerov.cz\/pl\/wp-json\/wp\/v2\/pages"}],"about":[{"href":"https:\/\/www.dspprerov.cz\/pl\/wp-json\/wp\/v2\/types\/page"}],"author":[{"embeddable":true,"href":"https:\/\/www.dspprerov.cz\/pl\/wp-json\/wp\/v2\/users\/3"}],"replies":[{"embeddable":true,"href":"https:\/\/www.dspprerov.cz\/pl\/wp-json\/wp\/v2\/comments?post=3913"}],"version-history":[{"count":8,"href":"https:\/\/www.dspprerov.cz\/pl\/wp-json\/wp\/v2\/pages\/3913\/revisions"}],"predecessor-version":[{"id":3921,"href":"https:\/\/www.dspprerov.cz\/pl\/wp-json\/wp\/v2\/pages\/3913\/revisions\/3921"}],"wp:attachment":[{"href":"https:\/\/www.dspprerov.cz\/pl\/wp-json\/wp\/v2\/media?parent=3913"}],"curies":[{"name":"wp","href":"https:\/\/api.w.org\/{rel}","templated":true}]}}