{"id":3815,"date":"2022-08-22T15:28:53","date_gmt":"2022-08-22T13:28:53","guid":{"rendered":"https:\/\/vx3785300.server2.imperialmedia.cz\/?page_id=3815"},"modified":"2022-08-22T15:33:36","modified_gmt":"2022-08-22T13:33:36","slug":"klasyfikatory-powietrzne","status":"publish","type":"page","link":"https:\/\/www.dspprerov.cz\/pl\/klasyfikatory-powietrzne\/","title":{"rendered":"Klasyfikatory powietrzne"},"content":{"rendered":"\t\t<div data-elementor-type=\"wp-page\" data-elementor-id=\"3815\" class=\"elementor elementor-3815 elementor-277\" data-elementor-post-type=\"page\">\n\t\t\t\t\t\t<section class=\"elementor-section elementor-top-section elementor-element elementor-element-b6b8908 elementor-section-content-middle elementor-section-boxed elementor-section-height-default elementor-section-height-default\" data-id=\"b6b8908\" data-element_type=\"section\" data-e-type=\"section\" data-settings=\"{&quot;background_background&quot;:&quot;classic&quot;}\">\n\t\t\t\t\t\t\t<div class=\"elementor-background-overlay\"><\/div>\n\t\t\t\t\t\t\t<div class=\"elementor-container elementor-column-gap-no\">\n\t\t\t\t\t<div class=\"elementor-column elementor-col-100 elementor-top-column elementor-element elementor-element-1deea2fe\" data-id=\"1deea2fe\" data-element_type=\"column\" data-e-type=\"column\">\n\t\t\t<div class=\"elementor-widget-wrap elementor-element-populated\">\n\t\t\t\t\t\t<div class=\"elementor-element elementor-element-301dc7b3 elementor-widget elementor-widget-heading\" data-id=\"301dc7b3\" data-element_type=\"widget\" data-e-type=\"widget\" data-widget_type=\"heading.default\">\n\t\t\t\t<div class=\"elementor-widget-container\">\n\t\t\t\t\t<h4 class=\"elementor-heading-title elementor-size-default\">Klasyfikatory powietrzne<\/h4>\t\t\t\t<\/div>\n\t\t\t\t<\/div>\n\t\t\t\t\t<\/div>\n\t\t<\/div>\n\t\t\t\t\t<\/div>\n\t\t<\/section>\n\t\t\t\t<section class=\"elementor-section elementor-top-section elementor-element elementor-element-15f697f elementor-section-boxed elementor-section-height-default elementor-section-height-default\" data-id=\"15f697f\" data-element_type=\"section\" data-e-type=\"section\">\n\t\t\t\t\t\t<div class=\"elementor-container elementor-column-gap-default\">\n\t\t\t\t\t<div class=\"elementor-column elementor-col-50 elementor-top-column elementor-element elementor-element-cb280fc\" data-id=\"cb280fc\" data-element_type=\"column\" data-e-type=\"column\">\n\t\t\t<div class=\"elementor-widget-wrap elementor-element-populated\">\n\t\t\t\t\t\t<div class=\"elementor-element elementor-element-05455fd elementor-widget elementor-widget-text-editor\" data-id=\"05455fd\" data-element_type=\"widget\" data-e-type=\"widget\" data-widget_type=\"text-editor.default\">\n\t\t\t\t<div class=\"elementor-widget-container\">\n\t\t\t\t\t\t\t\t\t<p>Klasyfikatory powietrzne przeznaczone s\u0105 do przetwarzania odpad\u00f3w budowlanych, kompostu, odpad\u00f3w komunalnych, \u017cu\u017cla czy z\u0142omu \u017celaznego. Proces rozdzielania lekkich i ci\u0119\u017ckich pierwiastk\u00f3w w surowcu za pomoc\u0105 strumienia powietrza i ich p\u00f3\u017aniejsze oddzielenie. Zanieczyszczenia i wysokie koszty nale\u017c\u0105 ju\u017c do przesz\u0142o\u015bci.<\/p>\t\t\t\t\t\t\t\t<\/div>\n\t\t\t\t<\/div>\n\t\t\t\t<div class=\"elementor-element elementor-element-d04ef9c elementor-widget elementor-widget-text-editor\" data-id=\"d04ef9c\" data-element_type=\"widget\" data-e-type=\"widget\" data-widget_type=\"text-editor.default\">\n\t\t\t\t<div class=\"elementor-widget-container\">\n\t\t\t\t\t\t\t\t\t<h4><b>Najwa\u017cniejsze zalety:<\/b><\/h4>\n<ul>\n<li>doskona\u0142e wyniki separacji,<\/li>\n<li>kabina z lekkiego materia\u0142u z kana\u0142em recyrkulacji powietrza zmniejsza zapotrzebowanie na nak\u0142ady i obci\u0105\u017cenie \u015brodowiska,<\/li>\n<li>maksymalna elastyczno\u015b\u0107 urz\u0105dzenia,<\/li>\n<li>separacja do 3 frakcji,<\/li>\n<li>wysoka jako\u015b\u0107 = wysoka ekonomika eksploatacji.<\/li>\n<\/ul>\t\t\t\t\t\t\t\t<\/div>\n\t\t\t\t<\/div>\n\t\t\t\t<div class=\"elementor-element elementor-element-cf80113 elementor-widget elementor-widget-text-editor\" data-id=\"cf80113\" data-element_type=\"widget\" data-e-type=\"widget\" data-widget_type=\"text-editor.default\">\n\t\t\t\t<div class=\"elementor-widget-container\">\n\t\t\t\t\t\t\t\t\t<h5>&nbsp;<\/h5>\n<p>Parametry nale\u017cy rozpatrywa\u0107 indywidualnie w zale\u017cno\u015bci od konkretnych warunk\u00f3w.<\/p>\t\t\t\t\t\t\t\t<\/div>\n\t\t\t\t<\/div>\n\t\t\t\t\t<\/div>\n\t\t<\/div>\n\t\t\t\t<div class=\"elementor-column elementor-col-50 elementor-top-column elementor-element elementor-element-71b6915\" data-id=\"71b6915\" data-element_type=\"column\" data-e-type=\"column\">\n\t\t\t<div class=\"elementor-widget-wrap elementor-element-populated\">\n\t\t\t\t\t\t<div class=\"elementor-element elementor-element-226a917 elementor-widget elementor-widget-image\" data-id=\"226a917\" data-element_type=\"widget\" data-e-type=\"widget\" data-widget_type=\"image.default\">\n\t\t\t\t<div class=\"elementor-widget-container\">\n\t\t\t\t\t\t\t\t\t\t\t\t\t\t\t<img fetchpriority=\"high\" decoding=\"async\" width=\"800\" height=\"502\" src=\"https:\/\/www.dspprerov.cz\/wp-content\/uploads\/2022\/05\/vzdusny-separator-2-1024x643.jpg\" class=\"attachment-large size-large wp-image-660\" alt=\"\" srcset=\"https:\/\/www.dspprerov.cz\/wp-content\/uploads\/2022\/05\/vzdusny-separator-2-1024x643.jpg 1024w, https:\/\/www.dspprerov.cz\/wp-content\/uploads\/2022\/05\/vzdusny-separator-2-300x188.jpg 300w, https:\/\/www.dspprerov.cz\/wp-content\/uploads\/2022\/05\/vzdusny-separator-2-768x482.jpg 768w, https:\/\/www.dspprerov.cz\/wp-content\/uploads\/2022\/05\/vzdusny-separator-2.jpg 1445w\" sizes=\"(max-width: 800px) 100vw, 800px\" \/>\t\t\t\t\t\t\t\t\t\t\t\t\t\t\t<\/div>\n\t\t\t\t<\/div>\n\t\t\t\t<div class=\"elementor-element elementor-element-38a8613 elementor-widget elementor-widget-image\" data-id=\"38a8613\" data-element_type=\"widget\" data-e-type=\"widget\" data-widget_type=\"image.default\">\n\t\t\t\t<div class=\"elementor-widget-container\">\n\t\t\t\t\t\t\t\t\t\t\t\t\t\t\t<img decoding=\"async\" width=\"800\" height=\"600\" src=\"https:\/\/www.dspprerov.cz\/wp-content\/uploads\/2022\/05\/vzdusny-separator-1024x768.jpg\" class=\"attachment-large size-large wp-image-664\" alt=\"\" srcset=\"https:\/\/www.dspprerov.cz\/wp-content\/uploads\/2022\/05\/vzdusny-separator-1024x768.jpg 1024w, https:\/\/www.dspprerov.cz\/wp-content\/uploads\/2022\/05\/vzdusny-separator-300x225.jpg 300w, https:\/\/www.dspprerov.cz\/wp-content\/uploads\/2022\/05\/vzdusny-separator-768x576.jpg 768w, https:\/\/www.dspprerov.cz\/wp-content\/uploads\/2022\/05\/vzdusny-separator-1536x1152.jpg 1536w, https:\/\/www.dspprerov.cz\/wp-content\/uploads\/2022\/05\/vzdusny-separator-2048x1536.jpg 2048w\" sizes=\"(max-width: 800px) 100vw, 800px\" \/>\t\t\t\t\t\t\t\t\t\t\t\t\t\t\t<\/div>\n\t\t\t\t<\/div>\n\t\t\t\t\t<\/div>\n\t\t<\/div>\n\t\t\t\t\t<\/div>\n\t\t<\/section>\n\t\t\t\t<\/div>\n\t\t","protected":false},"excerpt":{"rendered":"<p>Klasyfikatory powietrzne Klasyfikatory powietrzne przeznaczone s\u0105 do przetwarzania odpad\u00f3w budowlanych, kompostu, odpad\u00f3w komunalnych, \u017cu\u017cla czy z\u0142omu \u017celaznego. Proces rozdzielania lekkich i ci\u0119\u017ckich pierwiastk\u00f3w w surowcu za pomoc\u0105 strumienia powietrza i ich p\u00f3\u017aniejsze oddzielenie. Zanieczyszczenia i wysokie koszty nale\u017c\u0105 ju\u017c do przesz\u0142o\u015bci. Najwa\u017cniejsze zalety: doskona\u0142e wyniki separacji, kabina z lekkiego materia\u0142u z kana\u0142em recyrkulacji powietrza zmniejsza [&hellip;]<\/p>\n","protected":false},"author":3,"featured_media":0,"parent":0,"menu_order":0,"comment_status":"closed","ping_status":"closed","template":"","meta":{"_acf_changed":false,"footnotes":""},"class_list":["post-3815","page","type-page","status-publish","hentry"],"acf":[],"_links":{"self":[{"href":"https:\/\/www.dspprerov.cz\/pl\/wp-json\/wp\/v2\/pages\/3815","targetHints":{"allow":["GET"]}}],"collection":[{"href":"https:\/\/www.dspprerov.cz\/pl\/wp-json\/wp\/v2\/pages"}],"about":[{"href":"https:\/\/www.dspprerov.cz\/pl\/wp-json\/wp\/v2\/types\/page"}],"author":[{"embeddable":true,"href":"https:\/\/www.dspprerov.cz\/pl\/wp-json\/wp\/v2\/users\/3"}],"replies":[{"embeddable":true,"href":"https:\/\/www.dspprerov.cz\/pl\/wp-json\/wp\/v2\/comments?post=3815"}],"version-history":[{"count":10,"href":"https:\/\/www.dspprerov.cz\/pl\/wp-json\/wp\/v2\/pages\/3815\/revisions"}],"predecessor-version":[{"id":3825,"href":"https:\/\/www.dspprerov.cz\/pl\/wp-json\/wp\/v2\/pages\/3815\/revisions\/3825"}],"wp:attachment":[{"href":"https:\/\/www.dspprerov.cz\/pl\/wp-json\/wp\/v2\/media?parent=3815"}],"curies":[{"name":"wp","href":"https:\/\/api.w.org\/{rel}","templated":true}]}}