{"id":3731,"date":"2022-08-15T14:41:45","date_gmt":"2022-08-15T12:41:45","guid":{"rendered":"https:\/\/vx3785300.server2.imperialmedia.cz\/?page_id=3731"},"modified":"2022-08-15T14:59:04","modified_gmt":"2022-08-15T12:59:04","slug":"jednostki-hydrocyklonowe","status":"publish","type":"page","link":"https:\/\/www.dspprerov.cz\/pl\/jednostki-hydrocyklonowe\/","title":{"rendered":"Jednostki hydrocyklonowe"},"content":{"rendered":"\t\t<div data-elementor-type=\"wp-page\" data-elementor-id=\"3731\" class=\"elementor elementor-3731 elementor-247\" data-elementor-post-type=\"page\">\n\t\t\t\t\t\t<section class=\"elementor-section elementor-top-section elementor-element elementor-element-b6b8908 elementor-section-content-middle elementor-section-boxed elementor-section-height-default elementor-section-height-default\" data-id=\"b6b8908\" data-element_type=\"section\" data-e-type=\"section\" data-settings=\"{&quot;background_background&quot;:&quot;classic&quot;}\">\n\t\t\t\t\t\t\t<div class=\"elementor-background-overlay\"><\/div>\n\t\t\t\t\t\t\t<div class=\"elementor-container elementor-column-gap-no\">\n\t\t\t\t\t<div class=\"elementor-column elementor-col-100 elementor-top-column elementor-element elementor-element-1deea2fe\" data-id=\"1deea2fe\" data-element_type=\"column\" data-e-type=\"column\">\n\t\t\t<div class=\"elementor-widget-wrap elementor-element-populated\">\n\t\t\t\t\t\t<div class=\"elementor-element elementor-element-301dc7b3 elementor-widget elementor-widget-heading\" data-id=\"301dc7b3\" data-element_type=\"widget\" data-e-type=\"widget\" data-widget_type=\"heading.default\">\n\t\t\t\t<div class=\"elementor-widget-container\">\n\t\t\t\t\t<h4 class=\"elementor-heading-title elementor-size-default\">Jednostki hydrocyklonowe<\/h4>\t\t\t\t<\/div>\n\t\t\t\t<\/div>\n\t\t\t\t\t<\/div>\n\t\t<\/div>\n\t\t\t\t\t<\/div>\n\t\t<\/section>\n\t\t\t\t<section class=\"elementor-section elementor-top-section elementor-element elementor-element-15f697f elementor-section-boxed elementor-section-height-default elementor-section-height-default\" data-id=\"15f697f\" data-element_type=\"section\" data-e-type=\"section\">\n\t\t\t\t\t\t<div class=\"elementor-container elementor-column-gap-default\">\n\t\t\t\t\t<div class=\"elementor-column elementor-col-50 elementor-top-column elementor-element elementor-element-cb280fc\" data-id=\"cb280fc\" data-element_type=\"column\" data-e-type=\"column\">\n\t\t\t<div class=\"elementor-widget-wrap elementor-element-populated\">\n\t\t\t\t\t\t<div class=\"elementor-element elementor-element-05455fd elementor-widget elementor-widget-text-editor\" data-id=\"05455fd\" data-element_type=\"widget\" data-e-type=\"widget\" data-widget_type=\"text-editor.default\">\n\t\t\t\t<div class=\"elementor-widget-container\">\n\t\t\t\t\t\t\t\t\t<p>Jednostki hydrocyklonowe s\u0142u\u017c\u0105 do separacji, odwadniania i oczyszczania piask\u00f3w \u017cwirowych o uziarnieniu 0 &#8211; 4 mm. Zapewniaj\u0105 one wymywalno\u015b\u0107 osadu do 20 do 63 mikron\u00f3w w konstrukcjach jednostopniowych, dwustopniowych lub tr\u00f3jstopniowych. Hydrocyklony s\u0142u\u017c\u0105 do precyzyjnego sortowania do granicy np. 0,063 &#8211; 0,7 mm. Jednostki te s\u0105 zaprojektowane z my\u015bl\u0105 o przepustowo\u015bci od 20 t\/h do 300 t\/h.<\/p>\t\t\t\t\t\t\t\t<\/div>\n\t\t\t\t<\/div>\n\t\t\t\t<div class=\"elementor-element elementor-element-d04ef9c elementor-widget elementor-widget-text-editor\" data-id=\"d04ef9c\" data-element_type=\"widget\" data-e-type=\"widget\" data-widget_type=\"text-editor.default\">\n\t\t\t\t<div class=\"elementor-widget-container\">\n\t\t\t\t\t\t\t\t\t<h4><strong>Jednostki hydrocyklonowe = w<\/strong><b>iele zalet<\/b><\/h4><ul><li>precyzyjna granica separacji substancji wymywalnych do 0,020 mm<\/li><li>bardzo niskie zu\u017cycie wody i przyjazne dla \u015brodowiska dzia\u0142anie<\/li><li>skuteczne oddzielanie kruchych ziaren i lekkich substancji<\/li><li>\u0142atwa obs\u0142uga w zimie<\/li><li>jednostka hydrocyklonu jest konstrukcj\u0105 semi-mobiln\u0105 na p\u0142ozach<\/li><\/ul>\t\t\t\t\t\t\t\t<\/div>\n\t\t\t\t<\/div>\n\t\t\t\t<div class=\"elementor-element elementor-element-cf80113 elementor-widget elementor-widget-text-editor\" data-id=\"cf80113\" data-element_type=\"widget\" data-e-type=\"widget\" data-widget_type=\"text-editor.default\">\n\t\t\t\t<div class=\"elementor-widget-container\">\n\t\t\t\t\t\t\t\t\t<div><font color=\"#221751\"><span style=\"font-size: 24px;\"><b>Parametry jednostek hydrocyklonowych<\/b><\/span><\/font><br><\/div>\n<p>Parametry nale\u017cy rozpatrywa\u0107 indywidualnie w zale\u017cno\u015bci od konkretnych warunk\u00f3w.<\/p>\t\t\t\t\t\t\t\t<\/div>\n\t\t\t\t<\/div>\n\t\t\t\t\t<\/div>\n\t\t<\/div>\n\t\t\t\t<div class=\"elementor-column elementor-col-50 elementor-top-column elementor-element elementor-element-71b6915\" data-id=\"71b6915\" data-element_type=\"column\" data-e-type=\"column\">\n\t\t\t<div class=\"elementor-widget-wrap elementor-element-populated\">\n\t\t\t\t\t\t<div class=\"elementor-element elementor-element-38a8613 elementor-widget elementor-widget-image\" data-id=\"38a8613\" data-element_type=\"widget\" data-e-type=\"widget\" data-widget_type=\"image.default\">\n\t\t\t\t<div class=\"elementor-widget-container\">\n\t\t\t\t\t\t\t\t\t\t\t\t\t\t\t<img fetchpriority=\"high\" decoding=\"async\" width=\"800\" height=\"509\" src=\"https:\/\/www.dspprerov.cz\/wp-content\/uploads\/2022\/05\/hydrocyklonove-jednotky-1024x651.jpg\" class=\"attachment-large size-large wp-image-636\" alt=\"\" srcset=\"https:\/\/www.dspprerov.cz\/wp-content\/uploads\/2022\/05\/hydrocyklonove-jednotky-1024x651.jpg 1024w, https:\/\/www.dspprerov.cz\/wp-content\/uploads\/2022\/05\/hydrocyklonove-jednotky-300x191.jpg 300w, https:\/\/www.dspprerov.cz\/wp-content\/uploads\/2022\/05\/hydrocyklonove-jednotky-768x488.jpg 768w, https:\/\/www.dspprerov.cz\/wp-content\/uploads\/2022\/05\/hydrocyklonove-jednotky.jpg 1259w\" sizes=\"(max-width: 800px) 100vw, 800px\" \/>\t\t\t\t\t\t\t\t\t\t\t\t\t\t\t<\/div>\n\t\t\t\t<\/div>\n\t\t\t\t<div class=\"elementor-element elementor-element-226a917 elementor-widget elementor-widget-image\" data-id=\"226a917\" data-element_type=\"widget\" data-e-type=\"widget\" data-widget_type=\"image.default\">\n\t\t\t\t<div class=\"elementor-widget-container\">\n\t\t\t\t\t\t\t\t\t\t\t\t\t\t\t<img decoding=\"async\" width=\"800\" height=\"398\" src=\"https:\/\/www.dspprerov.cz\/wp-content\/uploads\/2022\/05\/hydrocyklonove-jednotky-2-1024x510.jpg\" class=\"attachment-large size-large wp-image-668\" alt=\"\" srcset=\"https:\/\/www.dspprerov.cz\/wp-content\/uploads\/2022\/05\/hydrocyklonove-jednotky-2-1024x510.jpg 1024w, https:\/\/www.dspprerov.cz\/wp-content\/uploads\/2022\/05\/hydrocyklonove-jednotky-2-300x149.jpg 300w, https:\/\/www.dspprerov.cz\/wp-content\/uploads\/2022\/05\/hydrocyklonove-jednotky-2-768x382.jpg 768w, https:\/\/www.dspprerov.cz\/wp-content\/uploads\/2022\/05\/hydrocyklonove-jednotky-2.jpg 1256w\" sizes=\"(max-width: 800px) 100vw, 800px\" \/>\t\t\t\t\t\t\t\t\t\t\t\t\t\t\t<\/div>\n\t\t\t\t<\/div>\n\t\t\t\t\t<\/div>\n\t\t<\/div>\n\t\t\t\t\t<\/div>\n\t\t<\/section>\n\t\t\t\t<\/div>\n\t\t","protected":false},"excerpt":{"rendered":"<p>Jednostki hydrocyklonowe Jednostki hydrocyklonowe s\u0142u\u017c\u0105 do separacji, odwadniania i oczyszczania piask\u00f3w \u017cwirowych o uziarnieniu 0 &#8211; 4 mm. Zapewniaj\u0105 one wymywalno\u015b\u0107 osadu do 20 do 63 mikron\u00f3w w konstrukcjach jednostopniowych, dwustopniowych lub tr\u00f3jstopniowych. Hydrocyklony s\u0142u\u017c\u0105 do precyzyjnego sortowania do granicy np. 0,063 &#8211; 0,7 mm. Jednostki te s\u0105 zaprojektowane z my\u015bl\u0105 o przepustowo\u015bci od 20 [&hellip;]<\/p>\n","protected":false},"author":3,"featured_media":0,"parent":0,"menu_order":0,"comment_status":"closed","ping_status":"closed","template":"","meta":{"_acf_changed":false,"footnotes":""},"class_list":["post-3731","page","type-page","status-publish","hentry"],"acf":[],"_links":{"self":[{"href":"https:\/\/www.dspprerov.cz\/pl\/wp-json\/wp\/v2\/pages\/3731","targetHints":{"allow":["GET"]}}],"collection":[{"href":"https:\/\/www.dspprerov.cz\/pl\/wp-json\/wp\/v2\/pages"}],"about":[{"href":"https:\/\/www.dspprerov.cz\/pl\/wp-json\/wp\/v2\/types\/page"}],"author":[{"embeddable":true,"href":"https:\/\/www.dspprerov.cz\/pl\/wp-json\/wp\/v2\/users\/3"}],"replies":[{"embeddable":true,"href":"https:\/\/www.dspprerov.cz\/pl\/wp-json\/wp\/v2\/comments?post=3731"}],"version-history":[{"count":14,"href":"https:\/\/www.dspprerov.cz\/pl\/wp-json\/wp\/v2\/pages\/3731\/revisions"}],"predecessor-version":[{"id":3746,"href":"https:\/\/www.dspprerov.cz\/pl\/wp-json\/wp\/v2\/pages\/3731\/revisions\/3746"}],"wp:attachment":[{"href":"https:\/\/www.dspprerov.cz\/pl\/wp-json\/wp\/v2\/media?parent=3731"}],"curies":[{"name":"wp","href":"https:\/\/api.w.org\/{rel}","templated":true}]}}