{"id":3629,"date":"2022-08-11T10:12:29","date_gmt":"2022-08-11T08:12:29","guid":{"rendered":"https:\/\/vx3785300.server2.imperialmedia.cz\/?page_id=3629"},"modified":"2022-08-15T13:23:20","modified_gmt":"2022-08-15T11:23:20","slug":"pluczki-mieczowe","status":"publish","type":"page","link":"https:\/\/www.dspprerov.cz\/pl\/pluczki-mieczowe\/","title":{"rendered":"P\u0142uczki mieczowe"},"content":{"rendered":"\t\t<div data-elementor-type=\"wp-page\" data-elementor-id=\"3629\" class=\"elementor elementor-3629 elementor-264\" data-elementor-post-type=\"page\">\n\t\t\t\t\t\t<section class=\"elementor-section elementor-top-section elementor-element elementor-element-b6b8908 elementor-section-content-middle elementor-section-boxed elementor-section-height-default elementor-section-height-default\" data-id=\"b6b8908\" data-element_type=\"section\" data-e-type=\"section\" data-settings=\"{&quot;background_background&quot;:&quot;classic&quot;}\">\n\t\t\t\t\t\t\t<div class=\"elementor-background-overlay\"><\/div>\n\t\t\t\t\t\t\t<div class=\"elementor-container elementor-column-gap-no\">\n\t\t\t\t\t<div class=\"elementor-column elementor-col-100 elementor-top-column elementor-element elementor-element-1deea2fe\" data-id=\"1deea2fe\" data-element_type=\"column\" data-e-type=\"column\">\n\t\t\t<div class=\"elementor-widget-wrap elementor-element-populated\">\n\t\t\t\t\t\t<div class=\"elementor-element elementor-element-301dc7b3 elementor-widget elementor-widget-heading\" data-id=\"301dc7b3\" data-element_type=\"widget\" data-e-type=\"widget\" data-widget_type=\"heading.default\">\n\t\t\t\t<div class=\"elementor-widget-container\">\n\t\t\t\t\t<h4 class=\"elementor-heading-title elementor-size-default\">P\u0142uczki mieczowe<\/h4>\t\t\t\t<\/div>\n\t\t\t\t<\/div>\n\t\t\t\t\t<\/div>\n\t\t<\/div>\n\t\t\t\t\t<\/div>\n\t\t<\/section>\n\t\t\t\t<section class=\"elementor-section elementor-top-section elementor-element elementor-element-15f697f elementor-section-boxed elementor-section-height-default elementor-section-height-default\" data-id=\"15f697f\" data-element_type=\"section\" data-e-type=\"section\">\n\t\t\t\t\t\t<div class=\"elementor-container elementor-column-gap-default\">\n\t\t\t\t\t<div class=\"elementor-column elementor-col-50 elementor-top-column elementor-element elementor-element-cb280fc\" data-id=\"cb280fc\" data-element_type=\"column\" data-e-type=\"column\">\n\t\t\t<div class=\"elementor-widget-wrap elementor-element-populated\">\n\t\t\t\t\t\t<div class=\"elementor-element elementor-element-05455fd elementor-widget elementor-widget-text-editor\" data-id=\"05455fd\" data-element_type=\"widget\" data-e-type=\"widget\" data-widget_type=\"text-editor.default\">\n\t\t\t\t<div class=\"elementor-widget-container\">\n\t\t\t\t\t\t\t\t\t<p>P\u0142uczka mieczowa jest przeznaczona do p\u0142ukania piasku \u017cwirowego o uziarnieniu 4 &#8211; 70 mm. P\u0142uczka sk\u0142ada si\u0119 z wanny, w kt\u00f3rej s\u0105 u\u0142o\u017cone dwa wirniki. Do spryskiwania p\u0142ukanego piasku \u017cwirowego wanna w tylnej cz\u0119\u015bci posiada kilka rz\u0119d\u00f3w dysz. Nap\u0119d tworz\u0105 dwa motoreduktory.<br><\/p>\t\t\t\t\t\t\t\t<\/div>\n\t\t\t\t<\/div>\n\t\t\t\t<div class=\"elementor-element elementor-element-d04ef9c elementor-widget elementor-widget-text-editor\" data-id=\"d04ef9c\" data-element_type=\"widget\" data-e-type=\"widget\" data-widget_type=\"text-editor.default\">\n\t\t\t\t<div class=\"elementor-widget-container\">\n\t\t\t\t\t\t\t\t\t<h4><b>Najwa\u017cniejsze zalety p\u0142uczki mieczowe:<\/b><\/h4><ul><li>dwuwirnikowa konstrukcja maszyny i intensywne spryskiwanie zapewniaj\u0105ce doskona\u0142e oczyszczenie surowca od i\u0142\u00f3w i b\u0142ota,<\/li><li>wirnik o d\u0142ugo\u015bci 5 m, kt\u00f3ry posiada \u0142opatki z wysokiej jako\u015bci stali odpornej na \u015bcieranie o d\u0142ugiej \u017cywotno\u015bci. \u0141opatki mo\u017cna \u0142atwo wymienia\u0107, r\u00f3wnie\u017c ca\u0142y wirnik ma konstrukcj\u0119 skr\u0119can\u0105 i mo\u017cna go \u0142atwo wymienia\u0107,<\/li><li>\u0142o\u017cyska wirnika maj\u0105 du\u017c\u0105 rezerw\u0119 wytrzyma\u0142o\u015bci i s\u0105 poza skrzyni\u0105 pralki, dzi\u0119ki czemu nie dochodzi do skracania ich \u017cywotno\u015bci w wyniku zasypania surowcem,<\/li><li><span style=\"background-color: transparent; color: var( --e-global-color-text ); font-family: var( --e-global-typography-text-font-family ), Sans-serif; font-weight: var( --e-global-typography-text-font-weight );\">czo\u0142o wanny p\u0142uczki jest dobrze uszczelnione przeciwko wyciekowi wody,<\/span><\/li><li>p\u0142uczk\u0119 mo\u017cna dostarcza\u0107 na p\u00f3\u0142mobilnej konstrukcji, kt\u00f3ra posiada p\u0142ozy. Konstrukcj\u0119 instaluje si\u0119 na utwardzonej powierzchni i nie trzeba jej kotwi\u0107.<\/li><\/ul>\t\t\t\t\t\t\t\t<\/div>\n\t\t\t\t<\/div>\n\t\t\t\t\t<\/div>\n\t\t<\/div>\n\t\t\t\t<div class=\"elementor-column elementor-col-50 elementor-top-column elementor-element elementor-element-71b6915\" data-id=\"71b6915\" data-element_type=\"column\" data-e-type=\"column\">\n\t\t\t<div class=\"elementor-widget-wrap elementor-element-populated\">\n\t\t\t\t\t\t<div class=\"elementor-element elementor-element-38a8613 elementor-widget elementor-widget-image\" data-id=\"38a8613\" data-element_type=\"widget\" data-e-type=\"widget\" data-widget_type=\"image.default\">\n\t\t\t\t<div class=\"elementor-widget-container\">\n\t\t\t\t\t\t\t\t\t\t\t\t\t\t\t<img fetchpriority=\"high\" decoding=\"async\" width=\"800\" height=\"600\" src=\"https:\/\/www.dspprerov.cz\/wp-content\/uploads\/2022\/05\/pracky-kameniva-1024x768.jpg\" class=\"attachment-large size-large wp-image-644\" alt=\"\" srcset=\"https:\/\/www.dspprerov.cz\/wp-content\/uploads\/2022\/05\/pracky-kameniva-1024x768.jpg 1024w, https:\/\/www.dspprerov.cz\/wp-content\/uploads\/2022\/05\/pracky-kameniva-300x225.jpg 300w, https:\/\/www.dspprerov.cz\/wp-content\/uploads\/2022\/05\/pracky-kameniva-768x576.jpg 768w\" sizes=\"(max-width: 800px) 100vw, 800px\" \/>\t\t\t\t\t\t\t\t\t\t\t\t\t\t\t<\/div>\n\t\t\t\t<\/div>\n\t\t\t\t<div class=\"elementor-element elementor-element-226a917 elementor-widget elementor-widget-image\" data-id=\"226a917\" data-element_type=\"widget\" data-e-type=\"widget\" data-widget_type=\"image.default\">\n\t\t\t\t<div class=\"elementor-widget-container\">\n\t\t\t\t\t\t\t\t\t\t\t\t\t\t\t<img decoding=\"async\" width=\"800\" height=\"598\" src=\"https:\/\/www.dspprerov.cz\/wp-content\/uploads\/2022\/05\/pracky-kameniva-2-1024x766.jpg\" class=\"attachment-large size-large wp-image-640\" alt=\"\" srcset=\"https:\/\/www.dspprerov.cz\/wp-content\/uploads\/2022\/05\/pracky-kameniva-2-1024x766.jpg 1024w, https:\/\/www.dspprerov.cz\/wp-content\/uploads\/2022\/05\/pracky-kameniva-2-300x225.jpg 300w, https:\/\/www.dspprerov.cz\/wp-content\/uploads\/2022\/05\/pracky-kameniva-2-768x575.jpg 768w, https:\/\/www.dspprerov.cz\/wp-content\/uploads\/2022\/05\/pracky-kameniva-2.jpg 1387w\" sizes=\"(max-width: 800px) 100vw, 800px\" \/>\t\t\t\t\t\t\t\t\t\t\t\t\t\t\t<\/div>\n\t\t\t\t<\/div>\n\t\t\t\t\t<\/div>\n\t\t<\/div>\n\t\t\t\t\t<\/div>\n\t\t<\/section>\n\t\t\t\t<section class=\"elementor-section elementor-top-section elementor-element elementor-element-cfeaec2 elementor-section-boxed elementor-section-height-default elementor-section-height-default\" data-id=\"cfeaec2\" data-element_type=\"section\" data-e-type=\"section\">\n\t\t\t\t\t\t<div class=\"elementor-container elementor-column-gap-default\">\n\t\t\t\t\t<div class=\"elementor-column elementor-col-100 elementor-top-column elementor-element elementor-element-1392df3\" data-id=\"1392df3\" data-element_type=\"column\" data-e-type=\"column\">\n\t\t\t<div class=\"elementor-widget-wrap elementor-element-populated\">\n\t\t\t\t\t\t<div class=\"elementor-element elementor-element-cf80113 elementor-widget elementor-widget-text-editor\" data-id=\"cf80113\" data-element_type=\"widget\" data-e-type=\"widget\" data-widget_type=\"text-editor.default\">\n\t\t\t\t<div class=\"elementor-widget-container\">\n\t\t\t\t\t\t\t\t\t<h5><b>Parametry p\u0142uczki mieczowe<\/b><br><\/h5>\n<p>Parametry nale\u017cy rozpatrywa\u0107 indywidualnie w zale\u017cno\u015bci od konkretnych warunk\u00f3w.<\/p>\n<table>\n<tbody>\n<tr>\n<td width=\"85\">\n<p><b>Oznaczenie typowe<\/b><br><\/p>\n<\/td>\n<td width=\"86\">\n<p><b>Wydajno\u015b\u0107<\/b><br><\/p>\n<\/td>\n<td width=\"84\">\n<p><b>Pob\u00f3r mocy silnika<\/b><br><\/p>\n<\/td>\n<td width=\"99\">\n<p><b>Kawa\u0142kowato\u015b\u0107 na wej\u015bciu<\/b><br><\/p>\n<\/td>\n<td width=\"86\">\n<p><b>Ci\u0119\u017car<\/b><br><\/p>\n<\/td>\n<\/tr>\n<tr>\n<td width=\"85\">\n<p>&#8211;<\/p>\n<\/td>\n<td width=\"86\">t\/h<\/td>\n<td width=\"84\">\n<p>kW<\/p>\n<\/td>\n<td width=\"99\">mm<\/td>\n<td width=\"86\">\n<p>t<\/p>\n<\/td>\n<\/tr>\n<tr>\n<td width=\"85\">\n<p>60\/2050\/5000\/2<\/p>\n<\/td>\n<td width=\"86\">\n<p>60<\/p>\n<\/td>\n<td width=\"84\">\n<p>2 x 15<\/p>\n<\/td>\n<td width=\"99\">\n<p>50<\/p>\n<\/td>\n<td width=\"86\">\n<p>5,8<\/p>\n<\/td>\n<\/tr>\n<tr>\n<td width=\"85\">\n<p>60\/2050\/6000\/2<\/p>\n<\/td>\n<td width=\"86\">\n<p>60<\/p>\n<\/td>\n<td width=\"84\">\n<p>2 x 18,5<\/p>\n<\/td>\n<td width=\"99\">\n<p>50<\/p>\n<\/td>\n<td width=\"86\">\n<p>7,0<\/p>\n<\/td>\n<\/tr>\n<tr>\n<td width=\"85\">\n<p>100\/2150\/6000\/2<\/p>\n<\/td>\n<td width=\"86\">\n<p>100<\/p>\n<\/td>\n<td width=\"84\">\n<p>2 x 18,5<\/p>\n<\/td>\n<td width=\"99\">\n<p>65<\/p>\n<\/td>\n<td width=\"86\">\n<p>8,8<\/p>\n<\/td>\n<\/tr>\n<tr>\n<td width=\"85\">\n<p>100\/2150\/8000\/2<\/p>\n<\/td>\n<td width=\"86\">\n<p>100<\/p>\n<\/td>\n<td width=\"84\">\n<p>2 x 22<\/p>\n<\/td>\n<td width=\"99\">\n<p>65<\/p>\n<\/td>\n<td width=\"86\">\n<p>11,4<\/p>\n<\/td>\n<\/tr>\n<tr>\n<td width=\"85\">\n<p>150\/2150\/6000\/2<\/p>\n<\/td>\n<td width=\"86\">\n<p>150<\/p>\n<\/td>\n<td width=\"84\">\n<p>2 x 22<\/p>\n<\/td>\n<td width=\"99\">\n<p>65<\/p>\n<\/td>\n<td width=\"86\">\n<p>9,8<\/p>\n<\/td>\n<\/tr>\n<tr>\n<td width=\"85\">\n<p>150\/2150\/8000\/2<\/p>\n<\/td>\n<td width=\"86\">\n<p>150<\/p>\n<\/td>\n<td width=\"84\">\n<p>2 x 30<\/p>\n<\/td>\n<td width=\"99\">\n<p>65<\/p>\n<\/td>\n<td width=\"86\">\n<p>13,5<\/p>\n<\/td>\n<\/tr>\n<tr>\n<td width=\"85\">\n<p>200\/2400\/6000\/2<\/p>\n<\/td>\n<td width=\"86\">\n<p>200<\/p>\n<\/td>\n<td width=\"84\">\n<p>2 x 30<\/p>\n<\/td>\n<td width=\"99\">\n<p>75<\/p>\n<\/td>\n<td width=\"86\">\n<p>14,0<\/p>\n<\/td>\n<\/tr>\n<tr>\n<td width=\"85\">\n<p>200\/2400\/8000\/2<\/p>\n<\/td>\n<td width=\"86\">\n<p>200<\/p>\n<\/td>\n<td width=\"84\">\n<p>2 x 30<\/p>\n<\/td>\n<td width=\"99\">\n<p>75<\/p>\n<\/td>\n<td width=\"86\">\n<p>16,5<\/p>\n<\/td>\n<\/tr>\n<tr>\n<td width=\"85\">\n<p>250\/2400\/6000\/2<\/p>\n<\/td>\n<td width=\"86\">\n<p>250<\/p>\n<\/td>\n<td width=\"84\">\n<p>2 x 37<\/p>\n<\/td>\n<td width=\"99\">\n<p>100<\/p>\n<\/td>\n<td width=\"86\">\n<p>15,5<\/p>\n<\/td>\n<\/tr>\n<tr>\n<td width=\"85\">\n<p>250\/2400\/8000\/2<\/p>\n<\/td>\n<td width=\"86\">\n<p>250<\/p>\n<\/td>\n<td width=\"84\">\n<p>2 x 37<\/p>\n<\/td>\n<td width=\"99\">\n<p>100<\/p>\n<\/td>\n<td width=\"86\">\n<p>18,5<\/p>\n<\/td>\n<\/tr>\n<tr>\n<td width=\"85\">\n<p>350\/2900\/8000\/2<\/p>\n<\/td>\n<td width=\"86\">\n<p>350<\/p>\n<\/td>\n<td width=\"84\">\n<p>2 x 45<\/p>\n<\/td>\n<td width=\"99\">\n<p>100<\/p>\n<\/td>\n<td width=\"86\">\n<p>21,5<\/p>\n<\/td>\n<\/tr>\n<tr>\n<td width=\"85\">\n<p>400\/2900\/8000\/2<\/p>\n<\/td>\n<td width=\"86\">\n<p>400<\/p>\n<\/td>\n<td width=\"84\">\n<p>2 x 55<\/p>\n<\/td>\n<td width=\"99\">\n<p>100<\/p>\n<\/td>\n<td width=\"86\">\n<p>23,5<\/p>\n<\/td>\n<\/tr>\n<\/tbody>\n<\/table>\t\t\t\t\t\t\t\t<\/div>\n\t\t\t\t<\/div>\n\t\t\t\t\t<\/div>\n\t\t<\/div>\n\t\t\t\t\t<\/div>\n\t\t<\/section>\n\t\t\t\t<\/div>\n\t\t","protected":false},"excerpt":{"rendered":"<p>P\u0142uczki mieczowe P\u0142uczka mieczowa jest przeznaczona do p\u0142ukania piasku \u017cwirowego o uziarnieniu 4 &#8211; 70 mm. P\u0142uczka sk\u0142ada si\u0119 z wanny, w kt\u00f3rej s\u0105 u\u0142o\u017cone dwa wirniki. Do spryskiwania p\u0142ukanego piasku \u017cwirowego wanna w tylnej cz\u0119\u015bci posiada kilka rz\u0119d\u00f3w dysz. Nap\u0119d tworz\u0105 dwa motoreduktory. Najwa\u017cniejsze zalety p\u0142uczki mieczowe: dwuwirnikowa konstrukcja maszyny i intensywne spryskiwanie zapewniaj\u0105ce [&hellip;]<\/p>\n","protected":false},"author":3,"featured_media":0,"parent":0,"menu_order":0,"comment_status":"closed","ping_status":"closed","template":"","meta":{"_acf_changed":false,"footnotes":""},"class_list":["post-3629","page","type-page","status-publish","hentry"],"acf":[],"_links":{"self":[{"href":"https:\/\/www.dspprerov.cz\/pl\/wp-json\/wp\/v2\/pages\/3629","targetHints":{"allow":["GET"]}}],"collection":[{"href":"https:\/\/www.dspprerov.cz\/pl\/wp-json\/wp\/v2\/pages"}],"about":[{"href":"https:\/\/www.dspprerov.cz\/pl\/wp-json\/wp\/v2\/types\/page"}],"author":[{"embeddable":true,"href":"https:\/\/www.dspprerov.cz\/pl\/wp-json\/wp\/v2\/users\/3"}],"replies":[{"embeddable":true,"href":"https:\/\/www.dspprerov.cz\/pl\/wp-json\/wp\/v2\/comments?post=3629"}],"version-history":[{"count":11,"href":"https:\/\/www.dspprerov.cz\/pl\/wp-json\/wp\/v2\/pages\/3629\/revisions"}],"predecessor-version":[{"id":3653,"href":"https:\/\/www.dspprerov.cz\/pl\/wp-json\/wp\/v2\/pages\/3629\/revisions\/3653"}],"wp:attachment":[{"href":"https:\/\/www.dspprerov.cz\/pl\/wp-json\/wp\/v2\/media?parent=3629"}],"curies":[{"name":"wp","href":"https:\/\/api.w.org\/{rel}","templated":true}]}}