{"id":3589,"date":"2022-08-10T13:48:34","date_gmt":"2022-08-10T11:48:34","guid":{"rendered":"https:\/\/vx3785300.server2.imperialmedia.cz\/?page_id=3589"},"modified":"2022-08-11T09:29:09","modified_gmt":"2022-08-11T07:29:09","slug":"odwadniacze-czerpakowe","status":"publish","type":"page","link":"https:\/\/www.dspprerov.cz\/pl\/odwadniacze-czerpakowe\/","title":{"rendered":"Odwadniacze czerpakowe"},"content":{"rendered":"\t\t<div data-elementor-type=\"wp-page\" data-elementor-id=\"3589\" class=\"elementor elementor-3589 elementor-259\" data-elementor-post-type=\"page\">\n\t\t\t\t\t\t<section class=\"elementor-section elementor-top-section elementor-element elementor-element-b6b8908 elementor-section-content-middle elementor-section-boxed elementor-section-height-default elementor-section-height-default\" data-id=\"b6b8908\" data-element_type=\"section\" data-e-type=\"section\" data-settings=\"{&quot;background_background&quot;:&quot;classic&quot;}\">\n\t\t\t\t\t\t\t<div class=\"elementor-background-overlay\"><\/div>\n\t\t\t\t\t\t\t<div class=\"elementor-container elementor-column-gap-no\">\n\t\t\t\t\t<div class=\"elementor-column elementor-col-100 elementor-top-column elementor-element elementor-element-1deea2fe\" data-id=\"1deea2fe\" data-element_type=\"column\" data-e-type=\"column\">\n\t\t\t<div class=\"elementor-widget-wrap elementor-element-populated\">\n\t\t\t\t\t\t<div class=\"elementor-element elementor-element-301dc7b3 elementor-widget elementor-widget-heading\" data-id=\"301dc7b3\" data-element_type=\"widget\" data-e-type=\"widget\" data-widget_type=\"heading.default\">\n\t\t\t\t<div class=\"elementor-widget-container\">\n\t\t\t\t\t<h4 class=\"elementor-heading-title elementor-size-default\">Odwadniacze czerpakowe<\/h4>\t\t\t\t<\/div>\n\t\t\t\t<\/div>\n\t\t\t\t\t<\/div>\n\t\t<\/div>\n\t\t\t\t\t<\/div>\n\t\t<\/section>\n\t\t\t\t<section class=\"elementor-section elementor-top-section elementor-element elementor-element-15f697f elementor-section-boxed elementor-section-height-default elementor-section-height-default\" data-id=\"15f697f\" data-element_type=\"section\" data-e-type=\"section\">\n\t\t\t\t\t\t<div class=\"elementor-container elementor-column-gap-default\">\n\t\t\t\t\t<div class=\"elementor-column elementor-col-50 elementor-top-column elementor-element elementor-element-cb280fc\" data-id=\"cb280fc\" data-element_type=\"column\" data-e-type=\"column\">\n\t\t\t<div class=\"elementor-widget-wrap elementor-element-populated\">\n\t\t\t\t\t\t<div class=\"elementor-element elementor-element-05455fd elementor-widget elementor-widget-text-editor\" data-id=\"05455fd\" data-element_type=\"widget\" data-e-type=\"widget\" data-widget_type=\"text-editor.default\">\n\t\t\t\t<div class=\"elementor-widget-container\">\n\t\t\t\t\t\t\t\t\t<p>Odwadniacze czerpakowe s\u0142u\u017c\u0105 do odwadniania piasku \u017cwirowego. Odwadniacz sk\u0142ada si\u0119 z wanny ze \u015bcian\u0105 przep\u0142ywow\u0105, ko\u0142a wynosz\u0105cego, \u015blimaka zgarniaj\u0105cego i nap\u0119du. Nap\u0119d tworzy motoreduktor z falownikiem. Odwadniacze s\u0105 produkowane w wersji bez \u015blimaka zgarniaj\u0105cego lub ze \u015blimakiem zgarniaj\u0105cym.<\/p>\t\t\t\t\t\t\t\t<\/div>\n\t\t\t\t<\/div>\n\t\t\t\t<div class=\"elementor-element elementor-element-d04ef9c elementor-widget elementor-widget-text-editor\" data-id=\"d04ef9c\" data-element_type=\"widget\" data-e-type=\"widget\" data-widget_type=\"text-editor.default\">\n\t\t\t\t<div class=\"elementor-widget-container\">\n\t\t\t\t\t\t\t\t\t<h4><b>Najwa\u017cniejsze zalety odwadniaczy:<\/b><\/h4><ul><li>intensywne wychwytywanie drobnych cz\u0105stek surowca, kt\u00f3re uzyskuje si\u0119 dzi\u0119ki du\u017cej pojemno\u015bci wanny, \u015blimakowi i bardzo d\u0142ugiej \u015bcianie przepustowej o specjalnym profilu,<\/li><li>czerpaki na czele posiadaj\u0105 odporne na \u015bcieranie, grubo\u015bcienne wymienne ostrze a na bokach wymienne pancerze. Dno tworzy \u0142atwe do wymiany sito,<\/li><li>podci\u015bnieniowy uk\u0142ad odsysania w czerpakach zwi\u0119ksza odwodnienie produktu,<\/li><li>nastawny dolny pancerz leja wsypowego zapewnia minimalne spadanie surowca z powrotem podczas wysypywania czerpaka,<\/li><li>obroty ko\u0142a odwadniacza, zatem r\u00f3wnie\u017c ilo\u015b\u0107 wychwytywanych drobnych cz\u0105stek, mo\u017cna operatywnie zmienia\u0107 z pomoc\u0105 falownika,<\/li><li>odwadniacz ma p\u00f3\u0142mobiln\u0105 konstrukcj\u0119, w dolnej cz\u0119\u015bci posiada p\u0142ozy. Instaluje si\u0119 na utwardzonej powierzchni i nie trzeba go kotwi\u0107.<\/li><\/ul>\t\t\t\t\t\t\t\t<\/div>\n\t\t\t\t<\/div>\n\t\t\t\t<div class=\"elementor-element elementor-element-cf80113 elementor-widget elementor-widget-text-editor\" data-id=\"cf80113\" data-element_type=\"widget\" data-e-type=\"widget\" data-widget_type=\"text-editor.default\">\n\t\t\t\t<div class=\"elementor-widget-container\">\n\t\t\t\t\t\t\t\t\t<h5><b>Parametry Odwadniacze czerpakowe<\/b><br><\/h5>\n<p>Parametry nale\u017cy rozpatrywa\u0107 indywidualnie w zale\u017cno\u015bci od konkretnych warunk\u00f3w.<\/p>\t\t\t\t\t\t\t\t<\/div>\n\t\t\t\t<\/div>\n\t\t\t\t\t<\/div>\n\t\t<\/div>\n\t\t\t\t<div class=\"elementor-column elementor-col-50 elementor-top-column elementor-element elementor-element-71b6915\" data-id=\"71b6915\" data-element_type=\"column\" data-e-type=\"column\">\n\t\t\t<div class=\"elementor-widget-wrap elementor-element-populated\">\n\t\t\t\t\t\t<div class=\"elementor-element elementor-element-38a8613 elementor-widget elementor-widget-image\" data-id=\"38a8613\" data-element_type=\"widget\" data-e-type=\"widget\" data-widget_type=\"image.default\">\n\t\t\t\t<div class=\"elementor-widget-container\">\n\t\t\t\t\t\t\t\t\t\t\t\t\t\t\t<img fetchpriority=\"high\" decoding=\"async\" width=\"800\" height=\"598\" src=\"https:\/\/www.dspprerov.cz\/wp-content\/uploads\/2022\/07\/klovainiai-p5028387-1024x766.jpg\" class=\"attachment-large size-large wp-image-1305\" alt=\"\" srcset=\"https:\/\/www.dspprerov.cz\/wp-content\/uploads\/2022\/07\/klovainiai-p5028387-1024x766.jpg 1024w, https:\/\/www.dspprerov.cz\/wp-content\/uploads\/2022\/07\/klovainiai-p5028387-300x224.jpg 300w, https:\/\/www.dspprerov.cz\/wp-content\/uploads\/2022\/07\/klovainiai-p5028387-768x575.jpg 768w, https:\/\/www.dspprerov.cz\/wp-content\/uploads\/2022\/07\/klovainiai-p5028387-1536x1149.jpg 1536w, https:\/\/www.dspprerov.cz\/wp-content\/uploads\/2022\/07\/klovainiai-p5028387-2048x1532.jpg 2048w\" sizes=\"(max-width: 800px) 100vw, 800px\" \/>\t\t\t\t\t\t\t\t\t\t\t\t\t\t\t<\/div>\n\t\t\t\t<\/div>\n\t\t\t\t<div class=\"elementor-element elementor-element-8bb0365 elementor-widget elementor-widget-image\" data-id=\"8bb0365\" data-element_type=\"widget\" data-e-type=\"widget\" data-widget_type=\"image.default\">\n\t\t\t\t<div class=\"elementor-widget-container\">\n\t\t\t\t\t\t\t\t\t\t\t\t\t\t\t<img decoding=\"async\" width=\"500\" height=\"374\" src=\"https:\/\/www.dspprerov.cz\/wp-content\/uploads\/2022\/07\/kd3.jpg\" class=\"attachment-large size-large wp-image-2638\" alt=\"\" srcset=\"https:\/\/www.dspprerov.cz\/wp-content\/uploads\/2022\/07\/kd3.jpg 500w, https:\/\/www.dspprerov.cz\/wp-content\/uploads\/2022\/07\/kd3-300x224.jpg 300w\" sizes=\"(max-width: 500px) 100vw, 500px\" \/>\t\t\t\t\t\t\t\t\t\t\t\t\t\t\t<\/div>\n\t\t\t\t<\/div>\n\t\t\t\t<div class=\"elementor-element elementor-element-281b32f elementor-widget elementor-widget-image\" data-id=\"281b32f\" data-element_type=\"widget\" data-e-type=\"widget\" data-widget_type=\"image.default\">\n\t\t\t\t<div class=\"elementor-widget-container\">\n\t\t\t\t\t\t\t\t\t\t\t\t\t\t\t<img decoding=\"async\" width=\"500\" height=\"375\" src=\"https:\/\/www.dspprerov.cz\/wp-content\/uploads\/2022\/07\/kd5.jpg\" class=\"attachment-large size-large wp-image-2648\" alt=\"\" srcset=\"https:\/\/www.dspprerov.cz\/wp-content\/uploads\/2022\/07\/kd5.jpg 500w, https:\/\/www.dspprerov.cz\/wp-content\/uploads\/2022\/07\/kd5-300x225.jpg 300w\" sizes=\"(max-width: 500px) 100vw, 500px\" \/>\t\t\t\t\t\t\t\t\t\t\t\t\t\t\t<\/div>\n\t\t\t\t<\/div>\n\t\t\t\t\t<\/div>\n\t\t<\/div>\n\t\t\t\t\t<\/div>\n\t\t<\/section>\n\t\t\t\t<\/div>\n\t\t","protected":false},"excerpt":{"rendered":"<p>Odwadniacze czerpakowe Odwadniacze czerpakowe s\u0142u\u017c\u0105 do odwadniania piasku \u017cwirowego. Odwadniacz sk\u0142ada si\u0119 z wanny ze \u015bcian\u0105 przep\u0142ywow\u0105, ko\u0142a wynosz\u0105cego, \u015blimaka zgarniaj\u0105cego i nap\u0119du. Nap\u0119d tworzy motoreduktor z falownikiem. Odwadniacze s\u0105 produkowane w wersji bez \u015blimaka zgarniaj\u0105cego lub ze \u015blimakiem zgarniaj\u0105cym. Najwa\u017cniejsze zalety odwadniaczy: intensywne wychwytywanie drobnych cz\u0105stek surowca, kt\u00f3re uzyskuje si\u0119 dzi\u0119ki du\u017cej pojemno\u015bci wanny, [&hellip;]<\/p>\n","protected":false},"author":3,"featured_media":0,"parent":0,"menu_order":0,"comment_status":"closed","ping_status":"closed","template":"","meta":{"_acf_changed":false,"footnotes":""},"class_list":["post-3589","page","type-page","status-publish","hentry"],"acf":[],"_links":{"self":[{"href":"https:\/\/www.dspprerov.cz\/pl\/wp-json\/wp\/v2\/pages\/3589","targetHints":{"allow":["GET"]}}],"collection":[{"href":"https:\/\/www.dspprerov.cz\/pl\/wp-json\/wp\/v2\/pages"}],"about":[{"href":"https:\/\/www.dspprerov.cz\/pl\/wp-json\/wp\/v2\/types\/page"}],"author":[{"embeddable":true,"href":"https:\/\/www.dspprerov.cz\/pl\/wp-json\/wp\/v2\/users\/3"}],"replies":[{"embeddable":true,"href":"https:\/\/www.dspprerov.cz\/pl\/wp-json\/wp\/v2\/comments?post=3589"}],"version-history":[{"count":10,"href":"https:\/\/www.dspprerov.cz\/pl\/wp-json\/wp\/v2\/pages\/3589\/revisions"}],"predecessor-version":[{"id":3599,"href":"https:\/\/www.dspprerov.cz\/pl\/wp-json\/wp\/v2\/pages\/3589\/revisions\/3599"}],"wp:attachment":[{"href":"https:\/\/www.dspprerov.cz\/pl\/wp-json\/wp\/v2\/media?parent=3589"}],"curies":[{"name":"wp","href":"https:\/\/api.w.org\/{rel}","templated":true}]}}