{"id":3521,"date":"2022-08-09T13:17:17","date_gmt":"2022-08-09T11:17:17","guid":{"rendered":"https:\/\/vx3785300.server2.imperialmedia.cz\/?page_id=3521"},"modified":"2022-08-09T13:22:26","modified_gmt":"2022-08-09T11:22:26","slug":"podajniki-wibracyjne-vpt","status":"publish","type":"page","link":"https:\/\/www.dspprerov.cz\/pl\/podajniki-wibracyjne-vpt\/","title":{"rendered":"Podajniki wibracyjne VPT"},"content":{"rendered":"\t\t<div data-elementor-type=\"wp-page\" data-elementor-id=\"3521\" class=\"elementor elementor-3521 elementor-1451\" data-elementor-post-type=\"page\">\n\t\t\t\t\t\t<section class=\"elementor-section elementor-top-section elementor-element elementor-element-b6b8908 elementor-section-content-middle elementor-section-boxed elementor-section-height-default elementor-section-height-default\" data-id=\"b6b8908\" data-element_type=\"section\" data-e-type=\"section\" data-settings=\"{&quot;background_background&quot;:&quot;classic&quot;}\">\n\t\t\t\t\t\t\t<div class=\"elementor-background-overlay\"><\/div>\n\t\t\t\t\t\t\t<div class=\"elementor-container elementor-column-gap-no\">\n\t\t\t\t\t<div class=\"elementor-column elementor-col-100 elementor-top-column elementor-element elementor-element-1deea2fe\" data-id=\"1deea2fe\" data-element_type=\"column\" data-e-type=\"column\">\n\t\t\t<div class=\"elementor-widget-wrap elementor-element-populated\">\n\t\t\t\t\t\t<div class=\"elementor-element elementor-element-301dc7b3 elementor-widget elementor-widget-heading\" data-id=\"301dc7b3\" data-element_type=\"widget\" data-e-type=\"widget\" data-widget_type=\"heading.default\">\n\t\t\t\t<div class=\"elementor-widget-container\">\n\t\t\t\t\t<h4 class=\"elementor-heading-title elementor-size-default\">Podajniki wibracyjne VPT<\/h4>\t\t\t\t<\/div>\n\t\t\t\t<\/div>\n\t\t\t\t\t<\/div>\n\t\t<\/div>\n\t\t\t\t\t<\/div>\n\t\t<\/section>\n\t\t\t\t<section class=\"elementor-section elementor-top-section elementor-element elementor-element-15f697f elementor-section-boxed elementor-section-height-default elementor-section-height-default\" data-id=\"15f697f\" data-element_type=\"section\" data-e-type=\"section\">\n\t\t\t\t\t\t<div class=\"elementor-container elementor-column-gap-default\">\n\t\t\t\t\t<div class=\"elementor-column elementor-col-50 elementor-top-column elementor-element elementor-element-cb280fc\" data-id=\"cb280fc\" data-element_type=\"column\" data-e-type=\"column\">\n\t\t\t<div class=\"elementor-widget-wrap elementor-element-populated\">\n\t\t\t\t\t\t<div class=\"elementor-element elementor-element-05455fd elementor-widget elementor-widget-text-editor\" data-id=\"05455fd\" data-element_type=\"widget\" data-e-type=\"widget\" data-widget_type=\"text-editor.default\">\n\t\t\t\t<div class=\"elementor-widget-container\">\n\t\t\t\t\t\t\t\t\t<p>Podajniki VPT s\u0105 przeznaczone do wynoszenia i sta\u0142ego obj\u0119to\u015bciowo podawania nielepkich, sypkich materia\u0142\u00f3w z leja wsypowego lub zasobnik\u00f3w do kruszarek, m\u0142yn\u00f3w, na urz\u0105dzenia przesiewaj\u0105ce, przeno\u015bniki ta\u015bmowe itp.<\/p><p>Jednostk\u0105 nap\u0119dow\u0105 podajnika s\u0105 dwa podwieszane wibratory. Zmian\u0119 podawanej ilo\u015bci przeprowadza si\u0119 przez nastawienie niewywa\u017cenia wibrator\u00f3w lub zmian\u0119 cz\u0119stotliwo\u015bci za pomoc\u0105 falownika.<\/p>\t\t\t\t\t\t\t\t<\/div>\n\t\t\t\t<\/div>\n\t\t\t\t<div class=\"elementor-element elementor-element-d04ef9c elementor-widget elementor-widget-text-editor\" data-id=\"d04ef9c\" data-element_type=\"widget\" data-e-type=\"widget\" data-widget_type=\"text-editor.default\">\n\t\t\t\t<div class=\"elementor-widget-container\">\n\t\t\t\t\t\t\t\t\t<h4>Podajniki wibracyjne VPT = wiele zalet:<\/h4><ul><li>minimalne koszty eksploatacji, kt\u00f3re s\u0105 wynikiem wywa\u017conej konstrukcji maszyny, wykorzystanie wieloletniego do\u015bwiadczenia w eksploatacji zasilaczy wibracyjnych i unifikacja cz\u0119\u015bci,<\/li><li>\u0142atwa wymiana pancerzowania,<\/li><li><b>wysoka jako\u015b\u0107 = wysoka efektywno\u015b\u0107 + gospodarno\u015b\u0107.<\/b><\/li><\/ul>\t\t\t\t\t\t\t\t<\/div>\n\t\t\t\t<\/div>\n\t\t\t\t\t<\/div>\n\t\t<\/div>\n\t\t\t\t<div class=\"elementor-column elementor-col-50 elementor-top-column elementor-element elementor-element-71b6915\" data-id=\"71b6915\" data-element_type=\"column\" data-e-type=\"column\">\n\t\t\t<div class=\"elementor-widget-wrap elementor-element-populated\">\n\t\t\t\t\t\t<div class=\"elementor-element elementor-element-38a8613 elementor-widget elementor-widget-image\" data-id=\"38a8613\" data-element_type=\"widget\" data-e-type=\"widget\" data-widget_type=\"image.default\">\n\t\t\t\t<div class=\"elementor-widget-container\">\n\t\t\t\t\t\t\t\t\t\t\t\t\t\t\t<img fetchpriority=\"high\" decoding=\"async\" width=\"800\" height=\"576\" src=\"https:\/\/www.dspprerov.cz\/wp-content\/uploads\/2022\/07\/vpt-1024x737.png\" class=\"attachment-large size-large wp-image-1415\" alt=\"\" srcset=\"https:\/\/www.dspprerov.cz\/wp-content\/uploads\/2022\/07\/vpt-1024x737.png 1024w, https:\/\/www.dspprerov.cz\/wp-content\/uploads\/2022\/07\/vpt-300x216.png 300w, https:\/\/www.dspprerov.cz\/wp-content\/uploads\/2022\/07\/vpt-768x553.png 768w, https:\/\/www.dspprerov.cz\/wp-content\/uploads\/2022\/07\/vpt.png 1501w\" sizes=\"(max-width: 800px) 100vw, 800px\" \/>\t\t\t\t\t\t\t\t\t\t\t\t\t\t\t<\/div>\n\t\t\t\t<\/div>\n\t\t\t\t\t<\/div>\n\t\t<\/div>\n\t\t\t\t\t<\/div>\n\t\t<\/section>\n\t\t\t\t<section class=\"elementor-section elementor-top-section elementor-element elementor-element-cfeaec2 elementor-section-boxed elementor-section-height-default elementor-section-height-default\" data-id=\"cfeaec2\" data-element_type=\"section\" data-e-type=\"section\">\n\t\t\t\t\t\t<div class=\"elementor-container elementor-column-gap-default\">\n\t\t\t\t\t<div class=\"elementor-column elementor-col-100 elementor-top-column elementor-element elementor-element-1392df3\" data-id=\"1392df3\" data-element_type=\"column\" data-e-type=\"column\">\n\t\t\t<div class=\"elementor-widget-wrap elementor-element-populated\">\n\t\t\t\t\t\t<div class=\"elementor-element elementor-element-cf80113 elementor-widget elementor-widget-text-editor\" data-id=\"cf80113\" data-element_type=\"widget\" data-e-type=\"widget\" data-widget_type=\"text-editor.default\">\n\t\t\t\t<div class=\"elementor-widget-container\">\n\t\t\t\t\t\t\t\t\t<h5>Parametry podajnik\u00f3w VPT<br><\/h5>\n<p>Parametry nale\u017cy rozpatrywa\u0107 indywidualnie w zale\u017cno\u015bci od konkretnych warunk\u00f3w.<\/p>\n<table style=\"width: 80.9446%; height: 338px;\">\n<tbody>\n<tr style=\"height: 100px;\">\n<td style=\"height: 100px;\" width=\"85\">\n<p><b>Oznaczenie typowe<\/b><br><\/p>\n<\/td>\n<td style=\"height: 100px;\" width=\"86\">\n<p><b>Szeroko\u015b\u0107 podajnika<\/b><br><\/p>\n<\/td>\n<td style=\"height: 100px;\" width=\"84\">\n<p><b>D\u0142ugo\u015b\u0107 podajnika<\/b><br><\/p>\n<\/td>\n<td style=\"height: 100px;\" width=\"99\">\n<p><b>Podawana ilo\u015b\u0107<\/b><br><\/p>\n<\/td>\n<td style=\"height: 100px;\" width=\"86\">\n<p><b>Pob\u00f3r mocy<\/b><br><\/p>\n<\/td>\n<\/tr>\n<tr style=\"height: 52px;\">\n<td style=\"height: 52px;\" width=\"85\">\n<p>&#8211;<\/p>\n<\/td>\n<td style=\"height: 52px;\" width=\"86\">\n<p>mm<\/p>\n<\/td>\n<td style=\"height: 52px;\" width=\"84\">\n<p>mm<\/p>\n<\/td>\n<td style=\"height: 52px;\" width=\"99\">\n<p>m3<span style=\"font-size: 12.96px;\">\/godz.<\/span><\/p>\n<\/td>\n<td style=\"height: 52px;\" width=\"86\">kW<\/td>\n<\/tr>\n<tr style=\"height: 76px;\">\n<td style=\"height: 63px;\" width=\"85\">\n<p><b>VPT 70&#215;350<\/b><\/p>\n<\/td>\n<td style=\"height: 63px;\" width=\"86\">\n<p>700<\/p>\n<\/td>\n<td style=\"height: 63px;\" width=\"84\">\n<p>3500<\/p>\n<\/td>\n<td style=\"height: 63px;\" width=\"99\">110<\/td>\n<td style=\"height: 63px;\" width=\"86\">\n<p>2&#215;3,5<\/p>\n<\/td>\n<\/tr>\n<tr style=\"height: 76px;\">\n<td style=\"height: 57px;\">\n<p><b>VPT 120&#215;300<br><\/b><\/p>\n<\/td>\n<td style=\"height: 57px;\">1200<\/td>\n<td style=\"height: 57px;\">3000<\/td>\n<td style=\"height: 57px;\">250<\/td>\n<td style=\"height: 57px;\">2&#215;4,5<\/td>\n<\/tr>\n<tr style=\"height: 66px;\">\n<td style=\"height: 66px;\">\n<p><b>&nbsp;VPT 120&#215;400<\/b><\/p>\n<\/td>\n<td style=\"height: 66px;\">1200&nbsp;<\/td>\n<td style=\"height: 66px;\">&nbsp;4000<\/td>\n<td style=\"height: 66px;\">&nbsp;300<\/td>\n<td style=\"height: 66px;\">&nbsp;2&#215;6,5<\/td>\n<\/tr>\n<\/tbody>\n<\/table>\t\t\t\t\t\t\t\t<\/div>\n\t\t\t\t<\/div>\n\t\t\t\t\t<\/div>\n\t\t<\/div>\n\t\t\t\t\t<\/div>\n\t\t<\/section>\n\t\t\t\t<\/div>\n\t\t","protected":false},"excerpt":{"rendered":"<p>Podajniki wibracyjne VPT Podajniki VPT s\u0105 przeznaczone do wynoszenia i sta\u0142ego obj\u0119to\u015bciowo podawania nielepkich, sypkich materia\u0142\u00f3w z leja wsypowego lub zasobnik\u00f3w do kruszarek, m\u0142yn\u00f3w, na urz\u0105dzenia przesiewaj\u0105ce, przeno\u015bniki ta\u015bmowe itp. Jednostk\u0105 nap\u0119dow\u0105 podajnika s\u0105 dwa podwieszane wibratory. Zmian\u0119 podawanej ilo\u015bci przeprowadza si\u0119 przez nastawienie niewywa\u017cenia wibrator\u00f3w lub zmian\u0119 cz\u0119stotliwo\u015bci za pomoc\u0105 falownika. Podajniki wibracyjne VPT [&hellip;]<\/p>\n","protected":false},"author":3,"featured_media":0,"parent":0,"menu_order":0,"comment_status":"closed","ping_status":"closed","template":"","meta":{"_acf_changed":false,"footnotes":""},"class_list":["post-3521","page","type-page","status-publish","hentry"],"acf":[],"_links":{"self":[{"href":"https:\/\/www.dspprerov.cz\/pl\/wp-json\/wp\/v2\/pages\/3521","targetHints":{"allow":["GET"]}}],"collection":[{"href":"https:\/\/www.dspprerov.cz\/pl\/wp-json\/wp\/v2\/pages"}],"about":[{"href":"https:\/\/www.dspprerov.cz\/pl\/wp-json\/wp\/v2\/types\/page"}],"author":[{"embeddable":true,"href":"https:\/\/www.dspprerov.cz\/pl\/wp-json\/wp\/v2\/users\/3"}],"replies":[{"embeddable":true,"href":"https:\/\/www.dspprerov.cz\/pl\/wp-json\/wp\/v2\/comments?post=3521"}],"version-history":[{"count":5,"href":"https:\/\/www.dspprerov.cz\/pl\/wp-json\/wp\/v2\/pages\/3521\/revisions"}],"predecessor-version":[{"id":3526,"href":"https:\/\/www.dspprerov.cz\/pl\/wp-json\/wp\/v2\/pages\/3521\/revisions\/3526"}],"wp:attachment":[{"href":"https:\/\/www.dspprerov.cz\/pl\/wp-json\/wp\/v2\/media?parent=3521"}],"curies":[{"name":"wp","href":"https:\/\/api.w.org\/{rel}","templated":true}]}}