{"id":3413,"date":"2022-08-09T10:38:02","date_gmt":"2022-08-09T08:38:02","guid":{"rendered":"https:\/\/vx3785300.server2.imperialmedia.cz\/?page_id=3413"},"modified":"2022-08-09T10:44:36","modified_gmt":"2022-08-09T08:44:36","slug":"podajniki-wibracyjne-vpr","status":"publish","type":"page","link":"https:\/\/www.dspprerov.cz\/pl\/podajniki-wibracyjne-vpr\/","title":{"rendered":"Podajniki wibracyjne VPR"},"content":{"rendered":"\t\t<div data-elementor-type=\"wp-page\" data-elementor-id=\"3413\" class=\"elementor elementor-3413 elementor-1078\" data-elementor-post-type=\"page\">\n\t\t\t\t\t\t<section class=\"elementor-section elementor-top-section elementor-element elementor-element-b6b8908 elementor-section-content-middle elementor-section-boxed elementor-section-height-default elementor-section-height-default\" data-id=\"b6b8908\" data-element_type=\"section\" data-e-type=\"section\" data-settings=\"{&quot;background_background&quot;:&quot;classic&quot;}\">\n\t\t\t\t\t\t\t<div class=\"elementor-background-overlay\"><\/div>\n\t\t\t\t\t\t\t<div class=\"elementor-container elementor-column-gap-no\">\n\t\t\t\t\t<div class=\"elementor-column elementor-col-100 elementor-top-column elementor-element elementor-element-1deea2fe\" data-id=\"1deea2fe\" data-element_type=\"column\" data-e-type=\"column\">\n\t\t\t<div class=\"elementor-widget-wrap elementor-element-populated\">\n\t\t\t\t\t\t<div class=\"elementor-element elementor-element-301dc7b3 elementor-widget elementor-widget-heading\" data-id=\"301dc7b3\" data-element_type=\"widget\" data-e-type=\"widget\" data-widget_type=\"heading.default\">\n\t\t\t\t<div class=\"elementor-widget-container\">\n\t\t\t\t\t<h4 class=\"elementor-heading-title elementor-size-default\">Podajniki wibracyjne VPR<\/h4>\t\t\t\t<\/div>\n\t\t\t\t<\/div>\n\t\t\t\t\t<\/div>\n\t\t<\/div>\n\t\t\t\t\t<\/div>\n\t\t<\/section>\n\t\t\t\t<section class=\"elementor-section elementor-top-section elementor-element elementor-element-15f697f elementor-section-boxed elementor-section-height-default elementor-section-height-default\" data-id=\"15f697f\" data-element_type=\"section\" data-e-type=\"section\">\n\t\t\t\t\t\t<div class=\"elementor-container elementor-column-gap-default\">\n\t\t\t\t\t<div class=\"elementor-column elementor-col-50 elementor-top-column elementor-element elementor-element-cb280fc\" data-id=\"cb280fc\" data-element_type=\"column\" data-e-type=\"column\">\n\t\t\t<div class=\"elementor-widget-wrap elementor-element-populated\">\n\t\t\t\t\t\t<div class=\"elementor-element elementor-element-05455fd elementor-widget elementor-widget-text-editor\" data-id=\"05455fd\" data-element_type=\"widget\" data-e-type=\"widget\" data-widget_type=\"text-editor.default\">\n\t\t\t\t<div class=\"elementor-widget-container\">\n\t\t\t\t\t\t\t\t\t<p>Podajniki VPR s\u0105 przeznaczone do wynoszenia, przesiewania wst\u0119pnego i do sta\u0142ego obj\u0119to\u015bciowo podawania nielepkich, sypkich materia\u0142\u00f3w z leja wsypowego lub zasobnika do kruszarek, m\u0142yn\u00f3w, do urz\u0105dze\u0144 przesiewaj\u0105cych, transportu ta\u015bmowego itp.<\/p><p><span style=\"color: var( --e-global-color-text );\">Przesiewanie wst\u0119pne podawanego materia\u0142u przebiega na zainstalowanym ruszcie przesiewaj\u0105cym ze szczelin\u0105 do 150mm.<\/span><\/p><p><span style=\"color: var( --e-global-color-text );\">Jednostk\u0105 nap\u0119dow\u0105 podajnika s\u0105 dwa podwieszane wibratory. Zmian\u0119 podawanej ilo\u015bci przeprowadza si\u0119 przez nastawienie niewywa\u017cenia wibrator\u00f3w lub zmian\u0119 cz\u0119stotliwo\u015bci za pomoc\u0105 falownika.<\/span><\/p>\t\t\t\t\t\t\t\t<\/div>\n\t\t\t\t<\/div>\n\t\t\t\t<div class=\"elementor-element elementor-element-d04ef9c elementor-widget elementor-widget-text-editor\" data-id=\"d04ef9c\" data-element_type=\"widget\" data-e-type=\"widget\" data-widget_type=\"text-editor.default\">\n\t\t\t\t<div class=\"elementor-widget-container\">\n\t\t\t\t\t\t\t\t\t<h4>Podajniki wibracyjne VPR = wiele zalet:<\/h4><ul><li>odporno\u015b\u0107 na klinowanie i zalepianie rusztu przesiewaj\u0105cego przesiewanym materia\u0142em,<\/li><li>dzi\u0119ki kaskadowej konstrukcji powierzchni rusztu nast\u0119puje bardziej efektywne odsianie drobnych frakcji,<\/li><li>minimalne koszty eksploatacji, kt\u00f3re s\u0105 wynikiem wywa\u017conej konstrukcji maszyny, wykorzystanie wieloletniego do\u015bwiadczenia w eksploatacji zasilaczy wibracyjnych i unifikacja cz\u0119\u015bci,<\/li><li>\u0142atwa wymiana pancerzowania,<\/li><li><b>wysoka jako\u015b\u0107 = wysoka efektywno\u015b\u0107 + gospodarno\u015b\u0107.<\/b><\/li><\/ul>\t\t\t\t\t\t\t\t<\/div>\n\t\t\t\t<\/div>\n\t\t\t\t\t<\/div>\n\t\t<\/div>\n\t\t\t\t<div class=\"elementor-column elementor-col-50 elementor-top-column elementor-element elementor-element-71b6915\" data-id=\"71b6915\" data-element_type=\"column\" data-e-type=\"column\">\n\t\t\t<div class=\"elementor-widget-wrap elementor-element-populated\">\n\t\t\t\t\t\t<div class=\"elementor-element elementor-element-38a8613 elementor-widget elementor-widget-image\" data-id=\"38a8613\" data-element_type=\"widget\" data-e-type=\"widget\" data-widget_type=\"image.default\">\n\t\t\t\t<div class=\"elementor-widget-container\">\n\t\t\t\t\t\t\t\t\t\t\t\t\t\t\t<img fetchpriority=\"high\" decoding=\"async\" width=\"350\" height=\"323\" src=\"https:\/\/www.dspprerov.cz\/wp-content\/uploads\/2022\/07\/feeder.jpg\" class=\"attachment-large size-large wp-image-1536\" alt=\"\" srcset=\"https:\/\/www.dspprerov.cz\/wp-content\/uploads\/2022\/07\/feeder.jpg 350w, https:\/\/www.dspprerov.cz\/wp-content\/uploads\/2022\/07\/feeder-300x277.jpg 300w\" sizes=\"(max-width: 350px) 100vw, 350px\" \/>\t\t\t\t\t\t\t\t\t\t\t\t\t\t\t<\/div>\n\t\t\t\t<\/div>\n\t\t\t\t<div class=\"elementor-element elementor-element-226a917 elementor-widget elementor-widget-image\" data-id=\"226a917\" data-element_type=\"widget\" data-e-type=\"widget\" data-widget_type=\"image.default\">\n\t\t\t\t<div class=\"elementor-widget-container\">\n\t\t\t\t\t\t\t\t\t\t\t\t\t\t\t<img decoding=\"async\" width=\"800\" height=\"555\" src=\"https:\/\/www.dspprerov.cz\/wp-content\/uploads\/2022\/07\/vpr-with-grid-1024x710.jpg\" class=\"attachment-large size-large wp-image-1541\" alt=\"\" srcset=\"https:\/\/www.dspprerov.cz\/wp-content\/uploads\/2022\/07\/vpr-with-grid-1024x710.jpg 1024w, https:\/\/www.dspprerov.cz\/wp-content\/uploads\/2022\/07\/vpr-with-grid-300x208.jpg 300w, https:\/\/www.dspprerov.cz\/wp-content\/uploads\/2022\/07\/vpr-with-grid-768x533.jpg 768w, https:\/\/www.dspprerov.cz\/wp-content\/uploads\/2022\/07\/vpr-with-grid.jpg 1289w\" sizes=\"(max-width: 800px) 100vw, 800px\" \/>\t\t\t\t\t\t\t\t\t\t\t\t\t\t\t<\/div>\n\t\t\t\t<\/div>\n\t\t\t\t\t<\/div>\n\t\t<\/div>\n\t\t\t\t\t<\/div>\n\t\t<\/section>\n\t\t\t\t<section class=\"elementor-section elementor-top-section elementor-element elementor-element-cfeaec2 elementor-section-boxed elementor-section-height-default elementor-section-height-default\" data-id=\"cfeaec2\" data-element_type=\"section\" data-e-type=\"section\">\n\t\t\t\t\t\t<div class=\"elementor-container elementor-column-gap-default\">\n\t\t\t\t\t<div class=\"elementor-column elementor-col-100 elementor-top-column elementor-element elementor-element-1392df3\" data-id=\"1392df3\" data-element_type=\"column\" data-e-type=\"column\">\n\t\t\t<div class=\"elementor-widget-wrap elementor-element-populated\">\n\t\t\t\t\t\t<div class=\"elementor-element elementor-element-cf80113 elementor-widget elementor-widget-text-editor\" data-id=\"cf80113\" data-element_type=\"widget\" data-e-type=\"widget\" data-widget_type=\"text-editor.default\">\n\t\t\t\t<div class=\"elementor-widget-container\">\n\t\t\t\t\t\t\t\t\t<h5>Parametry podajnik\u00f3w<strong>\u00a0VPR<\/strong><\/h5><p>Parametry nale\u017cy rozpatrywa\u0107 indywidualnie w zale\u017cno\u015bci od konkretnych warunk\u00f3w.<\/p><table style=\"width: 80.9446%; height: 457px;\"><tbody><tr style=\"height: 100px;\"><td style=\"height: 100px;\" width=\"85\"><p><b>Oznaczenie typowe<\/b><\/p><\/td><td style=\"height: 100px;\" width=\"86\"><p><b>Szeroko\u015b\u0107 podajnika<\/b><\/p><\/td><td style=\"height: 100px;\" width=\"84\"><p><b>D\u0142ugo\u015b\u0107 podajnika<\/b><\/p><\/td><td style=\"height: 100px;\" width=\"99\"><p><b>Podawana ilo\u015b\u0107<\/b><\/p><\/td><td style=\"height: 100px;\" width=\"86\"><p><b>Pob\u00f3r mocy<\/b><\/p><\/td><\/tr><tr style=\"height: 52px;\"><td style=\"height: 52px;\" width=\"85\"><p>&#8211;<\/p><\/td><td style=\"height: 52px;\" width=\"86\"><p>mm<\/p><\/td><td style=\"height: 52px;\" width=\"84\"><p>mm<\/p><\/td><td style=\"height: 52px;\" width=\"99\"><p><span style=\"font-size: 0.9em; color: var( --e-global-color-text ); font-family: var( --e-global-typography-text-font-family ), Sans-serif; font-weight: var( --e-global-typography-text-font-weight );\">m<\/span><sup style=\"color: var( --e-global-color-text ); font-family: var( --e-global-typography-text-font-family ), Sans-serif; font-weight: var( --e-global-typography-text-font-weight );\">3<\/sup>\/godz.<\/p><\/td><td style=\"height: 52px;\" width=\"86\">kW<\/td><\/tr><tr style=\"height: 76px;\"><td style=\"height: 63px;\" width=\"85\"><p><b>VPR 70&#215;350<\/b><\/p><\/td><td style=\"height: 63px;\" width=\"86\"><p>700<\/p><\/td><td style=\"height: 63px;\" width=\"84\"><p>3500<\/p><\/td><td style=\"height: 63px;\" width=\"99\">96<\/td><td style=\"height: 63px;\" width=\"86\"><p>2&#215;3,5<\/p><\/td><\/tr><tr style=\"height: 76px;\"><td style=\"height: 57px;\"><p><b>VPR 80&#215;400<br \/><\/b><\/p><\/td><td style=\"height: 57px;\">800<\/td><td style=\"height: 57px;\">4000<\/td><td style=\"height: 57px;\">110<\/td><td style=\"height: 57px;\">2&#215;4,5<\/td><\/tr><tr style=\"height: 76px;\"><td style=\"height: 76px;\"><p><b>VPR 100&#215;400<\/b><\/p><\/td><td style=\"height: 76px;\">1000<\/td><td style=\"height: 76px;\">4000<\/td><td style=\"height: 76px;\">137<\/td><td style=\"height: 76px;\">2&#215;6,5<\/td><\/tr><tr style=\"height: 76px;\"><td style=\"height: 76px;\"><p><b>VPR 120&#215;400<\/b><\/p><\/td><td style=\"height: 76px;\">1200<\/td><td style=\"height: 76px;\">4000<\/td><td style=\"height: 76px;\">165<\/td><td style=\"height: 76px;\">2&#215;13<\/td><\/tr><tr style=\"height: 76px;\"><td style=\"height: 33px;\"><p><b>\u00a0VPLR 150&#215;290<\/b><\/p><\/td><td style=\"height: 33px;\">1500<\/td><td style=\"height: 33px;\">2900<\/td><td style=\"height: 33px;\">440<\/td><td style=\"height: 33px;\">2&#215;6,5<\/td><\/tr><\/tbody><\/table>\t\t\t\t\t\t\t\t<\/div>\n\t\t\t\t<\/div>\n\t\t\t\t\t<\/div>\n\t\t<\/div>\n\t\t\t\t\t<\/div>\n\t\t<\/section>\n\t\t\t\t<\/div>\n\t\t","protected":false},"excerpt":{"rendered":"<p>Podajniki wibracyjne VPR Podajniki VPR s\u0105 przeznaczone do wynoszenia, przesiewania wst\u0119pnego i do sta\u0142ego obj\u0119to\u015bciowo podawania nielepkich, sypkich materia\u0142\u00f3w z leja wsypowego lub zasobnika do kruszarek, m\u0142yn\u00f3w, do urz\u0105dze\u0144 przesiewaj\u0105cych, transportu ta\u015bmowego itp. Przesiewanie wst\u0119pne podawanego materia\u0142u przebiega na zainstalowanym ruszcie przesiewaj\u0105cym ze szczelin\u0105 do 150mm. Jednostk\u0105 nap\u0119dow\u0105 podajnika s\u0105 dwa podwieszane wibratory. Zmian\u0119 podawanej [&hellip;]<\/p>\n","protected":false},"author":3,"featured_media":0,"parent":0,"menu_order":0,"comment_status":"closed","ping_status":"closed","template":"","meta":{"_acf_changed":false,"footnotes":""},"class_list":["post-3413","page","type-page","status-publish","hentry"],"acf":[],"_links":{"self":[{"href":"https:\/\/www.dspprerov.cz\/pl\/wp-json\/wp\/v2\/pages\/3413","targetHints":{"allow":["GET"]}}],"collection":[{"href":"https:\/\/www.dspprerov.cz\/pl\/wp-json\/wp\/v2\/pages"}],"about":[{"href":"https:\/\/www.dspprerov.cz\/pl\/wp-json\/wp\/v2\/types\/page"}],"author":[{"embeddable":true,"href":"https:\/\/www.dspprerov.cz\/pl\/wp-json\/wp\/v2\/users\/3"}],"replies":[{"embeddable":true,"href":"https:\/\/www.dspprerov.cz\/pl\/wp-json\/wp\/v2\/comments?post=3413"}],"version-history":[{"count":17,"href":"https:\/\/www.dspprerov.cz\/pl\/wp-json\/wp\/v2\/pages\/3413\/revisions"}],"predecessor-version":[{"id":3430,"href":"https:\/\/www.dspprerov.cz\/pl\/wp-json\/wp\/v2\/pages\/3413\/revisions\/3430"}],"wp:attachment":[{"href":"https:\/\/www.dspprerov.cz\/pl\/wp-json\/wp\/v2\/media?parent=3413"}],"curies":[{"name":"wp","href":"https:\/\/api.w.org\/{rel}","templated":true}]}}