{"id":3399,"date":"2022-08-09T10:20:16","date_gmt":"2022-08-09T08:20:16","guid":{"rendered":"https:\/\/vx3785300.server2.imperialmedia.cz\/?page_id=3399"},"modified":"2022-08-09T10:26:33","modified_gmt":"2022-08-09T08:26:33","slug":"podajniki-tasmowe-ppv","status":"publish","type":"page","link":"https:\/\/www.dspprerov.cz\/pl\/podajniki-tasmowe-ppv\/","title":{"rendered":"Podajniki ta\u015bmowe PPV"},"content":{"rendered":"\t\t<div data-elementor-type=\"wp-page\" data-elementor-id=\"3399\" class=\"elementor elementor-3399 elementor-1063\" data-elementor-post-type=\"page\">\n\t\t\t\t\t\t<section class=\"elementor-section elementor-top-section elementor-element elementor-element-b6b8908 elementor-section-content-middle elementor-section-boxed elementor-section-height-default elementor-section-height-default\" data-id=\"b6b8908\" data-element_type=\"section\" data-e-type=\"section\" data-settings=\"{&quot;background_background&quot;:&quot;classic&quot;}\">\n\t\t\t\t\t\t\t<div class=\"elementor-background-overlay\"><\/div>\n\t\t\t\t\t\t\t<div class=\"elementor-container elementor-column-gap-no\">\n\t\t\t\t\t<div class=\"elementor-column elementor-col-100 elementor-top-column elementor-element elementor-element-1deea2fe\" data-id=\"1deea2fe\" data-element_type=\"column\" data-e-type=\"column\">\n\t\t\t<div class=\"elementor-widget-wrap elementor-element-populated\">\n\t\t\t\t\t\t<div class=\"elementor-element elementor-element-301dc7b3 elementor-widget elementor-widget-heading\" data-id=\"301dc7b3\" data-element_type=\"widget\" data-e-type=\"widget\" data-widget_type=\"heading.default\">\n\t\t\t\t<div class=\"elementor-widget-container\">\n\t\t\t\t\t<h4 class=\"elementor-heading-title elementor-size-default\">Podajniki ta\u015bmowe PPV<\/h4>\t\t\t\t<\/div>\n\t\t\t\t<\/div>\n\t\t\t\t\t<\/div>\n\t\t<\/div>\n\t\t\t\t\t<\/div>\n\t\t<\/section>\n\t\t\t\t<section class=\"elementor-section elementor-top-section elementor-element elementor-element-15f697f elementor-section-boxed elementor-section-height-default elementor-section-height-default\" data-id=\"15f697f\" data-element_type=\"section\" data-e-type=\"section\">\n\t\t\t\t\t\t<div class=\"elementor-container elementor-column-gap-default\">\n\t\t\t\t\t<div class=\"elementor-column elementor-col-50 elementor-top-column elementor-element elementor-element-cb280fc\" data-id=\"cb280fc\" data-element_type=\"column\" data-e-type=\"column\">\n\t\t\t<div class=\"elementor-widget-wrap elementor-element-populated\">\n\t\t\t\t\t\t<div class=\"elementor-element elementor-element-05455fd elementor-widget elementor-widget-text-editor\" data-id=\"05455fd\" data-element_type=\"widget\" data-e-type=\"widget\" data-widget_type=\"text-editor.default\">\n\t\t\t\t<div class=\"elementor-widget-container\">\n\t\t\t\t\t\t\t\t\t<p>Podajniki ta\u015bmowe PPV s\u0105 przeznaczone do wynoszenia i sta\u0142ego obj\u0119to\u015bciowo podawania lepkich, sypkich materia\u0142\u00f3w z leja wsypowego lub zasobnika na urz\u0105dzenia przesiewaj\u0105ce, przeno\u015bniki ta\u015bmowe itp.<\/p><p>\u00a0<\/p><p>Ta\u015bma podajnika ta\u015bmowego PPV jest napinana \u015brubami tylnego b\u0119bna. B\u0119ben nap\u0119dowy jest nap\u0119dzany silnikiem elektrycznym przez skrzyni\u0119 przek\u0142adniow\u0105, kt\u00f3ra jest umocowana na ramie. Ta\u015bma podajnika jest na ca\u0142ej d\u0142ugo\u015bci podajnika podpierana bocznymi rolkami, centralnymi rolkami i dolnymi rolkami. Do zgarniania zanieczyszcze\u0144 z ta\u015bmy podajnik posiada zgarniacz.<\/p>\t\t\t\t\t\t\t\t<\/div>\n\t\t\t\t<\/div>\n\t\t\t\t<div class=\"elementor-element elementor-element-d04ef9c elementor-widget elementor-widget-text-editor\" data-id=\"d04ef9c\" data-element_type=\"widget\" data-e-type=\"widget\" data-widget_type=\"text-editor.default\">\n\t\t\t\t<div class=\"elementor-widget-container\">\n\t\t\t\t\t\t\t\t\t<div>\n<h5 style=\"font-family: Roboto, sans-serif;\">Podajniki ta\u015bmowe PPV = wiele zalet:<\/h5>\n<\/div>\n<ul>\n<li>minimalne koszty eksploatacji, kt\u00f3re s\u0105 wynikiem wywa\u017conej konstrukcji maszyny, wykorzystanie wieloletniego do\u015bwiadczenia w eksploatacji zasilaczy ta\u015bmowych i unifikacja cz\u0119\u015bci,<\/li>\n<li><b>wysoka jako\u015b\u0107 = wysoka efektywno\u015b\u0107 + gospodarno\u015b\u0107.<\/b><\/li>\n<\/ul>\t\t\t\t\t\t\t\t<\/div>\n\t\t\t\t<\/div>\n\t\t\t\t\t<\/div>\n\t\t<\/div>\n\t\t\t\t<div class=\"elementor-column elementor-col-50 elementor-top-column elementor-element elementor-element-71b6915\" data-id=\"71b6915\" data-element_type=\"column\" data-e-type=\"column\">\n\t\t\t<div class=\"elementor-widget-wrap elementor-element-populated\">\n\t\t\t\t\t\t<div class=\"elementor-element elementor-element-38a8613 elementor-widget elementor-widget-image\" data-id=\"38a8613\" data-element_type=\"widget\" data-e-type=\"widget\" data-widget_type=\"image.default\">\n\t\t\t\t<div class=\"elementor-widget-container\">\n\t\t\t\t\t\t\t\t\t\t\t\t\t\t\t<img fetchpriority=\"high\" decoding=\"async\" width=\"800\" height=\"577\" src=\"https:\/\/www.dspprerov.cz\/wp-content\/uploads\/2022\/07\/ppv122-1024x738.png\" class=\"attachment-large size-large wp-image-2507\" alt=\"\" srcset=\"https:\/\/www.dspprerov.cz\/wp-content\/uploads\/2022\/07\/ppv122-1024x738.png 1024w, https:\/\/www.dspprerov.cz\/wp-content\/uploads\/2022\/07\/ppv122-300x216.png 300w, https:\/\/www.dspprerov.cz\/wp-content\/uploads\/2022\/07\/ppv122-768x553.png 768w, https:\/\/www.dspprerov.cz\/wp-content\/uploads\/2022\/07\/ppv122-1536x1107.png 1536w, https:\/\/www.dspprerov.cz\/wp-content\/uploads\/2022\/07\/ppv122.png 1900w\" sizes=\"(max-width: 800px) 100vw, 800px\" \/>\t\t\t\t\t\t\t\t\t\t\t\t\t\t\t<\/div>\n\t\t\t\t<\/div>\n\t\t\t\t\t<\/div>\n\t\t<\/div>\n\t\t\t\t\t<\/div>\n\t\t<\/section>\n\t\t\t\t<section class=\"elementor-section elementor-top-section elementor-element elementor-element-bd38e5e elementor-section-boxed elementor-section-height-default elementor-section-height-default\" data-id=\"bd38e5e\" data-element_type=\"section\" data-e-type=\"section\">\n\t\t\t\t\t\t<div class=\"elementor-container elementor-column-gap-default\">\n\t\t\t\t\t<div class=\"elementor-column elementor-col-100 elementor-top-column elementor-element elementor-element-0eb3787\" data-id=\"0eb3787\" data-element_type=\"column\" data-e-type=\"column\">\n\t\t\t<div class=\"elementor-widget-wrap elementor-element-populated\">\n\t\t\t\t\t\t<div class=\"elementor-element elementor-element-554901a elementor-widget elementor-widget-image-gallery\" data-id=\"554901a\" data-element_type=\"widget\" data-e-type=\"widget\" data-widget_type=\"image-gallery.default\">\n\t\t\t\t<div class=\"elementor-widget-container\">\n\t\t\t\t\t\t\t<div class=\"elementor-image-gallery\">\n\t\t\t<div class=\"wpmf-gallerys wpmf-gallerys-life \" ><div id=\"gallery-1\" class=\"gallery gallery_life wpmf_gallery_default gallery_default  gallery-columns-5 gallery-size-medium gallery-link-file wpmf-has-border-radius-0 wpmf-gutterwidth-5 no_ratio\"><figure class=\"wpmf-gallery-item\" data-index=\"0\"><div class=\"wpmf-gallery-icon\"><div class=\"square_thumbnail\"><div class=\"img_centered\"><a class=\" not_video noLightbox\" data-lightbox=\"1\" data-href=\"https:\/\/www.dspprerov.cz\/wp-content\/uploads\/2022\/07\/ppv-100x260-1.jpg\" title=\"ppv-100x260\" target=\"_self\" data-index=\"0\"><img decoding=\"async\" class=\"wpmf_img\" alt=\"ppv-100x260\" src=\"https:\/\/www.dspprerov.cz\/wp-content\/uploads\/2022\/07\/ppv-100x260-1-300x225.jpg\" data-type=\"wpmfgalleryimg\" data-attachment-id=\"2517\" data-wpmf-size=\"medium\" data-lazy-src=\"https:\/\/www.dspprerov.cz\/wp-content\/uploads\/2022\/07\/ppv-100x260-1-300x225.jpg\"><\/a><\/div><\/div><\/div><\/figure><figure class=\"wpmf-gallery-item\" data-index=\"1\"><div class=\"wpmf-gallery-icon\"><div class=\"square_thumbnail\"><div class=\"img_centered\"><a class=\" not_video noLightbox\" data-lightbox=\"1\" data-href=\"https:\/\/www.dspprerov.cz\/wp-content\/uploads\/2022\/07\/ppv-100x350-1.jpg\" title=\"ppv-100x350\" target=\"_self\" data-index=\"1\"><img decoding=\"async\" class=\"wpmf_img\" alt=\"ppv-100x350\" src=\"https:\/\/www.dspprerov.cz\/wp-content\/uploads\/2022\/07\/ppv-100x350-1-300x225.jpg\" data-type=\"wpmfgalleryimg\" data-attachment-id=\"2522\" data-wpmf-size=\"medium\" data-lazy-src=\"https:\/\/www.dspprerov.cz\/wp-content\/uploads\/2022\/07\/ppv-100x350-1-300x225.jpg\"><\/a><\/div><\/div><\/div><\/figure><\/div><\/div>\t\t<\/div>\n\t\t\t\t\t\t<\/div>\n\t\t\t\t<\/div>\n\t\t\t\t\t<\/div>\n\t\t<\/div>\n\t\t\t\t\t<\/div>\n\t\t<\/section>\n\t\t\t\t<section class=\"elementor-section elementor-top-section elementor-element elementor-element-cfeaec2 elementor-section-boxed elementor-section-height-default elementor-section-height-default\" data-id=\"cfeaec2\" data-element_type=\"section\" data-e-type=\"section\">\n\t\t\t\t\t\t<div class=\"elementor-container elementor-column-gap-default\">\n\t\t\t\t\t<div class=\"elementor-column elementor-col-100 elementor-top-column elementor-element elementor-element-1392df3\" data-id=\"1392df3\" data-element_type=\"column\" data-e-type=\"column\">\n\t\t\t<div class=\"elementor-widget-wrap elementor-element-populated\">\n\t\t\t\t\t\t<div class=\"elementor-element elementor-element-cf80113 elementor-widget elementor-widget-text-editor\" data-id=\"cf80113\" data-element_type=\"widget\" data-e-type=\"widget\" data-widget_type=\"text-editor.default\">\n\t\t\t\t<div class=\"elementor-widget-container\">\n\t\t\t\t\t\t\t\t\t<h5>Parametry podajnik\u00f3w PPV<br><\/h5>\n<p>Parametry nale\u017cy rozpatrywa\u0107 indywidualnie w zale\u017cno\u015bci od konkretnych warunk\u00f3w.<br><\/p>\n<table style=\"width: 80.9446%; height: 272px;\">\n<tbody>\n<tr style=\"height: 100px;\">\n<td style=\"height: 100px;\" width=\"85\">\n<p><b>Oznaczenie typowe<\/b><br><\/p>\n<\/td>\n<td style=\"height: 100px;\" width=\"86\">\n<p><b>Szeroko\u015b\u0107 ta\u015bmy<\/b><br><\/p>\n<\/td>\n<td style=\"height: 100px;\" width=\"84\">\n<p><b>Odleg\u0142o\u015b\u0107 osi b\u0119bn\u00f3w<\/b><br><\/p>\n<\/td>\n<td style=\"height: 100px;\" width=\"99\">\n<p><b>Podawana ilo\u015b\u0107<\/b><br><\/p>\n<\/td>\n<td style=\"height: 100px;\" width=\"86\">\n<p><b>Pob\u00f3r mocy<\/b><br><\/p>\n<\/td>\n<\/tr>\n<tr style=\"height: 52px;\">\n<td style=\"height: 52px;\" width=\"85\">\n<p>&#8211;<\/p>\n<\/td>\n<td style=\"height: 52px;\" width=\"86\">\n<p>mm<\/p>\n<\/td>\n<td style=\"height: 52px;\" width=\"84\">\n<p>mm<\/p>\n<\/td>\n<td style=\"height: 52px;\" width=\"99\">\n<p><span style=\"font-size: 12.96px;\">m<\/span><sup style=\"color: var( --e-global-color-text ); font-family: var( --e-global-typography-text-font-family ), Sans-serif; font-weight: var( --e-global-typography-text-font-weight );\">3<\/sup>\/godz.<\/p>\n<\/td>\n<td style=\"height: 52px;\" width=\"86\">kW<\/td>\n<\/tr>\n<tr style=\"height: 76px;\">\n<td style=\"height: 63px;\" width=\"85\">\n<p><b>PPV 100&#215;260<\/b><\/p>\n<\/td>\n<td style=\"height: 63px;\" width=\"86\">\n<p>1000<\/p>\n<\/td>\n<td style=\"height: 63px;\" width=\"84\">\n<p>2600<\/p>\n<\/td>\n<td style=\"height: 63px;\" width=\"99\">0-300<\/td>\n<td style=\"height: 63px;\" width=\"86\">\n<p>5,5<\/p>\n<\/td>\n<\/tr>\n<tr style=\"height: 76px;\">\n<td style=\"height: 57px;\">\n<p><b>&nbsp;PPV 100&#215;350<br><\/b><\/p>\n<\/td>\n<td style=\"height: 57px;\">1000<\/td>\n<td style=\"height: 57px;\">3500<\/td>\n<td style=\"height: 57px;\">0-300<\/td>\n<td style=\"height: 57px;\">5,5<\/td>\n<\/tr>\n<\/tbody>\n<\/table>\t\t\t\t\t\t\t\t<\/div>\n\t\t\t\t<\/div>\n\t\t\t\t\t<\/div>\n\t\t<\/div>\n\t\t\t\t\t<\/div>\n\t\t<\/section>\n\t\t\t\t<\/div>\n\t\t","protected":false},"excerpt":{"rendered":"<p>Podajniki ta\u015bmowe PPV Podajniki ta\u015bmowe PPV s\u0105 przeznaczone do wynoszenia i sta\u0142ego obj\u0119to\u015bciowo podawania lepkich, sypkich materia\u0142\u00f3w z leja wsypowego lub zasobnika na urz\u0105dzenia przesiewaj\u0105ce, przeno\u015bniki ta\u015bmowe itp. \u00a0 Ta\u015bma podajnika ta\u015bmowego PPV jest napinana \u015brubami tylnego b\u0119bna. B\u0119ben nap\u0119dowy jest nap\u0119dzany silnikiem elektrycznym przez skrzyni\u0119 przek\u0142adniow\u0105, kt\u00f3ra jest umocowana na ramie. Ta\u015bma podajnika jest [&hellip;]<\/p>\n","protected":false},"author":3,"featured_media":0,"parent":0,"menu_order":0,"comment_status":"closed","ping_status":"closed","template":"","meta":{"_acf_changed":false,"footnotes":""},"class_list":["post-3399","page","type-page","status-publish","hentry"],"acf":[],"_links":{"self":[{"href":"https:\/\/www.dspprerov.cz\/pl\/wp-json\/wp\/v2\/pages\/3399","targetHints":{"allow":["GET"]}}],"collection":[{"href":"https:\/\/www.dspprerov.cz\/pl\/wp-json\/wp\/v2\/pages"}],"about":[{"href":"https:\/\/www.dspprerov.cz\/pl\/wp-json\/wp\/v2\/types\/page"}],"author":[{"embeddable":true,"href":"https:\/\/www.dspprerov.cz\/pl\/wp-json\/wp\/v2\/users\/3"}],"replies":[{"embeddable":true,"href":"https:\/\/www.dspprerov.cz\/pl\/wp-json\/wp\/v2\/comments?post=3399"}],"version-history":[{"count":13,"href":"https:\/\/www.dspprerov.cz\/pl\/wp-json\/wp\/v2\/pages\/3399\/revisions"}],"predecessor-version":[{"id":3412,"href":"https:\/\/www.dspprerov.cz\/pl\/wp-json\/wp\/v2\/pages\/3399\/revisions\/3412"}],"wp:attachment":[{"href":"https:\/\/www.dspprerov.cz\/pl\/wp-json\/wp\/v2\/media?parent=3399"}],"curies":[{"name":"wp","href":"https:\/\/api.w.org\/{rel}","templated":true}]}}