{"id":3262,"date":"2022-08-09T08:04:44","date_gmt":"2022-08-09T06:04:44","guid":{"rendered":"https:\/\/vx3785300.server2.imperialmedia.cz\/?page_id=3262"},"modified":"2022-08-09T08:08:26","modified_gmt":"2022-08-09T06:08:26","slug":"wstepne-przesiewacze-wibracyjne-vgo","status":"publish","type":"page","link":"https:\/\/www.dspprerov.cz\/pl\/wstepne-przesiewacze-wibracyjne-vgo\/","title":{"rendered":"Wst\u0119pne przesiewacze wibracyjne VGO"},"content":{"rendered":"\t\t<div data-elementor-type=\"wp-page\" data-elementor-id=\"3262\" class=\"elementor elementor-3262 elementor-1053\" data-elementor-post-type=\"page\">\n\t\t\t\t\t\t<section class=\"elementor-section elementor-top-section elementor-element elementor-element-b6b8908 elementor-section-content-middle elementor-section-boxed elementor-section-height-default elementor-section-height-default\" data-id=\"b6b8908\" data-element_type=\"section\" data-e-type=\"section\" data-settings=\"{&quot;background_background&quot;:&quot;classic&quot;}\">\n\t\t\t\t\t\t\t<div class=\"elementor-background-overlay\"><\/div>\n\t\t\t\t\t\t\t<div class=\"elementor-container elementor-column-gap-no\">\n\t\t\t\t\t<div class=\"elementor-column elementor-col-100 elementor-top-column elementor-element elementor-element-1deea2fe\" data-id=\"1deea2fe\" data-element_type=\"column\" data-e-type=\"column\">\n\t\t\t<div class=\"elementor-widget-wrap elementor-element-populated\">\n\t\t\t\t\t\t<div class=\"elementor-element elementor-element-301dc7b3 elementor-widget elementor-widget-heading\" data-id=\"301dc7b3\" data-element_type=\"widget\" data-e-type=\"widget\" data-widget_type=\"heading.default\">\n\t\t\t\t<div class=\"elementor-widget-container\">\n\t\t\t\t\t<h4 class=\"elementor-heading-title elementor-size-default\">Wst\u0119pne przesiewacze wibracyjne VGO<\/h4>\t\t\t\t<\/div>\n\t\t\t\t<\/div>\n\t\t\t\t\t<\/div>\n\t\t<\/div>\n\t\t\t\t\t<\/div>\n\t\t<\/section>\n\t\t\t\t<section class=\"elementor-section elementor-top-section elementor-element elementor-element-15f697f elementor-section-boxed elementor-section-height-default elementor-section-height-default\" data-id=\"15f697f\" data-element_type=\"section\" data-e-type=\"section\">\n\t\t\t\t\t\t<div class=\"elementor-container elementor-column-gap-default\">\n\t\t\t\t\t<div class=\"elementor-column elementor-col-50 elementor-top-column elementor-element elementor-element-cb280fc\" data-id=\"cb280fc\" data-element_type=\"column\" data-e-type=\"column\">\n\t\t\t<div class=\"elementor-widget-wrap elementor-element-populated\">\n\t\t\t\t\t\t<div class=\"elementor-element elementor-element-05455fd elementor-widget elementor-widget-text-editor\" data-id=\"05455fd\" data-element_type=\"widget\" data-e-type=\"widget\" data-widget_type=\"text-editor.default\">\n\t\t\t\t<div class=\"elementor-widget-container\">\n\t\t\t\t\t\t\t\t\t<p>Przesiewacze wst\u0119pne VGO s\u0105 przeznaczone do odgliniania materia\u0142u na wej\u015bciu do linii technologicznej o ziarnisto\u015bci do 1m z 1 do 2 powierzchniami przesiewania. G\u00f3rna powierzchnia posiada ruszt ze szczelin\u0105 do 150mm. Dolna powierzchnia mo\u017ce posiada\u0107 sito z okami 35-63mm. Przesiewanym materia\u0142em mo\u017ce by\u0107 kruszywo, \u017cwir, rudy itp.<\/p><p>Przesiewacze VGO wykonuj\u0105 ruch oscylacyjny. Ruch jest wzbudzany wzbudnic\u0105 mimo\u015brodow\u0105 umieszczon\u0105 w \u015brodku ci\u0119\u017cko\u015bci maszyny.<\/p>\t\t\t\t\t\t\t\t<\/div>\n\t\t\t\t<\/div>\n\t\t\t\t<div class=\"elementor-element elementor-element-d04ef9c elementor-widget elementor-widget-text-editor\" data-id=\"d04ef9c\" data-element_type=\"widget\" data-e-type=\"widget\" data-widget_type=\"text-editor.default\">\n\t\t\t\t<div class=\"elementor-widget-container\">\n\t\t\t\t\t\t\t\t\t<h4>Przesiewacze VGO = wiele zalet:<\/h4><ul><li>odporno\u015b\u0107 na klinowanie i zalepianie przesiewanym materia\u0142em na powierzchniach przesiewania,<\/li><li>dzi\u0119ki kaskadowej konstrukcji powierzchni rusztu dochodzi do bardziej efektywnego odsiewania drobnych frakcji z g\u00f3rnej powierzchni przesiewacza wst\u0119pnego,<\/li><li>minimalne koszty eksploatacji, kt\u00f3re s\u0105 wynikiem wywa\u017conej konstrukcji maszyny, wykorzystanie wieloletniego do\u015bwiadczenia w eksploatacji przesiewaczy i unifikacja cz\u0119\u015bci,<\/li><li>\u0142atwa wymiana powierzchni przesiewania,<\/li><li><b>wysoka jako\u015b\u0107 = wysoka efektywno\u015b\u0107 + gospodarno\u015b\u0107.<\/b><\/li><\/ul>\t\t\t\t\t\t\t\t<\/div>\n\t\t\t\t<\/div>\n\t\t\t\t\t<\/div>\n\t\t<\/div>\n\t\t\t\t<div class=\"elementor-column elementor-col-50 elementor-top-column elementor-element elementor-element-71b6915\" data-id=\"71b6915\" data-element_type=\"column\" data-e-type=\"column\">\n\t\t\t<div class=\"elementor-widget-wrap elementor-element-populated\">\n\t\t\t\t\t\t<div class=\"elementor-element elementor-element-38a8613 elementor-widget elementor-widget-image\" data-id=\"38a8613\" data-element_type=\"widget\" data-e-type=\"widget\" data-widget_type=\"image.default\">\n\t\t\t\t<div class=\"elementor-widget-container\">\n\t\t\t\t\t\t\t\t\t\t\t\t\t\t\t<img fetchpriority=\"high\" decoding=\"async\" width=\"800\" height=\"360\" src=\"https:\/\/www.dspprerov.cz\/wp-content\/uploads\/2022\/07\/img-20220523-091928-1024x461.jpg\" class=\"attachment-large size-large wp-image-1484\" alt=\"\" srcset=\"https:\/\/www.dspprerov.cz\/wp-content\/uploads\/2022\/07\/img-20220523-091928-1024x461.jpg 1024w, https:\/\/www.dspprerov.cz\/wp-content\/uploads\/2022\/07\/img-20220523-091928-300x135.jpg 300w, https:\/\/www.dspprerov.cz\/wp-content\/uploads\/2022\/07\/img-20220523-091928-768x346.jpg 768w, https:\/\/www.dspprerov.cz\/wp-content\/uploads\/2022\/07\/img-20220523-091928-1536x691.jpg 1536w, https:\/\/www.dspprerov.cz\/wp-content\/uploads\/2022\/07\/img-20220523-091928-2048x922.jpg 2048w\" sizes=\"(max-width: 800px) 100vw, 800px\" \/>\t\t\t\t\t\t\t\t\t\t\t\t\t\t\t<\/div>\n\t\t\t\t<\/div>\n\t\t\t\t<div class=\"elementor-element elementor-element-226a917 elementor-widget elementor-widget-image\" data-id=\"226a917\" data-element_type=\"widget\" data-e-type=\"widget\" data-widget_type=\"image.default\">\n\t\t\t\t<div class=\"elementor-widget-container\">\n\t\t\t\t\t\t\t\t\t\t\t\t\t\t\t<img decoding=\"async\" width=\"800\" height=\"375\" src=\"https:\/\/www.dspprerov.cz\/wp-content\/uploads\/2022\/07\/vgo-1024x480.png\" class=\"attachment-large size-large wp-image-1499\" alt=\"\" srcset=\"https:\/\/www.dspprerov.cz\/wp-content\/uploads\/2022\/07\/vgo-1024x480.png 1024w, https:\/\/www.dspprerov.cz\/wp-content\/uploads\/2022\/07\/vgo-300x141.png 300w, https:\/\/www.dspprerov.cz\/wp-content\/uploads\/2022\/07\/vgo-768x360.png 768w, https:\/\/www.dspprerov.cz\/wp-content\/uploads\/2022\/07\/vgo.png 1500w\" sizes=\"(max-width: 800px) 100vw, 800px\" \/>\t\t\t\t\t\t\t\t\t\t\t\t\t\t\t<\/div>\n\t\t\t\t<\/div>\n\t\t\t\t\t<\/div>\n\t\t<\/div>\n\t\t\t\t\t<\/div>\n\t\t<\/section>\n\t\t\t\t<section class=\"elementor-section elementor-top-section elementor-element elementor-element-1c51c39 elementor-section-boxed elementor-section-height-default elementor-section-height-default\" data-id=\"1c51c39\" data-element_type=\"section\" data-e-type=\"section\">\n\t\t\t\t\t\t<div class=\"elementor-container elementor-column-gap-default\">\n\t\t\t\t\t<div class=\"elementor-column elementor-col-100 elementor-top-column elementor-element elementor-element-b9e2c68\" data-id=\"b9e2c68\" data-element_type=\"column\" data-e-type=\"column\">\n\t\t\t<div class=\"elementor-widget-wrap elementor-element-populated\">\n\t\t\t\t\t\t<div class=\"elementor-element elementor-element-e8560e9 elementor-widget elementor-widget-gallery\" data-id=\"e8560e9\" data-element_type=\"widget\" data-e-type=\"widget\" data-settings=\"{&quot;lazyload&quot;:&quot;yes&quot;,&quot;gallery_layout&quot;:&quot;grid&quot;,&quot;columns&quot;:4,&quot;columns_tablet&quot;:2,&quot;columns_mobile&quot;:1,&quot;gap&quot;:{&quot;unit&quot;:&quot;px&quot;,&quot;size&quot;:10,&quot;sizes&quot;:[]},&quot;gap_tablet&quot;:{&quot;unit&quot;:&quot;px&quot;,&quot;size&quot;:10,&quot;sizes&quot;:[]},&quot;gap_mobile&quot;:{&quot;unit&quot;:&quot;px&quot;,&quot;size&quot;:10,&quot;sizes&quot;:[]},&quot;link_to&quot;:&quot;file&quot;,&quot;aspect_ratio&quot;:&quot;3:2&quot;,&quot;overlay_background&quot;:&quot;yes&quot;,&quot;content_hover_animation&quot;:&quot;fade-in&quot;}\" data-widget_type=\"gallery.default\">\n\t\t\t\t<div class=\"elementor-widget-container\">\n\t\t\t\t\t\t\t<div class=\"elementor-gallery__container\">\n\t\t\t\t\t\t\t<a class=\"e-gallery-item elementor-gallery-item elementor-animated-content\" href=\"https:\/\/www.dspprerov.cz\/wp-content\/uploads\/2022\/07\/rez-vgo.png\" data-elementor-open-lightbox=\"yes\" data-elementor-lightbox-slideshow=\"e8560e9\" data-elementor-lightbox-title=\"Rez VGO\" data-e-action-hash=\"#elementor-action%3Aaction%3Dlightbox%26settings%3DeyJpZCI6MTUwNiwidXJsIjoiaHR0cHM6XC9cL3d3dy5kc3BwcmVyb3YuY3pcL3dwLWNvbnRlbnRcL3VwbG9hZHNcLzIwMjJcLzA3XC9yZXotdmdvLnBuZyIsInNsaWRlc2hvdyI6ImU4NTYwZTkifQ%3D%3D\">\n\t\t\t\t\t<div class=\"e-gallery-image elementor-gallery-item__image\" data-thumbnail=\"https:\/\/www.dspprerov.cz\/wp-content\/uploads\/2022\/07\/rez-vgo-300x141.png\" data-width=\"300\" data-height=\"141\" aria-label=\"\" role=\"img\" ><\/div>\n\t\t\t\t\t\t\t\t\t\t\t<div class=\"elementor-gallery-item__overlay\"><\/div>\n\t\t\t\t\t\t\t\t\t\t\t\t\t\t<\/a>\n\t\t\t\t\t\t\t<a class=\"e-gallery-item elementor-gallery-item elementor-animated-content\" href=\"https:\/\/www.dspprerov.cz\/wp-content\/uploads\/2022\/07\/img-20220523-092026-scaled.jpg\" data-elementor-open-lightbox=\"yes\" data-elementor-lightbox-slideshow=\"e8560e9\" data-elementor-lightbox-title=\"IMG 20220523 092026\" data-e-action-hash=\"#elementor-action%3Aaction%3Dlightbox%26settings%3DeyJpZCI6MjQ5MSwidXJsIjoiaHR0cHM6XC9cL3d3dy5kc3BwcmVyb3YuY3pcL3dwLWNvbnRlbnRcL3VwbG9hZHNcLzIwMjJcLzA3XC9pbWctMjAyMjA1MjMtMDkyMDI2LXNjYWxlZC5qcGciLCJzbGlkZXNob3ciOiJlODU2MGU5In0%3D\">\n\t\t\t\t\t<div class=\"e-gallery-image elementor-gallery-item__image\" data-thumbnail=\"https:\/\/www.dspprerov.cz\/wp-content\/uploads\/2022\/07\/img-20220523-092026-300x135.jpg\" data-width=\"300\" data-height=\"135\" aria-label=\"\" role=\"img\" ><\/div>\n\t\t\t\t\t\t\t\t\t\t\t<div class=\"elementor-gallery-item__overlay\"><\/div>\n\t\t\t\t\t\t\t\t\t\t\t\t\t\t<\/a>\n\t\t\t\t\t\t\t<a class=\"e-gallery-item elementor-gallery-item elementor-animated-content\" href=\"https:\/\/www.dspprerov.cz\/wp-content\/uploads\/2022\/07\/vgo-img-7000-scaled.jpg\" data-elementor-open-lightbox=\"yes\" data-elementor-lightbox-slideshow=\"e8560e9\" data-elementor-lightbox-title=\"VGO IMG 7000\" data-e-action-hash=\"#elementor-action%3Aaction%3Dlightbox%26settings%3DeyJpZCI6MTUwMSwidXJsIjoiaHR0cHM6XC9cL3d3dy5kc3BwcmVyb3YuY3pcL3dwLWNvbnRlbnRcL3VwbG9hZHNcLzIwMjJcLzA3XC92Z28taW1nLTcwMDAtc2NhbGVkLmpwZyIsInNsaWRlc2hvdyI6ImU4NTYwZTkifQ%3D%3D\">\n\t\t\t\t\t<div class=\"e-gallery-image elementor-gallery-item__image\" data-thumbnail=\"https:\/\/www.dspprerov.cz\/wp-content\/uploads\/2022\/07\/vgo-img-7000-300x225.jpg\" data-width=\"300\" data-height=\"225\" aria-label=\"\" role=\"img\" ><\/div>\n\t\t\t\t\t\t\t\t\t\t\t<div class=\"elementor-gallery-item__overlay\"><\/div>\n\t\t\t\t\t\t\t\t\t\t\t\t\t\t<\/a>\n\t\t\t\t\t<\/div>\n\t\t\t\t\t<\/div>\n\t\t\t\t<\/div>\n\t\t\t\t\t<\/div>\n\t\t<\/div>\n\t\t\t\t\t<\/div>\n\t\t<\/section>\n\t\t\t\t<section class=\"elementor-section elementor-top-section elementor-element elementor-element-cfeaec2 elementor-section-boxed elementor-section-height-default elementor-section-height-default\" data-id=\"cfeaec2\" data-element_type=\"section\" data-e-type=\"section\">\n\t\t\t\t\t\t<div class=\"elementor-container elementor-column-gap-default\">\n\t\t\t\t\t<div class=\"elementor-column elementor-col-100 elementor-top-column elementor-element elementor-element-1392df3\" data-id=\"1392df3\" data-element_type=\"column\" data-e-type=\"column\">\n\t\t\t<div class=\"elementor-widget-wrap elementor-element-populated\">\n\t\t\t\t\t\t<div class=\"elementor-element elementor-element-cf80113 elementor-widget elementor-widget-text-editor\" data-id=\"cf80113\" data-element_type=\"widget\" data-e-type=\"widget\" data-widget_type=\"text-editor.default\">\n\t\t\t\t<div class=\"elementor-widget-container\">\n\t\t\t\t\t\t\t\t\t<h5>Parametry przesiewaczy wst\u0119pnych VGO<br><\/h5>\n<p>Parametry nale\u017cy rozpatrywa\u0107 indywidualnie w zale\u017cno\u015bci od konkretnych warunk\u00f3w.<\/p>\n<table style=\"width: 67.6058%; height: 204px;\">\n<tbody>\n<tr style=\"height: 100px;\">\n<td style=\"height: 100px; width: 31.5789%;\" width=\"85\">\n<p><b>Oznaczenie typowe<\/b><br><\/p>\n<\/td>\n<td style=\"height: 100px; width: 18.5965%;\" width=\"86\">\n<p><b>Szeroko\u015b\u0107 powierzchni przesiewania<\/b><br><\/p>\n<\/td>\n<td style=\"height: 100px; width: 20.7018%;\" width=\"84\"><b>D\u0142ugo\u015b\u0107 powierzchni przesiewania<br>\n<\/b><\/td>\n<td style=\"height: 100px; width: 25.9649%;\" width=\"99\">\n<p><b>Pob\u00f3r mocy<\/b><br><\/p>\n<\/td>\n<\/tr>\n<tr style=\"height: 52px;\">\n<td style=\"height: 52px; width: 31.5789%;\" width=\"85\">\n<p>&#8211;<\/p>\n<\/td>\n<td style=\"height: 52px; width: 18.5965%;\" width=\"86\">\n<p>mm<\/p>\n<\/td>\n<td style=\"height: 52px; width: 20.7018%;\" width=\"84\">\n<p>mm<\/p>\n<\/td>\n<td style=\"height: 52px; width: 25.9649%;\" width=\"99\">kW<\/td>\n<\/tr>\n<tr style=\"height: 76px;\">\n<td style=\"height: 52px; width: 31.5789%;\" width=\"85\">\n<p><b>VGO 120&#215;270\/2<\/b><\/p>\n<\/td>\n<td style=\"height: 52px; width: 18.5965%;\" width=\"86\">1200<\/td>\n<td style=\"height: 52px; width: 20.7018%;\" width=\"84\">\n<p>2700<\/p>\n<\/td>\n<td style=\"height: 52px; width: 25.9649%;\" width=\"99\">15<\/td>\n<\/tr>\n<\/tbody>\n<\/table>\t\t\t\t\t\t\t\t<\/div>\n\t\t\t\t<\/div>\n\t\t\t\t\t<\/div>\n\t\t<\/div>\n\t\t\t\t\t<\/div>\n\t\t<\/section>\n\t\t\t\t<\/div>\n\t\t","protected":false},"excerpt":{"rendered":"<p>Wst\u0119pne przesiewacze wibracyjne VGO Przesiewacze wst\u0119pne VGO s\u0105 przeznaczone do odgliniania materia\u0142u na wej\u015bciu do linii technologicznej o ziarnisto\u015bci do 1m z 1 do 2 powierzchniami przesiewania. G\u00f3rna powierzchnia posiada ruszt ze szczelin\u0105 do 150mm. Dolna powierzchnia mo\u017ce posiada\u0107 sito z okami 35-63mm. Przesiewanym materia\u0142em mo\u017ce by\u0107 kruszywo, \u017cwir, rudy itp. Przesiewacze VGO wykonuj\u0105 ruch [&hellip;]<\/p>\n","protected":false},"author":3,"featured_media":0,"parent":0,"menu_order":0,"comment_status":"closed","ping_status":"closed","template":"","meta":{"_acf_changed":false,"footnotes":""},"class_list":["post-3262","page","type-page","status-publish","hentry"],"acf":[],"_links":{"self":[{"href":"https:\/\/www.dspprerov.cz\/pl\/wp-json\/wp\/v2\/pages\/3262","targetHints":{"allow":["GET"]}}],"collection":[{"href":"https:\/\/www.dspprerov.cz\/pl\/wp-json\/wp\/v2\/pages"}],"about":[{"href":"https:\/\/www.dspprerov.cz\/pl\/wp-json\/wp\/v2\/types\/page"}],"author":[{"embeddable":true,"href":"https:\/\/www.dspprerov.cz\/pl\/wp-json\/wp\/v2\/users\/3"}],"replies":[{"embeddable":true,"href":"https:\/\/www.dspprerov.cz\/pl\/wp-json\/wp\/v2\/comments?post=3262"}],"version-history":[{"count":8,"href":"https:\/\/www.dspprerov.cz\/pl\/wp-json\/wp\/v2\/pages\/3262\/revisions"}],"predecessor-version":[{"id":3270,"href":"https:\/\/www.dspprerov.cz\/pl\/wp-json\/wp\/v2\/pages\/3262\/revisions\/3270"}],"wp:attachment":[{"href":"https:\/\/www.dspprerov.cz\/pl\/wp-json\/wp\/v2\/media?parent=3262"}],"curies":[{"name":"wp","href":"https:\/\/api.w.org\/{rel}","templated":true}]}}