{"id":3237,"date":"2022-08-08T15:52:21","date_gmt":"2022-08-08T13:52:21","guid":{"rendered":"https:\/\/vx3785300.server2.imperialmedia.cz\/?page_id=3237"},"modified":"2025-02-10T13:35:12","modified_gmt":"2025-02-10T12:35:12","slug":"przesiewacze-wibracyjne-vts","status":"publish","type":"page","link":"https:\/\/www.dspprerov.cz\/pl\/przesiewacze-wibracyjne-vts\/","title":{"rendered":"Przesiewacze wibracyjne VTS"},"content":{"rendered":"\t\t<div data-elementor-type=\"wp-page\" data-elementor-id=\"3237\" class=\"elementor elementor-3237 elementor-1041\" data-elementor-post-type=\"page\">\n\t\t\t\t\t\t<section class=\"elementor-section elementor-top-section elementor-element elementor-element-b6b8908 elementor-section-content-middle elementor-section-boxed elementor-section-height-default elementor-section-height-default\" data-id=\"b6b8908\" data-element_type=\"section\" data-e-type=\"section\" data-settings=\"{&quot;background_background&quot;:&quot;classic&quot;}\">\n\t\t\t\t\t\t\t<div class=\"elementor-background-overlay\"><\/div>\n\t\t\t\t\t\t\t<div class=\"elementor-container elementor-column-gap-no\">\n\t\t\t\t\t<div class=\"elementor-column elementor-col-100 elementor-top-column elementor-element elementor-element-1deea2fe\" data-id=\"1deea2fe\" data-element_type=\"column\" data-e-type=\"column\">\n\t\t\t<div class=\"elementor-widget-wrap elementor-element-populated\">\n\t\t\t\t\t\t<div class=\"elementor-element elementor-element-301dc7b3 elementor-widget elementor-widget-heading\" data-id=\"301dc7b3\" data-element_type=\"widget\" data-e-type=\"widget\" data-widget_type=\"heading.default\">\n\t\t\t\t<div class=\"elementor-widget-container\">\n\t\t\t\t\t<h4 class=\"elementor-heading-title elementor-size-default\">Przesiewacze wibracyjne VTS<\/h4>\t\t\t\t<\/div>\n\t\t\t\t<\/div>\n\t\t\t\t\t<\/div>\n\t\t<\/div>\n\t\t\t\t\t<\/div>\n\t\t<\/section>\n\t\t\t\t<section class=\"elementor-section elementor-top-section elementor-element elementor-element-15f697f elementor-section-boxed elementor-section-height-default elementor-section-height-default\" data-id=\"15f697f\" data-element_type=\"section\" data-e-type=\"section\">\n\t\t\t\t\t\t<div class=\"elementor-container elementor-column-gap-default\">\n\t\t\t\t\t<div class=\"elementor-column elementor-col-50 elementor-top-column elementor-element elementor-element-cb280fc\" data-id=\"cb280fc\" data-element_type=\"column\" data-e-type=\"column\">\n\t\t\t<div class=\"elementor-widget-wrap elementor-element-populated\">\n\t\t\t\t\t\t<div class=\"elementor-element elementor-element-05455fd elementor-widget__width-initial elementor-widget elementor-widget-text-editor\" data-id=\"05455fd\" data-element_type=\"widget\" data-e-type=\"widget\" data-widget_type=\"text-editor.default\">\n\t\t\t\t<div class=\"elementor-widget-container\">\n\t\t\t\t\t\t\t\t\t<p>Przesiewacze VTS s\u0105 przeznaczone do przesiewania ziarnistych materia\u0142\u00f3w o ziarnisto\u015bci 0 &#8211; 200 mm na sitach z okami 2 &#8211; 63 mm. Przesiewanym materia\u0142em mo\u017ce by\u0107 kruszony kamie\u0144, \u017cwir, rudy, w\u0119giel, koks itp. Przesiewacze VTS umo\u017cliwiaj\u0105 suchy i mokry spos\u00f3b przesiewania. Najcz\u0119stszym sposobem wykorzystania tych przesiewaczy jest odglinianie materia\u0142u na wej\u015bciu do linii technologicznej.<\/p>\n<p>Przesiewacze VTS nap\u0119dzaj\u0105 dwa podwieszane wibratory umocowane na bokach \u015bciany bocznej przesiewacza. Zmian\u0119 amplitudy przeprowadza si\u0119 przez nastawienie mimo\u015brodu wibrator\u00f3w.<\/p><p>Przesiewacze VTS s\u0105 produkowane z 1 powierzchni\u0105 przesiewania. Powierzchnie przesiewania mog\u0105 by\u0107 stalowe, gumowe lub poliuretanowe.<\/p>\t\t\t\t\t\t\t\t<\/div>\n\t\t\t\t<\/div>\n\t\t\t\t<div class=\"elementor-element elementor-element-d04ef9c elementor-widget elementor-widget-text-editor\" data-id=\"d04ef9c\" data-element_type=\"widget\" data-e-type=\"widget\" data-widget_type=\"text-editor.default\">\n\t\t\t\t<div class=\"elementor-widget-container\">\n\t\t\t\t\t\t\t\t\t<h4>Przesiewacze VTS = wiele zalet:<\/h4><ul><li>odporno\u015b\u0107 na klinowanie i zalepianie przesiewanego materia\u0142u na powierzchni przesiewania,<\/li><li>minimalne koszty eksploatacji, kt\u00f3re s\u0105 wynikiem wywa\u017conej konstrukcji maszyny, wykorzystanie wieloletniego do\u015bwiadczenia w eksploatacji przesiewaczy i unifikacji cz\u0119\u015bci,<\/li><li>\u0142atwa wymiana powierzchni przesiewania,<\/li><li>\u0142atwa kontrola wzrokowa procesu przesiewania i stanu powierzchni przesiewania,<\/li><li><b>wysoka jako\u015b\u0107 = wysoka efektywno\u015b\u0107 + gospodarno\u015b\u0107.<\/b><\/li><\/ul>\t\t\t\t\t\t\t\t<\/div>\n\t\t\t\t<\/div>\n\t\t\t\t\t<\/div>\n\t\t<\/div>\n\t\t\t\t<div class=\"elementor-column elementor-col-50 elementor-top-column elementor-element elementor-element-71b6915\" data-id=\"71b6915\" data-element_type=\"column\" data-e-type=\"column\">\n\t\t\t<div class=\"elementor-widget-wrap elementor-element-populated\">\n\t\t\t\t\t\t<div class=\"elementor-element elementor-element-38a8613 elementor-widget elementor-widget-image\" data-id=\"38a8613\" data-element_type=\"widget\" data-e-type=\"widget\" data-widget_type=\"image.default\">\n\t\t\t\t<div class=\"elementor-widget-container\">\n\t\t\t\t\t\t\t\t\t\t\t\t\t\t\t<img fetchpriority=\"high\" decoding=\"async\" width=\"800\" height=\"600\" src=\"https:\/\/www.dspprerov.cz\/wp-content\/uploads\/2022\/07\/vts-1.jpg\" class=\"attachment-large size-large wp-image-2470\" alt=\"\" srcset=\"https:\/\/www.dspprerov.cz\/wp-content\/uploads\/2022\/07\/vts-1.jpg 800w, https:\/\/www.dspprerov.cz\/wp-content\/uploads\/2022\/07\/vts-1-300x225.jpg 300w, https:\/\/www.dspprerov.cz\/wp-content\/uploads\/2022\/07\/vts-1-768x576.jpg 768w\" sizes=\"(max-width: 800px) 100vw, 800px\" \/>\t\t\t\t\t\t\t\t\t\t\t\t\t\t\t<\/div>\n\t\t\t\t<\/div>\n\t\t\t\t<div class=\"elementor-element elementor-element-226a917 elementor-widget elementor-widget-image\" data-id=\"226a917\" data-element_type=\"widget\" data-e-type=\"widget\" data-widget_type=\"image.default\">\n\t\t\t\t<div class=\"elementor-widget-container\">\n\t\t\t\t\t\t\t\t\t\t\t\t\t\t\t<img decoding=\"async\" width=\"400\" height=\"309\" src=\"https:\/\/www.dspprerov.cz\/wp-content\/uploads\/2022\/07\/vts2.jpg\" class=\"attachment-large size-large wp-image-2485\" alt=\"\" srcset=\"https:\/\/www.dspprerov.cz\/wp-content\/uploads\/2022\/07\/vts2.jpg 400w, https:\/\/www.dspprerov.cz\/wp-content\/uploads\/2022\/07\/vts2-300x232.jpg 300w\" sizes=\"(max-width: 400px) 100vw, 400px\" \/>\t\t\t\t\t\t\t\t\t\t\t\t\t\t\t<\/div>\n\t\t\t\t<\/div>\n\t\t\t\t\t<\/div>\n\t\t<\/div>\n\t\t\t\t\t<\/div>\n\t\t<\/section>\n\t\t\t\t<section class=\"elementor-section elementor-top-section elementor-element elementor-element-bd38e5e elementor-section-boxed elementor-section-height-default elementor-section-height-default\" data-id=\"bd38e5e\" data-element_type=\"section\" data-e-type=\"section\">\n\t\t\t\t\t\t<div class=\"elementor-container elementor-column-gap-default\">\n\t\t\t\t\t<div class=\"elementor-column elementor-col-100 elementor-top-column elementor-element elementor-element-0eb3787\" data-id=\"0eb3787\" data-element_type=\"column\" data-e-type=\"column\">\n\t\t\t<div class=\"elementor-widget-wrap elementor-element-populated\">\n\t\t\t\t\t\t<div class=\"elementor-element elementor-element-554901a elementor-widget elementor-widget-image-gallery\" data-id=\"554901a\" data-element_type=\"widget\" data-e-type=\"widget\" data-widget_type=\"image-gallery.default\">\n\t\t\t\t<div class=\"elementor-widget-container\">\n\t\t\t\t\t\t\t<div class=\"elementor-image-gallery\">\n\t\t\t<div class=\"wpmf-gallerys wpmf-gallerys-life \" ><div id=\"gallery-1\" class=\"gallery gallery_life wpmf_gallery_default gallery_default  gallery-columns-5 gallery-size-medium gallery-link-file wpmf-has-border-radius-0 wpmf-gutterwidth-5 no_ratio\"><figure class=\"wpmf-gallery-item\" data-index=\"0\"><div class=\"wpmf-gallery-icon\"><div class=\"square_thumbnail\"><div class=\"img_centered\"><a class=\" not_video noLightbox\" data-lightbox=\"1\" data-href=\"https:\/\/www.dspprerov.cz\/wp-content\/uploads\/2022\/07\/vts-1024x772.jpg\" title=\"vts\" target=\"_self\" data-index=\"0\"><img decoding=\"async\" class=\"wpmf_img\" alt=\"vts\" src=\"https:\/\/www.dspprerov.cz\/wp-content\/uploads\/2022\/07\/vts-300x226.jpg\" data-type=\"wpmfgalleryimg\" data-lazy-src=\"https:\/\/www.dspprerov.cz\/wp-content\/uploads\/2022\/07\/vts-300x226.jpg\"><\/a><\/div><\/div><\/div><\/figure><figure class=\"wpmf-gallery-item\" data-index=\"1\"><div class=\"wpmf-gallery-icon\"><div class=\"square_thumbnail\"><div class=\"img_centered\"><a class=\" not_video noLightbox\" data-lightbox=\"1\" data-href=\"https:\/\/www.dspprerov.cz\/wp-content\/uploads\/2022\/07\/vts-3.jpg\" title=\"vts-3\" target=\"_self\" data-index=\"1\"><img decoding=\"async\" class=\"wpmf_img\" alt=\"vts-3\" src=\"https:\/\/www.dspprerov.cz\/wp-content\/uploads\/2022\/07\/vts-3-300x225.jpg\" data-type=\"wpmfgalleryimg\" data-lazy-src=\"https:\/\/www.dspprerov.cz\/wp-content\/uploads\/2022\/07\/vts-3-300x225.jpg\"><\/a><\/div><\/div><\/div><\/figure><figure class=\"wpmf-gallery-item\" data-index=\"2\"><div class=\"wpmf-gallery-icon\"><div class=\"square_thumbnail\"><div class=\"img_centered\"><a class=\" not_video noLightbox\" data-lightbox=\"1\" data-href=\"https:\/\/www.dspprerov.cz\/wp-content\/uploads\/2022\/07\/vts-2.jpg\" title=\"vts-2\" target=\"_self\" data-index=\"2\"><img decoding=\"async\" class=\"wpmf_img\" alt=\"vts-2\" src=\"https:\/\/www.dspprerov.cz\/wp-content\/uploads\/2022\/07\/vts-2-300x225.jpg\" data-type=\"wpmfgalleryimg\" data-lazy-src=\"https:\/\/www.dspprerov.cz\/wp-content\/uploads\/2022\/07\/vts-2-300x225.jpg\"><\/a><\/div><\/div><\/div><\/figure><\/div><\/div>\t\t<\/div>\n\t\t\t\t\t\t<\/div>\n\t\t\t\t<\/div>\n\t\t\t\t\t<\/div>\n\t\t<\/div>\n\t\t\t\t\t<\/div>\n\t\t<\/section>\n\t\t\t\t<section class=\"elementor-section elementor-top-section elementor-element elementor-element-cfeaec2 elementor-section-boxed elementor-section-height-default elementor-section-height-default\" data-id=\"cfeaec2\" data-element_type=\"section\" data-e-type=\"section\">\n\t\t\t\t\t\t<div class=\"elementor-container elementor-column-gap-default\">\n\t\t\t\t\t<div class=\"elementor-column elementor-col-100 elementor-top-column elementor-element elementor-element-1392df3\" data-id=\"1392df3\" data-element_type=\"column\" data-e-type=\"column\">\n\t\t\t<div class=\"elementor-widget-wrap elementor-element-populated\">\n\t\t\t\t\t\t<div class=\"elementor-element elementor-element-cf80113 elementor-widget elementor-widget-text-editor\" data-id=\"cf80113\" data-element_type=\"widget\" data-e-type=\"widget\" data-widget_type=\"text-editor.default\">\n\t\t\t\t<div class=\"elementor-widget-container\">\n\t\t\t\t\t\t\t\t\t<h5>Parametry przesiewaczy VTS<br><\/h5>\n<p>Parametry nale\u017cy rozpatrywa\u0107 indywidualnie w zale\u017cno\u015bci od konkretnych warunk\u00f3w.<\/p>\n<table style=\"width: 80.9446%; height: 215px;\">\n<tbody>\n<tr style=\"height: 100px;\">\n<td style=\"height: 100px;\" width=\"85\">\n<p><b>Oznaczenie typowe<\/b><br><\/p>\n<\/td>\n<td style=\"height: 100px;\" width=\"86\">\n<p><b>Szeroko\u015b\u0107 powierzchni przesiewania<\/b><br><\/p>\n<\/td>\n<td style=\"height: 100px;\" width=\"84\">\n<p><b>D\u0142ugo\u015b\u0107 powierzchni przesiewania<\/b><br><\/p>\n<\/td>\n<td style=\"height: 100px;\" width=\"99\">\n<p><b>Liczba powierzchni przesiewania<\/b><br><\/p>\n<\/td>\n<td style=\"height: 100px;\" width=\"86\">\n<p><b>Pob\u00f3r mocy<\/b><br><\/p>\n<\/td>\n<\/tr>\n<tr style=\"height: 52px;\">\n<td style=\"height: 52px;\" width=\"85\">\n<p>&#8211;<\/p>\n<\/td>\n<td style=\"height: 52px;\" width=\"86\">\n<p>mm<\/p>\n<\/td>\n<td style=\"height: 52px;\" width=\"84\">\n<p>mm<\/p><\/td><td style=\"height: 52px;\" width=\"99\">szt.<\/td>\n<td style=\"height: 52px;\" width=\"86\">kW<\/td>\n<\/tr>\n<tr style=\"height: 76px;\">\n<td style=\"height: 63px;\" width=\"85\">\n<p><b>VTS 100&#215;200\/1<\/b><\/p>\n<\/td>\n<td style=\"height: 63px;\" width=\"86\">\n<p>1000<\/p>\n<\/td>\n<td style=\"height: 63px;\" width=\"84\">\n<p>2000<\/p>\n<\/td>\n<td style=\"height: 63px;\" width=\"99\">1<\/td>\n<td style=\"height: 63px;\" width=\"86\">\n<p>2&#215;2,7<\/p>\n<\/td>\n<\/tr>\n<\/tbody>\n<\/table>\t\t\t\t\t\t\t\t<\/div>\n\t\t\t\t<\/div>\n\t\t\t\t\t<\/div>\n\t\t<\/div>\n\t\t\t\t\t<\/div>\n\t\t<\/section>\n\t\t\t\t<\/div>\n\t\t","protected":false},"excerpt":{"rendered":"<p>Przesiewacze wibracyjne VTS Przesiewacze VTS s\u0105 przeznaczone do przesiewania ziarnistych materia\u0142\u00f3w o ziarnisto\u015bci 0 &#8211; 200 mm na sitach z okami 2 &#8211; 63 mm. Przesiewanym materia\u0142em mo\u017ce by\u0107 kruszony kamie\u0144, \u017cwir, rudy, w\u0119giel, koks itp. Przesiewacze VTS umo\u017cliwiaj\u0105 suchy i mokry spos\u00f3b przesiewania. Najcz\u0119stszym sposobem wykorzystania tych przesiewaczy jest odglinianie materia\u0142u na wej\u015bciu do [&hellip;]<\/p>\n","protected":false},"author":3,"featured_media":0,"parent":0,"menu_order":0,"comment_status":"closed","ping_status":"closed","template":"","meta":{"_acf_changed":false,"footnotes":""},"class_list":["post-3237","page","type-page","status-publish","hentry"],"acf":[],"_links":{"self":[{"href":"https:\/\/www.dspprerov.cz\/pl\/wp-json\/wp\/v2\/pages\/3237","targetHints":{"allow":["GET"]}}],"collection":[{"href":"https:\/\/www.dspprerov.cz\/pl\/wp-json\/wp\/v2\/pages"}],"about":[{"href":"https:\/\/www.dspprerov.cz\/pl\/wp-json\/wp\/v2\/types\/page"}],"author":[{"embeddable":true,"href":"https:\/\/www.dspprerov.cz\/pl\/wp-json\/wp\/v2\/users\/3"}],"replies":[{"embeddable":true,"href":"https:\/\/www.dspprerov.cz\/pl\/wp-json\/wp\/v2\/comments?post=3237"}],"version-history":[{"count":8,"href":"https:\/\/www.dspprerov.cz\/pl\/wp-json\/wp\/v2\/pages\/3237\/revisions"}],"predecessor-version":[{"id":6476,"href":"https:\/\/www.dspprerov.cz\/pl\/wp-json\/wp\/v2\/pages\/3237\/revisions\/6476"}],"wp:attachment":[{"href":"https:\/\/www.dspprerov.cz\/pl\/wp-json\/wp\/v2\/media?parent=3237"}],"curies":[{"name":"wp","href":"https:\/\/api.w.org\/{rel}","templated":true}]}}