{"id":3208,"date":"2022-08-08T14:03:02","date_gmt":"2022-08-08T12:03:02","guid":{"rendered":"https:\/\/vx3785300.server2.imperialmedia.cz\/?page_id=3208"},"modified":"2022-08-08T14:06:50","modified_gmt":"2022-08-08T12:06:50","slug":"przesiewacze-wibracyjne-vte","status":"publish","type":"page","link":"https:\/\/www.dspprerov.cz\/pl\/przesiewacze-wibracyjne-vte\/","title":{"rendered":"Przesiewacze wibracyjne VTE"},"content":{"rendered":"\t\t<div data-elementor-type=\"wp-page\" data-elementor-id=\"3208\" class=\"elementor elementor-3208 elementor-1047\" data-elementor-post-type=\"page\">\n\t\t\t\t\t\t<section class=\"elementor-section elementor-top-section elementor-element elementor-element-b6b8908 elementor-section-content-middle elementor-section-boxed elementor-section-height-default elementor-section-height-default\" data-id=\"b6b8908\" data-element_type=\"section\" data-e-type=\"section\" data-settings=\"{&quot;background_background&quot;:&quot;classic&quot;}\">\n\t\t\t\t\t\t\t<div class=\"elementor-background-overlay\"><\/div>\n\t\t\t\t\t\t\t<div class=\"elementor-container elementor-column-gap-no\">\n\t\t\t\t\t<div class=\"elementor-column elementor-col-100 elementor-top-column elementor-element elementor-element-1deea2fe\" data-id=\"1deea2fe\" data-element_type=\"column\" data-e-type=\"column\">\n\t\t\t<div class=\"elementor-widget-wrap elementor-element-populated\">\n\t\t\t\t\t\t<div class=\"elementor-element elementor-element-301dc7b3 elementor-widget elementor-widget-heading\" data-id=\"301dc7b3\" data-element_type=\"widget\" data-e-type=\"widget\" data-widget_type=\"heading.default\">\n\t\t\t\t<div class=\"elementor-widget-container\">\n\t\t\t\t\t<h4 class=\"elementor-heading-title elementor-size-default\">Przesiewacze wibracyjne VTE<\/h4>\t\t\t\t<\/div>\n\t\t\t\t<\/div>\n\t\t\t\t\t<\/div>\n\t\t<\/div>\n\t\t\t\t\t<\/div>\n\t\t<\/section>\n\t\t\t\t<section class=\"elementor-section elementor-top-section elementor-element elementor-element-15f697f elementor-section-boxed elementor-section-height-default elementor-section-height-default\" data-id=\"15f697f\" data-element_type=\"section\" data-e-type=\"section\">\n\t\t\t\t\t\t<div class=\"elementor-container elementor-column-gap-default\">\n\t\t\t\t\t<div class=\"elementor-column elementor-col-50 elementor-top-column elementor-element elementor-element-cb280fc\" data-id=\"cb280fc\" data-element_type=\"column\" data-e-type=\"column\">\n\t\t\t<div class=\"elementor-widget-wrap elementor-element-populated\">\n\t\t\t\t\t\t<div class=\"elementor-element elementor-element-05455fd elementor-widget elementor-widget-text-editor\" data-id=\"05455fd\" data-element_type=\"widget\" data-e-type=\"widget\" data-widget_type=\"text-editor.default\">\n\t\t\t\t<div class=\"elementor-widget-container\">\n\t\t\t\t\t\t\t\t\t<p>Przesiewacze VTE s\u0105 przeznaczone do przesiewania ziarnistych materia\u0142\u00f3w o ziarnisto\u015bci 0 &#8211; 200 mm na sitach z okami 2 &#8211; 63 mm. Przesiewanym materia\u0142em mo\u017ce by\u0107 kruszony kamie\u0144, \u017cwir, rudy, w\u0119giel, koks itp. Przesiewacze VTE umo\u017cliwiaj\u0105 suchy i mokry spos\u00f3b przesiewania.<\/p>\n<p>Przesiewacze VTE wykonuj\u0105 nieukierunkowany ruch eliptyczny. Ruch jest wzbudzany wibratorem umieszczonym nad \u015brodkiem ci\u0119\u017cko\u015bci maszyny.<\/p>\n<p>Przesiewacze VTE s\u0105 produkowane z 1 &#8211; 3 powierzchniami przesiewania. Powierzchnie przesiewania mog\u0105 by\u0107 stalowe, gumowe lub z tworzywa.<br><\/p>\t\t\t\t\t\t\t\t<\/div>\n\t\t\t\t<\/div>\n\t\t\t\t<div class=\"elementor-element elementor-element-d04ef9c elementor-widget elementor-widget-text-editor\" data-id=\"d04ef9c\" data-element_type=\"widget\" data-e-type=\"widget\" data-widget_type=\"text-editor.default\">\n\t\t\t\t<div class=\"elementor-widget-container\">\n\t\t\t\t\t\t\t\t\t<h4>Przesiewacze VTE = wiele zalet:<\/h4><ul><li>odporno\u015b\u0107 na klinowanie i zalepianie przesiewanym materia\u0142em na powierzchniach przesiewania,<\/li><li>minimalne koszty eksploatacji, kt\u00f3re s\u0105 wynikiem wywa\u017conej konstrukcji maszyny, wykorzystanie wieloletniego do\u015bwiadczenia w eksploatacji przesiewaczy i unifikacji cz\u0119\u015bci,<\/li><li>\u0142atwa wymiana powierzchni przesiewania,<\/li><li>\u0142atwa kontrola wzrokowa procesu przesiewania i stanu powierzchni przesiewania za pomoc\u0105 otwor\u00f3w rewizyjnych,<\/li><li><b>wysoka jako\u015b\u0107 = wysoka efektywno\u015b\u0107 + gospodarno\u015b\u0107.<\/b><\/li><\/ul>\t\t\t\t\t\t\t\t<\/div>\n\t\t\t\t<\/div>\n\t\t\t\t\t<\/div>\n\t\t<\/div>\n\t\t\t\t<div class=\"elementor-column elementor-col-50 elementor-top-column elementor-element elementor-element-71b6915\" data-id=\"71b6915\" data-element_type=\"column\" data-e-type=\"column\">\n\t\t\t<div class=\"elementor-widget-wrap elementor-element-populated\">\n\t\t\t\t\t\t<div class=\"elementor-element elementor-element-38a8613 elementor-widget elementor-widget-image\" data-id=\"38a8613\" data-element_type=\"widget\" data-e-type=\"widget\" data-widget_type=\"image.default\">\n\t\t\t\t<div class=\"elementor-widget-container\">\n\t\t\t\t\t\t\t\t\t\t\t\t\t\t\t<img fetchpriority=\"high\" decoding=\"async\" width=\"400\" height=\"300\" src=\"https:\/\/www.dspprerov.cz\/wp-content\/uploads\/2022\/07\/vte5.jpg\" class=\"attachment-large size-large wp-image-2448\" alt=\"\" srcset=\"https:\/\/www.dspprerov.cz\/wp-content\/uploads\/2022\/07\/vte5.jpg 400w, https:\/\/www.dspprerov.cz\/wp-content\/uploads\/2022\/07\/vte5-300x225.jpg 300w\" sizes=\"(max-width: 400px) 100vw, 400px\" \/>\t\t\t\t\t\t\t\t\t\t\t\t\t\t\t<\/div>\n\t\t\t\t<\/div>\n\t\t\t\t<div class=\"elementor-element elementor-element-226a917 elementor-widget elementor-widget-image\" data-id=\"226a917\" data-element_type=\"widget\" data-e-type=\"widget\" data-widget_type=\"image.default\">\n\t\t\t\t<div class=\"elementor-widget-container\">\n\t\t\t\t\t\t\t\t\t\t\t\t\t\t\t<img decoding=\"async\" width=\"800\" height=\"375\" src=\"https:\/\/www.dspprerov.cz\/wp-content\/uploads\/2022\/07\/vte-160x300-118-1024x480.png\" class=\"attachment-large size-large wp-image-2418\" alt=\"\" srcset=\"https:\/\/www.dspprerov.cz\/wp-content\/uploads\/2022\/07\/vte-160x300-118-1024x480.png 1024w, https:\/\/www.dspprerov.cz\/wp-content\/uploads\/2022\/07\/vte-160x300-118-300x141.png 300w, https:\/\/www.dspprerov.cz\/wp-content\/uploads\/2022\/07\/vte-160x300-118-768x360.png 768w, https:\/\/www.dspprerov.cz\/wp-content\/uploads\/2022\/07\/vte-160x300-118.png 1500w\" sizes=\"(max-width: 800px) 100vw, 800px\" \/>\t\t\t\t\t\t\t\t\t\t\t\t\t\t\t<\/div>\n\t\t\t\t<\/div>\n\t\t\t\t\t<\/div>\n\t\t<\/div>\n\t\t\t\t\t<\/div>\n\t\t<\/section>\n\t\t\t\t<section class=\"elementor-section elementor-top-section elementor-element elementor-element-bd38e5e elementor-section-boxed elementor-section-height-default elementor-section-height-default\" data-id=\"bd38e5e\" data-element_type=\"section\" data-e-type=\"section\">\n\t\t\t\t\t\t<div class=\"elementor-container elementor-column-gap-default\">\n\t\t\t\t\t<div class=\"elementor-column elementor-col-100 elementor-top-column elementor-element elementor-element-0eb3787\" data-id=\"0eb3787\" data-element_type=\"column\" data-e-type=\"column\">\n\t\t\t<div class=\"elementor-widget-wrap elementor-element-populated\">\n\t\t\t\t\t\t<div class=\"elementor-element elementor-element-554901a elementor-widget elementor-widget-image-gallery\" data-id=\"554901a\" data-element_type=\"widget\" data-e-type=\"widget\" data-widget_type=\"image-gallery.default\">\n\t\t\t\t<div class=\"elementor-widget-container\">\n\t\t\t\t\t\t\t<div class=\"elementor-image-gallery\">\n\t\t\t<div class=\"wpmf-gallerys wpmf-gallerys-life \" ><div id=\"gallery-1\" class=\"gallery gallery_life wpmf_gallery_default gallery_default  gallery-columns-5 gallery-size-medium gallery-link-file wpmf-has-border-radius-0 wpmf-gutterwidth-5 no_ratio\"><figure class=\"wpmf-gallery-item\" data-index=\"0\"><div class=\"wpmf-gallery-icon\"><div class=\"square_thumbnail\"><div class=\"img_centered\"><a class=\" not_video noLightbox\" data-lightbox=\"1\" data-href=\"https:\/\/www.dspprerov.cz\/wp-content\/uploads\/2022\/07\/vte6.jpg\" title=\"OLYMPUS DIGITAL CAMERA\" target=\"_self\" data-index=\"0\"><img decoding=\"async\" class=\"wpmf_img\" alt=\"OLYMPUS DIGITAL CAMERA\" src=\"https:\/\/www.dspprerov.cz\/wp-content\/uploads\/2022\/07\/vte6-300x225.jpg\" data-type=\"wpmfgalleryimg\" data-lazy-src=\"https:\/\/www.dspprerov.cz\/wp-content\/uploads\/2022\/07\/vte6-300x225.jpg\"><\/a><\/div><\/div><\/div><figcaption class=\"wp-caption-text gallery-caption\">OLYMPUS DIGITAL CAMERA<\/figcaption><\/figure><figure class=\"wpmf-gallery-item\" data-index=\"1\"><div class=\"wpmf-gallery-icon\"><div class=\"square_thumbnail\"><div class=\"img_centered\"><a class=\" not_video noLightbox\" data-lightbox=\"1\" data-href=\"https:\/\/www.dspprerov.cz\/wp-content\/uploads\/2022\/07\/vte2.jpg\" title=\"vte2\" target=\"_self\" data-index=\"1\"><img decoding=\"async\" class=\"wpmf_img\" alt=\"vte2\" src=\"https:\/\/www.dspprerov.cz\/wp-content\/uploads\/2022\/07\/vte2-300x225.jpg\" data-type=\"wpmfgalleryimg\" data-lazy-src=\"https:\/\/www.dspprerov.cz\/wp-content\/uploads\/2022\/07\/vte2-300x225.jpg\"><\/a><\/div><\/div><\/div><\/figure><figure class=\"wpmf-gallery-item\" data-index=\"2\"><div class=\"wpmf-gallery-icon\"><div class=\"square_thumbnail\"><div class=\"img_centered\"><a class=\" not_video noLightbox\" data-lightbox=\"1\" data-href=\"https:\/\/www.dspprerov.cz\/wp-content\/uploads\/2022\/07\/vte-3-1024x768.jpg\" title=\"OLYMPUS DIGITAL CAMERA\" target=\"_self\" data-index=\"2\"><img decoding=\"async\" class=\"wpmf_img\" alt=\"OLYMPUS DIGITAL CAMERA\" src=\"https:\/\/www.dspprerov.cz\/wp-content\/uploads\/2022\/07\/vte-3-300x225.jpg\" data-type=\"wpmfgalleryimg\" data-lazy-src=\"https:\/\/www.dspprerov.cz\/wp-content\/uploads\/2022\/07\/vte-3-300x225.jpg\"><\/a><\/div><\/div><\/div><figcaption class=\"wp-caption-text gallery-caption\">OLYMPUS DIGITAL CAMERA<\/figcaption><\/figure><\/div><\/div>\t\t<\/div>\n\t\t\t\t\t\t<\/div>\n\t\t\t\t<\/div>\n\t\t\t\t\t<\/div>\n\t\t<\/div>\n\t\t\t\t\t<\/div>\n\t\t<\/section>\n\t\t\t\t<section class=\"elementor-section elementor-top-section elementor-element elementor-element-cfeaec2 elementor-section-boxed elementor-section-height-default elementor-section-height-default\" data-id=\"cfeaec2\" data-element_type=\"section\" data-e-type=\"section\">\n\t\t\t\t\t\t<div class=\"elementor-container elementor-column-gap-default\">\n\t\t\t\t\t<div class=\"elementor-column elementor-col-100 elementor-top-column elementor-element elementor-element-1392df3\" data-id=\"1392df3\" data-element_type=\"column\" data-e-type=\"column\">\n\t\t\t<div class=\"elementor-widget-wrap elementor-element-populated\">\n\t\t\t\t\t\t<div class=\"elementor-element elementor-element-cf80113 elementor-widget elementor-widget-text-editor\" data-id=\"cf80113\" data-element_type=\"widget\" data-e-type=\"widget\" data-widget_type=\"text-editor.default\">\n\t\t\t\t<div class=\"elementor-widget-container\">\n\t\t\t\t\t\t\t\t\t<h5>Parametry przesiewaczy VTE<br><\/h5>\n<p>Parametry nale\u017cy rozwi\u0105zywa\u0107 indywidualnie w zale\u017cno\u015bci od konkretnych warunk\u00f3w.<\/p>\n<table style=\"width: 80.9446%; height: 356px;\">\n<tbody>\n<tr style=\"height: 100px;\">\n<td style=\"height: 100px;\" width=\"85\">\n<p><b>Oznaczenie typowe<\/b><br><\/p>\n<\/td>\n<td style=\"height: 100px;\" width=\"86\">\n<p><b>Szeroko\u015b\u0107 powierzchni przesiewania<\/b><br><\/p>\n<\/td>\n<td style=\"height: 100px;\" width=\"84\">\n<p><b>D\u0142ugo\u015b\u0107 powierzchni przesiewania<\/b><br><\/p>\n<\/td>\n<td style=\"height: 100px;\" width=\"99\">\n<p><b>Liczba powierzchni przesiewania<\/b><br><\/p>\n<\/td>\n<td style=\"height: 100px;\" width=\"86\">\n<p><b>Pob\u00f3r mocy<\/b><br><\/p>\n<\/td>\n<\/tr>\n<tr style=\"height: 52px;\">\n<td style=\"height: 52px;\" width=\"85\">\n<p>&#8211;<\/p>\n<\/td>\n<td style=\"height: 52px;\" width=\"86\">\n<p>mm<\/p>\n<\/td>\n<td style=\"height: 52px;\" width=\"84\">\n<p>mm<\/p>\n<\/td>\n<td style=\"height: 52px;\" width=\"99\">\n<p>szt.<\/p>\n<\/td>\n<td style=\"height: 52px;\" width=\"86\">kW<\/td>\n<\/tr>\n<tr style=\"height: 76px;\">\n<td style=\"height: 63px;\" width=\"85\">\n<p><b>VTE 100&#215;300<\/b><\/p>\n<\/td>\n<td style=\"height: 63px;\" width=\"86\">\n<p>1000<\/p>\n<\/td>\n<td style=\"height: 63px;\" width=\"84\">\n<p>3000<\/p>\n<\/td>\n<td style=\"height: 63px;\" width=\"99\">1-3<\/td>\n<td style=\"height: 63px;\" width=\"86\">\n<p>4,5<\/p>\n<\/td>\n<\/tr>\n<tr style=\"height: 76px;\">\n<td style=\"height: 76px;\">\n<p><b>&nbsp;VTE 120&#215;300<\/b><\/p>\n<\/td>\n<td style=\"height: 76px;\">1200<\/td>\n<td style=\"height: 76px;\">3000<\/td>\n<td style=\"height: 76px;\">&nbsp;1-3<\/td>\n<td style=\"height: 76px;\">4,5<\/td>\n<\/tr>\n<tr style=\"height: 65px;\">\n<td style=\"height: 65px;\">\n<p><b>&nbsp;VTE 160&#215;300<\/b><\/p>\n<\/td>\n<td style=\"height: 65px;\">1600<\/td>\n<td style=\"height: 65px;\">3000<\/td>\n<td style=\"height: 65px;\">&nbsp;1-2<\/td>\n<td style=\"height: 65px;\">4,5<\/td>\n<\/tr>\n<\/tbody>\n<\/table>\t\t\t\t\t\t\t\t<\/div>\n\t\t\t\t<\/div>\n\t\t\t\t\t<\/div>\n\t\t<\/div>\n\t\t\t\t\t<\/div>\n\t\t<\/section>\n\t\t\t\t<\/div>\n\t\t","protected":false},"excerpt":{"rendered":"<p>Przesiewacze wibracyjne VTE Przesiewacze VTE s\u0105 przeznaczone do przesiewania ziarnistych materia\u0142\u00f3w o ziarnisto\u015bci 0 &#8211; 200 mm na sitach z okami 2 &#8211; 63 mm. Przesiewanym materia\u0142em mo\u017ce by\u0107 kruszony kamie\u0144, \u017cwir, rudy, w\u0119giel, koks itp. Przesiewacze VTE umo\u017cliwiaj\u0105 suchy i mokry spos\u00f3b przesiewania. Przesiewacze VTE wykonuj\u0105 nieukierunkowany ruch eliptyczny. Ruch jest wzbudzany wibratorem umieszczonym [&hellip;]<\/p>\n","protected":false},"author":3,"featured_media":0,"parent":0,"menu_order":0,"comment_status":"closed","ping_status":"closed","template":"","meta":{"_acf_changed":false,"footnotes":""},"class_list":["post-3208","page","type-page","status-publish","hentry"],"acf":[],"_links":{"self":[{"href":"https:\/\/www.dspprerov.cz\/pl\/wp-json\/wp\/v2\/pages\/3208","targetHints":{"allow":["GET"]}}],"collection":[{"href":"https:\/\/www.dspprerov.cz\/pl\/wp-json\/wp\/v2\/pages"}],"about":[{"href":"https:\/\/www.dspprerov.cz\/pl\/wp-json\/wp\/v2\/types\/page"}],"author":[{"embeddable":true,"href":"https:\/\/www.dspprerov.cz\/pl\/wp-json\/wp\/v2\/users\/3"}],"replies":[{"embeddable":true,"href":"https:\/\/www.dspprerov.cz\/pl\/wp-json\/wp\/v2\/comments?post=3208"}],"version-history":[{"count":4,"href":"https:\/\/www.dspprerov.cz\/pl\/wp-json\/wp\/v2\/pages\/3208\/revisions"}],"predecessor-version":[{"id":3212,"href":"https:\/\/www.dspprerov.cz\/pl\/wp-json\/wp\/v2\/pages\/3208\/revisions\/3212"}],"wp:attachment":[{"href":"https:\/\/www.dspprerov.cz\/pl\/wp-json\/wp\/v2\/media?parent=3208"}],"curies":[{"name":"wp","href":"https:\/\/api.w.org\/{rel}","templated":true}]}}