{"id":3130,"date":"2022-08-08T12:25:12","date_gmt":"2022-08-08T10:25:12","guid":{"rendered":"https:\/\/vx3785300.server2.imperialmedia.cz\/?page_id=3130"},"modified":"2022-08-08T12:28:51","modified_gmt":"2022-08-08T10:28:51","slug":"kontenerowe-jednostki-kruszace-ccu","status":"publish","type":"page","link":"https:\/\/www.dspprerov.cz\/pl\/kontenerowe-jednostki-kruszace-ccu\/","title":{"rendered":"Kontenerowe jednostki krusz\u0105ce CCU"},"content":{"rendered":"\t\t<div data-elementor-type=\"wp-page\" data-elementor-id=\"3130\" class=\"elementor elementor-3130 elementor-1015\" data-elementor-post-type=\"page\">\n\t\t\t\t\t\t<section class=\"elementor-section elementor-top-section elementor-element elementor-element-b6b8908 elementor-section-content-middle elementor-section-boxed elementor-section-height-default elementor-section-height-default\" data-id=\"b6b8908\" data-element_type=\"section\" data-e-type=\"section\" data-settings=\"{&quot;background_background&quot;:&quot;classic&quot;}\">\n\t\t\t\t\t\t\t<div class=\"elementor-background-overlay\"><\/div>\n\t\t\t\t\t\t\t<div class=\"elementor-container elementor-column-gap-no\">\n\t\t\t\t\t<div class=\"elementor-column elementor-col-100 elementor-top-column elementor-element elementor-element-1deea2fe\" data-id=\"1deea2fe\" data-element_type=\"column\" data-e-type=\"column\">\n\t\t\t<div class=\"elementor-widget-wrap elementor-element-populated\">\n\t\t\t\t\t\t<div class=\"elementor-element elementor-element-301dc7b3 elementor-widget elementor-widget-heading\" data-id=\"301dc7b3\" data-element_type=\"widget\" data-e-type=\"widget\" data-widget_type=\"heading.default\">\n\t\t\t\t<div class=\"elementor-widget-container\">\n\t\t\t\t\t<h4 class=\"elementor-heading-title elementor-size-default\">Kontenerowe jednostki krusz\u0105ce CCU<\/h4>\t\t\t\t<\/div>\n\t\t\t\t<\/div>\n\t\t\t\t\t<\/div>\n\t\t<\/div>\n\t\t\t\t\t<\/div>\n\t\t<\/section>\n\t\t\t\t<section class=\"elementor-section elementor-top-section elementor-element elementor-element-15f697f elementor-section-boxed elementor-section-height-default elementor-section-height-default\" data-id=\"15f697f\" data-element_type=\"section\" data-e-type=\"section\">\n\t\t\t\t\t\t<div class=\"elementor-container elementor-column-gap-default\">\n\t\t\t\t\t<div class=\"elementor-column elementor-col-50 elementor-top-column elementor-element elementor-element-cb280fc\" data-id=\"cb280fc\" data-element_type=\"column\" data-e-type=\"column\">\n\t\t\t<div class=\"elementor-widget-wrap elementor-element-populated\">\n\t\t\t\t\t\t<div class=\"elementor-element elementor-element-05455fd elementor-widget elementor-widget-text-editor\" data-id=\"05455fd\" data-element_type=\"widget\" data-e-type=\"widget\" data-widget_type=\"text-editor.default\">\n\t\t\t\t<div class=\"elementor-widget-container\">\n\t\t\t\t\t\t\t\t\t<p>Kontenerowe jednostki krusz\u0105ce CCU s\u0105 przeznaczone zw\u0142aszcza do recyklingu odpadu budowlanego.<\/p><p>CCU jest kompaktowym urz\u0105dzeniem, do kt\u00f3rego mo\u017cna sypa\u0107 materia\u0142 do kruszenia wprost z samochodu ci\u0119\u017carowego lub podawa\u0107 \u0142adowark\u0105 z \u0142y\u017ck\u0105 o szeroko\u015bci do 3000 mm. Po cz\u0119\u015bciowym przesianiu, ew. odglinieniu na zasilaczu wibracyjnym materia\u0142 jest kruszony kruszark\u0105 szcz\u0119kow\u0105 lub udarow\u0105.<\/p><div>Ta\u015bmoci\u0105gi wynosz\u0105ce mog\u0105 posiada\u0107 magnetyczny separator a do transportu s\u0105 hydraulicznie sk\u0142adane. Po z\u0142o\u017ceniu leja wsypowego ca\u0142e urz\u0105dzenie nie przekracza profilu jezdnego wed\u0142ug przepis\u00f3w. Kontener mo\u017cna przewozi\u0107 pojazdem z urz\u0105dzeniem hydraulicznym wed\u0142ug DIN 30722.<\/div>\t\t\t\t\t\t\t\t<\/div>\n\t\t\t\t<\/div>\n\t\t\t\t\t<\/div>\n\t\t<\/div>\n\t\t\t\t<div class=\"elementor-column elementor-col-50 elementor-top-column elementor-element elementor-element-71b6915\" data-id=\"71b6915\" data-element_type=\"column\" data-e-type=\"column\">\n\t\t\t<div class=\"elementor-widget-wrap elementor-element-populated\">\n\t\t\t\t\t\t<div class=\"elementor-element elementor-element-38a8613 elementor-widget elementor-widget-image\" data-id=\"38a8613\" data-element_type=\"widget\" data-e-type=\"widget\" data-widget_type=\"image.default\">\n\t\t\t\t<div class=\"elementor-widget-container\">\n\t\t\t\t\t\t\t\t\t\t\t\t\t\t\t<img fetchpriority=\"high\" decoding=\"async\" width=\"800\" height=\"600\" src=\"https:\/\/www.dspprerov.cz\/wp-content\/uploads\/2022\/07\/ccu-75x50-krasnoe-selo-img-0251-1024x768.jpg\" class=\"attachment-large size-large wp-image-1255\" alt=\"\" srcset=\"https:\/\/www.dspprerov.cz\/wp-content\/uploads\/2022\/07\/ccu-75x50-krasnoe-selo-img-0251-1024x768.jpg 1024w, https:\/\/www.dspprerov.cz\/wp-content\/uploads\/2022\/07\/ccu-75x50-krasnoe-selo-img-0251-300x225.jpg 300w, https:\/\/www.dspprerov.cz\/wp-content\/uploads\/2022\/07\/ccu-75x50-krasnoe-selo-img-0251-768x576.jpg 768w, https:\/\/www.dspprerov.cz\/wp-content\/uploads\/2022\/07\/ccu-75x50-krasnoe-selo-img-0251-1536x1152.jpg 1536w, https:\/\/www.dspprerov.cz\/wp-content\/uploads\/2022\/07\/ccu-75x50-krasnoe-selo-img-0251-2048x1536.jpg 2048w\" sizes=\"(max-width: 800px) 100vw, 800px\" \/>\t\t\t\t\t\t\t\t\t\t\t\t\t\t\t<\/div>\n\t\t\t\t<\/div>\n\t\t\t\t\t<\/div>\n\t\t<\/div>\n\t\t\t\t\t<\/div>\n\t\t<\/section>\n\t\t\t\t<section class=\"elementor-section elementor-top-section elementor-element elementor-element-bd38e5e elementor-section-boxed elementor-section-height-default elementor-section-height-default\" data-id=\"bd38e5e\" data-element_type=\"section\" data-e-type=\"section\">\n\t\t\t\t\t\t<div class=\"elementor-container elementor-column-gap-default\">\n\t\t\t\t\t<div class=\"elementor-column elementor-col-100 elementor-top-column elementor-element elementor-element-0eb3787\" data-id=\"0eb3787\" data-element_type=\"column\" data-e-type=\"column\">\n\t\t\t<div class=\"elementor-widget-wrap elementor-element-populated\">\n\t\t\t\t\t\t<div class=\"elementor-element elementor-element-554901a elementor-widget elementor-widget-image-gallery\" data-id=\"554901a\" data-element_type=\"widget\" data-e-type=\"widget\" data-widget_type=\"image-gallery.default\">\n\t\t\t\t<div class=\"elementor-widget-container\">\n\t\t\t\t\t\t\t<div class=\"elementor-image-gallery\">\n\t\t\t<div class=\"wpmf-gallerys wpmf-gallerys-life \" ><div id=\"gallery-1\" class=\"gallery gallery_life wpmf_gallery_default gallery_default  gallery-columns-5 gallery-size-medium gallery-link-file wpmf-has-border-radius-0 wpmf-gutterwidth-5 no_ratio\"><figure class=\"wpmf-gallery-item\" data-index=\"0\"><div class=\"wpmf-gallery-icon\"><div class=\"square_thumbnail\"><div class=\"img_centered\"><a class=\" not_video noLightbox\" data-lightbox=\"1\" data-href=\"https:\/\/www.dspprerov.cz\/wp-content\/uploads\/2022\/07\/img-1952-1024x768.jpg\" title=\"img-1952\" target=\"_self\" data-index=\"0\"><img decoding=\"async\" class=\"wpmf_img\" alt=\"img-1952\" src=\"https:\/\/www.dspprerov.cz\/wp-content\/uploads\/2022\/07\/img-1952-300x225.jpg\" data-type=\"wpmfgalleryimg\" data-lazy-src=\"https:\/\/www.dspprerov.cz\/wp-content\/uploads\/2022\/07\/img-1952-300x225.jpg\"><\/a><\/div><\/div><\/div><\/figure><figure class=\"wpmf-gallery-item\" data-index=\"1\"><div class=\"wpmf-gallery-icon\"><div class=\"square_thumbnail\"><div class=\"img_centered\"><a class=\" not_video noLightbox\" data-lightbox=\"1\" data-href=\"https:\/\/www.dspprerov.cz\/wp-content\/uploads\/2022\/07\/img-1930-1024x768.jpg\" title=\"img-1930\" target=\"_self\" data-index=\"1\"><img decoding=\"async\" class=\"wpmf_img\" alt=\"img-1930\" src=\"https:\/\/www.dspprerov.cz\/wp-content\/uploads\/2022\/07\/img-1930-300x225.jpg\" data-type=\"wpmfgalleryimg\" data-lazy-src=\"https:\/\/www.dspprerov.cz\/wp-content\/uploads\/2022\/07\/img-1930-300x225.jpg\"><\/a><\/div><\/div><\/div><\/figure><figure class=\"wpmf-gallery-item\" data-index=\"2\"><div class=\"wpmf-gallery-icon\"><div class=\"square_thumbnail\"><div class=\"img_centered\"><a class=\" not_video noLightbox\" data-lightbox=\"1\" data-href=\"https:\/\/www.dspprerov.cz\/wp-content\/uploads\/2022\/07\/img-1918-1024x768.jpg\" title=\"img-1918\" target=\"_self\" data-index=\"2\"><img decoding=\"async\" class=\"wpmf_img\" alt=\"img-1918\" src=\"https:\/\/www.dspprerov.cz\/wp-content\/uploads\/2022\/07\/img-1918-300x225.jpg\" data-type=\"wpmfgalleryimg\" data-lazy-src=\"https:\/\/www.dspprerov.cz\/wp-content\/uploads\/2022\/07\/img-1918-300x225.jpg\"><\/a><\/div><\/div><\/div><\/figure><figure class=\"wpmf-gallery-item\" data-index=\"3\"><div class=\"wpmf-gallery-icon\"><div class=\"square_thumbnail\"><div class=\"img_centered\"><a class=\" not_video noLightbox\" data-lightbox=\"1\" data-href=\"https:\/\/www.dspprerov.cz\/wp-content\/uploads\/2022\/07\/cscu4.jpg\" title=\"cscu4\" target=\"_self\" data-index=\"3\"><img decoding=\"async\" class=\"wpmf_img\" alt=\"cscu4\" src=\"https:\/\/www.dspprerov.cz\/wp-content\/uploads\/2022\/07\/cscu4-300x225.jpg\" data-type=\"wpmfgalleryimg\" data-lazy-src=\"https:\/\/www.dspprerov.cz\/wp-content\/uploads\/2022\/07\/cscu4-300x225.jpg\"><\/a><\/div><\/div><\/div><\/figure><figure class=\"wpmf-gallery-item\" data-index=\"4\"><div class=\"wpmf-gallery-icon\"><div class=\"square_thumbnail\"><div class=\"img_centered\"><a class=\" not_video noLightbox\" data-lightbox=\"1\" data-href=\"https:\/\/www.dspprerov.cz\/wp-content\/uploads\/2022\/07\/cscu3.jpg\" title=\"cscu3\" target=\"_self\" data-index=\"4\"><img decoding=\"async\" class=\"wpmf_img\" alt=\"cscu3\" src=\"https:\/\/www.dspprerov.cz\/wp-content\/uploads\/2022\/07\/cscu3-300x225.jpg\" data-type=\"wpmfgalleryimg\" data-lazy-src=\"https:\/\/www.dspprerov.cz\/wp-content\/uploads\/2022\/07\/cscu3-300x225.jpg\"><\/a><\/div><\/div><\/div><\/figure><figure class=\"wpmf-gallery-item\" data-index=\"5\"><div class=\"wpmf-gallery-icon\"><div class=\"square_thumbnail\"><div class=\"img_centered\"><a class=\" not_video noLightbox\" data-lightbox=\"1\" data-href=\"https:\/\/www.dspprerov.cz\/wp-content\/uploads\/2022\/07\/ccu-1024x768.jpg\" title=\"ccu\" target=\"_self\" data-index=\"5\"><img decoding=\"async\" class=\"wpmf_img\" alt=\"ccu\" src=\"https:\/\/www.dspprerov.cz\/wp-content\/uploads\/2022\/07\/ccu-300x225.jpg\" data-type=\"wpmfgalleryimg\" data-lazy-src=\"https:\/\/www.dspprerov.cz\/wp-content\/uploads\/2022\/07\/ccu-300x225.jpg\"><\/a><\/div><\/div><\/div><\/figure><figure class=\"wpmf-gallery-item\" data-index=\"6\"><div class=\"wpmf-gallery-icon\"><div class=\"square_thumbnail\"><div class=\"img_centered\"><a class=\" not_video noLightbox\" data-lightbox=\"1\" data-href=\"https:\/\/www.dspprerov.cz\/wp-content\/uploads\/2022\/07\/ccu-75x50-krasnoe-selo-img-0251-1024x768.jpg\" title=\"ccu-75x50-krasnoe-selo-img-0251\" target=\"_self\" data-index=\"6\"><img decoding=\"async\" class=\"wpmf_img\" alt=\"ccu-75x50-krasnoe-selo-img-0251\" src=\"https:\/\/www.dspprerov.cz\/wp-content\/uploads\/2022\/07\/ccu-75x50-krasnoe-selo-img-0251-300x225.jpg\" data-type=\"wpmfgalleryimg\" data-lazy-src=\"https:\/\/www.dspprerov.cz\/wp-content\/uploads\/2022\/07\/ccu-75x50-krasnoe-selo-img-0251-300x225.jpg\"><\/a><\/div><\/div><\/div><\/figure><\/div><\/div>\t\t<\/div>\n\t\t\t\t\t\t<\/div>\n\t\t\t\t<\/div>\n\t\t\t\t\t<\/div>\n\t\t<\/div>\n\t\t\t\t\t<\/div>\n\t\t<\/section>\n\t\t\t\t<section class=\"elementor-section elementor-top-section elementor-element elementor-element-cfeaec2 elementor-section-boxed elementor-section-height-default elementor-section-height-default\" data-id=\"cfeaec2\" data-element_type=\"section\" data-e-type=\"section\">\n\t\t\t\t\t\t<div class=\"elementor-container elementor-column-gap-default\">\n\t\t\t\t\t<div class=\"elementor-column elementor-col-100 elementor-top-column elementor-element elementor-element-1392df3\" data-id=\"1392df3\" data-element_type=\"column\" data-e-type=\"column\">\n\t\t\t<div class=\"elementor-widget-wrap elementor-element-populated\">\n\t\t\t\t\t\t<div class=\"elementor-element elementor-element-cf80113 elementor-widget elementor-widget-text-editor\" data-id=\"cf80113\" data-element_type=\"widget\" data-e-type=\"widget\" data-widget_type=\"text-editor.default\">\n\t\t\t\t<div class=\"elementor-widget-container\">\n\t\t\t\t\t\t\t\t\t<h5><b>Parametry jednostek kontenerowych CCU<\/b><br><\/h5>\n<p>Parametry nale\u017cy rozpatrywa\u0107 indywidualnie w zale\u017cno\u015bci od konkretnych warunk\u00f3w.<\/p>\n<table style=\"width: 33.0514%; height: 247px;\">\n<tbody>\n<tr style=\"height: 100px;\">\n<td style=\"height: 100px; width: 24.9191%;\" width=\"84\">\n<p><b>Oznaczenie typowe<\/b><br><\/p>\n<\/td>\n<td style=\"height: 100px; width: 24.9191%;\" width=\"99\">\n<p><b>Kruszarka<\/b><br><\/p>\n<\/td>\n<\/tr>\n<tr style=\"height: 52px;\">\n<td style=\"height: 52px; width: 24.9191%;\" width=\"84\">\n<p>&#8211;<\/p>\n<\/td>\n<td style=\"height: 52px; width: 24.9191%;\" width=\"99\">\n<p>&#8211;<\/p>\n<\/td>\n<\/tr>\n<tr style=\"height: 76px;\">\n<td style=\"height: 76px; width: 24.9191%;\" width=\"84\">\n<p><b>CCU 75&#215;50<\/b><\/p>\n<\/td>\n<td style=\"height: 76px; width: 24.9191%;\" width=\"99\">\n<p>Kruszarka szcz\u0119kowa<br>DC 75&#215;50<\/p>\n<\/td>\n<\/tr>\n<tr style=\"height: 76px;\">\n<td style=\"height: 19px; width: 24.9191%;\" width=\"84\">\n<p><b>CCU 85&#215;50<\/b><\/p>\n<\/td>\n<td style=\"height: 19px; width: 24.9191%;\" width=\"99\">Kruszarka udarowa<br>HIC 85&#215;50<\/td>\n<\/tr>\n<\/tbody>\n<\/table>\t\t\t\t\t\t\t\t<\/div>\n\t\t\t\t<\/div>\n\t\t\t\t\t<\/div>\n\t\t<\/div>\n\t\t\t\t\t<\/div>\n\t\t<\/section>\n\t\t\t\t<\/div>\n\t\t","protected":false},"excerpt":{"rendered":"<p>Kontenerowe jednostki krusz\u0105ce CCU Kontenerowe jednostki krusz\u0105ce CCU s\u0105 przeznaczone zw\u0142aszcza do recyklingu odpadu budowlanego. CCU jest kompaktowym urz\u0105dzeniem, do kt\u00f3rego mo\u017cna sypa\u0107 materia\u0142 do kruszenia wprost z samochodu ci\u0119\u017carowego lub podawa\u0107 \u0142adowark\u0105 z \u0142y\u017ck\u0105 o szeroko\u015bci do 3000 mm. Po cz\u0119\u015bciowym przesianiu, ew. odglinieniu na zasilaczu wibracyjnym materia\u0142 jest kruszony kruszark\u0105 szcz\u0119kow\u0105 lub udarow\u0105. [&hellip;]<\/p>\n","protected":false},"author":3,"featured_media":0,"parent":0,"menu_order":0,"comment_status":"closed","ping_status":"closed","template":"","meta":{"_acf_changed":false,"footnotes":""},"class_list":["post-3130","page","type-page","status-publish","hentry"],"acf":[],"_links":{"self":[{"href":"https:\/\/www.dspprerov.cz\/pl\/wp-json\/wp\/v2\/pages\/3130","targetHints":{"allow":["GET"]}}],"collection":[{"href":"https:\/\/www.dspprerov.cz\/pl\/wp-json\/wp\/v2\/pages"}],"about":[{"href":"https:\/\/www.dspprerov.cz\/pl\/wp-json\/wp\/v2\/types\/page"}],"author":[{"embeddable":true,"href":"https:\/\/www.dspprerov.cz\/pl\/wp-json\/wp\/v2\/users\/3"}],"replies":[{"embeddable":true,"href":"https:\/\/www.dspprerov.cz\/pl\/wp-json\/wp\/v2\/comments?post=3130"}],"version-history":[{"count":5,"href":"https:\/\/www.dspprerov.cz\/pl\/wp-json\/wp\/v2\/pages\/3130\/revisions"}],"predecessor-version":[{"id":3135,"href":"https:\/\/www.dspprerov.cz\/pl\/wp-json\/wp\/v2\/pages\/3130\/revisions\/3135"}],"wp:attachment":[{"href":"https:\/\/www.dspprerov.cz\/pl\/wp-json\/wp\/v2\/media?parent=3130"}],"curies":[{"name":"wp","href":"https:\/\/api.w.org\/{rel}","templated":true}]}}