{"id":3065,"date":"2022-08-08T09:57:08","date_gmt":"2022-08-08T07:57:08","guid":{"rendered":"https:\/\/vx3785300.server2.imperialmedia.cz\/?page_id=3065"},"modified":"2022-08-08T10:10:44","modified_gmt":"2022-08-08T08:10:44","slug":"mobilne-jednostki-kruszace-mcu","status":"publish","type":"page","link":"https:\/\/www.dspprerov.cz\/pl\/mobilne-jednostki-kruszace-mcu\/","title":{"rendered":"Mobilne jednostki krusz\u0105ce MCU"},"content":{"rendered":"\t\t<div data-elementor-type=\"wp-page\" data-elementor-id=\"3065\" class=\"elementor elementor-3065 elementor-1005\" data-elementor-post-type=\"page\">\n\t\t\t\t\t\t<section class=\"elementor-section elementor-top-section elementor-element elementor-element-b6b8908 elementor-section-content-middle elementor-section-boxed elementor-section-height-default elementor-section-height-default\" data-id=\"b6b8908\" data-element_type=\"section\" data-e-type=\"section\" data-settings=\"{&quot;background_background&quot;:&quot;classic&quot;}\">\n\t\t\t\t\t\t\t<div class=\"elementor-background-overlay\"><\/div>\n\t\t\t\t\t\t\t<div class=\"elementor-container elementor-column-gap-no\">\n\t\t\t\t\t<div class=\"elementor-column elementor-col-100 elementor-top-column elementor-element elementor-element-1deea2fe\" data-id=\"1deea2fe\" data-element_type=\"column\" data-e-type=\"column\">\n\t\t\t<div class=\"elementor-widget-wrap elementor-element-populated\">\n\t\t\t\t\t\t<div class=\"elementor-element elementor-element-301dc7b3 elementor-widget elementor-widget-heading\" data-id=\"301dc7b3\" data-element_type=\"widget\" data-e-type=\"widget\" data-widget_type=\"heading.default\">\n\t\t\t\t<div class=\"elementor-widget-container\">\n\t\t\t\t\t<h4 class=\"elementor-heading-title elementor-size-default\">Mobilne jednostki krusz\u0105ce MCU<\/h4>\t\t\t\t<\/div>\n\t\t\t\t<\/div>\n\t\t\t\t\t<\/div>\n\t\t<\/div>\n\t\t\t\t\t<\/div>\n\t\t<\/section>\n\t\t\t\t<section class=\"elementor-section elementor-top-section elementor-element elementor-element-15f697f elementor-section-boxed elementor-section-height-default elementor-section-height-default\" data-id=\"15f697f\" data-element_type=\"section\" data-e-type=\"section\">\n\t\t\t\t\t\t<div class=\"elementor-container elementor-column-gap-default\">\n\t\t\t\t\t<div class=\"elementor-column elementor-col-50 elementor-top-column elementor-element elementor-element-cb280fc\" data-id=\"cb280fc\" data-element_type=\"column\" data-e-type=\"column\">\n\t\t\t<div class=\"elementor-widget-wrap elementor-element-populated\">\n\t\t\t\t\t\t<div class=\"elementor-element elementor-element-05455fd elementor-widget elementor-widget-text-editor\" data-id=\"05455fd\" data-element_type=\"widget\" data-e-type=\"widget\" data-widget_type=\"text-editor.default\">\n\t\t\t\t<div class=\"elementor-widget-container\">\n\t\t\t\t\t\t\t\t\t<p>Mobilne jednostki krusz\u0105ce MCU s\u0105 przeznaczone do kruszenia kamienia. MCU respektuje wszystkie zasadnicze wymagania wobec tej kategorii urz\u0105dze\u0144 rozdrabniaj\u0105cych.<\/p><p>MCU jest kompaktowym urz\u0105dzeniem, do kt\u00f3rego leja wsypowego mo\u017cna sypa\u0107 materia\u0142 do kruszenia wprost z koparki lub podawa\u0107 go \u0142adowark\u0105 z \u0142y\u017ck\u0105 o szeroko\u015bci do 2,5m.<\/p><p>Do transportu jednostki krusz\u0105cej po drogach l\u0105dowych s\u0142u\u017cy dwoosiowe podwozie. Do manipulacji z jednostk\u0105 krusz\u0105c\u0105 w miejscu eksploatacji mo\u017cna jednostk\u0119 krusz\u0105c\u0105 wyposa\u017cy\u0107 w podwozie g\u0105sienicowe.<\/p>\t\t\t\t\t\t\t\t<\/div>\n\t\t\t\t<\/div>\n\t\t\t\t\t<\/div>\n\t\t<\/div>\n\t\t\t\t<div class=\"elementor-column elementor-col-50 elementor-top-column elementor-element elementor-element-71b6915\" data-id=\"71b6915\" data-element_type=\"column\" data-e-type=\"column\">\n\t\t\t<div class=\"elementor-widget-wrap elementor-element-populated\">\n\t\t\t\t\t\t<div class=\"elementor-element elementor-element-38a8613 elementor-widget elementor-widget-image\" data-id=\"38a8613\" data-element_type=\"widget\" data-e-type=\"widget\" data-widget_type=\"image.default\">\n\t\t\t\t<div class=\"elementor-widget-container\">\n\t\t\t\t\t\t\t\t\t\t\t\t\t\t\t<img decoding=\"async\" width=\"1\" height=\"1\" src=\"https:\/\/www.dspprerov.cz\/wp-content\/uploads\/2022\/07\/mcu-7-c-drceni-dioritu-v-kamenolomu-omice-scaled.jpg\" class=\"attachment-large size-large wp-image-1270\" alt=\"\" \/>\t\t\t\t\t\t\t\t\t\t\t\t\t\t\t<\/div>\n\t\t\t\t<\/div>\n\t\t\t\t\t<\/div>\n\t\t<\/div>\n\t\t\t\t\t<\/div>\n\t\t<\/section>\n\t\t\t\t<section class=\"elementor-section elementor-top-section elementor-element elementor-element-bd38e5e elementor-section-boxed elementor-section-height-default elementor-section-height-default\" data-id=\"bd38e5e\" data-element_type=\"section\" data-e-type=\"section\">\n\t\t\t\t\t\t<div class=\"elementor-container elementor-column-gap-default\">\n\t\t\t\t\t<div class=\"elementor-column elementor-col-100 elementor-top-column elementor-element elementor-element-0eb3787\" data-id=\"0eb3787\" data-element_type=\"column\" data-e-type=\"column\">\n\t\t\t<div class=\"elementor-widget-wrap elementor-element-populated\">\n\t\t\t\t\t\t<div class=\"elementor-element elementor-element-554901a elementor-widget elementor-widget-image-gallery\" data-id=\"554901a\" data-element_type=\"widget\" data-e-type=\"widget\" data-widget_type=\"image-gallery.default\">\n\t\t\t\t<div class=\"elementor-widget-container\">\n\t\t\t\t\t\t\t<div class=\"elementor-image-gallery\">\n\t\t\t<div class=\"wpmf-gallerys wpmf-gallerys-life \" ><div id=\"gallery-1\" class=\"gallery gallery_life wpmf_gallery_default gallery_default  gallery-columns-5 gallery-size-medium gallery-link-file wpmf-has-border-radius-0 wpmf-gutterwidth-5 no_ratio\"><figure class=\"wpmf-gallery-item\" data-index=\"0\"><div class=\"wpmf-gallery-icon\"><div class=\"square_thumbnail\"><div class=\"img_centered\"><a class=\" not_video noLightbox\" data-lightbox=\"1\" data-href=\"https:\/\/www.dspprerov.cz\/wp-content\/uploads\/2022\/07\/mcu-75x50-c-p8180095-1024x768.jpg\" title=\"OLYMPUS DIGITAL CAMERA\" target=\"_self\" data-index=\"0\"><img decoding=\"async\" class=\"wpmf_img\" alt=\"OLYMPUS DIGITAL CAMERA\" src=\"https:\/\/www.dspprerov.cz\/wp-content\/uploads\/2022\/07\/mcu-75x50-c-p8180095-300x225.jpg\" data-type=\"wpmfgalleryimg\" data-lazy-src=\"https:\/\/www.dspprerov.cz\/wp-content\/uploads\/2022\/07\/mcu-75x50-c-p8180095-300x225.jpg\"><\/a><\/div><\/div><\/div><figcaption class=\"wp-caption-text gallery-caption\">OLYMPUS DIGITAL CAMERA<\/figcaption><\/figure><figure class=\"wpmf-gallery-item\" data-index=\"1\"><div class=\"wpmf-gallery-icon\"><div class=\"square_thumbnail\"><div class=\"img_centered\"><a class=\" not_video noLightbox\" data-lightbox=\"1\" data-href=\"https:\/\/www.dspprerov.cz\/wp-content\/uploads\/2022\/07\/mcu9uc-2c-v.jpg\" title=\"mcu9uc-2c-v\" target=\"_self\" data-index=\"1\"><img decoding=\"async\" class=\"wpmf_img\" alt=\"mcu9uc-2c-v\" src=\"https:\/\/www.dspprerov.cz\/wp-content\/uploads\/2022\/07\/mcu9uc-2c-v-300x225.jpg\" data-type=\"wpmfgalleryimg\" data-lazy-src=\"https:\/\/www.dspprerov.cz\/wp-content\/uploads\/2022\/07\/mcu9uc-2c-v-300x225.jpg\"><\/a><\/div><\/div><\/div><\/figure><figure class=\"wpmf-gallery-item\" data-index=\"2\"><div class=\"wpmf-gallery-icon\"><div class=\"square_thumbnail\"><div class=\"img_centered\"><a class=\" not_video noLightbox\" data-lightbox=\"1\" data-href=\"https:\/\/www.dspprerov.cz\/wp-content\/uploads\/2022\/07\/mcu5.jpg\" title=\"OLYMPUS DIGITAL CAMERA\" target=\"_self\" data-index=\"2\"><img decoding=\"async\" class=\"wpmf_img\" alt=\"OLYMPUS DIGITAL CAMERA\" src=\"https:\/\/www.dspprerov.cz\/wp-content\/uploads\/2022\/07\/mcu5-300x225.jpg\" data-type=\"wpmfgalleryimg\" data-lazy-src=\"https:\/\/www.dspprerov.cz\/wp-content\/uploads\/2022\/07\/mcu5-300x225.jpg\"><\/a><\/div><\/div><\/div><figcaption class=\"wp-caption-text gallery-caption\">OLYMPUS DIGITAL CAMERA<\/figcaption><\/figure><figure class=\"wpmf-gallery-item\" data-index=\"3\"><div class=\"wpmf-gallery-icon\"><div class=\"square_thumbnail\"><div class=\"img_centered\"><a class=\" not_video noLightbox\" data-lightbox=\"1\" data-href=\"https:\/\/www.dspprerov.cz\/wp-content\/uploads\/2022\/07\/mcu1.jpg\" title=\"mcu1\" target=\"_self\" data-index=\"3\"><img decoding=\"async\" class=\"wpmf_img\" alt=\"mcu1\" src=\"https:\/\/www.dspprerov.cz\/wp-content\/uploads\/2022\/07\/mcu1-300x180.jpg\" data-type=\"wpmfgalleryimg\" data-lazy-src=\"https:\/\/www.dspprerov.cz\/wp-content\/uploads\/2022\/07\/mcu1-300x180.jpg\"><\/a><\/div><\/div><\/div><\/figure><figure class=\"wpmf-gallery-item\" data-index=\"4\"><div class=\"wpmf-gallery-icon\"><div class=\"square_thumbnail\"><div class=\"img_centered\"><a class=\" not_video noLightbox\" data-lightbox=\"1\" data-href=\"https:\/\/www.dspprerov.cz\/wp-content\/uploads\/2022\/07\/mcu-dc75x50-1.jpg\" title=\"mcu-dc75x50-1\" target=\"_self\" data-index=\"4\"><img decoding=\"async\" class=\"wpmf_img\" alt=\"mcu-dc75x50-1\" src=\"https:\/\/www.dspprerov.cz\/wp-content\/uploads\/2022\/07\/mcu-dc75x50-1-300x225.jpg\" data-type=\"wpmfgalleryimg\" data-lazy-src=\"https:\/\/www.dspprerov.cz\/wp-content\/uploads\/2022\/07\/mcu-dc75x50-1-300x225.jpg\"><\/a><\/div><\/div><\/div><\/figure><figure class=\"wpmf-gallery-item\" data-index=\"5\"><div class=\"wpmf-gallery-icon\"><div class=\"square_thumbnail\"><div class=\"img_centered\"><a class=\" not_video noLightbox\" data-lightbox=\"1\" data-href=\"https:\/\/www.dspprerov.cz\/wp-content\/uploads\/2022\/07\/mcu-dc75x50.jpg\" title=\"OLYMPUS DIGITAL CAMERA\" target=\"_self\" data-index=\"5\"><img decoding=\"async\" class=\"wpmf_img\" alt=\"OLYMPUS DIGITAL CAMERA\" src=\"https:\/\/www.dspprerov.cz\/wp-content\/uploads\/2022\/07\/mcu-dc75x50-300x225.jpg\" data-type=\"wpmfgalleryimg\" data-lazy-src=\"https:\/\/www.dspprerov.cz\/wp-content\/uploads\/2022\/07\/mcu-dc75x50-300x225.jpg\"><\/a><\/div><\/div><\/div><figcaption class=\"wp-caption-text gallery-caption\">OLYMPUS DIGITAL CAMERA<\/figcaption><\/figure><figure class=\"wpmf-gallery-item\" data-index=\"6\"><div class=\"wpmf-gallery-icon\"><div class=\"square_thumbnail\"><div class=\"img_centered\"><a class=\" not_video noLightbox\" data-lightbox=\"1\" data-href=\"https:\/\/www.dspprerov.cz\/wp-content\/uploads\/2022\/07\/mcu6.jpg\" title=\"ACER\" target=\"_self\" data-index=\"6\"><img decoding=\"async\" class=\"wpmf_img\" alt=\"ACER\" src=\"https:\/\/www.dspprerov.cz\/wp-content\/uploads\/2022\/07\/mcu6-300x205.jpg\" data-type=\"wpmfgalleryimg\" data-lazy-src=\"https:\/\/www.dspprerov.cz\/wp-content\/uploads\/2022\/07\/mcu6-300x205.jpg\"><\/a><\/div><\/div><\/div><figcaption class=\"wp-caption-text gallery-caption\">ACER<\/figcaption><\/figure><figure class=\"wpmf-gallery-item\" data-index=\"7\"><div class=\"wpmf-gallery-icon\"><div class=\"square_thumbnail\"><div class=\"img_centered\"><a class=\" not_video noLightbox\" data-lightbox=\"1\" data-href=\"https:\/\/www.dspprerov.cz\/wp-content\/uploads\/2022\/07\/mcu-1024x512.jpg\" title=\"mcu\" target=\"_self\" data-index=\"7\"><img decoding=\"async\" class=\"wpmf_img\" alt=\"mcu\" src=\"https:\/\/www.dspprerov.cz\/wp-content\/uploads\/2022\/07\/mcu-300x150.jpg\" data-type=\"wpmfgalleryimg\" data-lazy-src=\"https:\/\/www.dspprerov.cz\/wp-content\/uploads\/2022\/07\/mcu-300x150.jpg\"><\/a><\/div><\/div><\/div><\/figure><figure class=\"wpmf-gallery-item\" data-index=\"8\"><div class=\"wpmf-gallery-icon\"><div class=\"square_thumbnail\"><div class=\"img_centered\"><a class=\" not_video noLightbox\" data-lightbox=\"1\" data-href=\"https:\/\/www.dspprerov.cz\/wp-content\/uploads\/2022\/07\/mcu-hcu-1024x484.jpg\" title=\"mcu-hcu\" target=\"_self\" data-index=\"8\"><img decoding=\"async\" class=\"wpmf_img\" alt=\"mcu-hcu\" src=\"https:\/\/www.dspprerov.cz\/wp-content\/uploads\/2022\/07\/mcu-hcu-300x142.jpg\" data-type=\"wpmfgalleryimg\" data-lazy-src=\"https:\/\/www.dspprerov.cz\/wp-content\/uploads\/2022\/07\/mcu-hcu-300x142.jpg\"><\/a><\/div><\/div><\/div><\/figure><figure class=\"wpmf-gallery-item\" data-index=\"9\"><div class=\"wpmf-gallery-icon\"><div class=\"square_thumbnail\"><div class=\"img_centered\"><a class=\" not_video noLightbox\" data-lightbox=\"1\" data-href=\"https:\/\/www.dspprerov.cz\/wp-content\/uploads\/2022\/07\/mcu-7w.jpg\" title=\"mcu-7w\" target=\"_self\" data-index=\"9\"><img decoding=\"async\" class=\"wpmf_img\" alt=\"mcu-7w\" src=\"https:\/\/www.dspprerov.cz\/wp-content\/uploads\/2022\/07\/mcu-7w-300x172.jpg\" data-type=\"wpmfgalleryimg\" data-lazy-src=\"https:\/\/www.dspprerov.cz\/wp-content\/uploads\/2022\/07\/mcu-7w-300x172.jpg\"><\/a><\/div><\/div><\/div><\/figure><\/div><\/div>\t\t<\/div>\n\t\t\t\t\t\t<\/div>\n\t\t\t\t<\/div>\n\t\t\t\t\t<\/div>\n\t\t<\/div>\n\t\t\t\t\t<\/div>\n\t\t<\/section>\n\t\t\t\t<section class=\"elementor-section elementor-top-section elementor-element elementor-element-cfeaec2 elementor-section-boxed elementor-section-height-default elementor-section-height-default\" data-id=\"cfeaec2\" data-element_type=\"section\" data-e-type=\"section\">\n\t\t\t\t\t\t<div class=\"elementor-container elementor-column-gap-default\">\n\t\t\t\t\t<div class=\"elementor-column elementor-col-100 elementor-top-column elementor-element elementor-element-1392df3\" data-id=\"1392df3\" data-element_type=\"column\" data-e-type=\"column\">\n\t\t\t<div class=\"elementor-widget-wrap elementor-element-populated\">\n\t\t\t\t\t\t<div class=\"elementor-element elementor-element-cf80113 elementor-widget elementor-widget-text-editor\" data-id=\"cf80113\" data-element_type=\"widget\" data-e-type=\"widget\" data-widget_type=\"text-editor.default\">\n\t\t\t\t<div class=\"elementor-widget-container\">\n\t\t\t\t\t\t\t\t\t<h5><b>Parametry mobilnych jednostek krusz\u0105cych MCU<\/b><br><\/h5>\n<p>Parametry nale\u017cy rozpatrywa\u0107 indywidualnie w zale\u017cno\u015bci od konkretnych warunk\u00f3w.<\/p>\n<table style=\"width: 37.1418%; height: 636px;\">\n<tbody>\n<tr style=\"height: 100px;\">\n<td style=\"height: 100px; width: 12.4596%;\" width=\"84\"><b>Oznaczenie typowe<br><\/b><\/td>\n<td style=\"width: 12.4596%; height: 100px;\">\n<p><b>Kruszarka<\/b><br><\/p>\n<\/td>\n<td style=\"height: 100px; width: 12.4596%;\" width=\"99\">\n<p><b>Wej\u015bciowy lej wsypowy<\/b><br><\/p>\n<\/td>\n<td style=\"width: 6.2298%; height: 100px;\"><b>Agregat pr\u0105dotw\u00f3rczy<br><\/b><\/td>\n<td style=\"width: 3.1149%; height: 100px;\">\n<p><b>Pob\u00f3r mocy silnika<\/b><br><\/p>\n<\/td>\n<td style=\"width: 3.1149%; height: 100px;\">\n<p><b>Podwozie<\/b><br><\/p>\n<\/td>\n<\/tr>\n<tr style=\"height: 52px;\">\n<td style=\"height: 52px; width: 12.4596%;\" width=\"84\">\n<p>&#8211;<\/p>\n<\/td>\n<td style=\"width: 12.4596%; height: 52px;\">&#8211;<\/td>\n<td style=\"height: 52px; width: 12.4596%;\" width=\"99\">\n<p>m3<\/p>\n<\/td>\n<td style=\"width: 6.2298%; height: 52px;\">kVA<\/td>\n<td style=\"width: 3.1149%; height: 52px;\">kW<\/td>\n<td style=\"width: 3.1149%; height: 52px;\">&#8211;<\/td>\n<\/tr>\n<tr style=\"height: 76px;\">\n<td style=\"height: 76px; width: 12.4596%;\" width=\"84\">\n<p>MCU 7W<\/p>\n<\/td>\n<td style=\"width: 12.4596%; height: 76px;\">Kruszarka sto\u017ckowa HCU 7<\/td>\n<td style=\"height: 76px; width: 12.4596%;\" width=\"99\">\n<p>3<\/p>\n<\/td>\n<td style=\"width: 6.2298%; height: 76px;\">160<\/td>\n<td style=\"width: 3.1149%; height: 76px;\">90<\/td>\n<td style=\"width: 3.1149%; height: 76px;\">ko\u0142owe<\/td>\n<\/tr>\n<tr style=\"height: 76px;\">\n<td style=\"height: 76px; width: 12.4596%;\" width=\"84\">\n<p>MCU 9W<\/p>\n<\/td>\n<td style=\"width: 12.4596%; height: 76px;\">Kruszarka sto\u017ckowa&nbsp;HCU 9<\/td>\n<td style=\"height: 76px; width: 12.4596%;\" width=\"99\">\n<p>3<\/p>\n<\/td>\n<td style=\"width: 6.2298%; height: 76px;\">200<\/td>\n<td style=\"width: 3.1149%; height: 76px;\">110<\/td>\n<td style=\"width: 3.1149%; height: 76px;\">ko\u0142owe<\/td>\n<\/tr>\n<tr style=\"height: 76px;\">\n<td style=\"height: 76px; width: 12.4596%;\" width=\"84\">\n<p>MCU 7<\/p>\n<\/td>\n<td style=\"width: 12.4596%; height: 76px;\">Kruszarka sto\u017ckowa HCU 7<\/td>\n<td style=\"height: 76px; width: 12.4596%;\" width=\"99\">\n<p><span style=\"background-color: #e9e9e9;\">3<\/span><\/p>\n<\/td>\n<td style=\"width: 6.2298%; height: 76px;\">\n<p><span style=\"font-size: 14.4px; background-color: #e9e9e9;\">&nbsp;160<\/span><\/p>\n<\/td>\n<td style=\"width: 3.1149%; height: 76px;\">\n<p><span style=\"font-size: 14.4px; background-color: #e9e9e9;\">&nbsp;128<\/span><\/p>\n<\/td>\n<td style=\"width: 3.1149%; height: 76px;\">\n<p>g\u0105sienicowe<\/p>\n<\/td>\n<\/tr>\n<tr style=\"height: 76px;\">\n<td style=\"height: 76px; width: 12.4596%;\" width=\"84\">\n<p>MCU 9<\/p>\n<\/td>\n<td style=\"width: 12.4596%; height: 76px;\">Kruszarka sto\u017ckowa HCU 9<\/td>\n<td style=\"height: 76px; width: 12.4596%;\" width=\"99\">\n<p>3<\/p>\n<\/td>\n<td style=\"width: 6.2298%; height: 76px;\">\n<p><span style=\"font-size: 14.4px;\">&nbsp;275<\/span><\/p>\n<\/td>\n<td style=\"width: 3.1149%; height: 76px;\">\n<p><span style=\"font-size: 14.4px;\">&nbsp;132<\/span><\/p>\n<\/td>\n<td style=\"width: 3.1149%; height: 76px;\">\n<p>g\u0105sienicowe<\/p>\n<\/td>\n<\/tr>\n<tr style=\"height: 76px;\">\n<td style=\"height: 76px; width: 12.4596%;\" width=\"84\">\n<p>MCU 75&#215;50<\/p>\n<\/td>\n<td style=\"width: 12.4596%; height: 76px;\">Kruszarka szcz\u0119kowa DC 75&#215;50<\/td>\n<td style=\"height: 76px; width: 12.4596%;\" width=\"99\"><span style=\"background-color: #e9e9e9;\">3,5<\/span><\/td>\n<td style=\"width: 6.2298%; height: 76px;\"><span style=\"font-size: 14.4px; background-color: #e9e9e9;\">&nbsp;110<\/span><\/td>\n<td style=\"width: 3.1149%; height: 76px;\"><span style=\"font-size: 14.4px; background-color: #e9e9e9;\">&nbsp;88<\/span><\/td>\n<td style=\"width: 3.1149%; height: 76px;\">g\u0105sienicowe<\/td>\n<\/tr>\n<tr style=\"height: 76px;\">\n<td style=\"height: 76px; width: 12.4596%;\" width=\"84\">\n<p>MCU 95&#215;70<\/p>\n<\/td>\n<td style=\"width: 12.4596%; height: 76px;\">Kruszarka szcz\u0119kowa DC 95&#215;50<\/td>\n<td style=\"height: 76px; width: 12.4596%;\" width=\"99\">3<\/td>\n<td style=\"width: 6.2298%; height: 76px;\">&nbsp;160<\/td>\n<td style=\"width: 3.1149%; height: 76px;\">90<\/td>\n<td style=\"width: 3.1149%; height: 76px;\">g\u0105sienicowe<\/td>\n<\/tr>\n<tr style=\"height: 76px;\">\n<td style=\"height: 28px; width: 12.4596%;\" width=\"84\">&nbsp;MCU 100&#215;100<\/td>\n<td style=\"width: 12.4596%; height: 28px;\"><span style=\"font-size: 14.4px; background-color: rgb(233, 233, 233);\">Kruszarka udarowa<\/span>&nbsp;HIC 100&#215;100<\/td>\n<td style=\"height: 28px; width: 12.4596%;\" width=\"99\">3<\/td>\n<td style=\"width: 6.2298%; height: 28px;\">&nbsp;200<\/td>\n<td style=\"width: 3.1149%; height: 28px;\">&nbsp;110<\/td>\n<td style=\"width: 3.1149%; height: 28px;\">g\u0105sienicowe<\/td>\n<\/tr>\n<\/tbody>\n<\/table>\t\t\t\t\t\t\t\t<\/div>\n\t\t\t\t<\/div>\n\t\t\t\t\t<\/div>\n\t\t<\/div>\n\t\t\t\t\t<\/div>\n\t\t<\/section>\n\t\t\t\t<\/div>\n\t\t","protected":false},"excerpt":{"rendered":"<p>Mobilne jednostki krusz\u0105ce MCU Mobilne jednostki krusz\u0105ce MCU s\u0105 przeznaczone do kruszenia kamienia. MCU respektuje wszystkie zasadnicze wymagania wobec tej kategorii urz\u0105dze\u0144 rozdrabniaj\u0105cych. MCU jest kompaktowym urz\u0105dzeniem, do kt\u00f3rego leja wsypowego mo\u017cna sypa\u0107 materia\u0142 do kruszenia wprost z koparki lub podawa\u0107 go \u0142adowark\u0105 z \u0142y\u017ck\u0105 o szeroko\u015bci do 2,5m. Do transportu jednostki krusz\u0105cej po drogach [&hellip;]<\/p>\n","protected":false},"author":3,"featured_media":0,"parent":0,"menu_order":0,"comment_status":"closed","ping_status":"closed","template":"","meta":{"_acf_changed":false,"footnotes":""},"class_list":["post-3065","page","type-page","status-publish","hentry"],"acf":[],"_links":{"self":[{"href":"https:\/\/www.dspprerov.cz\/pl\/wp-json\/wp\/v2\/pages\/3065","targetHints":{"allow":["GET"]}}],"collection":[{"href":"https:\/\/www.dspprerov.cz\/pl\/wp-json\/wp\/v2\/pages"}],"about":[{"href":"https:\/\/www.dspprerov.cz\/pl\/wp-json\/wp\/v2\/types\/page"}],"author":[{"embeddable":true,"href":"https:\/\/www.dspprerov.cz\/pl\/wp-json\/wp\/v2\/users\/3"}],"replies":[{"embeddable":true,"href":"https:\/\/www.dspprerov.cz\/pl\/wp-json\/wp\/v2\/comments?post=3065"}],"version-history":[{"count":10,"href":"https:\/\/www.dspprerov.cz\/pl\/wp-json\/wp\/v2\/pages\/3065\/revisions"}],"predecessor-version":[{"id":3075,"href":"https:\/\/www.dspprerov.cz\/pl\/wp-json\/wp\/v2\/pages\/3065\/revisions\/3075"}],"wp:attachment":[{"href":"https:\/\/www.dspprerov.cz\/pl\/wp-json\/wp\/v2\/media?parent=3065"}],"curies":[{"name":"wp","href":"https:\/\/api.w.org\/{rel}","templated":true}]}}