{"id":3034,"date":"2022-08-08T08:55:35","date_gmt":"2022-08-08T06:55:35","guid":{"rendered":"https:\/\/vx3785300.server2.imperialmedia.cz\/?page_id=3034"},"modified":"2022-08-08T09:21:30","modified_gmt":"2022-08-08T07:21:30","slug":"kruszarki-walcowe-rct","status":"publish","type":"page","link":"https:\/\/www.dspprerov.cz\/pl\/kruszarki-walcowe-rct\/","title":{"rendered":"Kruszarki walcowe RCT"},"content":{"rendered":"\t\t<div data-elementor-type=\"wp-page\" data-elementor-id=\"3034\" class=\"elementor elementor-3034 elementor-986\" data-elementor-post-type=\"page\">\n\t\t\t\t\t\t<section class=\"elementor-section elementor-top-section elementor-element elementor-element-b6b8908 elementor-section-content-middle elementor-section-boxed elementor-section-height-default elementor-section-height-default\" data-id=\"b6b8908\" data-element_type=\"section\" data-e-type=\"section\" data-settings=\"{&quot;background_background&quot;:&quot;classic&quot;}\">\n\t\t\t\t\t\t\t<div class=\"elementor-background-overlay\"><\/div>\n\t\t\t\t\t\t\t<div class=\"elementor-container elementor-column-gap-no\">\n\t\t\t\t\t<div class=\"elementor-column elementor-col-100 elementor-top-column elementor-element elementor-element-1deea2fe\" data-id=\"1deea2fe\" data-element_type=\"column\" data-e-type=\"column\">\n\t\t\t<div class=\"elementor-widget-wrap elementor-element-populated\">\n\t\t\t\t\t\t<div class=\"elementor-element elementor-element-301dc7b3 elementor-widget elementor-widget-heading\" data-id=\"301dc7b3\" data-element_type=\"widget\" data-e-type=\"widget\" data-widget_type=\"heading.default\">\n\t\t\t\t<div class=\"elementor-widget-container\">\n\t\t\t\t\t<h4 class=\"elementor-heading-title elementor-size-default\">Kruszarki walcowe RCT<\/h4>\t\t\t\t<\/div>\n\t\t\t\t<\/div>\n\t\t\t\t\t<\/div>\n\t\t<\/div>\n\t\t\t\t\t<\/div>\n\t\t<\/section>\n\t\t\t\t<section class=\"elementor-section elementor-top-section elementor-element elementor-element-15f697f elementor-section-boxed elementor-section-height-default elementor-section-height-default\" data-id=\"15f697f\" data-element_type=\"section\" data-e-type=\"section\">\n\t\t\t\t\t\t<div class=\"elementor-container elementor-column-gap-default\">\n\t\t\t\t\t<div class=\"elementor-column elementor-col-50 elementor-top-column elementor-element elementor-element-cb280fc\" data-id=\"cb280fc\" data-element_type=\"column\" data-e-type=\"column\">\n\t\t\t<div class=\"elementor-widget-wrap elementor-element-populated\">\n\t\t\t\t\t\t<div class=\"elementor-element elementor-element-05455fd elementor-widget elementor-widget-text-editor\" data-id=\"05455fd\" data-element_type=\"widget\" data-e-type=\"widget\" data-widget_type=\"text-editor.default\">\n\t\t\t\t<div class=\"elementor-widget-container\">\n\t\t\t\t\t\t\t\t\t<p>Kruszarki walcowe RCT przeznaczone do kruszenia popio\u0142u z kot\u0142\u00f3w w elektrowniach i innych materia\u0142\u00f3w o podobnych w\u0142a\u015bciwo\u015bciach.<\/p>\t\t\t\t\t\t\t\t<\/div>\n\t\t\t\t<\/div>\n\t\t\t\t<div class=\"elementor-element elementor-element-d04ef9c elementor-widget elementor-widget-text-editor\" data-id=\"d04ef9c\" data-element_type=\"widget\" data-e-type=\"widget\" data-widget_type=\"text-editor.default\">\n\t\t\t\t<div class=\"elementor-widget-container\">\n\t\t\t\t\t\t\t\t\t<h4>Kruszarki RCT &gt;&gt; wiele zalet:<\/h4><ul><li>wysoki poziom techniczny i konstrukcja nastawiona na \u0142atwo\u015b\u0107 obs\u0142ugi i utrzymania,<\/li><li>minimalizacja frakcji py\u0142owych w produkcie kruszenia,<\/li><li>wysoki stopie\u0144 rozdrobnienia,<\/li><li><b>wysoka jako\u015b\u0107 = wysoka gospodarno\u015b\u0107 eksploatacji.<\/b><\/li><\/ul><div><b>\u00a0<\/b><\/div><h4 style=\"font-family: Roboto, sans-serif;\">Rozwi\u0105zanie konstrukcyjne &gt;&gt; \u0142atwa obs\u0142uga i utrzymanie<\/h4><h4 style=\"text-align: justify;\"><span style=\"color: #7a7a7a;\"><span style=\"font-size: 16px;\">Kruszarka RCT jest skonstruowana r\u00f3wnie\u017c z uwzgl\u0119dnieniem \u0142atwo\u015bci instalacji, obs\u0142ugi i utrzymania. Kompletna kruszarka jest umieszczona wraz z nap\u0119dem wirnik\u00f3w i ko\u0142ami jezdnymi na wsp\u00f3lnej ramie. Kruszarka posiada dwa przeciwbie\u017cne walce z\u0119bate, kt\u00f3re wci\u0105gaj\u0105 kruszony materia\u0142 mi\u0119dzy siebie i rozdrabniaj\u0105 go. Kruszark\u0119 mo\u017cna na \u017cyczenie klienta wyposa\u017cy\u0107 w ko\u0142a jezdne ustawione r\u00f3wnolegle lub prostopadle do osi wirnik\u00f3w. Wielko\u015b\u0107 produktu jest mi\u0119dzy innymi dana kszta\u0142tem z\u0119b\u00f3w i ich wzajemn\u0105 odleg\u0142o\u015bci\u0105. Zalet\u0105 kruszenia kruszark\u0105 z\u0119bat\u0105 jest minimalny udzia\u0142 drobnych frakcji w produkcie kruszenia.<\/span><\/span><\/h4><div>\u00a0<\/div><div><div>\u00a0<\/div><\/div>\t\t\t\t\t\t\t\t<\/div>\n\t\t\t\t<\/div>\n\t\t\t\t\t<\/div>\n\t\t<\/div>\n\t\t\t\t<div class=\"elementor-column elementor-col-50 elementor-top-column elementor-element elementor-element-71b6915\" data-id=\"71b6915\" data-element_type=\"column\" data-e-type=\"column\">\n\t\t\t<div class=\"elementor-widget-wrap elementor-element-populated\">\n\t\t\t\t\t\t<div class=\"elementor-element elementor-element-226a917 elementor-widget elementor-widget-image\" data-id=\"226a917\" data-element_type=\"widget\" data-e-type=\"widget\" data-widget_type=\"image.default\">\n\t\t\t\t<div class=\"elementor-widget-container\">\n\t\t\t\t\t\t\t\t\t\t\t\t\t\t\t<img fetchpriority=\"high\" decoding=\"async\" width=\"768\" height=\"1024\" src=\"https:\/\/www.dspprerov.cz\/wp-content\/uploads\/2022\/07\/rct-46x160-a-2-768x1024.jpg\" class=\"attachment-large size-large wp-image-1350\" alt=\"\" srcset=\"https:\/\/www.dspprerov.cz\/wp-content\/uploads\/2022\/07\/rct-46x160-a-2-768x1024.jpg 768w, https:\/\/www.dspprerov.cz\/wp-content\/uploads\/2022\/07\/rct-46x160-a-2-225x300.jpg 225w, https:\/\/www.dspprerov.cz\/wp-content\/uploads\/2022\/07\/rct-46x160-a-2-1152x1536.jpg 1152w, https:\/\/www.dspprerov.cz\/wp-content\/uploads\/2022\/07\/rct-46x160-a-2-1536x2048.jpg 1536w, https:\/\/www.dspprerov.cz\/wp-content\/uploads\/2022\/07\/rct-46x160-a-2-scaled.jpg 1920w\" sizes=\"(max-width: 768px) 100vw, 768px\" \/>\t\t\t\t\t\t\t\t\t\t\t\t\t\t\t<\/div>\n\t\t\t\t<\/div>\n\t\t\t\t\t<\/div>\n\t\t<\/div>\n\t\t\t\t\t<\/div>\n\t\t<\/section>\n\t\t\t\t<section class=\"elementor-section elementor-top-section elementor-element elementor-element-bd38e5e elementor-section-boxed elementor-section-height-default elementor-section-height-default\" data-id=\"bd38e5e\" data-element_type=\"section\" data-e-type=\"section\">\n\t\t\t\t\t\t<div class=\"elementor-container elementor-column-gap-default\">\n\t\t\t\t\t<div class=\"elementor-column elementor-col-100 elementor-top-column elementor-element elementor-element-0eb3787\" data-id=\"0eb3787\" data-element_type=\"column\" data-e-type=\"column\">\n\t\t\t<div class=\"elementor-widget-wrap elementor-element-populated\">\n\t\t\t\t\t\t<div class=\"elementor-element elementor-element-554901a elementor-widget elementor-widget-image-gallery\" data-id=\"554901a\" data-element_type=\"widget\" data-e-type=\"widget\" data-widget_type=\"image-gallery.default\">\n\t\t\t\t<div class=\"elementor-widget-container\">\n\t\t\t\t\t\t\t<div class=\"elementor-image-gallery\">\n\t\t\t<div class=\"wpmf-gallerys wpmf-gallerys-life \" ><div id=\"gallery-1\" class=\"gallery gallery_life wpmf_gallery_default gallery_default  gallery-columns-5 gallery-size-medium gallery-link-file wpmf-has-border-radius-0 wpmf-gutterwidth-5 no_ratio\"><figure class=\"wpmf-gallery-item\" data-index=\"0\"><div class=\"wpmf-gallery-icon\"><div class=\"square_thumbnail\"><div class=\"img_centered\"><a class=\" not_video noLightbox\" data-lightbox=\"1\" data-href=\"https:\/\/www.dspprerov.cz\/wp-content\/uploads\/2022\/07\/rct-46x160-a-3-scaled.jpg\" title=\"rct-46x160-a-3\" target=\"_self\" data-index=\"0\"><img decoding=\"async\" class=\"wpmf_img\" alt=\"rct-46x160-a-3\" src=\"https:\/\/www.dspprerov.cz\/wp-content\/uploads\/2022\/07\/rct-46x160-a-3-scaled.jpg\" data-type=\"wpmfgalleryimg\" data-attachment-id=\"1345\" data-wpmf-size=\"medium\" data-lazy-src=\"https:\/\/www.dspprerov.cz\/wp-content\/uploads\/2022\/07\/rct-46x160-a-3-scaled.jpg\"><\/a><\/div><\/div><\/div><\/figure><figure class=\"wpmf-gallery-item\" data-index=\"1\"><div class=\"wpmf-gallery-icon\"><div class=\"square_thumbnail\"><div class=\"img_centered\"><a class=\" not_video noLightbox\" data-lightbox=\"1\" data-href=\"https:\/\/www.dspprerov.cz\/wp-content\/uploads\/2022\/07\/rct6-1.jpg\" title=\"rct6\" target=\"_self\" data-index=\"1\"><img decoding=\"async\" class=\"wpmf_img\" alt=\"rct6\" src=\"https:\/\/www.dspprerov.cz\/wp-content\/uploads\/2022\/07\/rct6-1-300x217.jpg\" data-type=\"wpmfgalleryimg\" data-attachment-id=\"2124\" data-wpmf-size=\"medium\" data-lazy-src=\"https:\/\/www.dspprerov.cz\/wp-content\/uploads\/2022\/07\/rct6-1-300x217.jpg\"><\/a><\/div><\/div><\/div><\/figure><\/div><\/div>\t\t<\/div>\n\t\t\t\t\t\t<\/div>\n\t\t\t\t<\/div>\n\t\t\t\t\t<\/div>\n\t\t<\/div>\n\t\t\t\t\t<\/div>\n\t\t<\/section>\n\t\t\t\t<section class=\"elementor-section elementor-top-section elementor-element elementor-element-cfeaec2 elementor-section-boxed elementor-section-height-default elementor-section-height-default\" data-id=\"cfeaec2\" data-element_type=\"section\" data-e-type=\"section\">\n\t\t\t\t\t\t<div class=\"elementor-container elementor-column-gap-default\">\n\t\t\t\t\t<div class=\"elementor-column elementor-col-100 elementor-top-column elementor-element elementor-element-1392df3\" data-id=\"1392df3\" data-element_type=\"column\" data-e-type=\"column\">\n\t\t\t<div class=\"elementor-widget-wrap elementor-element-populated\">\n\t\t\t\t\t\t<div class=\"elementor-element elementor-element-cf80113 elementor-widget elementor-widget-text-editor\" data-id=\"cf80113\" data-element_type=\"widget\" data-e-type=\"widget\" data-widget_type=\"text-editor.default\">\n\t\t\t\t<div class=\"elementor-widget-container\">\n\t\t\t\t\t\t\t\t\t<h5><b>Parametry kruszarki RCT<\/b><br><\/h5>\n<p>Parametry nale\u017cy rozpatrywa\u0107 indywidualnie w zale\u017cno\u015bci od konkretnych warunk\u00f3w.<\/p>\n<table style=\"width: 58.9627%; height: 199px;\">\n<tbody>\n<tr style=\"height: 100px;\">\n<td style=\"height: 100px; width: 15.4762%;\" width=\"85\">\n<p><b>Oznaczenie typowe<\/b><br><\/p>\n<\/td>\n<td style=\"width: 15.4762%; height: 100px;\">\n<p><b>Wydajno\u015b\u0107<\/b><br><\/p>\n<\/td>\n<td style=\"height: 100px; width: 36.5079%;\" width=\"86\">\n<p><b>Pob\u00f3r mocy<\/b><br><\/p>\n<\/td>\n<\/tr>\n<tr style=\"height: 52px;\">\n<td style=\"height: 52px; width: 15.4762%;\" width=\"85\">\n<p>&#8211;<\/p>\n<\/td>\n<td style=\"width: 15.4762%; height: 52px;\">t\/h<\/td>\n<td style=\"height: 52px; width: 36.5079%;\" width=\"86\">\n<p>kW<\/p>\n<\/td>\n<\/tr>\n<tr style=\"height: 76px;\">\n<td style=\"height: 47px; width: 15.4762%;\" width=\"85\">\n<p><b>RCT 46&#215;160 A<br><\/b><\/p>\n<\/td>\n<td style=\"width: 15.4762%; height: 47px;\">10-50<\/td>\n<td style=\"height: 47px; width: 36.5079%;\" width=\"86\">30<\/td>\n<\/tr>\n<\/tbody>\n<\/table>\t\t\t\t\t\t\t\t<\/div>\n\t\t\t\t<\/div>\n\t\t\t\t\t<\/div>\n\t\t<\/div>\n\t\t\t\t\t<\/div>\n\t\t<\/section>\n\t\t\t\t<\/div>\n\t\t","protected":false},"excerpt":{"rendered":"<p>Kruszarki walcowe RCT Kruszarki walcowe RCT przeznaczone do kruszenia popio\u0142u z kot\u0142\u00f3w w elektrowniach i innych materia\u0142\u00f3w o podobnych w\u0142a\u015bciwo\u015bciach. Kruszarki RCT &gt;&gt; wiele zalet: wysoki poziom techniczny i konstrukcja nastawiona na \u0142atwo\u015b\u0107 obs\u0142ugi i utrzymania, minimalizacja frakcji py\u0142owych w produkcie kruszenia, wysoki stopie\u0144 rozdrobnienia, wysoka jako\u015b\u0107 = wysoka gospodarno\u015b\u0107 eksploatacji. \u00a0 Rozwi\u0105zanie konstrukcyjne &gt;&gt; [&hellip;]<\/p>\n","protected":false},"author":3,"featured_media":0,"parent":0,"menu_order":0,"comment_status":"closed","ping_status":"closed","template":"","meta":{"_acf_changed":false,"footnotes":""},"class_list":["post-3034","page","type-page","status-publish","hentry"],"acf":[],"_links":{"self":[{"href":"https:\/\/www.dspprerov.cz\/pl\/wp-json\/wp\/v2\/pages\/3034","targetHints":{"allow":["GET"]}}],"collection":[{"href":"https:\/\/www.dspprerov.cz\/pl\/wp-json\/wp\/v2\/pages"}],"about":[{"href":"https:\/\/www.dspprerov.cz\/pl\/wp-json\/wp\/v2\/types\/page"}],"author":[{"embeddable":true,"href":"https:\/\/www.dspprerov.cz\/pl\/wp-json\/wp\/v2\/users\/3"}],"replies":[{"embeddable":true,"href":"https:\/\/www.dspprerov.cz\/pl\/wp-json\/wp\/v2\/comments?post=3034"}],"version-history":[{"count":5,"href":"https:\/\/www.dspprerov.cz\/pl\/wp-json\/wp\/v2\/pages\/3034\/revisions"}],"predecessor-version":[{"id":3040,"href":"https:\/\/www.dspprerov.cz\/pl\/wp-json\/wp\/v2\/pages\/3034\/revisions\/3040"}],"wp:attachment":[{"href":"https:\/\/www.dspprerov.cz\/pl\/wp-json\/wp\/v2\/media?parent=3034"}],"curies":[{"name":"wp","href":"https:\/\/api.w.org\/{rel}","templated":true}]}}