{"id":2941,"date":"2022-08-04T15:48:33","date_gmt":"2022-08-04T13:48:33","guid":{"rendered":"https:\/\/vx3785300.server2.imperialmedia.cz\/?page_id=2941"},"modified":"2022-08-04T15:52:39","modified_gmt":"2022-08-04T13:52:39","slug":"kruszarki-udarowe-vic","status":"publish","type":"page","link":"https:\/\/www.dspprerov.cz\/pl\/kruszarki-udarowe-vic\/","title":{"rendered":"Kruszarki udarowe VIC"},"content":{"rendered":"\t\t<div data-elementor-type=\"wp-page\" data-elementor-id=\"2941\" class=\"elementor elementor-2941 elementor-959\" data-elementor-post-type=\"page\">\n\t\t\t\t\t\t<section class=\"elementor-section elementor-top-section elementor-element elementor-element-b6b8908 elementor-section-content-middle elementor-section-boxed elementor-section-height-default elementor-section-height-default\" data-id=\"b6b8908\" data-element_type=\"section\" data-e-type=\"section\" data-settings=\"{&quot;background_background&quot;:&quot;classic&quot;}\">\n\t\t\t\t\t\t\t<div class=\"elementor-background-overlay\"><\/div>\n\t\t\t\t\t\t\t<div class=\"elementor-container elementor-column-gap-no\">\n\t\t\t\t\t<div class=\"elementor-column elementor-col-100 elementor-top-column elementor-element elementor-element-1deea2fe\" data-id=\"1deea2fe\" data-element_type=\"column\" data-e-type=\"column\">\n\t\t\t<div class=\"elementor-widget-wrap elementor-element-populated\">\n\t\t\t\t\t\t<div class=\"elementor-element elementor-element-301dc7b3 elementor-widget elementor-widget-heading\" data-id=\"301dc7b3\" data-element_type=\"widget\" data-e-type=\"widget\" data-widget_type=\"heading.default\">\n\t\t\t\t<div class=\"elementor-widget-container\">\n\t\t\t\t\t<h4 class=\"elementor-heading-title elementor-size-default\">Kruszarki udarowe VIC<\/h4>\t\t\t\t<\/div>\n\t\t\t\t<\/div>\n\t\t\t\t\t<\/div>\n\t\t<\/div>\n\t\t\t\t\t<\/div>\n\t\t<\/section>\n\t\t\t\t<section class=\"elementor-section elementor-top-section elementor-element elementor-element-15f697f elementor-section-boxed elementor-section-height-default elementor-section-height-default\" data-id=\"15f697f\" data-element_type=\"section\" data-e-type=\"section\">\n\t\t\t\t\t\t<div class=\"elementor-container elementor-column-gap-default\">\n\t\t\t\t\t<div class=\"elementor-column elementor-col-50 elementor-top-column elementor-element elementor-element-cb280fc\" data-id=\"cb280fc\" data-element_type=\"column\" data-e-type=\"column\">\n\t\t\t<div class=\"elementor-widget-wrap elementor-element-populated\">\n\t\t\t\t\t\t<div class=\"elementor-element elementor-element-05455fd elementor-widget elementor-widget-text-editor\" data-id=\"05455fd\" data-element_type=\"widget\" data-e-type=\"widget\" data-widget_type=\"text-editor.default\">\n\t\t\t\t<div class=\"elementor-widget-container\">\n\t\t\t\t\t\t\t\t\t<p>Kruszarki udarowe VIC s\u0105 charakterystyczne pionowo u\u0142o\u017cyskowan\u0105 osi\u0105 wirnika. Te maszyny znajduj\u0105 zastosowanie w produkcji kruszywa z wysok\u0105 zawarto\u015bci\u0105 ziaren kubicznych. Kruszarki VIC umieszcza si\u0119 w finalnych stopniach linii technologicznych, przede wszystkim w miejscach, gdzie k\u0142adzie si\u0119 nacisk na wysok\u0105 warto\u015b\u0107 kszta\u0142tu produktu.<\/p><p>Kruszarki udarowe VIC s\u0105 skonstruowane do szerokiego zakresu zastosowa\u0144. Mo\u017cna je wykorzystywa\u0107 do kruszenia twardy i mi\u0119kkich, ale r\u00f3wnie\u017c \u015bciernych lub nie\u015bciernych materia\u0142\u00f3w.<\/p>\t\t\t\t\t\t\t\t<\/div>\n\t\t\t\t<\/div>\n\t\t\t\t<div class=\"elementor-element elementor-element-d04ef9c elementor-widget elementor-widget-text-editor\" data-id=\"d04ef9c\" data-element_type=\"widget\" data-e-type=\"widget\" data-widget_type=\"text-editor.default\">\n\t\t\t\t<div class=\"elementor-widget-container\">\n\t\t\t\t\t\t\t\t\t<h4>Kruszarki VIC &gt;&gt; wiele zalet:<\/h4><ul><li>wysoki poziom techniczny orientowany na zwi\u0119kszenie efektywno\u015bci eksploatacji,<\/li><li>bardzo dobra warto\u015b\u0107 kszta\u0142tu produktu,<\/li><li>\u0142atwa wymiana element\u00f3w krusz\u0105cych,<\/li><li>hoch abriebbest\u00e4ndiges Material,<\/li><li><b>wysoka jako\u015b\u0107 = wysoka gospodarno\u015b\u0107 eksploatacji.<\/b><b style=\"color: var( --e-global-color-text ); font-family: var( --e-global-typography-text-font-family ), Sans-serif; font-size: 1rem;\">\u00a0<\/b><\/li><\/ul><div><div>\u00a0<\/div><\/div>\t\t\t\t\t\t\t\t<\/div>\n\t\t\t\t<\/div>\n\t\t\t\t\t<\/div>\n\t\t<\/div>\n\t\t\t\t<div class=\"elementor-column elementor-col-50 elementor-top-column elementor-element elementor-element-71b6915\" data-id=\"71b6915\" data-element_type=\"column\" data-e-type=\"column\">\n\t\t\t<div class=\"elementor-widget-wrap elementor-element-populated\">\n\t\t\t\t\t\t<div class=\"elementor-element elementor-element-38a8613 elementor-widget elementor-widget-image\" data-id=\"38a8613\" data-element_type=\"widget\" data-e-type=\"widget\" data-widget_type=\"image.default\">\n\t\t\t\t<div class=\"elementor-widget-container\">\n\t\t\t\t\t\t\t\t\t\t\t\t\t\t\t<img decoding=\"async\" width=\"1\" height=\"1\" src=\"https:\/\/www.dspprerov.cz\/wp-content\/uploads\/2022\/07\/vic-lisen-2-scaled.jpg\" class=\"attachment-large size-large wp-image-1340\" alt=\"\" \/>\t\t\t\t\t\t\t\t\t\t\t\t\t\t\t<\/div>\n\t\t\t\t<\/div>\n\t\t\t\t<div class=\"elementor-element elementor-element-60c5145 elementor-widget elementor-widget-image\" data-id=\"60c5145\" data-element_type=\"widget\" data-e-type=\"widget\" data-widget_type=\"image.default\">\n\t\t\t\t<div class=\"elementor-widget-container\">\n\t\t\t\t\t\t\t\t\t\t\t\t\t\t\t<img fetchpriority=\"high\" decoding=\"async\" width=\"800\" height=\"577\" src=\"https:\/\/www.dspprerov.cz\/wp-content\/uploads\/2022\/07\/vic.png\" class=\"attachment-large size-large wp-image-2051\" alt=\"\" srcset=\"https:\/\/www.dspprerov.cz\/wp-content\/uploads\/2022\/07\/vic.png 999w, https:\/\/www.dspprerov.cz\/wp-content\/uploads\/2022\/07\/vic-300x216.png 300w, https:\/\/www.dspprerov.cz\/wp-content\/uploads\/2022\/07\/vic-768x554.png 768w\" sizes=\"(max-width: 800px) 100vw, 800px\" \/>\t\t\t\t\t\t\t\t\t\t\t\t\t\t\t<\/div>\n\t\t\t\t<\/div>\n\t\t\t\t\t<\/div>\n\t\t<\/div>\n\t\t\t\t\t<\/div>\n\t\t<\/section>\n\t\t\t\t<section class=\"elementor-section elementor-top-section elementor-element elementor-element-cfeaec2 elementor-section-boxed elementor-section-height-default elementor-section-height-default\" data-id=\"cfeaec2\" data-element_type=\"section\" data-e-type=\"section\">\n\t\t\t\t\t\t<div class=\"elementor-container elementor-column-gap-default\">\n\t\t\t\t\t<div class=\"elementor-column elementor-col-100 elementor-top-column elementor-element elementor-element-1392df3\" data-id=\"1392df3\" data-element_type=\"column\" data-e-type=\"column\">\n\t\t\t<div class=\"elementor-widget-wrap elementor-element-populated\">\n\t\t\t\t\t\t<div class=\"elementor-element elementor-element-cf80113 elementor-widget elementor-widget-text-editor\" data-id=\"cf80113\" data-element_type=\"widget\" data-e-type=\"widget\" data-widget_type=\"text-editor.default\">\n\t\t\t\t<div class=\"elementor-widget-container\">\n\t\t\t\t\t\t\t\t\t<h5><b>Parametry kruszarek VIC<\/b><br><\/h5>\n<div>Parametry nale\u017cy rozpatrywa\u0107 indywidualnie w zale\u017cno\u015bci od konkretnych warunk\u00f3w.<br><b><br><\/b><\/div>\n<table style=\"width: 58.9627%; height: 222px;\">\n<tbody>\n<tr style=\"height: 100px;\">\n<td style=\"height: 100px; width: 15.4762%;\" width=\"85\">\n<p><b>Oznaczenie typowe<\/b><br><\/p>\n<\/td>\n<td style=\"width: 15.4762%; height: 100px;\">\n<p><strong>&nbsp;<\/strong><b>Wydajno\u015b\u0107<\/b><\/p>\n<\/td>\n<td style=\"height: 100px; width: 36.5079%;\" width=\"86\">\n<p><b>Pob\u00f3r mocy<\/b><br><\/p>\n<\/td>\n<\/tr>\n<tr style=\"height: 52px;\">\n<td style=\"height: 52px; width: 15.4762%;\" width=\"85\">\n<p>&#8211;<\/p>\n<\/td>\n<td style=\"width: 15.4762%; height: 52px;\">t\/h<\/td>\n<td style=\"height: 52px; width: 36.5079%;\" width=\"86\">\n<p>kW<\/p>\n<\/td>\n<\/tr>\n<tr style=\"height: 76px;\">\n<td style=\"height: 60px; width: 15.4762%;\" width=\"85\">\n<p><b>VIC 80<\/b><\/p>\n<\/td>\n<td style=\"width: 15.4762%; height: 60px;\">\n<p>60-120<\/p>\n<\/td>\n<td style=\"height: 60px; width: 36.5079%;\" width=\"86\">\n<p>90-110<\/p>\n<\/td>\n<\/tr>\n<tr style=\"height: 76px;\">\n<td style=\"height: 10px; width: 15.4762%;\" width=\"85\">\n<p><b>VIC 100<\/b><\/p>\n<\/td>\n<td style=\"width: 15.4762%; height: 10px;\">\n<p>100-180<\/p>\n<\/td>\n<td style=\"height: 10px; width: 36.5079%;\" width=\"86\">132-160<\/td>\n<\/tr>\n<\/tbody>\n<\/table>\t\t\t\t\t\t\t\t<\/div>\n\t\t\t\t<\/div>\n\t\t\t\t\t<\/div>\n\t\t<\/div>\n\t\t\t\t\t<\/div>\n\t\t<\/section>\n\t\t\t\t<\/div>\n\t\t","protected":false},"excerpt":{"rendered":"<p>Kruszarki udarowe VIC Kruszarki udarowe VIC s\u0105 charakterystyczne pionowo u\u0142o\u017cyskowan\u0105 osi\u0105 wirnika. Te maszyny znajduj\u0105 zastosowanie w produkcji kruszywa z wysok\u0105 zawarto\u015bci\u0105 ziaren kubicznych. Kruszarki VIC umieszcza si\u0119 w finalnych stopniach linii technologicznych, przede wszystkim w miejscach, gdzie k\u0142adzie si\u0119 nacisk na wysok\u0105 warto\u015b\u0107 kszta\u0142tu produktu. Kruszarki udarowe VIC s\u0105 skonstruowane do szerokiego zakresu zastosowa\u0144. [&hellip;]<\/p>\n","protected":false},"author":3,"featured_media":0,"parent":0,"menu_order":0,"comment_status":"closed","ping_status":"closed","template":"","meta":{"_acf_changed":false,"footnotes":""},"class_list":["post-2941","page","type-page","status-publish","hentry"],"acf":[],"_links":{"self":[{"href":"https:\/\/www.dspprerov.cz\/pl\/wp-json\/wp\/v2\/pages\/2941","targetHints":{"allow":["GET"]}}],"collection":[{"href":"https:\/\/www.dspprerov.cz\/pl\/wp-json\/wp\/v2\/pages"}],"about":[{"href":"https:\/\/www.dspprerov.cz\/pl\/wp-json\/wp\/v2\/types\/page"}],"author":[{"embeddable":true,"href":"https:\/\/www.dspprerov.cz\/pl\/wp-json\/wp\/v2\/users\/3"}],"replies":[{"embeddable":true,"href":"https:\/\/www.dspprerov.cz\/pl\/wp-json\/wp\/v2\/comments?post=2941"}],"version-history":[{"count":8,"href":"https:\/\/www.dspprerov.cz\/pl\/wp-json\/wp\/v2\/pages\/2941\/revisions"}],"predecessor-version":[{"id":2949,"href":"https:\/\/www.dspprerov.cz\/pl\/wp-json\/wp\/v2\/pages\/2941\/revisions\/2949"}],"wp:attachment":[{"href":"https:\/\/www.dspprerov.cz\/pl\/wp-json\/wp\/v2\/media?parent=2941"}],"curies":[{"name":"wp","href":"https:\/\/api.w.org\/{rel}","templated":true}]}}