{"id":2910,"date":"2022-08-04T15:04:25","date_gmt":"2022-08-04T13:04:25","guid":{"rendered":"https:\/\/vx3785300.server2.imperialmedia.cz\/?page_id=2910"},"modified":"2022-08-04T15:12:24","modified_gmt":"2022-08-04T13:12:24","slug":"kruszarki-udarowe-hic","status":"publish","type":"page","link":"https:\/\/www.dspprerov.cz\/pl\/kruszarki-udarowe-hic\/","title":{"rendered":"Kruszarki udarowe HIC"},"content":{"rendered":"\t\t<div data-elementor-type=\"wp-page\" data-elementor-id=\"2910\" class=\"elementor elementor-2910 elementor-928\" data-elementor-post-type=\"page\">\n\t\t\t\t\t\t<section class=\"elementor-section elementor-top-section elementor-element elementor-element-b6b8908 elementor-section-content-middle elementor-section-boxed elementor-section-height-default elementor-section-height-default\" data-id=\"b6b8908\" data-element_type=\"section\" data-e-type=\"section\" data-settings=\"{&quot;background_background&quot;:&quot;classic&quot;}\">\n\t\t\t\t\t\t\t<div class=\"elementor-background-overlay\"><\/div>\n\t\t\t\t\t\t\t<div class=\"elementor-container elementor-column-gap-no\">\n\t\t\t\t\t<div class=\"elementor-column elementor-col-100 elementor-top-column elementor-element elementor-element-1deea2fe\" data-id=\"1deea2fe\" data-element_type=\"column\" data-e-type=\"column\">\n\t\t\t<div class=\"elementor-widget-wrap elementor-element-populated\">\n\t\t\t\t\t\t<div class=\"elementor-element elementor-element-301dc7b3 elementor-widget elementor-widget-heading\" data-id=\"301dc7b3\" data-element_type=\"widget\" data-e-type=\"widget\" data-widget_type=\"heading.default\">\n\t\t\t\t<div class=\"elementor-widget-container\">\n\t\t\t\t\t<h4 class=\"elementor-heading-title elementor-size-default\">Kruszarki udarowe HIC<\/h4>\t\t\t\t<\/div>\n\t\t\t\t<\/div>\n\t\t\t\t\t<\/div>\n\t\t<\/div>\n\t\t\t\t\t<\/div>\n\t\t<\/section>\n\t\t\t\t<section class=\"elementor-section elementor-top-section elementor-element elementor-element-15f697f elementor-section-boxed elementor-section-height-default elementor-section-height-default\" data-id=\"15f697f\" data-element_type=\"section\" data-e-type=\"section\">\n\t\t\t\t\t\t<div class=\"elementor-container elementor-column-gap-default\">\n\t\t\t\t\t<div class=\"elementor-column elementor-col-50 elementor-top-column elementor-element elementor-element-cb280fc\" data-id=\"cb280fc\" data-element_type=\"column\" data-e-type=\"column\">\n\t\t\t<div class=\"elementor-widget-wrap elementor-element-populated\">\n\t\t\t\t\t\t<div class=\"elementor-element elementor-element-05455fd elementor-widget elementor-widget-text-editor\" data-id=\"05455fd\" data-element_type=\"widget\" data-e-type=\"widget\" data-widget_type=\"text-editor.default\">\n\t\t\t\t<div class=\"elementor-widget-container\">\n\t\t\t\t\t\t\t\t\t<p>Kruszarki udarowe HIC s\u0105 rozwi\u0105zane konstrukcyjnie do szerokiego spektrum zastosowa\u0144. Mo\u017cna je stosowa\u0107 do kruszenia wydobywanych materia\u0142\u00f3w w kamienio\u0142omach (wapienia, dolomitu, piaskowca, \u017cwiru itd.) oraz do przerobu odpadu budowlanego do recyklingu (betonu, rumowisk ceglanych, nawierzchni asfaltowych podczas remont\u00f3w dr\u00f3g).<\/p>\t\t\t\t\t\t\t\t<\/div>\n\t\t\t\t<\/div>\n\t\t\t\t<div class=\"elementor-element elementor-element-d04ef9c elementor-widget elementor-widget-text-editor\" data-id=\"d04ef9c\" data-element_type=\"widget\" data-e-type=\"widget\" data-widget_type=\"text-editor.default\">\n\t\t\t\t<div class=\"elementor-widget-container\">\n\t\t\t\t\t\t\t\t\t<h4>Kruszarki HIC &gt;&gt; wiele zalet:<\/h4>\n<ul>\n<li>wysoki poziom techniczny orientowany na zwi\u0119kszenie efektywno\u015bci eksploatacji,<\/li>\n<li>wysoki stopie\u0144 rozdrobnienia, bardzo dobra warto\u015b\u0107 kszta\u0142tu produktu,<\/li>\n<li>stopie\u0144 rozdrobnienia mo\u017cna zwi\u0119kszy\u0107 instaluj\u0105c tor dokruszaj\u0105cy,<\/li>\n<li>wariabilne rozwi\u0105zanie konstrukcyjne skrzyni dla zastosowania kruszarek HIC do stacjonarnych linii lub urz\u0105dze\u0144 mogilnych,<br><\/li>\n<li>zamkni\u0119ty korpus wirnika, mocne umocowanie listew krusz\u0105cych w wirniku,<\/li>\n<li>kompaktowe rozwi\u0105zanie jednostek spr\u0119\u017cynuj\u0105cych i ustawiania szczeliny deflektor\u00f3w i p\u0142yty dokruszaj\u0105cej,<\/li>\n<li>hydrauliczne otwieranie skrzyni kruszarki u\u0142atwia dost\u0119p podczas utrzymania,<\/li>\n<li><b>wysoka jako\u015b\u0107 = wysoka gospodarno\u015b\u0107 eksploatacji.<\/b><\/li>\n<\/ul>\n<div><b>&nbsp;<\/b><\/div>\n<div><b>&nbsp;<\/b><\/div>\n<div>\n<h4 style=\"font-family: Roboto, sans-serif;\">Wariabilno\u015b\u0107 konstrukcji &gt;&gt; szerokie mo\u017cliwo\u015bci zastosowania kruszarek HIC<\/h4>\n<div>Wariabilno\u015b\u0107 wykonania kruszarek HIC zapewnia szerokie mo\u017cliwo\u015bci ich zastosowania. Poprzez zmian\u0119 uk\u0142adu skrzyni wsypowej mo\u017cna w prosty spos\u00f3b dostosowa\u0107 do zastosowania stacjonarnego lub mobilnego. Adaptacja do zastosowania mobilnego uwzgl\u0119dnia wymagania co do minimalnej wysoko\u015bci zasilania i ochrony przed wyrzucaniem materia\u0142u z wn\u0119trza kruszarki.<\/div>\n<div>&nbsp;<\/div>\n<div>Alternatywne wyposa\u017cenie kruszarki HIC w tor dokruszaj\u0105cy zwi\u0119ksza skuteczno\u015b\u0107 kruszenia i w efekcie drobno\u015b\u0107 produktu kruszenia. Kruszarka z p\u0142yt\u0105 dokruszaj\u0105c\u0105 jest oznaczany oznaczeniem <b>GB<\/b> w nazwie kruszarki.<br><\/div>\n<div>&nbsp;<\/div>\n<div>Kruszarki HIC mo\u017cna dostosowa\u0107 do kruszenia materia\u0142\u00f3w o wy\u017cszej \u015bcierno\u015bci. Kruszarka HIC do kruszenia materia\u0142u \u015bciernego jest oznaczona liter\u0105 <b>A<\/b> w nazwie kruszarki<br><\/div>\n<div>&nbsp;<\/div>\n<div><div><b>Kruszarki s\u0105 produkowane w wersjach:<\/b><\/div><div><b>HIC&nbsp; &nbsp; &nbsp; &nbsp; &nbsp;<\/b>&#8211; kruszenie materia\u0142\u00f3w o niskiej sciernosci<\/div><div><b>HIC A&nbsp; &nbsp; &nbsp;<\/b> &#8211; kruszenie materia\u0142\u00f3w o wy\u017cszej sciernosci<\/div><div><b>HIC GB&nbsp; &nbsp;<\/b>&#8211; kruszenie materia\u0142\u00f3w o niskiej sciernosci<\/div><div>z wy\u017cszym stopniem rozdrobienia<\/div><div><b>HIC FGB <\/b>&#8211; kruszenie materia\u0142\u00f3w o niskiej sciernosci<\/div><div>z maksymalnym stopniem rozdrobnienia<\/div><\/div>\n<div>&nbsp;<\/div>\n<div>\n<div>&nbsp;<\/div>\n<\/div>\n<\/div>\t\t\t\t\t\t\t\t<\/div>\n\t\t\t\t<\/div>\n\t\t\t\t\t<\/div>\n\t\t<\/div>\n\t\t\t\t<div class=\"elementor-column elementor-col-50 elementor-top-column elementor-element elementor-element-71b6915\" data-id=\"71b6915\" data-element_type=\"column\" data-e-type=\"column\">\n\t\t\t<div class=\"elementor-widget-wrap elementor-element-populated\">\n\t\t\t\t\t\t<div class=\"elementor-element elementor-element-38a8613 elementor-widget elementor-widget-image\" data-id=\"38a8613\" data-element_type=\"widget\" data-e-type=\"widget\" data-widget_type=\"image.default\">\n\t\t\t\t<div class=\"elementor-widget-container\">\n\t\t\t\t\t\t\t\t\t\t\t\t\t\t\t<img fetchpriority=\"high\" decoding=\"async\" width=\"800\" height=\"600\" src=\"https:\/\/www.dspprerov.cz\/wp-content\/uploads\/2022\/07\/niznyj-novgorod-img-5416-1024x768.jpg\" class=\"attachment-large size-large wp-image-1400\" alt=\"\" srcset=\"https:\/\/www.dspprerov.cz\/wp-content\/uploads\/2022\/07\/niznyj-novgorod-img-5416-1024x768.jpg 1024w, https:\/\/www.dspprerov.cz\/wp-content\/uploads\/2022\/07\/niznyj-novgorod-img-5416-300x225.jpg 300w, https:\/\/www.dspprerov.cz\/wp-content\/uploads\/2022\/07\/niznyj-novgorod-img-5416-768x576.jpg 768w, https:\/\/www.dspprerov.cz\/wp-content\/uploads\/2022\/07\/niznyj-novgorod-img-5416-1536x1152.jpg 1536w, https:\/\/www.dspprerov.cz\/wp-content\/uploads\/2022\/07\/niznyj-novgorod-img-5416-2048x1536.jpg 2048w\" sizes=\"(max-width: 800px) 100vw, 800px\" \/>\t\t\t\t\t\t\t\t\t\t\t\t\t\t\t<\/div>\n\t\t\t\t<\/div>\n\t\t\t\t<div class=\"elementor-element elementor-element-226a917 elementor-widget elementor-widget-image\" data-id=\"226a917\" data-element_type=\"widget\" data-e-type=\"widget\" data-widget_type=\"image.default\">\n\t\t\t\t<div class=\"elementor-widget-container\">\n\t\t\t\t\t\t\t\t\t\t\t\t\t\t\t<img decoding=\"async\" width=\"800\" height=\"576\" src=\"https:\/\/www.dspprerov.cz\/wp-content\/uploads\/2022\/07\/odrazovy-drtic-hic-100x100-2-1024x737.png\" class=\"attachment-large size-large wp-image-1395\" alt=\"\" srcset=\"https:\/\/www.dspprerov.cz\/wp-content\/uploads\/2022\/07\/odrazovy-drtic-hic-100x100-2-1024x737.png 1024w, https:\/\/www.dspprerov.cz\/wp-content\/uploads\/2022\/07\/odrazovy-drtic-hic-100x100-2-300x216.png 300w, https:\/\/www.dspprerov.cz\/wp-content\/uploads\/2022\/07\/odrazovy-drtic-hic-100x100-2-768x553.png 768w, https:\/\/www.dspprerov.cz\/wp-content\/uploads\/2022\/07\/odrazovy-drtic-hic-100x100-2-1536x1106.png 1536w, https:\/\/www.dspprerov.cz\/wp-content\/uploads\/2022\/07\/odrazovy-drtic-hic-100x100-2.png 2000w\" sizes=\"(max-width: 800px) 100vw, 800px\" \/>\t\t\t\t\t\t\t\t\t\t\t\t\t\t\t<\/div>\n\t\t\t\t<\/div>\n\t\t\t\t\t<\/div>\n\t\t<\/div>\n\t\t\t\t\t<\/div>\n\t\t<\/section>\n\t\t\t\t<section class=\"elementor-section elementor-top-section elementor-element elementor-element-bd38e5e elementor-section-boxed elementor-section-height-default elementor-section-height-default\" data-id=\"bd38e5e\" data-element_type=\"section\" data-e-type=\"section\">\n\t\t\t\t\t\t<div class=\"elementor-container elementor-column-gap-default\">\n\t\t\t\t\t<div class=\"elementor-column elementor-col-100 elementor-top-column elementor-element elementor-element-0eb3787\" data-id=\"0eb3787\" data-element_type=\"column\" data-e-type=\"column\">\n\t\t\t<div class=\"elementor-widget-wrap elementor-element-populated\">\n\t\t\t\t\t\t<div class=\"elementor-element elementor-element-554901a elementor-widget elementor-widget-image-gallery\" data-id=\"554901a\" data-element_type=\"widget\" data-e-type=\"widget\" data-widget_type=\"image-gallery.default\">\n\t\t\t\t<div class=\"elementor-widget-container\">\n\t\t\t\t\t\t\t<div class=\"elementor-image-gallery\">\n\t\t\t<div class=\"wpmf-gallerys wpmf-gallerys-life \" ><div id=\"gallery-1\" class=\"gallery gallery_life wpmf_gallery_default gallery_default  gallery-columns-5 gallery-size-medium gallery-link-file wpmf-has-border-radius-0 wpmf-gutterwidth-5 no_ratio\"><figure class=\"wpmf-gallery-item\" data-index=\"0\"><div class=\"wpmf-gallery-icon\"><div class=\"square_thumbnail\"><div class=\"img_centered\"><a class=\" not_video noLightbox\" data-lightbox=\"1\" data-href=\"https:\/\/www.dspprerov.cz\/wp-content\/uploads\/2022\/07\/hic5.jpg\" title=\"hic5\" target=\"_self\" data-index=\"0\"><img decoding=\"async\" class=\"wpmf_img\" alt=\"hic5\" src=\"https:\/\/www.dspprerov.cz\/wp-content\/uploads\/2022\/07\/hic5-300x225.jpg\" data-type=\"wpmfgalleryimg\" data-lazy-src=\"https:\/\/www.dspprerov.cz\/wp-content\/uploads\/2022\/07\/hic5-300x225.jpg\"><\/a><\/div><\/div><\/div><\/figure><figure class=\"wpmf-gallery-item\" data-index=\"1\"><div class=\"wpmf-gallery-icon\"><div class=\"square_thumbnail\"><div class=\"img_centered\"><a class=\" not_video noLightbox\" data-lightbox=\"1\" data-href=\"https:\/\/www.dspprerov.cz\/wp-content\/uploads\/2022\/07\/hic4.jpg\" title=\"hic4\" target=\"_self\" data-index=\"1\"><img decoding=\"async\" class=\"wpmf_img\" alt=\"hic4\" src=\"https:\/\/www.dspprerov.cz\/wp-content\/uploads\/2022\/07\/hic4-300x227.jpg\" data-type=\"wpmfgalleryimg\" data-lazy-src=\"https:\/\/www.dspprerov.cz\/wp-content\/uploads\/2022\/07\/hic4-300x227.jpg\"><\/a><\/div><\/div><\/div><\/figure><figure class=\"wpmf-gallery-item\" data-index=\"2\"><div class=\"wpmf-gallery-icon\"><div class=\"square_thumbnail\"><div class=\"img_centered\"><a class=\" not_video noLightbox\" data-lightbox=\"1\" data-href=\"https:\/\/www.dspprerov.cz\/wp-content\/uploads\/2022\/07\/hic7.jpg\" title=\"hic7\" target=\"_self\" data-index=\"2\"><img decoding=\"async\" class=\"wpmf_img\" alt=\"hic7\" src=\"https:\/\/www.dspprerov.cz\/wp-content\/uploads\/2022\/07\/hic7-300x224.jpg\" data-type=\"wpmfgalleryimg\" data-lazy-src=\"https:\/\/www.dspprerov.cz\/wp-content\/uploads\/2022\/07\/hic7-300x224.jpg\"><\/a><\/div><\/div><\/div><\/figure><figure class=\"wpmf-gallery-item\" data-index=\"3\"><div class=\"wpmf-gallery-icon\"><div class=\"square_thumbnail\"><div class=\"img_centered\"><a class=\" not_video noLightbox\" data-lightbox=\"1\" data-href=\"https:\/\/www.dspprerov.cz\/wp-content\/uploads\/2022\/07\/hic6.jpg\" title=\"hic6\" target=\"_self\" data-index=\"3\"><img decoding=\"async\" class=\"wpmf_img\" alt=\"hic6\" src=\"https:\/\/www.dspprerov.cz\/wp-content\/uploads\/2022\/07\/hic6-300x224.jpg\" data-type=\"wpmfgalleryimg\" data-lazy-src=\"https:\/\/www.dspprerov.cz\/wp-content\/uploads\/2022\/07\/hic6-300x224.jpg\"><\/a><\/div><\/div><\/div><\/figure><figure class=\"wpmf-gallery-item\" data-index=\"4\"><div class=\"wpmf-gallery-icon\"><div class=\"square_thumbnail\"><div class=\"img_centered\"><a class=\" not_video noLightbox\" data-lightbox=\"1\" data-href=\"https:\/\/www.dspprerov.cz\/wp-content\/uploads\/2022\/07\/hic3.jpg\" title=\"hic3\" target=\"_self\" data-index=\"4\"><img decoding=\"async\" class=\"wpmf_img\" alt=\"hic3\" src=\"https:\/\/www.dspprerov.cz\/wp-content\/uploads\/2022\/07\/hic3-300x225.jpg\" data-type=\"wpmfgalleryimg\" data-lazy-src=\"https:\/\/www.dspprerov.cz\/wp-content\/uploads\/2022\/07\/hic3-300x225.jpg\"><\/a><\/div><\/div><\/div><\/figure><figure class=\"wpmf-gallery-item\" data-index=\"5\"><div class=\"wpmf-gallery-icon\"><div class=\"square_thumbnail\"><div class=\"img_centered\"><a class=\" not_video noLightbox\" data-lightbox=\"1\" data-href=\"https:\/\/www.dspprerov.cz\/wp-content\/uploads\/2022\/07\/hic2.jpg\" title=\"hic2\" target=\"_self\" data-index=\"5\"><img decoding=\"async\" class=\"wpmf_img\" alt=\"hic2\" src=\"https:\/\/www.dspprerov.cz\/wp-content\/uploads\/2022\/07\/hic2-300x224.jpg\" data-type=\"wpmfgalleryimg\" data-lazy-src=\"https:\/\/www.dspprerov.cz\/wp-content\/uploads\/2022\/07\/hic2-300x224.jpg\"><\/a><\/div><\/div><\/div><\/figure><figure class=\"wpmf-gallery-item\" data-index=\"6\"><div class=\"wpmf-gallery-icon\"><div class=\"square_thumbnail\"><div class=\"img_centered\"><a class=\" not_video noLightbox\" data-lightbox=\"1\" data-href=\"https:\/\/www.dspprerov.cz\/wp-content\/uploads\/2022\/07\/hic9.jpg\" title=\"hic9\" target=\"_self\" data-index=\"6\"><img decoding=\"async\" class=\"wpmf_img\" alt=\"hic9\" src=\"https:\/\/www.dspprerov.cz\/wp-content\/uploads\/2022\/07\/hic9-300x224.jpg\" data-type=\"wpmfgalleryimg\" data-lazy-src=\"https:\/\/www.dspprerov.cz\/wp-content\/uploads\/2022\/07\/hic9-300x224.jpg\"><\/a><\/div><\/div><\/div><\/figure><figure class=\"wpmf-gallery-item\" data-index=\"7\"><div class=\"wpmf-gallery-icon\"><div class=\"square_thumbnail\"><div class=\"img_centered\"><a class=\" not_video noLightbox\" data-lightbox=\"1\" data-href=\"https:\/\/www.dspprerov.cz\/wp-content\/uploads\/2022\/07\/hic8.jpg\" title=\"hic8\" target=\"_self\" data-index=\"7\"><img decoding=\"async\" class=\"wpmf_img\" alt=\"hic8\" src=\"https:\/\/www.dspprerov.cz\/wp-content\/uploads\/2022\/07\/hic8-300x224.jpg\" data-type=\"wpmfgalleryimg\" data-lazy-src=\"https:\/\/www.dspprerov.cz\/wp-content\/uploads\/2022\/07\/hic8-300x224.jpg\"><\/a><\/div><\/div><\/div><\/figure><figure class=\"wpmf-gallery-item\" data-index=\"8\"><div class=\"wpmf-gallery-icon\"><div class=\"square_thumbnail\"><div class=\"img_centered\"><a class=\" not_video noLightbox\" data-lightbox=\"1\" data-href=\"https:\/\/www.dspprerov.cz\/wp-content\/uploads\/2022\/07\/hic10.jpg\" title=\"hic10\" target=\"_self\" data-index=\"8\"><img decoding=\"async\" class=\"wpmf_img\" alt=\"hic10\" src=\"https:\/\/www.dspprerov.cz\/wp-content\/uploads\/2022\/07\/hic10-300x227.jpg\" data-type=\"wpmfgalleryimg\" data-lazy-src=\"https:\/\/www.dspprerov.cz\/wp-content\/uploads\/2022\/07\/hic10-300x227.jpg\"><\/a><\/div><\/div><\/div><\/figure><\/div><\/div>\t\t<\/div>\n\t\t\t\t\t\t<\/div>\n\t\t\t\t<\/div>\n\t\t\t\t\t<\/div>\n\t\t<\/div>\n\t\t\t\t\t<\/div>\n\t\t<\/section>\n\t\t\t\t<section class=\"elementor-section elementor-top-section elementor-element elementor-element-cfeaec2 elementor-section-boxed elementor-section-height-default elementor-section-height-default\" data-id=\"cfeaec2\" data-element_type=\"section\" data-e-type=\"section\">\n\t\t\t\t\t\t<div class=\"elementor-container elementor-column-gap-default\">\n\t\t\t\t\t<div class=\"elementor-column elementor-col-100 elementor-top-column elementor-element elementor-element-1392df3\" data-id=\"1392df3\" data-element_type=\"column\" data-e-type=\"column\">\n\t\t\t<div class=\"elementor-widget-wrap elementor-element-populated\">\n\t\t\t\t\t\t<div class=\"elementor-element elementor-element-cf80113 elementor-widget elementor-widget-text-editor\" data-id=\"cf80113\" data-element_type=\"widget\" data-e-type=\"widget\" data-widget_type=\"text-editor.default\">\n\t\t\t\t<div class=\"elementor-widget-container\">\n\t\t\t\t\t\t\t\t\t<h5><b>Parametry kruszarek HIC<\/b><br><\/h5>\n<p>Parametry nale\u017cy rozpatrywa\u0107 indywidualnie w zale\u017cno\u015bci od konkretnych warunk\u00f3w.<\/p>\n<table style=\"width: 80.9446%; height: 501px;\">\n<tbody>\n<tr style=\"height: 100px;\">\n<td style=\"height: 100px;\" width=\"85\">\n<p><b>Oznaczenie typowe<\/b><br><\/p>\n<\/td>\n<td style=\"height: 100px;\" width=\"86\">\n<p><b>Wydajno\u015b\u0107<\/b><br><\/p>\n<\/td>\n<td style=\"height: 100px;\" width=\"84\">\n<p><b>Pob\u00f3r mocy<\/b><br><\/p>\n<\/td>\n<td style=\"height: 100px;\" width=\"99\">\n<p><b>Maksymalna bry\u0142a na wej\u015bciu<\/b><br><\/p>\n<\/td>\n<td style=\"height: 100px;\" width=\"86\">\n<p><b>Ci\u0119\u017car bez nap\u0119du<\/b><br><\/p>\n<\/td>\n<\/tr>\n<tr style=\"height: 52px;\">\n<td style=\"height: 52px;\" width=\"85\">\n<p>&#8211;<\/p>\n<\/td>\n<td style=\"height: 52px;\" width=\"86\">\n<p>t\/h<\/p>\n<\/td>\n<td style=\"height: 52px;\" width=\"84\">\n<p>kW<\/p>\n<\/td>\n<td style=\"height: 52px;\" width=\"99\">\n<p>mm<\/p>\n<\/td>\n<td style=\"height: 52px;\" width=\"86\">\n<p>kg<\/p>\n<\/td>\n<\/tr>\n<tr style=\"height: 76px;\">\n<td style=\"height: 76px;\" width=\"85\">\n<p><b>HIC 85&#215;50<\/b><\/p>\n<\/td>\n<td style=\"height: 76px;\" width=\"86\">\n<p>40-80<\/p>\n<\/td>\n<td style=\"height: 76px;\" width=\"84\">\n<p>55-75<\/p>\n<\/td>\n<td style=\"height: 76px;\" width=\"99\">\n<p>300<\/p>\n<\/td>\n<td style=\"height: 76px;\" width=\"86\">\n<p>4000-4300<\/p>\n<\/td>\n<\/tr>\n<tr style=\"height: 76px;\">\n<td style=\"height: 76px;\" width=\"85\">\n<p><b>HIC 85&#215;100<\/b><\/p>\n<\/td>\n<td style=\"height: 76px;\" width=\"86\">70-130<\/td>\n<td style=\"height: 76px;\" width=\"84\">\n<p>90-110<\/p>\n<\/td>\n<td style=\"height: 76px;\" width=\"99\">\n<p>300<\/p>\n<\/td>\n<td style=\"height: 76px;\" width=\"86\">\n<p>5900-6200<\/p>\n<\/td>\n<\/tr>\n<tr style=\"height: 76px;\">\n<td style=\"height: 76px;\" width=\"85\">\n<p><b>HIC 100&#215;100<\/b><\/p>\n<\/td>\n<td style=\"height: 76px;\" width=\"86\">\n<p>100-190<\/p>\n<\/td>\n<td style=\"height: 76px;\" width=\"84\">\n<p>130-160<\/p>\n<\/td>\n<td style=\"height: 76px;\" width=\"99\">\n<p>600<\/p>\n<\/td>\n<td style=\"height: 76px;\" width=\"86\">\n<p>9400-10400<\/p>\n<\/td>\n<\/tr>\n<tr style=\"height: 76px;\">\n<td style=\"height: 76px;\" width=\"85\">\n<p><b>HIC 125&#215;130<\/b><\/p>\n<\/td>\n<td style=\"height: 76px;\" width=\"86\">\n<p>150-280<\/p>\n<\/td>\n<td style=\"height: 76px;\" width=\"84\">\n<p>200-250<\/p>\n<\/td>\n<td style=\"height: 76px;\" width=\"99\">\n<p>750<\/p>\n<\/td>\n<td style=\"height: 76px;\" width=\"86\">\n<p>13900-15600<\/p>\n<\/td>\n<\/tr>\n<tr style=\"height: 76px;\">\n<td style=\"height: 45px;\" width=\"85\"><b>HIC 150&#215;150<span style=\"font-size: 12.96px;\">&nbsp;<\/span><\/b><\/td>\n<td style=\"height: 45px;\" width=\"86\">270-500<\/td>\n<td style=\"height: 45px;\" width=\"84\">315-550<\/td>\n<td style=\"height: 45px;\" width=\"99\">1000<\/td>\n<td style=\"height: 45px;\" width=\"86\">23900-26000<\/td>\n<\/tr>\n<\/tbody>\n<\/table>\t\t\t\t\t\t\t\t<\/div>\n\t\t\t\t<\/div>\n\t\t\t\t\t<\/div>\n\t\t<\/div>\n\t\t\t\t\t<\/div>\n\t\t<\/section>\n\t\t\t\t<\/div>\n\t\t","protected":false},"excerpt":{"rendered":"<p>Kruszarki udarowe HIC Kruszarki udarowe HIC s\u0105 rozwi\u0105zane konstrukcyjnie do szerokiego spektrum zastosowa\u0144. Mo\u017cna je stosowa\u0107 do kruszenia wydobywanych materia\u0142\u00f3w w kamienio\u0142omach (wapienia, dolomitu, piaskowca, \u017cwiru itd.) oraz do przerobu odpadu budowlanego do recyklingu (betonu, rumowisk ceglanych, nawierzchni asfaltowych podczas remont\u00f3w dr\u00f3g). Kruszarki HIC &gt;&gt; wiele zalet: wysoki poziom techniczny orientowany na zwi\u0119kszenie efektywno\u015bci eksploatacji, [&hellip;]<\/p>\n","protected":false},"author":3,"featured_media":0,"parent":0,"menu_order":0,"comment_status":"closed","ping_status":"closed","template":"","meta":{"_acf_changed":false,"footnotes":""},"class_list":["post-2910","page","type-page","status-publish","hentry"],"acf":[],"_links":{"self":[{"href":"https:\/\/www.dspprerov.cz\/pl\/wp-json\/wp\/v2\/pages\/2910","targetHints":{"allow":["GET"]}}],"collection":[{"href":"https:\/\/www.dspprerov.cz\/pl\/wp-json\/wp\/v2\/pages"}],"about":[{"href":"https:\/\/www.dspprerov.cz\/pl\/wp-json\/wp\/v2\/types\/page"}],"author":[{"embeddable":true,"href":"https:\/\/www.dspprerov.cz\/pl\/wp-json\/wp\/v2\/users\/3"}],"replies":[{"embeddable":true,"href":"https:\/\/www.dspprerov.cz\/pl\/wp-json\/wp\/v2\/comments?post=2910"}],"version-history":[{"count":8,"href":"https:\/\/www.dspprerov.cz\/pl\/wp-json\/wp\/v2\/pages\/2910\/revisions"}],"predecessor-version":[{"id":2918,"href":"https:\/\/www.dspprerov.cz\/pl\/wp-json\/wp\/v2\/pages\/2910\/revisions\/2918"}],"wp:attachment":[{"href":"https:\/\/www.dspprerov.cz\/pl\/wp-json\/wp\/v2\/media?parent=2910"}],"curies":[{"name":"wp","href":"https:\/\/api.w.org\/{rel}","templated":true}]}}