{"id":2868,"date":"2022-08-04T14:16:34","date_gmt":"2022-08-04T12:16:34","guid":{"rendered":"https:\/\/vx3785300.server2.imperialmedia.cz\/?page_id=2868"},"modified":"2022-08-04T14:27:05","modified_gmt":"2022-08-04T12:27:05","slug":"kruszarki-szczekowe-dt","status":"publish","type":"page","link":"https:\/\/www.dspprerov.cz\/pl\/kruszarki-szczekowe-dt\/","title":{"rendered":"Kruszarki szcz\u0119kowe DT"},"content":{"rendered":"\t\t<div data-elementor-type=\"wp-page\" data-elementor-id=\"2868\" class=\"elementor elementor-2868 elementor-886\" data-elementor-post-type=\"page\">\n\t\t\t\t\t\t<section class=\"elementor-section elementor-top-section elementor-element elementor-element-b6b8908 elementor-section-content-middle elementor-section-boxed elementor-section-height-default elementor-section-height-default\" data-id=\"b6b8908\" data-element_type=\"section\" data-e-type=\"section\" data-settings=\"{&quot;background_background&quot;:&quot;classic&quot;}\">\n\t\t\t\t\t\t\t<div class=\"elementor-background-overlay\"><\/div>\n\t\t\t\t\t\t\t<div class=\"elementor-container elementor-column-gap-no\">\n\t\t\t\t\t<div class=\"elementor-column elementor-col-100 elementor-top-column elementor-element elementor-element-1deea2fe\" data-id=\"1deea2fe\" data-element_type=\"column\" data-e-type=\"column\">\n\t\t\t<div class=\"elementor-widget-wrap elementor-element-populated\">\n\t\t\t\t\t\t<div class=\"elementor-element elementor-element-301dc7b3 elementor-widget elementor-widget-heading\" data-id=\"301dc7b3\" data-element_type=\"widget\" data-e-type=\"widget\" data-widget_type=\"heading.default\">\n\t\t\t\t<div class=\"elementor-widget-container\">\n\t\t\t\t\t<h4 class=\"elementor-heading-title elementor-size-default\">Kruszarki szcz\u0119kowe DT<\/h4>\t\t\t\t<\/div>\n\t\t\t\t<\/div>\n\t\t\t\t\t<\/div>\n\t\t<\/div>\n\t\t\t\t\t<\/div>\n\t\t<\/section>\n\t\t\t\t<section class=\"elementor-section elementor-top-section elementor-element elementor-element-15f697f elementor-section-boxed elementor-section-height-default elementor-section-height-default\" data-id=\"15f697f\" data-element_type=\"section\" data-e-type=\"section\">\n\t\t\t\t\t\t<div class=\"elementor-container elementor-column-gap-default\">\n\t\t\t\t\t<div class=\"elementor-column elementor-col-50 elementor-top-column elementor-element elementor-element-cb280fc\" data-id=\"cb280fc\" data-element_type=\"column\" data-e-type=\"column\">\n\t\t\t<div class=\"elementor-widget-wrap elementor-element-populated\">\n\t\t\t\t\t\t<div class=\"elementor-element elementor-element-05455fd elementor-widget elementor-widget-text-editor\" data-id=\"05455fd\" data-element_type=\"widget\" data-e-type=\"widget\" data-widget_type=\"text-editor.default\">\n\t\t\t\t<div class=\"elementor-widget-container\">\n\t\t\t\t\t\t\t\t\t<p>Kruszarki szcz\u0119kowe DT bazuj\u0105 na historycznej koncepcji konstrukcyjnej ci\u0119\u017ckich maszyn do pierwotnego kruszenia twardych i bardzo twardych materia\u0142\u00f3w.<\/p><p>Rozwi\u0105zanie techniczne kinematyki dwupodporowe zosta\u0142o zaprojektowane z my\u015bl\u0105 o \u0142atwej konserwacji i obs\u0142udze przy zachowaniu d\u0142ugiej \u017cywotno\u015bci. Dzi\u0119ki rozwojowi powsta\u0142y typy kruszarek szcz\u0119kowych z oznaczeniem &#8222;R&#8221;, kt\u00f3re nadaj\u0105 si\u0119 do recyklingu materia\u0142\u00f3w budowlanych, takich jak beton, \u017celbeton, ceg\u0142y, kawa\u0142ki asfaltu i podobne materia\u0142y.\u00a0\u00a0\u00a0\u00a0<\/p>\t\t\t\t\t\t\t\t<\/div>\n\t\t\t\t<\/div>\n\t\t\t\t<div class=\"elementor-element elementor-element-d04ef9c elementor-widget elementor-widget-text-editor\" data-id=\"d04ef9c\" data-element_type=\"widget\" data-e-type=\"widget\" data-widget_type=\"text-editor.default\">\n\t\t\t\t<div class=\"elementor-widget-container\">\n\t\t\t\t\t\t\t\t\t<h4>Kruszarki DT = wiele zalet:<\/h4>\n<ul>\n<li>bardzo niski ci\u0119\u017car obni\u017caj\u0105cy koszty inwestycyjne instalacji jednostek krusz\u0105cych,<br><\/li>\n<li><span style=\"background-color: transparent;\">mechanizm kinematyczny dwupodporowy <\/span>umo\u017cliwiaj\u0105cy kruszenie bardzo twardych materia\u0142\u00f3w<\/li>\n<li><span style=\"background-color: transparent;\">rozwi\u0105zanie techniczne minimalizuj\u0105ce wymagania co do obs\u0142ugi i utrzymania z zapewnienie wysokiego stopnia bezpiecze\u0144stwa pracy,<br><\/span><\/li>\n<li>szerokie mo\u017cliwo\u015bci zastosowania &#8211; od kruszenia \u0142amanego kamienia a\u017c po przer\u00f3b beton\u00f3w lub recykling mur\u00f3w ceglanych,<\/li>\n<li><b>wysoka jako\u015b\u0107 = wysoka gospodarno\u015b\u0107 eksploatacji.<\/b><br><\/li>\n<\/ul>\t\t\t\t\t\t\t\t<\/div>\n\t\t\t\t<\/div>\n\t\t\t\t\t<\/div>\n\t\t<\/div>\n\t\t\t\t<div class=\"elementor-column elementor-col-50 elementor-top-column elementor-element elementor-element-71b6915\" data-id=\"71b6915\" data-element_type=\"column\" data-e-type=\"column\">\n\t\t\t<div class=\"elementor-widget-wrap elementor-element-populated\">\n\t\t\t\t\t\t<div class=\"elementor-element elementor-element-38a8613 elementor-widget elementor-widget-image\" data-id=\"38a8613\" data-element_type=\"widget\" data-e-type=\"widget\" data-widget_type=\"image.default\">\n\t\t\t\t<div class=\"elementor-widget-container\">\n\t\t\t\t\t\t\t\t\t\t\t\t\t\t\t<img fetchpriority=\"high\" decoding=\"async\" width=\"800\" height=\"436\" src=\"https:\/\/www.dspprerov.cz\/wp-content\/uploads\/2022\/07\/dcd-1024x558.jpg\" class=\"attachment-large size-large wp-image-1528\" alt=\"\" srcset=\"https:\/\/www.dspprerov.cz\/wp-content\/uploads\/2022\/07\/dcd-1024x558.jpg 1024w, https:\/\/www.dspprerov.cz\/wp-content\/uploads\/2022\/07\/dcd-300x163.jpg 300w, https:\/\/www.dspprerov.cz\/wp-content\/uploads\/2022\/07\/dcd-768x419.jpg 768w, https:\/\/www.dspprerov.cz\/wp-content\/uploads\/2022\/07\/dcd-1536x837.jpg 1536w, https:\/\/www.dspprerov.cz\/wp-content\/uploads\/2022\/07\/dcd-2048x1116.jpg 2048w\" sizes=\"(max-width: 800px) 100vw, 800px\" \/>\t\t\t\t\t\t\t\t\t\t\t\t\t\t\t<\/div>\n\t\t\t\t<\/div>\n\t\t\t\t<div class=\"elementor-element elementor-element-226a917 elementor-widget elementor-widget-image\" data-id=\"226a917\" data-element_type=\"widget\" data-e-type=\"widget\" data-widget_type=\"image.default\">\n\t\t\t\t<div class=\"elementor-widget-container\">\n\t\t\t\t\t\t\t\t\t\t\t\t\t\t\t<img decoding=\"async\" width=\"800\" height=\"448\" src=\"https:\/\/www.dspprerov.cz\/wp-content\/uploads\/2022\/07\/dcd-500x400154-1-1024x573.png\" class=\"attachment-large size-large wp-image-1523\" alt=\"\" srcset=\"https:\/\/www.dspprerov.cz\/wp-content\/uploads\/2022\/07\/dcd-500x400154-1-1024x573.png 1024w, https:\/\/www.dspprerov.cz\/wp-content\/uploads\/2022\/07\/dcd-500x400154-1-300x168.png 300w, https:\/\/www.dspprerov.cz\/wp-content\/uploads\/2022\/07\/dcd-500x400154-1-768x430.png 768w, https:\/\/www.dspprerov.cz\/wp-content\/uploads\/2022\/07\/dcd-500x400154-1-1536x860.png 1536w, https:\/\/www.dspprerov.cz\/wp-content\/uploads\/2022\/07\/dcd-500x400154-1.png 1800w\" sizes=\"(max-width: 800px) 100vw, 800px\" \/>\t\t\t\t\t\t\t\t\t\t\t\t\t\t\t<\/div>\n\t\t\t\t<\/div>\n\t\t\t\t\t<\/div>\n\t\t<\/div>\n\t\t\t\t\t<\/div>\n\t\t<\/section>\n\t\t\t\t<section class=\"elementor-section elementor-top-section elementor-element elementor-element-bd38e5e elementor-section-boxed elementor-section-height-default elementor-section-height-default\" data-id=\"bd38e5e\" data-element_type=\"section\" data-e-type=\"section\">\n\t\t\t\t\t\t<div class=\"elementor-container elementor-column-gap-default\">\n\t\t\t\t\t<div class=\"elementor-column elementor-col-100 elementor-top-column elementor-element elementor-element-0eb3787\" data-id=\"0eb3787\" data-element_type=\"column\" data-e-type=\"column\">\n\t\t\t<div class=\"elementor-widget-wrap elementor-element-populated\">\n\t\t\t\t\t\t<div class=\"elementor-element elementor-element-554901a elementor-widget elementor-widget-image-gallery\" data-id=\"554901a\" data-element_type=\"widget\" data-e-type=\"widget\" data-widget_type=\"image-gallery.default\">\n\t\t\t\t<div class=\"elementor-widget-container\">\n\t\t\t\t\t\t\t<div class=\"elementor-image-gallery\">\n\t\t\t<div class=\"wpmf-gallerys wpmf-gallerys-life \" ><div id=\"gallery-1\" class=\"gallery gallery_life wpmf_gallery_default gallery_default  gallery-columns-5 gallery-size-medium gallery-link-file wpmf-has-border-radius-0 wpmf-gutterwidth-5 no_ratio\"><figure class=\"wpmf-gallery-item\" data-index=\"0\"><div class=\"wpmf-gallery-icon\"><div class=\"square_thumbnail\"><div class=\"img_centered\"><a class=\" not_video noLightbox\" data-lightbox=\"1\" data-href=\"https:\/\/www.dspprerov.cz\/wp-content\/uploads\/2022\/07\/dt-rez-1024x843.jpg\" title=\"dt-rez\" target=\"_self\" data-index=\"0\"><img decoding=\"async\" class=\"wpmf_img\" alt=\"dt-rez\" src=\"https:\/\/www.dspprerov.cz\/wp-content\/uploads\/2022\/07\/dt-rez-300x247.jpg\" data-type=\"wpmfgalleryimg\" data-lazy-src=\"https:\/\/www.dspprerov.cz\/wp-content\/uploads\/2022\/07\/dt-rez-300x247.jpg\"><\/a><\/div><\/div><\/div><\/figure><figure class=\"wpmf-gallery-item\" data-index=\"1\"><div class=\"wpmf-gallery-icon\"><div class=\"square_thumbnail\"><div class=\"img_centered\"><a class=\" not_video noLightbox\" data-lightbox=\"1\" data-href=\"https:\/\/www.dspprerov.cz\/wp-content\/uploads\/2022\/07\/p3313883-1024x616.jpg\" title=\"p3313883\" target=\"_self\" data-index=\"1\"><img decoding=\"async\" class=\"wpmf_img\" alt=\"p3313883\" src=\"https:\/\/www.dspprerov.cz\/wp-content\/uploads\/2022\/07\/p3313883-300x181.jpg\" data-type=\"wpmfgalleryimg\" data-lazy-src=\"https:\/\/www.dspprerov.cz\/wp-content\/uploads\/2022\/07\/p3313883-300x181.jpg\"><\/a><\/div><\/div><\/div><\/figure><figure class=\"wpmf-gallery-item\" data-index=\"2\"><div class=\"wpmf-gallery-icon\"><div class=\"square_thumbnail\"><div class=\"img_centered\"><a class=\" not_video noLightbox\" data-lightbox=\"1\" data-href=\"https:\/\/www.dspprerov.cz\/wp-content\/uploads\/2022\/07\/p2180018-1024x768.jpg\" title=\"OLYMPUS DIGITAL CAMERA\" target=\"_self\" data-index=\"2\"><img decoding=\"async\" class=\"wpmf_img\" alt=\"OLYMPUS DIGITAL CAMERA\" src=\"https:\/\/www.dspprerov.cz\/wp-content\/uploads\/2022\/07\/p2180018-300x225.jpg\" data-type=\"wpmfgalleryimg\" data-lazy-src=\"https:\/\/www.dspprerov.cz\/wp-content\/uploads\/2022\/07\/p2180018-300x225.jpg\"><\/a><\/div><\/div><\/div><figcaption class=\"wp-caption-text gallery-caption\">OLYMPUS DIGITAL CAMERA<\/figcaption><\/figure><figure class=\"wpmf-gallery-item\" data-index=\"3\"><div class=\"wpmf-gallery-icon\"><div class=\"square_thumbnail\"><div class=\"img_centered\"><a class=\" not_video noLightbox\" data-lightbox=\"1\" data-href=\"https:\/\/www.dspprerov.cz\/wp-content\/uploads\/2022\/07\/p1010010-1024x768.jpg\" title=\"OLYMPUS DIGITAL CAMERA\" target=\"_self\" data-index=\"3\"><img decoding=\"async\" class=\"wpmf_img\" alt=\"OLYMPUS DIGITAL CAMERA\" src=\"https:\/\/www.dspprerov.cz\/wp-content\/uploads\/2022\/07\/p1010010-300x225.jpg\" data-type=\"wpmfgalleryimg\" data-lazy-src=\"https:\/\/www.dspprerov.cz\/wp-content\/uploads\/2022\/07\/p1010010-300x225.jpg\"><\/a><\/div><\/div><\/div><figcaption class=\"wp-caption-text gallery-caption\">OLYMPUS DIGITAL CAMERA<\/figcaption><\/figure><figure class=\"wpmf-gallery-item\" data-index=\"4\"><div class=\"wpmf-gallery-icon\"><div class=\"square_thumbnail\"><div class=\"img_centered\"><a class=\" not_video noLightbox\" data-lightbox=\"1\" data-href=\"https:\/\/www.dspprerov.cz\/wp-content\/uploads\/2022\/07\/dt1.jpg\" title=\"dt1\" target=\"_self\" data-index=\"4\"><img decoding=\"async\" class=\"wpmf_img\" alt=\"dt1\" src=\"https:\/\/www.dspprerov.cz\/wp-content\/uploads\/2022\/07\/dt1-300x225.jpg\" data-type=\"wpmfgalleryimg\" data-lazy-src=\"https:\/\/www.dspprerov.cz\/wp-content\/uploads\/2022\/07\/dt1-300x225.jpg\"><\/a><\/div><\/div><\/div><\/figure><\/div><\/div>\t\t<\/div>\n\t\t\t\t\t\t<\/div>\n\t\t\t\t<\/div>\n\t\t\t\t\t<\/div>\n\t\t<\/div>\n\t\t\t\t\t<\/div>\n\t\t<\/section>\n\t\t\t\t<section class=\"elementor-section elementor-top-section elementor-element elementor-element-cfeaec2 elementor-section-boxed elementor-section-height-default elementor-section-height-default\" data-id=\"cfeaec2\" data-element_type=\"section\" data-e-type=\"section\">\n\t\t\t\t\t\t<div class=\"elementor-container elementor-column-gap-default\">\n\t\t\t\t\t<div class=\"elementor-column elementor-col-100 elementor-top-column elementor-element elementor-element-1392df3\" data-id=\"1392df3\" data-element_type=\"column\" data-e-type=\"column\">\n\t\t\t<div class=\"elementor-widget-wrap elementor-element-populated\">\n\t\t\t\t\t\t<div class=\"elementor-element elementor-element-cf80113 elementor-widget elementor-widget-text-editor\" data-id=\"cf80113\" data-element_type=\"widget\" data-e-type=\"widget\" data-widget_type=\"text-editor.default\">\n\t\t\t\t<div class=\"elementor-widget-container\">\n\t\t\t\t\t\t\t\t\t<h5>Parametry kruszarek DT<\/h5><p>Parametry nale\u017cy rozpatrywa\u0107 indywidualnie w zale\u017cno\u015bci od konkretnych warunk\u00f3w.<\/p><table style=\"width: 80.9446%; height: 314px;\"><tbody><tr style=\"height: 100px;\"><td style=\"height: 100px;\" width=\"85\"><p><b>Oznaczenie typowe<\/b><\/p><\/td><td style=\"height: 100px;\" width=\"86\"><p><b>Wydajno\u015b\u0107<\/b><\/p><\/td><td style=\"height: 100px;\" width=\"84\"><p><b>Pob\u00f3r mocy<\/b><\/p><\/td><td style=\"height: 100px;\" width=\"99\"><p><b>Kawa\u0142kowato\u015b\u0107 na wej\u015bciu<\/b><\/p><\/td><td style=\"height: 100px;\" width=\"86\"><p><b>Zakres szczeliny<\/b><\/p><\/td><\/tr><tr style=\"height: 52px;\"><td style=\"height: 52px;\" width=\"85\"><p>&#8211;<\/p><\/td><td style=\"height: 52px;\" width=\"86\"><p>t\/h<\/p><\/td><td style=\"height: 52px;\" width=\"84\"><p>kW<\/p><\/td><td style=\"height: 52px;\" width=\"99\"><p>mm<\/p><\/td><td style=\"height: 52px;\" width=\"86\"><p>mm<\/p><\/td><\/tr><tr style=\"height: 76px;\"><td style=\"height: 76px;\" width=\"85\"><p><b>DT 50&#215;40<\/b><\/p><\/td><td style=\"height: 76px;\" width=\"86\"><p>20-65<\/p><\/td><td style=\"height: 76px;\" width=\"84\"><p>30<\/p><\/td><td style=\"height: 76px;\" width=\"99\">400x400x300<\/td><td style=\"height: 76px;\" width=\"86\"><p>30-80<\/p><\/td><\/tr><tr style=\"height: 76px;\"><td style=\"height: 76px;\" width=\"85\"><p><b>DT 54x40R<\/b><\/p><\/td><td style=\"height: 76px;\" width=\"86\">5-55<\/td><td style=\"height: 76px;\" width=\"84\">30<\/td><td style=\"height: 76px;\" width=\"99\">400x400x300<\/td><td style=\"height: 76px;\" width=\"86\">10-60<\/td><\/tr><\/tbody><\/table>\t\t\t\t\t\t\t\t<\/div>\n\t\t\t\t<\/div>\n\t\t\t\t\t<\/div>\n\t\t<\/div>\n\t\t\t\t\t<\/div>\n\t\t<\/section>\n\t\t\t\t<\/div>\n\t\t","protected":false},"excerpt":{"rendered":"<p>Kruszarki szcz\u0119kowe DT Kruszarki szcz\u0119kowe DT bazuj\u0105 na historycznej koncepcji konstrukcyjnej ci\u0119\u017ckich maszyn do pierwotnego kruszenia twardych i bardzo twardych materia\u0142\u00f3w. Rozwi\u0105zanie techniczne kinematyki dwupodporowe zosta\u0142o zaprojektowane z my\u015bl\u0105 o \u0142atwej konserwacji i obs\u0142udze przy zachowaniu d\u0142ugiej \u017cywotno\u015bci. Dzi\u0119ki rozwojowi powsta\u0142y typy kruszarek szcz\u0119kowych z oznaczeniem &#8222;R&#8221;, kt\u00f3re nadaj\u0105 si\u0119 do recyklingu materia\u0142\u00f3w budowlanych, takich [&hellip;]<\/p>\n","protected":false},"author":3,"featured_media":0,"parent":0,"menu_order":0,"comment_status":"closed","ping_status":"closed","template":"","meta":{"_acf_changed":false,"footnotes":""},"class_list":["post-2868","page","type-page","status-publish","hentry"],"acf":[],"_links":{"self":[{"href":"https:\/\/www.dspprerov.cz\/pl\/wp-json\/wp\/v2\/pages\/2868","targetHints":{"allow":["GET"]}}],"collection":[{"href":"https:\/\/www.dspprerov.cz\/pl\/wp-json\/wp\/v2\/pages"}],"about":[{"href":"https:\/\/www.dspprerov.cz\/pl\/wp-json\/wp\/v2\/types\/page"}],"author":[{"embeddable":true,"href":"https:\/\/www.dspprerov.cz\/pl\/wp-json\/wp\/v2\/users\/3"}],"replies":[{"embeddable":true,"href":"https:\/\/www.dspprerov.cz\/pl\/wp-json\/wp\/v2\/comments?post=2868"}],"version-history":[{"count":7,"href":"https:\/\/www.dspprerov.cz\/pl\/wp-json\/wp\/v2\/pages\/2868\/revisions"}],"predecessor-version":[{"id":2876,"href":"https:\/\/www.dspprerov.cz\/pl\/wp-json\/wp\/v2\/pages\/2868\/revisions\/2876"}],"wp:attachment":[{"href":"https:\/\/www.dspprerov.cz\/pl\/wp-json\/wp\/v2\/media?parent=2868"}],"curies":[{"name":"wp","href":"https:\/\/api.w.org\/{rel}","templated":true}]}}