{"id":4652,"date":"2022-09-12T13:56:44","date_gmt":"2022-09-12T11:56:44","guid":{"rendered":"https:\/\/vx3785300.server2.imperialmedia.cz\/?page_id=4652"},"modified":"2022-09-12T14:07:54","modified_gmt":"2022-09-12T12:07:54","slug":"ueber-uns","status":"publish","type":"page","link":"https:\/\/www.dspprerov.cz\/de\/ueber-uns\/","title":{"rendered":"\u00dcber uns"},"content":{"rendered":"\t\t<div data-elementor-type=\"wp-page\" data-elementor-id=\"4652\" class=\"elementor elementor-4652 elementor-292\" data-elementor-post-type=\"page\">\n\t\t\t\t\t\t<section class=\"elementor-section elementor-top-section elementor-element elementor-element-b6b8908 elementor-section-content-middle elementor-section-boxed elementor-section-height-default elementor-section-height-default\" data-id=\"b6b8908\" data-element_type=\"section\" data-e-type=\"section\" data-settings=\"{&quot;background_background&quot;:&quot;classic&quot;}\">\n\t\t\t\t\t\t\t<div class=\"elementor-background-overlay\"><\/div>\n\t\t\t\t\t\t\t<div class=\"elementor-container elementor-column-gap-no\">\n\t\t\t\t\t<div class=\"elementor-column elementor-col-100 elementor-top-column elementor-element elementor-element-1deea2fe\" data-id=\"1deea2fe\" data-element_type=\"column\" data-e-type=\"column\">\n\t\t\t<div class=\"elementor-widget-wrap elementor-element-populated\">\n\t\t\t\t\t\t<div class=\"elementor-element elementor-element-301dc7b3 elementor-widget elementor-widget-heading\" data-id=\"301dc7b3\" data-element_type=\"widget\" data-e-type=\"widget\" data-widget_type=\"heading.default\">\n\t\t\t\t<div class=\"elementor-widget-container\">\n\t\t\t\t\t<h4 class=\"elementor-heading-title elementor-size-default\">\u00dcber uns<\/h4>\t\t\t\t<\/div>\n\t\t\t\t<\/div>\n\t\t\t\t\t<\/div>\n\t\t<\/div>\n\t\t\t\t\t<\/div>\n\t\t<\/section>\n\t\t\t\t<section class=\"elementor-section elementor-top-section elementor-element elementor-element-15f697f elementor-section-boxed elementor-section-height-default elementor-section-height-default\" data-id=\"15f697f\" data-element_type=\"section\" data-e-type=\"section\">\n\t\t\t\t\t\t<div class=\"elementor-container elementor-column-gap-default\">\n\t\t\t\t\t<div class=\"elementor-column elementor-col-50 elementor-top-column elementor-element elementor-element-cb280fc\" data-id=\"cb280fc\" data-element_type=\"column\" data-e-type=\"column\">\n\t\t\t<div class=\"elementor-widget-wrap elementor-element-populated\">\n\t\t\t\t\t\t<div class=\"elementor-element elementor-element-cf80113 elementor-widget elementor-widget-text-editor\" data-id=\"cf80113\" data-element_type=\"widget\" data-e-type=\"widget\" data-widget_type=\"text-editor.default\">\n\t\t\t\t<div class=\"elementor-widget-container\">\n\t\t\t\t\t\t\t\t\t<p><b>DSP P\u0159erov ist ein f\u00fchrender Anbieter von Brech-, Sieb- und Waschanlagen mit einer kompletten Palette von Brechern, Sieben, Aufgebern, Entw\u00e4sserungsanlagen und anderen Maschinen. Das Produktportfolio wird in einer Vielzahl von Branchen eingesetzt, darunter Steinbr\u00fcche, Kiesgruben, Landschaftsbau, Schienen- und Stra\u00dfenbau, Kleinbergbau, Bau und Abbruch, Abfallwirtschaft und Recycling.<\/b><\/p><p>Das Unternehmen DSP P\u0159erov mit Sitz in der Tschechischen Republik stellt seit 1998 Maschinen und Anlagen f\u00fcr die Aufbereitung von Gesteinsmaterial her und entwickelt sie weiter. Das Entwicklungsteam setzt sich aus Mitarbeitern zusammen, deren Erfahrung bis in die Anf\u00e4nge der Branche in der ehemaligen Tschechoslowakei zur\u00fcckreicht, und wird durch Mitarbeiter erg\u00e4nzt, die Elemente der modernen Technik anwenden.<\/p><p>DSP P\u0159erov befindet sich nach wie vor zu 100 % im Privatbesitz der tschechischen Eigent\u00fcmer, die das Unternehmen auch leiten. &#8222;Der Gedanke der Einigkeit ist die Grundlage f\u00fcr alles, was wir tun. Wir unterst\u00fctzen uns gegenseitig in unserem Bestreben, unsere Produkte und Dienstleistungen kontinuierlich zu verbessern und eine Atmosph\u00e4re zu schaffen, die die Kunden erkennen und sch\u00e4tzen. Das Ergebnis gibt uns einen starken Glauben an DSP P\u0159erov und unsere F\u00e4higkeit, auf dem globalen Markt erfolgreich zu sein.&#8220;<\/p><p>Niemand kennt sich mit der Einrichtung besser aus als derjenige, der mit ihr t\u00e4glich arbeitet. Deswegen geh\u00f6rt zu unseren Priorit\u00e4ten die F\u00e4higkeit der Kommunikation mit dem Kunden, die F\u00e4higkeit seine Probleme zu verstehen und die F\u00e4higkeit ihn f\u00fcr unsere L\u00f6sung zu gewinnen.<\/p>\t\t\t\t\t\t\t\t<\/div>\n\t\t\t\t<\/div>\n\t\t\t\t\t<\/div>\n\t\t<\/div>\n\t\t\t\t<div class=\"elementor-column elementor-col-50 elementor-top-column elementor-element elementor-element-200c324\" data-id=\"200c324\" data-element_type=\"column\" data-e-type=\"column\">\n\t\t\t<div class=\"elementor-widget-wrap elementor-element-populated\">\n\t\t\t\t\t\t<div class=\"elementor-element elementor-element-962eb50 elementor-widget elementor-widget-text-editor\" data-id=\"962eb50\" data-element_type=\"widget\" data-e-type=\"widget\" data-widget_type=\"text-editor.default\">\n\t\t\t\t<div class=\"elementor-widget-container\">\n\t\t\t\t\t\t\t\t\t<p>Die Entwicklungsstrategie basiert auf der Schaffung eines Fundaments der praktischsten Arten und Gr\u00f6\u00dfen einzelner Einrichtungen und zielt auf eine zunehmende Komplexit\u00e4t der angebotenen Dienstleistungen ab. Ebenso entwickelt sich die T\u00e4tigkeit des Unternehmens territorial mit einem starken Netz ausl\u00e4ndischer Gesch\u00e4ftspartner f\u00fcr einzelne M\u00e4rkte. Die Produkte von DSP P\u0159erov werden den Kunden einschlie\u00dflich Installation, Montage und Inbetriebnahme geliefert. Im Ausland wird die Zusammenarbeit mit Handelsvertretern oder lokalen Unternehmen genutzt.\u00a0Die berufliche Struktur des Personals basiert auf vier Hauptt\u00e4tigkeiten, n\u00e4mlich<span style=\"color: rgba(0, 0, 0, 0); font-family: var( --e-global-typography-text-font-family ), Sans-serif;\"><span style=\"font-size: 1rem; font-weight: var( --e-global-typography-text-font-weight );\">:<\/span><\/span><\/p><ul><li>Konstruktionsentwicklung neuer Produkte,<\/li><li>Herstellung, Montage und Pr\u00fcfung von Produkten,<\/li><li>Komplexe Handelsdienstleistungen,<\/li><li>Installierung der gelieferten Einrichtungen und Nachverkaufservice.<p>\u00a0<\/p><\/li><\/ul><p>DSP P\u0159erov ist Inhaber von Zertifikaten und Genehmigungen. Wichtige Design-Knotenpunkte sind durch eine Reihe von Gebrauchsmustern (sogenannte kleine Patente) gesch\u00fctzt.<\/p><p>Das Ziel des Unternehmens ist es, eine qualitativ hochwertige und langfristige Zusammenarbeit auf internationaler Ebene bei der Lieferung von Verarbeitungsanlagen zu erreichen, die auf Energieeinsparung und rentable Leistung ausgerichtet sind.<\/p>\t\t\t\t\t\t\t\t<\/div>\n\t\t\t\t<\/div>\n\t\t\t\t\t<\/div>\n\t\t<\/div>\n\t\t\t\t\t<\/div>\n\t\t<\/section>\n\t\t\t\t<section class=\"elementor-section elementor-top-section elementor-element elementor-element-ce0f113 elementor-section-boxed elementor-section-height-default elementor-section-height-default\" data-id=\"ce0f113\" data-element_type=\"section\" data-e-type=\"section\">\n\t\t\t\t\t\t<div class=\"elementor-container elementor-column-gap-default\">\n\t\t\t\t\t<div class=\"elementor-column elementor-col-100 elementor-top-column elementor-element elementor-element-8fbaf9b\" data-id=\"8fbaf9b\" data-element_type=\"column\" data-e-type=\"column\">\n\t\t\t<div class=\"elementor-widget-wrap elementor-element-populated\">\n\t\t\t\t\t\t<div class=\"elementor-element elementor-element-ab750b4 elementor-widget elementor-widget-heading\" data-id=\"ab750b4\" data-element_type=\"widget\" data-e-type=\"widget\" data-widget_type=\"heading.default\">\n\t\t\t\t<div class=\"elementor-widget-container\">\n\t\t\t\t\t<h4 class=\"elementor-heading-title elementor-size-default\">Bescheinigungen<\/h4>\t\t\t\t<\/div>\n\t\t\t\t<\/div>\n\t\t\t\t<div class=\"elementor-element elementor-element-ac203a4 elementor-widget elementor-widget-image\" data-id=\"ac203a4\" data-element_type=\"widget\" data-e-type=\"widget\" data-widget_type=\"image.default\">\n\t\t\t\t<div class=\"elementor-widget-container\">\n\t\t\t\t\t\t\t\t\t\t\t\t\t\t\t\t<a href=\"https:\/\/www.dspprerov.cz\/wp-content\/uploads\/2022\/05\/cert-de-scaled.jpg\" data-elementor-open-lightbox=\"yes\" data-elementor-lightbox-title=\"Cert De\" data-e-action-hash=\"#elementor-action%3Aaction%3Dlightbox%26settings%3DeyJpZCI6NzE5LCJ1cmwiOiJodHRwczpcL1wvd3d3LmRzcHByZXJvdi5jelwvd3AtY29udGVudFwvdXBsb2Fkc1wvMjAyMlwvMDVcL2NlcnQtZGUtc2NhbGVkLmpwZyJ9\">\n\t\t\t\t\t\t\t<img fetchpriority=\"high\" decoding=\"async\" width=\"735\" height=\"1024\" src=\"https:\/\/www.dspprerov.cz\/wp-content\/uploads\/2022\/05\/cert-de-735x1024.jpg\" class=\"attachment-large size-large wp-image-719\" alt=\"\" srcset=\"https:\/\/www.dspprerov.cz\/wp-content\/uploads\/2022\/05\/cert-de-735x1024.jpg 735w, https:\/\/www.dspprerov.cz\/wp-content\/uploads\/2022\/05\/cert-de-215x300.jpg 215w, https:\/\/www.dspprerov.cz\/wp-content\/uploads\/2022\/05\/cert-de-768x1071.jpg 768w, https:\/\/www.dspprerov.cz\/wp-content\/uploads\/2022\/05\/cert-de-1102x1536.jpg 1102w, https:\/\/www.dspprerov.cz\/wp-content\/uploads\/2022\/05\/cert-de-1469x2048.jpg 1469w, https:\/\/www.dspprerov.cz\/wp-content\/uploads\/2022\/05\/cert-de-scaled.jpg 1836w\" sizes=\"(max-width: 735px) 100vw, 735px\" \/>\t\t\t\t\t\t\t\t<\/a>\n\t\t\t\t\t\t\t\t\t\t\t\t\t\t\t<\/div>\n\t\t\t\t<\/div>\n\t\t\t\t\t<\/div>\n\t\t<\/div>\n\t\t\t\t\t<\/div>\n\t\t<\/section>\n\t\t\t\t<\/div>\n\t\t","protected":false},"excerpt":{"rendered":"<p>\u00dcber uns DSP P\u0159erov ist ein f\u00fchrender Anbieter von Brech-, Sieb- und Waschanlagen mit einer kompletten Palette von Brechern, Sieben, Aufgebern, Entw\u00e4sserungsanlagen und anderen Maschinen. Das Produktportfolio wird in einer Vielzahl von Branchen eingesetzt, darunter Steinbr\u00fcche, Kiesgruben, Landschaftsbau, Schienen- und Stra\u00dfenbau, Kleinbergbau, Bau und Abbruch, Abfallwirtschaft und Recycling. Das Unternehmen DSP P\u0159erov mit Sitz in [&hellip;]<\/p>\n","protected":false},"author":3,"featured_media":0,"parent":0,"menu_order":0,"comment_status":"closed","ping_status":"closed","template":"","meta":{"_acf_changed":false,"footnotes":""},"class_list":["post-4652","page","type-page","status-publish","hentry"],"acf":[],"_links":{"self":[{"href":"https:\/\/www.dspprerov.cz\/de\/wp-json\/wp\/v2\/pages\/4652","targetHints":{"allow":["GET"]}}],"collection":[{"href":"https:\/\/www.dspprerov.cz\/de\/wp-json\/wp\/v2\/pages"}],"about":[{"href":"https:\/\/www.dspprerov.cz\/de\/wp-json\/wp\/v2\/types\/page"}],"author":[{"embeddable":true,"href":"https:\/\/www.dspprerov.cz\/de\/wp-json\/wp\/v2\/users\/3"}],"replies":[{"embeddable":true,"href":"https:\/\/www.dspprerov.cz\/de\/wp-json\/wp\/v2\/comments?post=4652"}],"version-history":[{"count":14,"href":"https:\/\/www.dspprerov.cz\/de\/wp-json\/wp\/v2\/pages\/4652\/revisions"}],"predecessor-version":[{"id":4668,"href":"https:\/\/www.dspprerov.cz\/de\/wp-json\/wp\/v2\/pages\/4652\/revisions\/4668"}],"wp:attachment":[{"href":"https:\/\/www.dspprerov.cz\/de\/wp-json\/wp\/v2\/media?parent=4652"}],"curies":[{"name":"wp","href":"https:\/\/api.w.org\/{rel}","templated":true}]}}