{"id":3907,"date":"2022-08-25T14:41:16","date_gmt":"2022-08-25T12:41:16","guid":{"rendered":"https:\/\/vx3785300.server2.imperialmedia.cz\/?page_id=3907"},"modified":"2022-08-25T14:42:31","modified_gmt":"2022-08-25T12:42:31","slug":"technologie-fuer-foerderer","status":"publish","type":"page","link":"https:\/\/www.dspprerov.cz\/de\/technologie-fuer-foerderer\/","title":{"rendered":"Technologie f\u00fcr F\u00f6rderer"},"content":{"rendered":"\t\t<div data-elementor-type=\"wp-page\" data-elementor-id=\"3907\" class=\"elementor elementor-3907 elementor-1766\" data-elementor-post-type=\"page\">\n\t\t\t\t\t\t<section class=\"elementor-section elementor-top-section elementor-element elementor-element-b6b8908 elementor-section-content-middle elementor-section-boxed elementor-section-height-default elementor-section-height-default\" data-id=\"b6b8908\" data-element_type=\"section\" data-e-type=\"section\" data-settings=\"{&quot;background_background&quot;:&quot;classic&quot;}\">\n\t\t\t\t\t\t\t<div class=\"elementor-background-overlay\"><\/div>\n\t\t\t\t\t\t\t<div class=\"elementor-container elementor-column-gap-no\">\n\t\t\t\t\t<div class=\"elementor-column elementor-col-100 elementor-top-column elementor-element elementor-element-1deea2fe\" data-id=\"1deea2fe\" data-element_type=\"column\" data-e-type=\"column\">\n\t\t\t<div class=\"elementor-widget-wrap elementor-element-populated\">\n\t\t\t\t\t\t<div class=\"elementor-element elementor-element-301dc7b3 elementor-widget elementor-widget-heading\" data-id=\"301dc7b3\" data-element_type=\"widget\" data-e-type=\"widget\" data-widget_type=\"heading.default\">\n\t\t\t\t<div class=\"elementor-widget-container\">\n\t\t\t\t\t<h4 class=\"elementor-heading-title elementor-size-default\">Technologie f\u00fcr F\u00f6rderer<\/h4>\t\t\t\t<\/div>\n\t\t\t\t<\/div>\n\t\t\t\t\t<\/div>\n\t\t<\/div>\n\t\t\t\t\t<\/div>\n\t\t<\/section>\n\t\t\t\t<section class=\"elementor-section elementor-top-section elementor-element elementor-element-458bdd2 elementor-section-boxed elementor-section-height-default elementor-section-height-default\" data-id=\"458bdd2\" data-element_type=\"section\" data-e-type=\"section\">\n\t\t\t\t\t\t<div class=\"elementor-container elementor-column-gap-default\">\n\t\t\t\t\t<div class=\"elementor-column elementor-col-50 elementor-top-column elementor-element elementor-element-955a4fb\" data-id=\"955a4fb\" data-element_type=\"column\" data-e-type=\"column\">\n\t\t\t<div class=\"elementor-widget-wrap elementor-element-populated\">\n\t\t\t\t\t\t<div class=\"elementor-element elementor-element-39e0f7d elementor-widget elementor-widget-text-editor\" data-id=\"39e0f7d\" data-element_type=\"widget\" data-e-type=\"widget\" data-widget_type=\"text-editor.default\">\n\t\t\t\t<div class=\"elementor-widget-container\">\n\t\t\t\t\t\t\t\t\t<p><b>Wir bieten technologische Linien f\u00fcr kleine F\u00f6rderer f\u00fcr die F\u00f6rderung vom Gold, Coltan oder von Edelsteinen aus verstreuten Schichten an. Die Technologie fasst die Aufgabeeinheit, den Trommelw\u00e4scher, die Sortiereinheit mit dem Vibrationssortierer, den Bandf\u00f6rderer und auch folgende Einrichtungen, wie z.B. die Setzmaschine, die Konzentration-Rutschen, Gravitation-Konzentrator, Schlamm- oder Sandpumpen, Dieselgeneratoren usw. um.<\/b><\/p>\n<p><b style=\"color: var( --e-global-color-text ); font-family: var( --e-global-typography-text-font-family ), Sans-serif; font-size: 1rem;\">Wir arbeiten langj\u00e4hrig mit f\u00fchrenden Weltproduzenten von Aufbereitungsanlagen in Kanada, in den USA, in China und in Russland zusammen. Die Wahl dieser Anlagen h\u00e4ngt von dem konkret gef\u00f6rderten Rohstoff ab &#8211; unsere Anlagen sind f\u00fcr die F\u00f6rderung vom Gold, Kassiterit, Columbit (sog. &#8222;Coltan&#8220;) oder von Edelsteinen geeignet und dabei bereits ausprobiert. Eine wichtige Rolle spielen auch die konkreten geologischen Bedingungen der gef\u00f6rderten Lagerst\u00e4tte (vor allem die Korngr\u00f6\u00dfe des Interessen-Rohstoffs, Anteil von Lehmpartikeln u.\u00e4.).<\/b><br><\/p>\n<p><b style=\"color: var( --e-global-color-text ); font-family: var( --e-global-typography-text-font-family ), Sans-serif; font-size: 1rem;\">Mit Hilfe unserer Geologie Experten und nach Ihren W\u00fcnschen stellen wir die gegebene Linie so zusammen, damit wir eine &#8222;schl\u00fcsselfertige\u201c Lieferung zur Verf\u00fcgung stellen k\u00f6nnen.&nbsp;<\/b><b>Die Gesamtdurchsatzleistung liegt zwischen 30 und 70 t\/h.<\/b><br><\/p>\n<p><br><\/p>\t\t\t\t\t\t\t\t<\/div>\n\t\t\t\t<\/div>\n\t\t\t\t\t<\/div>\n\t\t<\/div>\n\t\t\t\t<div class=\"elementor-column elementor-col-50 elementor-top-column elementor-element elementor-element-6519756\" data-id=\"6519756\" data-element_type=\"column\" data-e-type=\"column\">\n\t\t\t<div class=\"elementor-widget-wrap elementor-element-populated\">\n\t\t\t\t\t\t<div class=\"elementor-element elementor-element-98ed903 elementor-widget elementor-widget-image\" data-id=\"98ed903\" data-element_type=\"widget\" data-e-type=\"widget\" data-widget_type=\"image.default\">\n\t\t\t\t<div class=\"elementor-widget-container\">\n\t\t\t\t\t\t\t\t\t\t\t\t\t\t\t<img fetchpriority=\"high\" decoding=\"async\" width=\"650\" height=\"459\" src=\"https:\/\/www.dspprerov.cz\/wp-content\/uploads\/2022\/07\/sm1.jpg\" class=\"attachment-large size-large wp-image-1773\" alt=\"\" srcset=\"https:\/\/www.dspprerov.cz\/wp-content\/uploads\/2022\/07\/sm1.jpg 650w, https:\/\/www.dspprerov.cz\/wp-content\/uploads\/2022\/07\/sm1-300x212.jpg 300w\" sizes=\"(max-width: 650px) 100vw, 650px\" \/>\t\t\t\t\t\t\t\t\t\t\t\t\t\t\t<\/div>\n\t\t\t\t<\/div>\n\t\t\t\t\t<\/div>\n\t\t<\/div>\n\t\t\t\t\t<\/div>\n\t\t<\/section>\n\t\t\t\t<section class=\"elementor-section elementor-top-section elementor-element elementor-element-24c10f9 elementor-section-boxed elementor-section-height-default elementor-section-height-default\" data-id=\"24c10f9\" data-element_type=\"section\" data-e-type=\"section\">\n\t\t\t\t\t\t<div class=\"elementor-container elementor-column-gap-default\">\n\t\t\t\t\t<div class=\"elementor-column elementor-col-100 elementor-top-column elementor-element elementor-element-276fde4\" data-id=\"276fde4\" data-element_type=\"column\" data-e-type=\"column\">\n\t\t\t<div class=\"elementor-widget-wrap elementor-element-populated\">\n\t\t\t\t\t\t<div class=\"elementor-element elementor-element-81e1b9a elementor-widget elementor-widget-gallery\" data-id=\"81e1b9a\" data-element_type=\"widget\" data-e-type=\"widget\" data-settings=\"{&quot;lazyload&quot;:&quot;yes&quot;,&quot;gallery_layout&quot;:&quot;grid&quot;,&quot;columns&quot;:4,&quot;columns_tablet&quot;:2,&quot;columns_mobile&quot;:1,&quot;gap&quot;:{&quot;unit&quot;:&quot;px&quot;,&quot;size&quot;:10,&quot;sizes&quot;:[]},&quot;gap_tablet&quot;:{&quot;unit&quot;:&quot;px&quot;,&quot;size&quot;:10,&quot;sizes&quot;:[]},&quot;gap_mobile&quot;:{&quot;unit&quot;:&quot;px&quot;,&quot;size&quot;:10,&quot;sizes&quot;:[]},&quot;link_to&quot;:&quot;file&quot;,&quot;aspect_ratio&quot;:&quot;3:2&quot;,&quot;overlay_background&quot;:&quot;yes&quot;,&quot;content_hover_animation&quot;:&quot;fade-in&quot;}\" data-widget_type=\"gallery.default\">\n\t\t\t\t<div class=\"elementor-widget-container\">\n\t\t\t\t\t\t\t<div class=\"elementor-gallery__container\">\n\t\t\t\t\t\t\t<a class=\"e-gallery-item elementor-gallery-item elementor-animated-content\" href=\"https:\/\/www.dspprerov.cz\/wp-content\/uploads\/2022\/07\/sm2.jpg\" data-elementor-open-lightbox=\"yes\" data-elementor-lightbox-slideshow=\"81e1b9a\" data-elementor-lightbox-title=\"Sm2\" data-e-action-hash=\"#elementor-action%3Aaction%3Dlightbox%26settings%3DeyJpZCI6MTc3NiwidXJsIjoiaHR0cHM6XC9cL3d3dy5kc3BwcmVyb3YuY3pcL3dwLWNvbnRlbnRcL3VwbG9hZHNcLzIwMjJcLzA3XC9zbTIuanBnIiwic2xpZGVzaG93IjoiODFlMWI5YSJ9\">\n\t\t\t\t\t<div class=\"e-gallery-image elementor-gallery-item__image\" data-thumbnail=\"https:\/\/www.dspprerov.cz\/wp-content\/uploads\/2022\/07\/sm2-300x220.jpg\" data-width=\"300\" data-height=\"220\" aria-label=\"\" role=\"img\" ><\/div>\n\t\t\t\t\t\t\t\t\t\t\t<div class=\"elementor-gallery-item__overlay\"><\/div>\n\t\t\t\t\t\t\t\t\t\t\t\t\t\t<\/a>\n\t\t\t\t\t\t\t<a class=\"e-gallery-item elementor-gallery-item elementor-animated-content\" href=\"https:\/\/www.dspprerov.cz\/wp-content\/uploads\/2022\/07\/sm3.jpg\" data-elementor-open-lightbox=\"yes\" data-elementor-lightbox-slideshow=\"81e1b9a\" data-elementor-lightbox-title=\"Sm3\" data-e-action-hash=\"#elementor-action%3Aaction%3Dlightbox%26settings%3DeyJpZCI6MTc4MSwidXJsIjoiaHR0cHM6XC9cL3d3dy5kc3BwcmVyb3YuY3pcL3dwLWNvbnRlbnRcL3VwbG9hZHNcLzIwMjJcLzA3XC9zbTMuanBnIiwic2xpZGVzaG93IjoiODFlMWI5YSJ9\">\n\t\t\t\t\t<div class=\"e-gallery-image elementor-gallery-item__image\" data-thumbnail=\"https:\/\/www.dspprerov.cz\/wp-content\/uploads\/2022\/07\/sm3-300x224.jpg\" data-width=\"300\" data-height=\"224\" aria-label=\"\" role=\"img\" ><\/div>\n\t\t\t\t\t\t\t\t\t\t\t<div class=\"elementor-gallery-item__overlay\"><\/div>\n\t\t\t\t\t\t\t\t\t\t\t\t\t\t<\/a>\n\t\t\t\t\t\t\t<a class=\"e-gallery-item elementor-gallery-item elementor-animated-content\" href=\"https:\/\/www.dspprerov.cz\/wp-content\/uploads\/2022\/07\/sm4.jpg\" data-elementor-open-lightbox=\"yes\" data-elementor-lightbox-slideshow=\"81e1b9a\" data-elementor-lightbox-title=\"Sm4\" data-e-action-hash=\"#elementor-action%3Aaction%3Dlightbox%26settings%3DeyJpZCI6MTc4NiwidXJsIjoiaHR0cHM6XC9cL3d3dy5kc3BwcmVyb3YuY3pcL3dwLWNvbnRlbnRcL3VwbG9hZHNcLzIwMjJcLzA3XC9zbTQuanBnIiwic2xpZGVzaG93IjoiODFlMWI5YSJ9\">\n\t\t\t\t\t<div class=\"e-gallery-image elementor-gallery-item__image\" data-thumbnail=\"https:\/\/www.dspprerov.cz\/wp-content\/uploads\/2022\/07\/sm4-300x243.jpg\" data-width=\"300\" data-height=\"243\" aria-label=\"\" role=\"img\" ><\/div>\n\t\t\t\t\t\t\t\t\t\t\t<div class=\"elementor-gallery-item__overlay\"><\/div>\n\t\t\t\t\t\t\t\t\t\t\t\t\t\t<\/a>\n\t\t\t\t\t\t\t<a class=\"e-gallery-item elementor-gallery-item elementor-animated-content\" href=\"https:\/\/www.dspprerov.cz\/wp-content\/uploads\/2022\/07\/sm5.jpg\" data-elementor-open-lightbox=\"yes\" data-elementor-lightbox-slideshow=\"81e1b9a\" data-elementor-lightbox-title=\"Sm5\" data-e-action-hash=\"#elementor-action%3Aaction%3Dlightbox%26settings%3DeyJpZCI6MTc5MSwidXJsIjoiaHR0cHM6XC9cL3d3dy5kc3BwcmVyb3YuY3pcL3dwLWNvbnRlbnRcL3VwbG9hZHNcLzIwMjJcLzA3XC9zbTUuanBnIiwic2xpZGVzaG93IjoiODFlMWI5YSJ9\">\n\t\t\t\t\t<div class=\"e-gallery-image elementor-gallery-item__image\" data-thumbnail=\"https:\/\/www.dspprerov.cz\/wp-content\/uploads\/2022\/07\/sm5-300x225.jpg\" data-width=\"300\" data-height=\"225\" aria-label=\"\" role=\"img\" ><\/div>\n\t\t\t\t\t\t\t\t\t\t\t<div class=\"elementor-gallery-item__overlay\"><\/div>\n\t\t\t\t\t\t\t\t\t\t\t\t\t\t<\/a>\n\t\t\t\t\t<\/div>\n\t\t\t\t\t<\/div>\n\t\t\t\t<\/div>\n\t\t\t\t\t<\/div>\n\t\t<\/div>\n\t\t\t\t\t<\/div>\n\t\t<\/section>\n\t\t\t\t<\/div>\n\t\t","protected":false},"excerpt":{"rendered":"<p>Technologie f\u00fcr F\u00f6rderer Wir bieten technologische Linien f\u00fcr kleine F\u00f6rderer f\u00fcr die F\u00f6rderung vom Gold, Coltan oder von Edelsteinen aus verstreuten Schichten an. Die Technologie fasst die Aufgabeeinheit, den Trommelw\u00e4scher, die Sortiereinheit mit dem Vibrationssortierer, den Bandf\u00f6rderer und auch folgende Einrichtungen, wie z.B. die Setzmaschine, die Konzentration-Rutschen, Gravitation-Konzentrator, Schlamm- oder Sandpumpen, Dieselgeneratoren usw. um. Wir [&hellip;]<\/p>\n","protected":false},"author":3,"featured_media":0,"parent":0,"menu_order":0,"comment_status":"closed","ping_status":"closed","template":"","meta":{"_acf_changed":false,"footnotes":""},"class_list":["post-3907","page","type-page","status-publish","hentry"],"acf":[],"_links":{"self":[{"href":"https:\/\/www.dspprerov.cz\/de\/wp-json\/wp\/v2\/pages\/3907","targetHints":{"allow":["GET"]}}],"collection":[{"href":"https:\/\/www.dspprerov.cz\/de\/wp-json\/wp\/v2\/pages"}],"about":[{"href":"https:\/\/www.dspprerov.cz\/de\/wp-json\/wp\/v2\/types\/page"}],"author":[{"embeddable":true,"href":"https:\/\/www.dspprerov.cz\/de\/wp-json\/wp\/v2\/users\/3"}],"replies":[{"embeddable":true,"href":"https:\/\/www.dspprerov.cz\/de\/wp-json\/wp\/v2\/comments?post=3907"}],"version-history":[{"count":5,"href":"https:\/\/www.dspprerov.cz\/de\/wp-json\/wp\/v2\/pages\/3907\/revisions"}],"predecessor-version":[{"id":3912,"href":"https:\/\/www.dspprerov.cz\/de\/wp-json\/wp\/v2\/pages\/3907\/revisions\/3912"}],"wp:attachment":[{"href":"https:\/\/www.dspprerov.cz\/de\/wp-json\/wp\/v2\/media?parent=3907"}],"curies":[{"name":"wp","href":"https:\/\/api.w.org\/{rel}","templated":true}]}}