{"id":3639,"date":"2022-08-11T10:18:06","date_gmt":"2022-08-11T08:18:06","guid":{"rendered":"https:\/\/vx3785300.server2.imperialmedia.cz\/?page_id=3639"},"modified":"2022-08-15T13:50:42","modified_gmt":"2022-08-15T11:50:42","slug":"schwertwasche","status":"publish","type":"page","link":"https:\/\/www.dspprerov.cz\/de\/schwertwasche\/","title":{"rendered":"Schwertw\u00e4sche"},"content":{"rendered":"\t\t<div data-elementor-type=\"wp-page\" data-elementor-id=\"3639\" class=\"elementor elementor-3639 elementor-264\" data-elementor-post-type=\"page\">\n\t\t\t\t\t\t<section class=\"elementor-section elementor-top-section elementor-element elementor-element-b6b8908 elementor-section-content-middle elementor-section-boxed elementor-section-height-default elementor-section-height-default\" data-id=\"b6b8908\" data-element_type=\"section\" data-e-type=\"section\" data-settings=\"{&quot;background_background&quot;:&quot;classic&quot;}\">\n\t\t\t\t\t\t\t<div class=\"elementor-background-overlay\"><\/div>\n\t\t\t\t\t\t\t<div class=\"elementor-container elementor-column-gap-no\">\n\t\t\t\t\t<div class=\"elementor-column elementor-col-100 elementor-top-column elementor-element elementor-element-1deea2fe\" data-id=\"1deea2fe\" data-element_type=\"column\" data-e-type=\"column\">\n\t\t\t<div class=\"elementor-widget-wrap elementor-element-populated\">\n\t\t\t\t\t\t<div class=\"elementor-element elementor-element-301dc7b3 elementor-widget elementor-widget-heading\" data-id=\"301dc7b3\" data-element_type=\"widget\" data-e-type=\"widget\" data-widget_type=\"heading.default\">\n\t\t\t\t<div class=\"elementor-widget-container\">\n\t\t\t\t\t<h4 class=\"elementor-heading-title elementor-size-default\">Schwertw\u00e4sche<\/h4>\t\t\t\t<\/div>\n\t\t\t\t<\/div>\n\t\t\t\t\t<\/div>\n\t\t<\/div>\n\t\t\t\t\t<\/div>\n\t\t<\/section>\n\t\t\t\t<section class=\"elementor-section elementor-top-section elementor-element elementor-element-15f697f elementor-section-boxed elementor-section-height-default elementor-section-height-default\" data-id=\"15f697f\" data-element_type=\"section\" data-e-type=\"section\">\n\t\t\t\t\t\t<div class=\"elementor-container elementor-column-gap-default\">\n\t\t\t\t\t<div class=\"elementor-column elementor-col-50 elementor-top-column elementor-element elementor-element-cb280fc\" data-id=\"cb280fc\" data-element_type=\"column\" data-e-type=\"column\">\n\t\t\t<div class=\"elementor-widget-wrap elementor-element-populated\">\n\t\t\t\t\t\t<div class=\"elementor-element elementor-element-05455fd elementor-widget elementor-widget-text-editor\" data-id=\"05455fd\" data-element_type=\"widget\" data-e-type=\"widget\" data-widget_type=\"text-editor.default\">\n\t\t\t\t<div class=\"elementor-widget-container\">\n\t\t\t\t\t\t\t\t\t<p>Die Schwertw\u00e4scher ist f\u00fcr das Waschen von Kiessand mit einer Korngr\u00f6\u00dfe von 4 &#8211; 70 mm ausgelegt. Die Schwertw\u00e4scher besteht aus einem Beh\u00e4lter, in dem zwei Rotoren angeordnet sind. Zum Bespr\u00fchen des gewaschenen Kiessandes ist die Wanne im hinteren Teil mit mehreren Reihen von D\u00fcsen versehen. Der Antrieb erfolgt \u00fcber zwei Getriebemotoren.<br><\/p>\t\t\t\t\t\t\t\t<\/div>\n\t\t\t\t<\/div>\n\t\t\t\t<div class=\"elementor-element elementor-element-d04ef9c elementor-widget elementor-widget-text-editor\" data-id=\"d04ef9c\" data-element_type=\"widget\" data-e-type=\"widget\" data-widget_type=\"text-editor.default\">\n\t\t\t\t<div class=\"elementor-widget-container\">\n\t\t\t\t\t\t\t\t\t<h4>Schwertw\u00e4sche<b>\u00a0= viele Vorteile:<\/b><\/h4><ul><li>die Doppelrotorkonstruktion der Maschine und die intensive Bespr\u00fchung sorgen f\u00fcr eine hervorragende Reinigung des Rohmaterials von Schlick und Schlamm,<\/li><li>5 m langer Rotor, dessen Schaufeln aus hochwertigem, verschlei\u00dffestem Stahl mit langer Lebensdauer gefertigt sind. Die Bl\u00e4tter sind leicht austauschbar, auch der gesamte Rotor ist verschraubt und kann leicht ausgetauscht werden,<\/li><li>die Rotorlager haben eine gro\u00dfe Festigkeitsreserve und befinden sich au\u00dferhalb des Waschmaschinengeh\u00e4uses, so dass ihre Lebensdauer nicht durch das Eingraben im Rohmaterial verk\u00fcrzt wird,<\/li><li>die Vorderseite der Scheuerwanne gut gegen Wasseraustritt abgedichtet ist,<\/li><li>die Schwertw\u00e4scher kann auf einer semimobilen Struktur mit Kufen geliefert werden, die Struktur wird auf einer gepflasterten Fl\u00e4che installiert und muss nicht verankert werden.<\/li><\/ul>\t\t\t\t\t\t\t\t<\/div>\n\t\t\t\t<\/div>\n\t\t\t\t\t<\/div>\n\t\t<\/div>\n\t\t\t\t<div class=\"elementor-column elementor-col-50 elementor-top-column elementor-element elementor-element-71b6915\" data-id=\"71b6915\" data-element_type=\"column\" data-e-type=\"column\">\n\t\t\t<div class=\"elementor-widget-wrap elementor-element-populated\">\n\t\t\t\t\t\t<div class=\"elementor-element elementor-element-38a8613 elementor-widget elementor-widget-image\" data-id=\"38a8613\" data-element_type=\"widget\" data-e-type=\"widget\" data-widget_type=\"image.default\">\n\t\t\t\t<div class=\"elementor-widget-container\">\n\t\t\t\t\t\t\t\t\t\t\t\t\t\t\t<img fetchpriority=\"high\" decoding=\"async\" width=\"800\" height=\"600\" src=\"https:\/\/www.dspprerov.cz\/wp-content\/uploads\/2022\/05\/pracky-kameniva-1024x768.jpg\" class=\"attachment-large size-large wp-image-643\" alt=\"\" srcset=\"https:\/\/www.dspprerov.cz\/wp-content\/uploads\/2022\/05\/pracky-kameniva-1024x768.jpg 1024w, https:\/\/www.dspprerov.cz\/wp-content\/uploads\/2022\/05\/pracky-kameniva-300x225.jpg 300w, https:\/\/www.dspprerov.cz\/wp-content\/uploads\/2022\/05\/pracky-kameniva-768x576.jpg 768w\" sizes=\"(max-width: 800px) 100vw, 800px\" \/>\t\t\t\t\t\t\t\t\t\t\t\t\t\t\t<\/div>\n\t\t\t\t<\/div>\n\t\t\t\t<div class=\"elementor-element elementor-element-226a917 elementor-widget elementor-widget-image\" data-id=\"226a917\" data-element_type=\"widget\" data-e-type=\"widget\" data-widget_type=\"image.default\">\n\t\t\t\t<div class=\"elementor-widget-container\">\n\t\t\t\t\t\t\t\t\t\t\t\t\t\t\t<img decoding=\"async\" width=\"800\" height=\"598\" src=\"https:\/\/www.dspprerov.cz\/wp-content\/uploads\/2022\/05\/pracky-kameniva-2-1024x766.jpg\" class=\"attachment-large size-large wp-image-639\" alt=\"\" srcset=\"https:\/\/www.dspprerov.cz\/wp-content\/uploads\/2022\/05\/pracky-kameniva-2-1024x766.jpg 1024w, https:\/\/www.dspprerov.cz\/wp-content\/uploads\/2022\/05\/pracky-kameniva-2-300x225.jpg 300w, https:\/\/www.dspprerov.cz\/wp-content\/uploads\/2022\/05\/pracky-kameniva-2-768x575.jpg 768w, https:\/\/www.dspprerov.cz\/wp-content\/uploads\/2022\/05\/pracky-kameniva-2.jpg 1387w\" sizes=\"(max-width: 800px) 100vw, 800px\" \/>\t\t\t\t\t\t\t\t\t\t\t\t\t\t\t<\/div>\n\t\t\t\t<\/div>\n\t\t\t\t\t<\/div>\n\t\t<\/div>\n\t\t\t\t\t<\/div>\n\t\t<\/section>\n\t\t\t\t<section class=\"elementor-section elementor-top-section elementor-element elementor-element-cfeaec2 elementor-section-boxed elementor-section-height-default elementor-section-height-default\" data-id=\"cfeaec2\" data-element_type=\"section\" data-e-type=\"section\">\n\t\t\t\t\t\t<div class=\"elementor-container elementor-column-gap-default\">\n\t\t\t\t\t<div class=\"elementor-column elementor-col-100 elementor-top-column elementor-element elementor-element-1392df3\" data-id=\"1392df3\" data-element_type=\"column\" data-e-type=\"column\">\n\t\t\t<div class=\"elementor-widget-wrap elementor-element-populated\">\n\t\t\t\t\t\t<div class=\"elementor-element elementor-element-cf80113 elementor-widget elementor-widget-text-editor\" data-id=\"cf80113\" data-element_type=\"widget\" data-e-type=\"widget\" data-widget_type=\"text-editor.default\">\n\t\t\t\t<div class=\"elementor-widget-container\">\n\t\t\t\t\t\t\t\t\t<h5><b>Parameter des Schwertw\u00e4schers.<\/b><\/h5>\n<p>Die Parameter sind individuell in Zusammenhang mit konkreten Bedingungen zu l\u00f6sen.<\/p>\n<table>\n<tbody>\n<tr>\n<td width=\"85\">\n<p><b>Typbezeichnung<\/b><br><\/p>\n<\/td>\n<td width=\"86\">\n<p><b>Leistung<\/b><br><\/p>\n<\/td>\n<td width=\"84\">\n<p><b>Zugef\u00fchrte Leistung<\/b><br><\/p>\n<\/td>\n<td width=\"99\">\n<p><b>Eingangsst\u00fcckgr\u00f6\u00dfet<\/b><br><\/p>\n<\/td>\n<td width=\"86\">\n<p><b>Gewicht<\/b><br><\/p>\n<\/td>\n<\/tr>\n<tr>\n<td width=\"85\">\n<p>&#8211;<\/p>\n<\/td>\n<td width=\"86\">&nbsp;t\/h<\/td>\n<td width=\"84\">\n<p>kW<\/p>\n<\/td>\n<td width=\"99\">mm<\/td>\n<td width=\"86\">\n<p>t<\/p>\n<\/td>\n<\/tr>\n<tr>\n<td width=\"85\">\n<p>60\/2050\/5000\/2<\/p>\n<\/td>\n<td width=\"86\">\n<p>60<\/p>\n<\/td>\n<td width=\"84\">\n<p>2 x 15<\/p>\n<\/td>\n<td width=\"99\">\n<p>50<\/p>\n<\/td>\n<td width=\"86\">\n<p>5,8<\/p>\n<\/td>\n<\/tr>\n<tr>\n<td width=\"85\">\n<p>60\/2050\/6000\/2<\/p>\n<\/td>\n<td width=\"86\">\n<p>60<\/p>\n<\/td>\n<td width=\"84\">\n<p>2 x 18,5<\/p>\n<\/td>\n<td width=\"99\">\n<p>50<\/p>\n<\/td>\n<td width=\"86\">\n<p>7,0<\/p>\n<\/td>\n<\/tr>\n<tr>\n<td width=\"85\">\n<p>100\/2150\/6000\/2<\/p>\n<\/td>\n<td width=\"86\">\n<p>100<\/p>\n<\/td>\n<td width=\"84\">\n<p>2 x 18,5<\/p>\n<\/td>\n<td width=\"99\">\n<p>65<\/p>\n<\/td>\n<td width=\"86\">\n<p>8,8<\/p>\n<\/td>\n<\/tr>\n<tr>\n<td width=\"85\">\n<p>100\/2150\/8000\/2<\/p>\n<\/td>\n<td width=\"86\">\n<p>100<\/p>\n<\/td>\n<td width=\"84\">\n<p>2 x 22<\/p>\n<\/td>\n<td width=\"99\">\n<p>65<\/p>\n<\/td>\n<td width=\"86\">\n<p>11,4<\/p>\n<\/td>\n<\/tr>\n<tr>\n<td width=\"85\">\n<p>150\/2150\/6000\/2<\/p>\n<\/td>\n<td width=\"86\">\n<p>150<\/p>\n<\/td>\n<td width=\"84\">\n<p>2 x 22<\/p>\n<\/td>\n<td width=\"99\">\n<p>65<\/p>\n<\/td>\n<td width=\"86\">\n<p>9,8<\/p>\n<\/td>\n<\/tr>\n<tr>\n<td width=\"85\">\n<p>150\/2150\/8000\/2<\/p>\n<\/td>\n<td width=\"86\">\n<p>150<\/p>\n<\/td>\n<td width=\"84\">\n<p>2 x 30<\/p>\n<\/td>\n<td width=\"99\">\n<p>65<\/p>\n<\/td>\n<td width=\"86\">\n<p>13,5<\/p>\n<\/td>\n<\/tr>\n<tr>\n<td width=\"85\">\n<p>200\/2400\/6000\/2<\/p>\n<\/td>\n<td width=\"86\">\n<p>200<\/p>\n<\/td>\n<td width=\"84\">\n<p>2 x 30<\/p>\n<\/td>\n<td width=\"99\">\n<p>75<\/p>\n<\/td>\n<td width=\"86\">\n<p>14,0<\/p>\n<\/td>\n<\/tr>\n<tr>\n<td width=\"85\">\n<p>200\/2400\/8000\/2<\/p>\n<\/td>\n<td width=\"86\">\n<p>200<\/p>\n<\/td>\n<td width=\"84\">\n<p>2 x 30<\/p>\n<\/td>\n<td width=\"99\">\n<p>75<\/p>\n<\/td>\n<td width=\"86\">\n<p>16,5<\/p>\n<\/td>\n<\/tr>\n<tr>\n<td width=\"85\">\n<p>250\/2400\/6000\/2<\/p>\n<\/td>\n<td width=\"86\">\n<p>250<\/p>\n<\/td>\n<td width=\"84\">\n<p>2 x 37<\/p>\n<\/td>\n<td width=\"99\">\n<p>100<\/p>\n<\/td>\n<td width=\"86\">\n<p>15,5<\/p>\n<\/td>\n<\/tr>\n<tr>\n<td width=\"85\">\n<p>250\/2400\/8000\/2<\/p>\n<\/td>\n<td width=\"86\">\n<p>250<\/p>\n<\/td>\n<td width=\"84\">\n<p>2 x 37<\/p>\n<\/td>\n<td width=\"99\">\n<p>100<\/p>\n<\/td>\n<td width=\"86\">\n<p>18,5<\/p>\n<\/td>\n<\/tr>\n<tr>\n<td width=\"85\">\n<p>350\/2900\/8000\/2<\/p>\n<\/td>\n<td width=\"86\">\n<p>350<\/p>\n<\/td>\n<td width=\"84\">\n<p>2 x 45<\/p>\n<\/td>\n<td width=\"99\">\n<p>100<\/p>\n<\/td>\n<td width=\"86\">\n<p>21,5<\/p>\n<\/td>\n<\/tr>\n<tr>\n<td width=\"85\">\n<p>400\/2900\/8000\/2<\/p>\n<\/td>\n<td width=\"86\">\n<p>400<\/p>\n<\/td>\n<td width=\"84\">\n<p>2 x 55<\/p>\n<\/td>\n<td width=\"99\">\n<p>100<\/p>\n<\/td>\n<td width=\"86\">\n<p>23,5<\/p>\n<\/td>\n<\/tr>\n<\/tbody>\n<\/table>\t\t\t\t\t\t\t\t<\/div>\n\t\t\t\t<\/div>\n\t\t\t\t\t<\/div>\n\t\t<\/div>\n\t\t\t\t\t<\/div>\n\t\t<\/section>\n\t\t\t\t<\/div>\n\t\t","protected":false},"excerpt":{"rendered":"<p>Schwertw\u00e4sche Die Schwertw\u00e4scher ist f\u00fcr das Waschen von Kiessand mit einer Korngr\u00f6\u00dfe von 4 &#8211; 70 mm ausgelegt. Die Schwertw\u00e4scher besteht aus einem Beh\u00e4lter, in dem zwei Rotoren angeordnet sind. Zum Bespr\u00fchen des gewaschenen Kiessandes ist die Wanne im hinteren Teil mit mehreren Reihen von D\u00fcsen versehen. Der Antrieb erfolgt \u00fcber zwei Getriebemotoren. Schwertw\u00e4sche\u00a0= viele [&hellip;]<\/p>\n","protected":false},"author":3,"featured_media":0,"parent":0,"menu_order":0,"comment_status":"closed","ping_status":"closed","template":"","meta":{"_acf_changed":false,"footnotes":""},"class_list":["post-3639","page","type-page","status-publish","hentry"],"acf":[],"_links":{"self":[{"href":"https:\/\/www.dspprerov.cz\/de\/wp-json\/wp\/v2\/pages\/3639","targetHints":{"allow":["GET"]}}],"collection":[{"href":"https:\/\/www.dspprerov.cz\/de\/wp-json\/wp\/v2\/pages"}],"about":[{"href":"https:\/\/www.dspprerov.cz\/de\/wp-json\/wp\/v2\/types\/page"}],"author":[{"embeddable":true,"href":"https:\/\/www.dspprerov.cz\/de\/wp-json\/wp\/v2\/users\/3"}],"replies":[{"embeddable":true,"href":"https:\/\/www.dspprerov.cz\/de\/wp-json\/wp\/v2\/comments?post=3639"}],"version-history":[{"count":15,"href":"https:\/\/www.dspprerov.cz\/de\/wp-json\/wp\/v2\/pages\/3639\/revisions"}],"predecessor-version":[{"id":3681,"href":"https:\/\/www.dspprerov.cz\/de\/wp-json\/wp\/v2\/pages\/3639\/revisions\/3681"}],"wp:attachment":[{"href":"https:\/\/www.dspprerov.cz\/de\/wp-json\/wp\/v2\/media?parent=3639"}],"curies":[{"name":"wp","href":"https:\/\/api.w.org\/{rel}","templated":true}]}}