{"id":3443,"date":"2022-08-09T10:58:38","date_gmt":"2022-08-09T08:58:38","guid":{"rendered":"https:\/\/vx3785300.server2.imperialmedia.cz\/?page_id=3443"},"modified":"2022-08-09T11:04:20","modified_gmt":"2022-08-09T09:04:20","slug":"vpr-vibrationsaufgeber","status":"publish","type":"page","link":"https:\/\/www.dspprerov.cz\/de\/vpr-vibrationsaufgeber\/","title":{"rendered":"VPR-Vibrationsaufgeber"},"content":{"rendered":"\t\t<div data-elementor-type=\"wp-page\" data-elementor-id=\"3443\" class=\"elementor elementor-3443 elementor-1078\" data-elementor-post-type=\"page\">\n\t\t\t\t\t\t<section class=\"elementor-section elementor-top-section elementor-element elementor-element-b6b8908 elementor-section-content-middle elementor-section-boxed elementor-section-height-default elementor-section-height-default\" data-id=\"b6b8908\" data-element_type=\"section\" data-e-type=\"section\" data-settings=\"{&quot;background_background&quot;:&quot;classic&quot;}\">\n\t\t\t\t\t\t\t<div class=\"elementor-background-overlay\"><\/div>\n\t\t\t\t\t\t\t<div class=\"elementor-container elementor-column-gap-no\">\n\t\t\t\t\t<div class=\"elementor-column elementor-col-100 elementor-top-column elementor-element elementor-element-1deea2fe\" data-id=\"1deea2fe\" data-element_type=\"column\" data-e-type=\"column\">\n\t\t\t<div class=\"elementor-widget-wrap elementor-element-populated\">\n\t\t\t\t\t\t<div class=\"elementor-element elementor-element-301dc7b3 elementor-widget elementor-widget-heading\" data-id=\"301dc7b3\" data-element_type=\"widget\" data-e-type=\"widget\" data-widget_type=\"heading.default\">\n\t\t\t\t<div class=\"elementor-widget-container\">\n\t\t\t\t\t<h4 class=\"elementor-heading-title elementor-size-default\">VPR-Vibrationsaufgeber<\/h4>\t\t\t\t<\/div>\n\t\t\t\t<\/div>\n\t\t\t\t\t<\/div>\n\t\t<\/div>\n\t\t\t\t\t<\/div>\n\t\t<\/section>\n\t\t\t\t<section class=\"elementor-section elementor-top-section elementor-element elementor-element-15f697f elementor-section-boxed elementor-section-height-default elementor-section-height-default\" data-id=\"15f697f\" data-element_type=\"section\" data-e-type=\"section\">\n\t\t\t\t\t\t<div class=\"elementor-container elementor-column-gap-default\">\n\t\t\t\t\t<div class=\"elementor-column elementor-col-50 elementor-top-column elementor-element elementor-element-cb280fc\" data-id=\"cb280fc\" data-element_type=\"column\" data-e-type=\"column\">\n\t\t\t<div class=\"elementor-widget-wrap elementor-element-populated\">\n\t\t\t\t\t\t<div class=\"elementor-element elementor-element-05455fd elementor-widget elementor-widget-text-editor\" data-id=\"05455fd\" data-element_type=\"widget\" data-e-type=\"widget\" data-widget_type=\"text-editor.default\">\n\t\t\t\t<div class=\"elementor-widget-container\">\n\t\t\t\t\t\t\t\t\t<p>Die VPR-Aufgeber sind bestimmt f\u00fcr Austragen, Vorsortieren und Aufgeben von unklebrigen rolligen Materialien aus dem Eisch\u00fctrichter oder Beh\u00e4lter in Brecher, M\u00fchlen, auf Sortieranlagen, Bandf\u00f6rderung usw.<\/p><p>Das Vorsortieren des aufgegebenen Materials erfolgt auf dem installierten Sortierrost mit Schlitz bis 150mm.<\/p><p>Die Antriebeinheit des Aufgebers sind zwei Anlegevibromotoren. \u00c4nderung der aufgegebenen Menge wird mit Einstellung der Unwuchten der Vibromotoren oder mit \u00c4nderung der Frequenz mittels Frequenzumformer durchgef\u00fchrt.<\/p>\t\t\t\t\t\t\t\t<\/div>\n\t\t\t\t<\/div>\n\t\t\t\t<div class=\"elementor-element elementor-element-d04ef9c elementor-widget elementor-widget-text-editor\" data-id=\"d04ef9c\" data-element_type=\"widget\" data-e-type=\"widget\" data-widget_type=\"text-editor.default\">\n\t\t\t\t<div class=\"elementor-widget-container\">\n\t\t\t\t\t\t\t\t\t<h4>VPR -Vibrationsaufgeber = viele Vorteile:<\/h4><ul><li>Best\u00e4ndigkeit gegen Keilen und Kleben des sortierten Materials auf dem Sortierrost,<\/li><li>dank der Kaskadenkonstruktion der Rostfl\u00e4che kommt es zum effektiveren Sortieren von feinen Fraktionen,<\/li><li>minimale Betriebskosten, die das Ergebnis einer ausgewogenen Konstruktion der Maschine, Anwendung von langj\u00e4hrigen Erfahrungen aus dem Bereich des Betriebes der Vibrationsaufgeber und der Teileunifikation sind,<\/li><li><span style=\"background-color: transparent;\">einfacher Austausch der Panzerung,<br \/><\/span><\/li><li><b>hohe Qualit\u00e4t = hohe Effektivit\u00e4t + Sparsamkeit.<\/b><\/li><\/ul>\t\t\t\t\t\t\t\t<\/div>\n\t\t\t\t<\/div>\n\t\t\t\t\t<\/div>\n\t\t<\/div>\n\t\t\t\t<div class=\"elementor-column elementor-col-50 elementor-top-column elementor-element elementor-element-71b6915\" data-id=\"71b6915\" data-element_type=\"column\" data-e-type=\"column\">\n\t\t\t<div class=\"elementor-widget-wrap elementor-element-populated\">\n\t\t\t\t\t\t<div class=\"elementor-element elementor-element-38a8613 elementor-widget elementor-widget-image\" data-id=\"38a8613\" data-element_type=\"widget\" data-e-type=\"widget\" data-widget_type=\"image.default\">\n\t\t\t\t<div class=\"elementor-widget-container\">\n\t\t\t\t\t\t\t\t\t\t\t\t\t\t\t<img fetchpriority=\"high\" decoding=\"async\" width=\"350\" height=\"323\" src=\"https:\/\/www.dspprerov.cz\/wp-content\/uploads\/2022\/07\/feeder.jpg\" class=\"attachment-large size-large wp-image-1535\" alt=\"\" srcset=\"https:\/\/www.dspprerov.cz\/wp-content\/uploads\/2022\/07\/feeder.jpg 350w, https:\/\/www.dspprerov.cz\/wp-content\/uploads\/2022\/07\/feeder-300x277.jpg 300w\" sizes=\"(max-width: 350px) 100vw, 350px\" \/>\t\t\t\t\t\t\t\t\t\t\t\t\t\t\t<\/div>\n\t\t\t\t<\/div>\n\t\t\t\t<div class=\"elementor-element elementor-element-226a917 elementor-widget elementor-widget-image\" data-id=\"226a917\" data-element_type=\"widget\" data-e-type=\"widget\" data-widget_type=\"image.default\">\n\t\t\t\t<div class=\"elementor-widget-container\">\n\t\t\t\t\t\t\t\t\t\t\t\t\t\t\t<img decoding=\"async\" width=\"800\" height=\"555\" src=\"https:\/\/www.dspprerov.cz\/wp-content\/uploads\/2022\/07\/vpr-with-grid-1024x710.jpg\" class=\"attachment-large size-large wp-image-1540\" alt=\"\" srcset=\"https:\/\/www.dspprerov.cz\/wp-content\/uploads\/2022\/07\/vpr-with-grid-1024x710.jpg 1024w, https:\/\/www.dspprerov.cz\/wp-content\/uploads\/2022\/07\/vpr-with-grid-300x208.jpg 300w, https:\/\/www.dspprerov.cz\/wp-content\/uploads\/2022\/07\/vpr-with-grid-768x533.jpg 768w, https:\/\/www.dspprerov.cz\/wp-content\/uploads\/2022\/07\/vpr-with-grid.jpg 1289w\" sizes=\"(max-width: 800px) 100vw, 800px\" \/>\t\t\t\t\t\t\t\t\t\t\t\t\t\t\t<\/div>\n\t\t\t\t<\/div>\n\t\t\t\t\t<\/div>\n\t\t<\/div>\n\t\t\t\t\t<\/div>\n\t\t<\/section>\n\t\t\t\t<section class=\"elementor-section elementor-top-section elementor-element elementor-element-cfeaec2 elementor-section-boxed elementor-section-height-default elementor-section-height-default\" data-id=\"cfeaec2\" data-element_type=\"section\" data-e-type=\"section\">\n\t\t\t\t\t\t<div class=\"elementor-container elementor-column-gap-default\">\n\t\t\t\t\t<div class=\"elementor-column elementor-col-100 elementor-top-column elementor-element elementor-element-1392df3\" data-id=\"1392df3\" data-element_type=\"column\" data-e-type=\"column\">\n\t\t\t<div class=\"elementor-widget-wrap elementor-element-populated\">\n\t\t\t\t\t\t<div class=\"elementor-element elementor-element-cf80113 elementor-widget elementor-widget-text-editor\" data-id=\"cf80113\" data-element_type=\"widget\" data-e-type=\"widget\" data-widget_type=\"text-editor.default\">\n\t\t\t\t<div class=\"elementor-widget-container\">\n\t\t\t\t\t\t\t\t\t<h5>Parameter der VPR-Aufgeber<\/h5><p>Die Parameter sind individuell in Zusammenhang mit konkreten Bedingungen zu l\u00f6sen.<\/p><table style=\"width: 80.9446%; height: 457px;\"><tbody><tr style=\"height: 100px;\"><td style=\"height: 100px;\" width=\"85\"><p><b>Typbezeichnung<\/b><\/p><\/td><td style=\"height: 100px;\" width=\"86\"><p><b>Breite der Aufgeberfl\u00e4che<\/b><\/p><\/td><td style=\"height: 100px;\" width=\"84\"><p><b>L\u00e4nge der Aufgeberfl\u00e4che<\/b><\/p><\/td><td style=\"height: 100px;\" width=\"99\"><p><b>F\u00f6rderungsmenge<\/b><\/p><\/td><td style=\"height: 100px;\" width=\"86\"><p><b>Zugef\u00fchrte Leistung<\/b><\/p><\/td><\/tr><tr style=\"height: 52px;\"><td style=\"height: 52px;\" width=\"85\"><p>&#8211;<\/p><\/td><td style=\"height: 52px;\" width=\"86\"><p><span style=\"font-size: 12.96px;\">mm<\/span><\/p><\/td><td style=\"height: 52px;\" width=\"84\"><p><span style=\"font-size: 12.96px;\">mm<\/span><\/p><\/td><td style=\"height: 52px;\" width=\"99\"><p><span style=\"font-size: 0.9em; color: var( --e-global-color-text ); font-family: var( --e-global-typography-text-font-family ), Sans-serif; font-weight: var( --e-global-typography-text-font-weight );\">m<\/span><sup style=\"color: var( --e-global-color-text ); font-family: var( --e-global-typography-text-font-family ), Sans-serif; font-weight: var( --e-global-typography-text-font-weight );\">3<\/sup>\/h<\/p><\/td><td style=\"height: 52px;\" width=\"86\">kW<\/td><\/tr><tr style=\"height: 76px;\"><td style=\"height: 63px;\" width=\"85\"><p><b>VPR 70&#215;350<\/b><\/p><\/td><td style=\"height: 63px;\" width=\"86\"><p>700<\/p><\/td><td style=\"height: 63px;\" width=\"84\"><p>3500<\/p><\/td><td style=\"height: 63px;\" width=\"99\">96<\/td><td style=\"height: 63px;\" width=\"86\"><p>2&#215;3,5<\/p><\/td><\/tr><tr style=\"height: 76px;\"><td style=\"height: 57px;\"><p><b>VPR 80&#215;400<br \/><\/b><\/p><\/td><td style=\"height: 57px;\">800<\/td><td style=\"height: 57px;\">4000<\/td><td style=\"height: 57px;\">110<\/td><td style=\"height: 57px;\">2&#215;4,5<\/td><\/tr><tr style=\"height: 76px;\"><td style=\"height: 76px;\"><p><b>VPR 100&#215;400<\/b><\/p><\/td><td style=\"height: 76px;\">1000<\/td><td style=\"height: 76px;\">4000<\/td><td style=\"height: 76px;\">137<\/td><td style=\"height: 76px;\">2&#215;6,5<\/td><\/tr><tr style=\"height: 76px;\"><td style=\"height: 76px;\"><p><b>VPR 120&#215;400<\/b><\/p><\/td><td style=\"height: 76px;\">1200<\/td><td style=\"height: 76px;\">4000<\/td><td style=\"height: 76px;\">165<\/td><td style=\"height: 76px;\">2&#215;13<\/td><\/tr><tr style=\"height: 76px;\"><td style=\"height: 33px;\"><p><b>\u00a0VPLR 150&#215;290<\/b><\/p><\/td><td style=\"height: 33px;\">1500<\/td><td style=\"height: 33px;\">2900<\/td><td style=\"height: 33px;\">440<\/td><td style=\"height: 33px;\">2&#215;6,5<\/td><\/tr><\/tbody><\/table>\t\t\t\t\t\t\t\t<\/div>\n\t\t\t\t<\/div>\n\t\t\t\t\t<\/div>\n\t\t<\/div>\n\t\t\t\t\t<\/div>\n\t\t<\/section>\n\t\t\t\t<\/div>\n\t\t","protected":false},"excerpt":{"rendered":"<p>VPR-Vibrationsaufgeber Die VPR-Aufgeber sind bestimmt f\u00fcr Austragen, Vorsortieren und Aufgeben von unklebrigen rolligen Materialien aus dem Eisch\u00fctrichter oder Beh\u00e4lter in Brecher, M\u00fchlen, auf Sortieranlagen, Bandf\u00f6rderung usw. Das Vorsortieren des aufgegebenen Materials erfolgt auf dem installierten Sortierrost mit Schlitz bis 150mm. Die Antriebeinheit des Aufgebers sind zwei Anlegevibromotoren. \u00c4nderung der aufgegebenen Menge wird mit Einstellung der [&hellip;]<\/p>\n","protected":false},"author":3,"featured_media":0,"parent":0,"menu_order":0,"comment_status":"closed","ping_status":"closed","template":"","meta":{"_acf_changed":false,"footnotes":""},"class_list":["post-3443","page","type-page","status-publish","hentry"],"acf":[],"_links":{"self":[{"href":"https:\/\/www.dspprerov.cz\/de\/wp-json\/wp\/v2\/pages\/3443","targetHints":{"allow":["GET"]}}],"collection":[{"href":"https:\/\/www.dspprerov.cz\/de\/wp-json\/wp\/v2\/pages"}],"about":[{"href":"https:\/\/www.dspprerov.cz\/de\/wp-json\/wp\/v2\/types\/page"}],"author":[{"embeddable":true,"href":"https:\/\/www.dspprerov.cz\/de\/wp-json\/wp\/v2\/users\/3"}],"replies":[{"embeddable":true,"href":"https:\/\/www.dspprerov.cz\/de\/wp-json\/wp\/v2\/comments?post=3443"}],"version-history":[{"count":11,"href":"https:\/\/www.dspprerov.cz\/de\/wp-json\/wp\/v2\/pages\/3443\/revisions"}],"predecessor-version":[{"id":3454,"href":"https:\/\/www.dspprerov.cz\/de\/wp-json\/wp\/v2\/pages\/3443\/revisions\/3454"}],"wp:attachment":[{"href":"https:\/\/www.dspprerov.cz\/de\/wp-json\/wp\/v2\/media?parent=3443"}],"curies":[{"name":"wp","href":"https:\/\/api.w.org\/{rel}","templated":true}]}}