{"id":3321,"date":"2022-08-09T08:57:12","date_gmt":"2022-08-09T06:57:12","guid":{"rendered":"https:\/\/vx3785300.server2.imperialmedia.cz\/?page_id=3321"},"modified":"2022-08-09T09:08:52","modified_gmt":"2022-08-09T07:08:52","slug":"vpl-vibrationsaufgeber","status":"publish","type":"page","link":"https:\/\/www.dspprerov.cz\/de\/vpl-vibrationsaufgeber\/","title":{"rendered":"VPL-Vibrationsaufgeber"},"content":{"rendered":"\t\t<div data-elementor-type=\"wp-page\" data-elementor-id=\"3321\" class=\"elementor elementor-3321 elementor-1069\" data-elementor-post-type=\"page\">\n\t\t\t\t\t\t<section class=\"elementor-section elementor-top-section elementor-element elementor-element-b6b8908 elementor-section-content-middle elementor-section-boxed elementor-section-height-default elementor-section-height-default\" data-id=\"b6b8908\" data-element_type=\"section\" data-e-type=\"section\" data-settings=\"{&quot;background_background&quot;:&quot;classic&quot;}\">\n\t\t\t\t\t\t\t<div class=\"elementor-background-overlay\"><\/div>\n\t\t\t\t\t\t\t<div class=\"elementor-container elementor-column-gap-no\">\n\t\t\t\t\t<div class=\"elementor-column elementor-col-100 elementor-top-column elementor-element elementor-element-1deea2fe\" data-id=\"1deea2fe\" data-element_type=\"column\" data-e-type=\"column\">\n\t\t\t<div class=\"elementor-widget-wrap elementor-element-populated\">\n\t\t\t\t\t\t<div class=\"elementor-element elementor-element-301dc7b3 elementor-widget elementor-widget-heading\" data-id=\"301dc7b3\" data-element_type=\"widget\" data-e-type=\"widget\" data-widget_type=\"heading.default\">\n\t\t\t\t<div class=\"elementor-widget-container\">\n\t\t\t\t\t<h4 class=\"elementor-heading-title elementor-size-default\">VPL-Vibrationsaufgeber<\/h4>\t\t\t\t<\/div>\n\t\t\t\t<\/div>\n\t\t\t\t\t<\/div>\n\t\t<\/div>\n\t\t\t\t\t<\/div>\n\t\t<\/section>\n\t\t\t\t<section class=\"elementor-section elementor-top-section elementor-element elementor-element-15f697f elementor-section-boxed elementor-section-height-default elementor-section-height-default\" data-id=\"15f697f\" data-element_type=\"section\" data-e-type=\"section\">\n\t\t\t\t\t\t<div class=\"elementor-container elementor-column-gap-default\">\n\t\t\t\t\t<div class=\"elementor-column elementor-col-50 elementor-top-column elementor-element elementor-element-cb280fc\" data-id=\"cb280fc\" data-element_type=\"column\" data-e-type=\"column\">\n\t\t\t<div class=\"elementor-widget-wrap elementor-element-populated\">\n\t\t\t\t\t\t<div class=\"elementor-element elementor-element-05455fd elementor-widget elementor-widget-text-editor\" data-id=\"05455fd\" data-element_type=\"widget\" data-e-type=\"widget\" data-widget_type=\"text-editor.default\">\n\t\t\t\t<div class=\"elementor-widget-container\">\n\t\t\t\t\t\t\t\t\t<p>Die VPL-Vibrationsaufgeber sind bestimmt zum Aufgeben von Unklebematerialien wie z.B. Naturstein, Bauabf\u00e4llen f\u00fcr Brecher, M\u00fchlen, f\u00fcr Sortieranlagen, Bandf\u00f6rderung usw.<\/p><p>Die Antriebeinheit des Aufgebers sind zwei Anlegevibromotoren. Eine \u00c4nderung der aufgegebenen Menge wird mit Einstellung von Unwuchten der Vibromotoren oder durch \u00c4nderung der Frequenz mittels Frequenzumformer durchgef\u00fchrt.<\/p>\t\t\t\t\t\t\t\t<\/div>\n\t\t\t\t<\/div>\n\t\t\t\t<div class=\"elementor-element elementor-element-d04ef9c elementor-widget elementor-widget-text-editor\" data-id=\"d04ef9c\" data-element_type=\"widget\" data-e-type=\"widget\" data-widget_type=\"text-editor.default\">\n\t\t\t\t<div class=\"elementor-widget-container\">\n\t\t\t\t\t\t\t\t\t<h4>VPL-Vibrationsaufgeber = viele Vorteile:<\/h4><ul><li>minimale Betriebskosten, die das Ergebnis einer ausgewogenen Konstruktion der Maschine, Anwendung von langj\u00e4hrigen Erfahrungen aus dem Bereich des Betriebes der Vibrationsaufgeber und der Teileunifikation sind,<\/li><li>einfacher Austausch von Panzerung,<\/li><li><b>hohe Qualit\u00e4t ist gleich hohe Effektivit\u00e4t und Sparsamkeit.<\/b><\/li><\/ul>\t\t\t\t\t\t\t\t<\/div>\n\t\t\t\t<\/div>\n\t\t\t\t\t<\/div>\n\t\t<\/div>\n\t\t\t\t<div class=\"elementor-column elementor-col-50 elementor-top-column elementor-element elementor-element-71b6915\" data-id=\"71b6915\" data-element_type=\"column\" data-e-type=\"column\">\n\t\t\t<div class=\"elementor-widget-wrap elementor-element-populated\">\n\t\t\t\t\t\t<div class=\"elementor-element elementor-element-38a8613 elementor-widget elementor-widget-image\" data-id=\"38a8613\" data-element_type=\"widget\" data-e-type=\"widget\" data-widget_type=\"image.default\">\n\t\t\t\t<div class=\"elementor-widget-container\">\n\t\t\t\t\t\t\t\t\t\t\t\t\t\t\t<img fetchpriority=\"high\" decoding=\"async\" width=\"800\" height=\"375\" src=\"https:\/\/www.dspprerov.cz\/wp-content\/uploads\/2022\/07\/vpl45-1024x480.png\" class=\"attachment-large size-large wp-image-2533\" alt=\"\" srcset=\"https:\/\/www.dspprerov.cz\/wp-content\/uploads\/2022\/07\/vpl45-1024x480.png 1024w, https:\/\/www.dspprerov.cz\/wp-content\/uploads\/2022\/07\/vpl45-300x140.png 300w, https:\/\/www.dspprerov.cz\/wp-content\/uploads\/2022\/07\/vpl45-768x360.png 768w, https:\/\/www.dspprerov.cz\/wp-content\/uploads\/2022\/07\/vpl45-1536x719.png 1536w, https:\/\/www.dspprerov.cz\/wp-content\/uploads\/2022\/07\/vpl45.png 2001w\" sizes=\"(max-width: 800px) 100vw, 800px\" \/>\t\t\t\t\t\t\t\t\t\t\t\t\t\t\t<\/div>\n\t\t\t\t<\/div>\n\t\t\t\t\t<\/div>\n\t\t<\/div>\n\t\t\t\t\t<\/div>\n\t\t<\/section>\n\t\t\t\t<section class=\"elementor-section elementor-top-section elementor-element elementor-element-bd38e5e elementor-section-boxed elementor-section-height-default elementor-section-height-default\" data-id=\"bd38e5e\" data-element_type=\"section\" data-e-type=\"section\">\n\t\t\t\t\t\t<div class=\"elementor-container elementor-column-gap-default\">\n\t\t\t\t\t<div class=\"elementor-column elementor-col-100 elementor-top-column elementor-element elementor-element-0eb3787\" data-id=\"0eb3787\" data-element_type=\"column\" data-e-type=\"column\">\n\t\t\t<div class=\"elementor-widget-wrap elementor-element-populated\">\n\t\t\t\t\t\t<div class=\"elementor-element elementor-element-554901a elementor-widget elementor-widget-image-gallery\" data-id=\"554901a\" data-element_type=\"widget\" data-e-type=\"widget\" data-widget_type=\"image-gallery.default\">\n\t\t\t\t<div class=\"elementor-widget-container\">\n\t\t\t\t\t\t\t<div class=\"elementor-image-gallery\">\n\t\t\t<div class=\"wpmf-gallerys wpmf-gallerys-life \" ><div id=\"gallery-1\" class=\"gallery gallery_life wpmf_gallery_default gallery_default  gallery-columns-5 gallery-size-medium gallery-link-file wpmf-has-border-radius-0 wpmf-gutterwidth-5 no_ratio\"><figure class=\"wpmf-gallery-item\" data-index=\"0\"><div class=\"wpmf-gallery-icon\"><div class=\"square_thumbnail\"><div class=\"img_centered\"><a class=\" not_video noLightbox\" data-lightbox=\"1\" data-href=\"https:\/\/www.dspprerov.cz\/wp-content\/uploads\/2022\/07\/vpl10.jpg\" title=\"vpl10\" target=\"_self\" data-index=\"0\"><img decoding=\"async\" class=\"wpmf_img\" alt=\"vpl10\" src=\"https:\/\/www.dspprerov.cz\/wp-content\/uploads\/2022\/07\/vpl10-300x225.jpg\" data-type=\"wpmfgalleryimg\" data-lazy-src=\"https:\/\/www.dspprerov.cz\/wp-content\/uploads\/2022\/07\/vpl10-300x225.jpg\"><\/a><\/div><\/div><\/div><\/figure><figure class=\"wpmf-gallery-item\" data-index=\"1\"><div class=\"wpmf-gallery-icon\"><div class=\"square_thumbnail\"><div class=\"img_centered\"><a class=\" not_video noLightbox\" data-lightbox=\"1\" data-href=\"https:\/\/www.dspprerov.cz\/wp-content\/uploads\/2022\/07\/vpl5.jpg\" title=\"vpl5\" target=\"_self\" data-index=\"1\"><img decoding=\"async\" class=\"wpmf_img\" alt=\"vpl5\" src=\"https:\/\/www.dspprerov.cz\/wp-content\/uploads\/2022\/07\/vpl5-300x229.jpg\" data-type=\"wpmfgalleryimg\" data-lazy-src=\"https:\/\/www.dspprerov.cz\/wp-content\/uploads\/2022\/07\/vpl5-300x229.jpg\"><\/a><\/div><\/div><\/div><\/figure><figure class=\"wpmf-gallery-item\" data-index=\"2\"><div class=\"wpmf-gallery-icon\"><div class=\"square_thumbnail\"><div class=\"img_centered\"><a class=\" not_video noLightbox\" data-lightbox=\"1\" data-href=\"https:\/\/www.dspprerov.cz\/wp-content\/uploads\/2022\/07\/vpl6.jpg\" title=\"vpl6\" target=\"_self\" data-index=\"2\"><img decoding=\"async\" class=\"wpmf_img\" alt=\"vpl6\" src=\"https:\/\/www.dspprerov.cz\/wp-content\/uploads\/2022\/07\/vpl6-300x225.jpg\" data-type=\"wpmfgalleryimg\" data-lazy-src=\"https:\/\/www.dspprerov.cz\/wp-content\/uploads\/2022\/07\/vpl6-300x225.jpg\"><\/a><\/div><\/div><\/div><\/figure><\/div><\/div>\t\t<\/div>\n\t\t\t\t\t\t<\/div>\n\t\t\t\t<\/div>\n\t\t\t\t\t<\/div>\n\t\t<\/div>\n\t\t\t\t\t<\/div>\n\t\t<\/section>\n\t\t\t\t<section class=\"elementor-section elementor-top-section elementor-element elementor-element-cfeaec2 elementor-section-boxed elementor-section-height-default elementor-section-height-default\" data-id=\"cfeaec2\" data-element_type=\"section\" data-e-type=\"section\">\n\t\t\t\t\t\t<div class=\"elementor-container elementor-column-gap-default\">\n\t\t\t\t\t<div class=\"elementor-column elementor-col-100 elementor-top-column elementor-element elementor-element-1392df3\" data-id=\"1392df3\" data-element_type=\"column\" data-e-type=\"column\">\n\t\t\t<div class=\"elementor-widget-wrap elementor-element-populated\">\n\t\t\t\t\t\t<div class=\"elementor-element elementor-element-cf80113 elementor-widget elementor-widget-text-editor\" data-id=\"cf80113\" data-element_type=\"widget\" data-e-type=\"widget\" data-widget_type=\"text-editor.default\">\n\t\t\t\t<div class=\"elementor-widget-container\">\n\t\t\t\t\t\t\t\t\t<h5>Parameter der VPL-Aufgeber<br><\/h5>\n<p>Die Parameter sind individuell in Zusammenhang mit konkreten Bedingungen zu l\u00f6sen.<\/p>\n<table style=\"width: 80.9446%; height: 1089px;\">\n<tbody>\n<tr style=\"height: 100px;\">\n<td style=\"height: 100px;\" width=\"85\">\n<p><b>Typbezeichnung<\/b><br><\/p>\n<\/td>\n<td style=\"height: 100px;\" width=\"86\">\n<p><b>Breite der Aufgeberfl\u00e4che<\/b><br><\/p>\n<\/td>\n<td style=\"height: 100px;\" width=\"84\">\n<p><b>L\u00e4nge der Aufgeberfl\u00e4che<\/b><br><\/p>\n<\/td>\n<td style=\"height: 100px;\" width=\"99\">\n<p><b>F\u00f6rderungsmenge<\/b><br><\/p>\n<\/td>\n<td style=\"height: 100px;\" width=\"86\">\n<p><b>Zugef\u00fchrte Leistung<\/b><br><\/p>\n<\/td>\n<\/tr>\n<tr style=\"height: 52px;\">\n<td style=\"height: 52px;\" width=\"85\">\n<p>&#8211;<\/p>\n<\/td>\n<td style=\"height: 52px;\" width=\"86\">\n<p>mm<\/p>\n<\/td>\n<td style=\"height: 52px;\" width=\"84\">\n<p>mm<\/p>\n<\/td>\n<td style=\"height: 52px;\" width=\"99\">\n<p><span style=\"background-color: transparent; font-size: 0.9em; color: var( --e-global-color-text ); font-family: var( --e-global-typography-text-font-family ), Sans-serif; font-weight: var( --e-global-typography-text-font-weight );\">m<\/span><sup style=\"background-color: transparent; color: var( --e-global-color-text ); font-family: var( --e-global-typography-text-font-family ), Sans-serif; font-weight: var( --e-global-typography-text-font-weight );\">3<\/sup>\/hod<\/p>\n<\/td>\n<td style=\"height: 52px;\" width=\"86\">kW<\/td>\n<\/tr>\n<tr style=\"height: 76px;\">\n<td style=\"height: 63px;\" width=\"85\">\n<p><b>VPL 70&#215;125<\/b><\/p>\n<\/td>\n<td style=\"height: 63px;\" width=\"86\">\n<p>700<\/p>\n<\/td>\n<td style=\"height: 63px;\" width=\"84\">\n<p>1250<\/p>\n<\/td>\n<td style=\"height: 63px;\" width=\"99\">80<\/td>\n<td style=\"height: 63px;\" width=\"86\">\n<p>2&#215;2<\/p>\n<\/td>\n<\/tr>\n<tr style=\"height: 76px;\">\n<td style=\"height: 57px;\">\n<p><b>VPL 70&#215;150<br><\/b><\/p>\n<\/td>\n<td style=\"height: 57px;\">700<\/td>\n<td style=\"height: 57px;\">1500<\/td>\n<td style=\"height: 57px;\">80<\/td>\n<td style=\"height: 57px;\">2&#215;2<\/td>\n<\/tr>\n<tr style=\"height: 76px;\">\n<td style=\"height: 76px;\">\n<p><b>&nbsp;VPL 70&#215;175<\/b><\/p>\n<\/td>\n<td style=\"height: 76px;\">&nbsp;700<\/td>\n<td style=\"height: 76px;\">&nbsp;1750<\/td>\n<td style=\"height: 76px;\">&nbsp;80<\/td>\n<td style=\"height: 76px;\">&nbsp;2&#215;2<\/td>\n<\/tr>\n<tr style=\"height: 76px;\">\n<td style=\"height: 76px;\">\n<p><b>&nbsp;VPL 70&#215;200<\/b><\/p>\n<\/td>\n<td style=\"height: 76px;\">&nbsp;700<\/td>\n<td style=\"height: 76px;\">&nbsp;2000<\/td>\n<td style=\"height: 76px;\">&nbsp;80<\/td>\n<td style=\"height: 76px;\">&nbsp;2&#215;2<\/td>\n<\/tr>\n<tr style=\"height: 76px;\">\n<td style=\"height: 76px;\">\n<p><b>&nbsp;VPL 70&#215;250<\/b><\/p>\n<\/td>\n<td style=\"height: 76px;\">&nbsp;700<\/td>\n<td style=\"height: 76px;\">&nbsp;2500<\/td>\n<td style=\"height: 76px;\">&nbsp;80<\/td>\n<td style=\"height: 76px;\">&nbsp;2&#215;2<\/td>\n<\/tr>\n<tr style=\"height: 76px;\">\n<td style=\"height: 76px;\">\n<p><b>&nbsp;VPL 80&#215;125<\/b><\/p>\n<\/td>\n<td style=\"height: 76px;\">&nbsp;800<\/td>\n<td style=\"height: 76px;\">&nbsp;1250<\/td>\n<td style=\"height: 76px;\">&nbsp;80<\/td>\n<td style=\"height: 76px;\">&nbsp;2&#215;2<\/td>\n<\/tr>\n<tr style=\"height: 76px;\">\n<td style=\"height: 76px;\">\n<p><b>&nbsp;VPL 80&#215;175<\/b><\/p>\n<\/td>\n<td style=\"height: 76px;\">&nbsp;800<\/td>\n<td style=\"height: 76px;\">&nbsp;1750<\/td>\n<td style=\"height: 76px;\">&nbsp;80<\/td>\n<td style=\"height: 76px;\">&nbsp;2&#215;2<\/td>\n<\/tr>\n<tr style=\"height: 76px;\">\n<td style=\"height: 76px;\">\n<p><b>&nbsp;VPL 100&#215;200<\/b><\/p>\n<\/td>\n<td style=\"height: 76px;\">&nbsp;1000<\/td>\n<td style=\"height: 76px;\">&nbsp;2000<\/td>\n<td style=\"height: 76px;\">&nbsp;180<\/td>\n<td style=\"height: 76px;\">&nbsp;2&#215;2,7<\/td>\n<\/tr>\n<tr style=\"height: 76px;\">\n<td style=\"height: 76px;\">\n<p><b>&nbsp;VPL 100&#215;250<\/b><\/p>\n<\/td>\n<td style=\"height: 76px;\">&nbsp;1000<\/td>\n<td style=\"height: 76px;\">&nbsp;2500<\/td>\n<td style=\"height: 76px;\">&nbsp;180<\/td>\n<td style=\"height: 76px;\">&nbsp;&nbsp;2&#215;2,7<\/td>\n<\/tr>\n<tr style=\"height: 76px;\">\n<td style=\"height: 76px;\">\n<p><b>&nbsp;VPL 100&#215;300<\/b><\/p>\n<\/td>\n<td style=\"height: 76px;\">&nbsp;1000<\/td>\n<td style=\"height: 76px;\">&nbsp;3000<\/td>\n<td style=\"height: 76px;\">&nbsp;180<\/td>\n<td style=\"height: 76px;\">&nbsp;2&#215;4,5<\/td>\n<\/tr>\n<tr style=\"height: 76px;\">\n<td style=\"height: 76px;\">\n<p><b>&nbsp;VPL 100&#215;350<\/b><\/p>\n<\/td>\n<td style=\"height: 76px;\">&nbsp;1000<\/td>\n<td style=\"height: 76px;\">&nbsp;3500<\/td>\n<td style=\"height: 76px;\">&nbsp;180<\/td>\n<td style=\"height: 76px;\">&nbsp;&nbsp;2&#215;4,5<\/td>\n<\/tr>\n<tr style=\"height: 76px;\">\n<td style=\"height: 76px;\">\n<p><b>&nbsp;VPL 100&#215;400<\/b><\/p>\n<\/td>\n<td style=\"height: 76px;\">&nbsp;1000<\/td>\n<td style=\"height: 76px;\">&nbsp;4000<\/td>\n<td style=\"height: 76px;\">&nbsp;180<\/td>\n<td style=\"height: 76px;\">&nbsp;&nbsp;2&#215;4,5<\/td>\n<\/tr>\n<tr style=\"height: 57px;\">\n<td style=\"height: 57px;\">\n<p><b>&nbsp;VPL 120&#215;300<\/b><\/p>\n<\/td>\n<td style=\"height: 57px;\">&nbsp;1200<\/td>\n<td style=\"height: 57px;\">&nbsp;3000<\/td>\n<td style=\"height: 57px;\">&nbsp;250<\/td>\n<td style=\"height: 57px;\">&nbsp;&nbsp;2&#215;4,5<\/td>\n<\/tr>\n<\/tbody>\n<\/table>\t\t\t\t\t\t\t\t<\/div>\n\t\t\t\t<\/div>\n\t\t\t\t\t<\/div>\n\t\t<\/div>\n\t\t\t\t\t<\/div>\n\t\t<\/section>\n\t\t\t\t<\/div>\n\t\t","protected":false},"excerpt":{"rendered":"<p>VPL-Vibrationsaufgeber Die VPL-Vibrationsaufgeber sind bestimmt zum Aufgeben von Unklebematerialien wie z.B. Naturstein, Bauabf\u00e4llen f\u00fcr Brecher, M\u00fchlen, f\u00fcr Sortieranlagen, Bandf\u00f6rderung usw. Die Antriebeinheit des Aufgebers sind zwei Anlegevibromotoren. Eine \u00c4nderung der aufgegebenen Menge wird mit Einstellung von Unwuchten der Vibromotoren oder durch \u00c4nderung der Frequenz mittels Frequenzumformer durchgef\u00fchrt. VPL-Vibrationsaufgeber = viele Vorteile: minimale Betriebskosten, die das [&hellip;]<\/p>\n","protected":false},"author":3,"featured_media":0,"parent":0,"menu_order":0,"comment_status":"closed","ping_status":"closed","template":"","meta":{"_acf_changed":false,"footnotes":""},"class_list":["post-3321","page","type-page","status-publish","hentry"],"acf":[],"_links":{"self":[{"href":"https:\/\/www.dspprerov.cz\/de\/wp-json\/wp\/v2\/pages\/3321","targetHints":{"allow":["GET"]}}],"collection":[{"href":"https:\/\/www.dspprerov.cz\/de\/wp-json\/wp\/v2\/pages"}],"about":[{"href":"https:\/\/www.dspprerov.cz\/de\/wp-json\/wp\/v2\/types\/page"}],"author":[{"embeddable":true,"href":"https:\/\/www.dspprerov.cz\/de\/wp-json\/wp\/v2\/users\/3"}],"replies":[{"embeddable":true,"href":"https:\/\/www.dspprerov.cz\/de\/wp-json\/wp\/v2\/comments?post=3321"}],"version-history":[{"count":8,"href":"https:\/\/www.dspprerov.cz\/de\/wp-json\/wp\/v2\/pages\/3321\/revisions"}],"predecessor-version":[{"id":3329,"href":"https:\/\/www.dspprerov.cz\/de\/wp-json\/wp\/v2\/pages\/3321\/revisions\/3329"}],"wp:attachment":[{"href":"https:\/\/www.dspprerov.cz\/de\/wp-json\/wp\/v2\/media?parent=3321"}],"curies":[{"name":"wp","href":"https:\/\/api.w.org\/{rel}","templated":true}]}}