{"id":3150,"date":"2022-08-08T13:03:14","date_gmt":"2022-08-08T11:03:14","guid":{"rendered":"https:\/\/vx3785300.server2.imperialmedia.cz\/?page_id=3150"},"modified":"2023-02-02T14:51:51","modified_gmt":"2023-02-02T13:51:51","slug":"vtk-vibrationssortierer","status":"publish","type":"page","link":"https:\/\/www.dspprerov.cz\/de\/vtk-vibrationssortierer\/","title":{"rendered":"VTK-Vibrationssortierer"},"content":{"rendered":"\t\t<div data-elementor-type=\"wp-page\" data-elementor-id=\"3150\" class=\"elementor elementor-3150 elementor-1027\" data-elementor-post-type=\"page\">\n\t\t\t\t\t\t<section class=\"elementor-section elementor-top-section elementor-element elementor-element-b6b8908 elementor-section-content-middle elementor-section-boxed elementor-section-height-default elementor-section-height-default\" data-id=\"b6b8908\" data-element_type=\"section\" data-e-type=\"section\" data-settings=\"{&quot;background_background&quot;:&quot;classic&quot;}\">\n\t\t\t\t\t\t\t<div class=\"elementor-background-overlay\"><\/div>\n\t\t\t\t\t\t\t<div class=\"elementor-container elementor-column-gap-no\">\n\t\t\t\t\t<div class=\"elementor-column elementor-col-100 elementor-top-column elementor-element elementor-element-1deea2fe\" data-id=\"1deea2fe\" data-element_type=\"column\" data-e-type=\"column\">\n\t\t\t<div class=\"elementor-widget-wrap elementor-element-populated\">\n\t\t\t\t\t\t<div class=\"elementor-element elementor-element-301dc7b3 elementor-widget elementor-widget-heading\" data-id=\"301dc7b3\" data-element_type=\"widget\" data-e-type=\"widget\" data-widget_type=\"heading.default\">\n\t\t\t\t<div class=\"elementor-widget-container\">\n\t\t\t\t\t<h4 class=\"elementor-heading-title elementor-size-default\">VTK-Vibrationssortierer <\/h4>\t\t\t\t<\/div>\n\t\t\t\t<\/div>\n\t\t\t\t\t<\/div>\n\t\t<\/div>\n\t\t\t\t\t<\/div>\n\t\t<\/section>\n\t\t\t\t<section class=\"elementor-section elementor-top-section elementor-element elementor-element-15f697f elementor-section-boxed elementor-section-height-default elementor-section-height-default\" data-id=\"15f697f\" data-element_type=\"section\" data-e-type=\"section\">\n\t\t\t\t\t\t<div class=\"elementor-container elementor-column-gap-default\">\n\t\t\t\t\t<div class=\"elementor-column elementor-col-50 elementor-top-column elementor-element elementor-element-cb280fc\" data-id=\"cb280fc\" data-element_type=\"column\" data-e-type=\"column\">\n\t\t\t<div class=\"elementor-widget-wrap elementor-element-populated\">\n\t\t\t\t\t\t<div class=\"elementor-element elementor-element-05455fd elementor-widget elementor-widget-text-editor\" data-id=\"05455fd\" data-element_type=\"widget\" data-e-type=\"widget\" data-widget_type=\"text-editor.default\">\n\t\t\t\t<div class=\"elementor-widget-container\">\n\t\t\t\t\t\t\t\t\t<p>Die VTK-Sortierer sind geeignet f\u00fcr das Sortieren von k\u00f6rnigen Materialien mit K\u00f6rnigkeit von 0 \u2013 250 mm auf Sieben mit L\u00f6chern von 2 \u2013 200 mm. Das sortierte Material k\u00f6nnen gebrochener Gestein, Schottersand, Erze, Kohle, Koks usw. sein. Die VTK-Sortierer erm\u00f6glichen trockene und nasse Art von Sortieren.<\/p><p>Die VTK-Sortierer \u00fcben eine Kreisbewegung aus. Die Bewegung wird mit einem Unwuchterreger im Schwerpunkt der Maschine ausgel\u00f6st.<\/p><p>Die VTK-Sortierer werden mit 1-4 Sortierfl\u00e4chen hergestellt. Die Sortierfl\u00e4chen k\u00f6nnen aus Stahl, Gummi oder Kunststoff sein.<\/p>\t\t\t\t\t\t\t\t<\/div>\n\t\t\t\t<\/div>\n\t\t\t\t<div class=\"elementor-element elementor-element-d04ef9c elementor-widget elementor-widget-text-editor\" data-id=\"d04ef9c\" data-element_type=\"widget\" data-e-type=\"widget\" data-widget_type=\"text-editor.default\">\n\t\t\t\t<div class=\"elementor-widget-container\">\n\t\t\t\t\t\t\t\t\t<h4>VTK-Sortierer = viele Vorteile:<\/h4><ul><li>hohe Leistung und Sch\u00e4rfe der Sortierung, die durch optimale Einstellung der Sortiererparameter in Zusammenhang mit gew\u00fcnschten Sortiergrenzen und Eigenschaften des sortierten Materials erreicht werden,<\/li><li>Best\u00e4ndigkeit gegen Keilen und Kleben vom sortierten Material auf Sortierfl\u00e4chen,<\/li><li>minimale Betriebskosten, die das Ergebnis einer ausgewogenen Konstruktion der Maschine, Anwendung von langj\u00e4hrigen Erfahrungen aus dem Bereich des Sortiererbetriebes und der Teileunifikation sind,<\/li><li>vollkommene Gegenstaubdeckung,<\/li><li>einfache visuelle Kontrolle des Sortierungsprozesses und des Standes der Sortierfl\u00e4chen durch Einseh\u00f6ffnungen,<\/li><li>einfacher Austausch von Sortierfl\u00e4chen,<\/li><li><b>hohe Qualit\u00e4t = hohe Effektivit\u00e4t + Sparsamkeit.<\/b><\/li><\/ul>\t\t\t\t\t\t\t\t<\/div>\n\t\t\t\t<\/div>\n\t\t\t\t\t<\/div>\n\t\t<\/div>\n\t\t\t\t<div class=\"elementor-column elementor-col-50 elementor-top-column elementor-element elementor-element-71b6915\" data-id=\"71b6915\" data-element_type=\"column\" data-e-type=\"column\">\n\t\t\t<div class=\"elementor-widget-wrap elementor-element-populated\">\n\t\t\t\t\t\t<div class=\"elementor-element elementor-element-38a8613 elementor-widget elementor-widget-image\" data-id=\"38a8613\" data-element_type=\"widget\" data-e-type=\"widget\" data-widget_type=\"image.default\">\n\t\t\t\t<div class=\"elementor-widget-container\">\n\t\t\t\t\t\t\t\t\t\t\t\t\t\t\t<img decoding=\"async\" width=\"1\" height=\"1\" src=\"https:\/\/www.dspprerov.cz\/wp-content\/uploads\/2022\/07\/vilnius-litva-3-scaled.jpg\" class=\"attachment-large size-large wp-image-1314\" alt=\"\" \/>\t\t\t\t\t\t\t\t\t\t\t\t\t\t\t<\/div>\n\t\t\t\t<\/div>\n\t\t\t\t<div class=\"elementor-element elementor-element-226a917 elementor-widget elementor-widget-image\" data-id=\"226a917\" data-element_type=\"widget\" data-e-type=\"widget\" data-widget_type=\"image.default\">\n\t\t\t\t<div class=\"elementor-widget-container\">\n\t\t\t\t\t\t\t\t\t\t\t\t\t\t\t<img fetchpriority=\"high\" decoding=\"async\" width=\"800\" height=\"577\" src=\"https:\/\/www.dspprerov.cz\/wp-content\/uploads\/2022\/07\/vtk-200x600-4-1024x738.png\" class=\"attachment-large size-large wp-image-1364\" alt=\"\" srcset=\"https:\/\/www.dspprerov.cz\/wp-content\/uploads\/2022\/07\/vtk-200x600-4-1024x738.png 1024w, https:\/\/www.dspprerov.cz\/wp-content\/uploads\/2022\/07\/vtk-200x600-4-300x216.png 300w, https:\/\/www.dspprerov.cz\/wp-content\/uploads\/2022\/07\/vtk-200x600-4-768x553.png 768w, https:\/\/www.dspprerov.cz\/wp-content\/uploads\/2022\/07\/vtk-200x600-4-1536x1107.png 1536w, https:\/\/www.dspprerov.cz\/wp-content\/uploads\/2022\/07\/vtk-200x600-4.png 1800w\" sizes=\"(max-width: 800px) 100vw, 800px\" \/>\t\t\t\t\t\t\t\t\t\t\t\t\t\t\t<\/div>\n\t\t\t\t<\/div>\n\t\t\t\t\t<\/div>\n\t\t<\/div>\n\t\t\t\t\t<\/div>\n\t\t<\/section>\n\t\t\t\t<section class=\"elementor-section elementor-top-section elementor-element elementor-element-bd38e5e elementor-section-boxed elementor-section-height-default elementor-section-height-default\" data-id=\"bd38e5e\" data-element_type=\"section\" data-e-type=\"section\">\n\t\t\t\t\t\t<div class=\"elementor-container elementor-column-gap-default\">\n\t\t\t\t\t<div class=\"elementor-column elementor-col-100 elementor-top-column elementor-element elementor-element-0eb3787\" data-id=\"0eb3787\" data-element_type=\"column\" data-e-type=\"column\">\n\t\t\t<div class=\"elementor-widget-wrap elementor-element-populated\">\n\t\t\t\t\t\t<div class=\"elementor-element elementor-element-554901a elementor-widget elementor-widget-image-gallery\" data-id=\"554901a\" data-element_type=\"widget\" data-e-type=\"widget\" data-widget_type=\"image-gallery.default\">\n\t\t\t\t<div class=\"elementor-widget-container\">\n\t\t\t\t\t\t\t<div class=\"elementor-image-gallery\">\n\t\t\t<div class=\"wpmf-gallerys wpmf-gallerys-life \" ><div id=\"gallery-1\" class=\"gallery gallery_life wpmf_gallery_default gallery_default  gallery-columns-5 gallery-size-medium gallery-link-file wpmf-has-border-radius-0 wpmf-gutterwidth-5 no_ratio\"><figure class=\"wpmf-gallery-item\" data-index=\"0\"><div class=\"wpmf-gallery-icon\"><div class=\"square_thumbnail\"><div class=\"img_centered\"><a class=\" not_video noLightbox\" data-lightbox=\"1\" data-href=\"https:\/\/www.dspprerov.cz\/wp-content\/uploads\/2022\/07\/vtk14.jpg\" title=\"\" target=\"_self\" data-index=\"0\"><img decoding=\"async\" class=\"wpmf_img\" alt=\"\" src=\"https:\/\/www.dspprerov.cz\/wp-content\/uploads\/2022\/07\/vtk14-300x225.jpg\" data-type=\"wpmfgalleryimg\" data-attachment-id=\"2399\" data-wpmf-size=\"medium\" data-lazy-src=\"https:\/\/www.dspprerov.cz\/wp-content\/uploads\/2022\/07\/vtk14-300x225.jpg\"><\/a><\/div><\/div><\/div><\/figure><figure class=\"wpmf-gallery-item\" data-index=\"1\"><div class=\"wpmf-gallery-icon\"><div class=\"square_thumbnail\"><div class=\"img_centered\"><a class=\" not_video noLightbox\" data-lightbox=\"1\" data-href=\"https:\/\/www.dspprerov.cz\/wp-content\/uploads\/2022\/07\/vtk16.jpg\" title=\"\" target=\"_self\" data-index=\"1\"><img decoding=\"async\" class=\"wpmf_img\" alt=\"\" src=\"https:\/\/www.dspprerov.cz\/wp-content\/uploads\/2022\/07\/vtk16-300x225.jpg\" data-type=\"wpmfgalleryimg\" data-attachment-id=\"2404\" data-wpmf-size=\"medium\" data-lazy-src=\"https:\/\/www.dspprerov.cz\/wp-content\/uploads\/2022\/07\/vtk16-300x225.jpg\"><\/a><\/div><\/div><\/div><\/figure><figure class=\"wpmf-gallery-item\" data-index=\"2\"><div class=\"wpmf-gallery-icon\"><div class=\"square_thumbnail\"><div class=\"img_centered\"><a class=\" not_video noLightbox\" data-lightbox=\"1\" data-href=\"https:\/\/www.dspprerov.cz\/wp-content\/uploads\/2022\/07\/vtk27.jpg\" title=\"\" target=\"_self\" data-index=\"2\"><img decoding=\"async\" class=\"wpmf_img\" alt=\"\" src=\"https:\/\/www.dspprerov.cz\/wp-content\/uploads\/2022\/07\/vtk27-300x225.jpg\" data-type=\"wpmfgalleryimg\" data-attachment-id=\"2409\" data-wpmf-size=\"medium\" data-lazy-src=\"https:\/\/www.dspprerov.cz\/wp-content\/uploads\/2022\/07\/vtk27-300x225.jpg\"><\/a><\/div><\/div><\/div><\/figure><figure class=\"wpmf-gallery-item\" data-index=\"3\"><div class=\"wpmf-gallery-icon\"><div class=\"square_thumbnail\"><div class=\"img_centered\"><a class=\" not_video noLightbox\" data-lightbox=\"1\" data-href=\"https:\/\/www.dspprerov.cz\/wp-content\/uploads\/2022\/07\/paekivi-1024x768.jpg\" title=\"\" target=\"_self\" data-index=\"3\"><img decoding=\"async\" class=\"wpmf_img\" alt=\"\" src=\"https:\/\/www.dspprerov.cz\/wp-content\/uploads\/2022\/07\/paekivi-300x225.jpg\" data-type=\"wpmfgalleryimg\" data-attachment-id=\"1359\" data-wpmf-size=\"medium\" data-lazy-src=\"https:\/\/www.dspprerov.cz\/wp-content\/uploads\/2022\/07\/paekivi-300x225.jpg\"><\/a><\/div><\/div><\/div><\/figure><figure class=\"wpmf-gallery-item\" data-index=\"4\"><div class=\"wpmf-gallery-icon\"><div class=\"square_thumbnail\"><div class=\"img_centered\"><a class=\" not_video noLightbox\" data-lightbox=\"1\" data-href=\"https:\/\/www.dspprerov.cz\/wp-content\/uploads\/2022\/07\/vtk-160x500-4-brno-1024x768.jpg\" title=\"\" target=\"_self\" data-index=\"4\"><img decoding=\"async\" class=\"wpmf_img\" alt=\"\" src=\"https:\/\/www.dspprerov.cz\/wp-content\/uploads\/2022\/07\/vtk-160x500-4-brno-300x225.jpg\" data-type=\"wpmfgalleryimg\" data-attachment-id=\"1279\" data-wpmf-size=\"medium\" data-lazy-src=\"https:\/\/www.dspprerov.cz\/wp-content\/uploads\/2022\/07\/vtk-160x500-4-brno-300x225.jpg\"><\/a><\/div><\/div><\/div><\/figure><figure class=\"wpmf-gallery-item\" data-index=\"5\"><div class=\"wpmf-gallery-icon\"><div class=\"square_thumbnail\"><div class=\"img_centered\"><a class=\" not_video noLightbox\" data-lightbox=\"1\" data-href=\"https:\/\/www.dspprerov.cz\/wp-content\/uploads\/2022\/07\/vtk12.jpg\" title=\"\" target=\"_self\" data-index=\"5\"><img decoding=\"async\" class=\"wpmf_img\" alt=\"\" src=\"https:\/\/www.dspprerov.cz\/wp-content\/uploads\/2022\/07\/vtk12-300x225.jpg\" data-type=\"wpmfgalleryimg\" data-attachment-id=\"2394\" data-wpmf-size=\"medium\" data-lazy-src=\"https:\/\/www.dspprerov.cz\/wp-content\/uploads\/2022\/07\/vtk12-300x225.jpg\"><\/a><\/div><\/div><\/div><\/figure><figure class=\"wpmf-gallery-item\" data-index=\"6\"><div class=\"wpmf-gallery-icon\"><div class=\"square_thumbnail\"><div class=\"img_centered\"><a class=\" not_video noLightbox\" data-lightbox=\"1\" data-href=\"https:\/\/www.dspprerov.cz\/wp-content\/uploads\/2022\/07\/vtk-200x500-22-1024x823.jpg\" title=\"\" target=\"_self\" data-index=\"6\"><img decoding=\"async\" class=\"wpmf_img\" alt=\"\" src=\"https:\/\/www.dspprerov.cz\/wp-content\/uploads\/2022\/07\/vtk-200x500-22-300x241.jpg\" data-type=\"wpmfgalleryimg\" data-attachment-id=\"1369\" data-wpmf-size=\"medium\" data-lazy-src=\"https:\/\/www.dspprerov.cz\/wp-content\/uploads\/2022\/07\/vtk-200x500-22-300x241.jpg\"><\/a><\/div><\/div><\/div><\/figure><\/div><\/div>\t\t<\/div>\n\t\t\t\t\t\t<\/div>\n\t\t\t\t<\/div>\n\t\t\t\t\t<\/div>\n\t\t<\/div>\n\t\t\t\t\t<\/div>\n\t\t<\/section>\n\t\t\t\t<section class=\"elementor-section elementor-top-section elementor-element elementor-element-cfeaec2 elementor-section-boxed elementor-section-height-default elementor-section-height-default\" data-id=\"cfeaec2\" data-element_type=\"section\" data-e-type=\"section\">\n\t\t\t\t\t\t<div class=\"elementor-container elementor-column-gap-default\">\n\t\t\t\t\t<div class=\"elementor-column elementor-col-100 elementor-top-column elementor-element elementor-element-1392df3\" data-id=\"1392df3\" data-element_type=\"column\" data-e-type=\"column\">\n\t\t\t<div class=\"elementor-widget-wrap elementor-element-populated\">\n\t\t\t\t\t\t<div class=\"elementor-element elementor-element-cf80113 elementor-widget elementor-widget-text-editor\" data-id=\"cf80113\" data-element_type=\"widget\" data-e-type=\"widget\" data-widget_type=\"text-editor.default\">\n\t\t\t\t<div class=\"elementor-widget-container\">\n\t\t\t\t\t\t\t\t\t<h5>Parameter der VTK-Sortierer<br><\/h5>\n<p>Die Parameter sind individuell in Zusammenhang mit konkreten Bedingungen zu l\u00f6sen.<\/p>\n<table style=\"width: 80.9446%; height: 314px;\">\n<tbody>\n<tr style=\"height: 100px;\">\n<td style=\"height: 100px;\" width=\"85\">\n<p><b>Typbezeichnung<\/b><br><\/p>\n<\/td>\n<td style=\"height: 100px;\" width=\"86\">\n<p><b>Breite der Sortierfl\u00e4che<\/b><br><\/p>\n<\/td>\n<td style=\"height: 100px;\" width=\"84\">\n<p><b>L\u00e4nge der Sortierfl\u00e4che<\/b><br><\/p>\n<\/td>\n<td style=\"height: 100px;\" width=\"99\">\n<p><b>Anzahl Siebfl\u00e4che<\/b><br><\/p>\n<\/td>\n<td style=\"height: 100px;\" width=\"86\">\n<p><b>Zugef\u00fchrte Leistung<\/b><br><\/p>\n<\/td>\n<\/tr>\n<tr style=\"height: 52px;\">\n<td style=\"height: 52px;\" width=\"85\">\n<p>&#8211;<\/p>\n<\/td>\n<td style=\"height: 52px;\" width=\"86\">\n<p>mm<\/p>\n<\/td>\n<td style=\"height: 52px;\" width=\"84\">\n<p>mm<\/p>\n<\/td>\n<td style=\"height: 52px;\" width=\"99\">\n<p>St\u00fccke<\/p>\n<\/td>\n<td style=\"height: 52px;\" width=\"86\">kW<\/td>\n<\/tr>\n<tr style=\"height: 76px;\">\n<td style=\"height: 76px;\" width=\"85\">\n<p><b>VTK 120&#215;400<\/b><\/p>\n<\/td>\n<td style=\"height: 76px;\" width=\"86\">\n<p>1200<\/p>\n<\/td>\n<td style=\"height: 76px;\" width=\"84\">\n<p>4000<\/p>\n<\/td>\n<td style=\"height: 76px;\" width=\"99\">1-4<\/td>\n<td style=\"height: 76px;\" width=\"86\">\n<p>15<\/p>\n<\/td>\n<\/tr>\n<tr style=\"height: 76px;\">\n<td style=\"height: 76px;\" width=\"85\">\n<p><b>VTK 160&#215;400<\/b><\/p>\n<\/td>\n<td style=\"height: 76px;\" width=\"86\">1600<\/td>\n<td style=\"height: 76px;\" width=\"84\">4000<\/td>\n<td style=\"height: 76px;\" width=\"99\">1-4<\/td>\n<td style=\"height: 76px;\" width=\"86\">15-22<\/td>\n<\/tr>\n<tr>\n<td>\n<p><b>&nbsp;<\/b><span style=\"background-color: #ffffff; font-size: 0.9em; color: var( --e-global-color-text ); font-family: var( --e-global-typography-text-font-family ), Sans-serif;\"><b>VTK 160&#215;500<\/b><\/span><\/p>\n<\/td>\n<td>&nbsp;1600<\/td>\n<td>&nbsp;5000<\/td>\n<td>&nbsp;1-4<\/td>\n<td>&nbsp;15-22<\/td>\n<\/tr>\n<tr>\n<td>\n<p><b>&nbsp;<span style=\"background-color: #ffffff; font-size: 0.9em; color: var( --e-global-color-text ); font-family: var( --e-global-typography-text-font-family ), Sans-serif;\">VTK 160&#215;600<\/span><\/b><\/p>\n<\/td>\n<td>&nbsp;1600<\/td>\n<td>&nbsp;6000<\/td>\n<td>&nbsp;1-4<\/td>\n<td>&nbsp;22-30<\/td>\n<\/tr>\n<tr>\n<td>\n<p><b>&nbsp;<\/b><span style=\"background-color: #ffffff; font-weight: bold; font-size: 0.9em; color: var( --e-global-color-text ); font-family: var( --e-global-typography-text-font-family ), Sans-serif;\">VTK 200&#215;400<\/span><\/p>\n<\/td>\n<td>&nbsp;2000<\/td>\n<td>&nbsp;4000<\/td>\n<td>&nbsp;1-4<\/td>\n<td>&nbsp;15-22<\/td>\n<\/tr>\n<tr>\n<td>\n<p><b>&nbsp;<\/b><span style=\"background-color: #ffffff; font-weight: bold; font-size: 0.9em; color: var( --e-global-color-text ); font-family: var( --e-global-typography-text-font-family ), Sans-serif;\">VTK 200&#215;500<\/span><\/p>\n<\/td>\n<td>&nbsp;2000<\/td>\n<td>&nbsp;5000<\/td>\n<td>&nbsp;1-4<\/td>\n<td>&nbsp;18,5-37<\/td>\n<\/tr>\n<tr>\n<td>\n<p><b>&nbsp;<\/b><span style=\"background-color: #ffffff; font-weight: bold; font-size: 0.9em; color: var( --e-global-color-text ); font-family: var( --e-global-typography-text-font-family ), Sans-serif;\">VTK 200&#215;600<\/span><\/p>\n<\/td>\n<td>&nbsp;2000<\/td>\n<td>&nbsp;6000<\/td>\n<td>&nbsp;1-4<\/td>\n<td>&nbsp;30-37<\/td>\n<\/tr>\n<tr>\n<td>\n<p><b>VTK 200&#215;700<\/b><\/p>\n<\/td>\n<td>&nbsp;2000<\/td>\n<td>&nbsp;7000<\/td>\n<td>&nbsp;1-4<\/td>\n<td>&nbsp;37<\/td>\n<\/tr>\n<\/tbody>\n<\/table>\t\t\t\t\t\t\t\t<\/div>\n\t\t\t\t<\/div>\n\t\t\t\t\t<\/div>\n\t\t<\/div>\n\t\t\t\t\t<\/div>\n\t\t<\/section>\n\t\t\t\t<\/div>\n\t\t","protected":false},"excerpt":{"rendered":"<p>VTK-Vibrationssortierer Die VTK-Sortierer sind geeignet f\u00fcr das Sortieren von k\u00f6rnigen Materialien mit K\u00f6rnigkeit von 0 \u2013 250 mm auf Sieben mit L\u00f6chern von 2 \u2013 200 mm. Das sortierte Material k\u00f6nnen gebrochener Gestein, Schottersand, Erze, Kohle, Koks usw. sein. Die VTK-Sortierer erm\u00f6glichen trockene und nasse Art von Sortieren. Die VTK-Sortierer \u00fcben eine Kreisbewegung aus. Die [&hellip;]<\/p>\n","protected":false},"author":3,"featured_media":0,"parent":0,"menu_order":0,"comment_status":"closed","ping_status":"closed","template":"","meta":{"_acf_changed":false,"footnotes":""},"class_list":["post-3150","page","type-page","status-publish","hentry"],"acf":[],"_links":{"self":[{"href":"https:\/\/www.dspprerov.cz\/de\/wp-json\/wp\/v2\/pages\/3150","targetHints":{"allow":["GET"]}}],"collection":[{"href":"https:\/\/www.dspprerov.cz\/de\/wp-json\/wp\/v2\/pages"}],"about":[{"href":"https:\/\/www.dspprerov.cz\/de\/wp-json\/wp\/v2\/types\/page"}],"author":[{"embeddable":true,"href":"https:\/\/www.dspprerov.cz\/de\/wp-json\/wp\/v2\/users\/3"}],"replies":[{"embeddable":true,"href":"https:\/\/www.dspprerov.cz\/de\/wp-json\/wp\/v2\/comments?post=3150"}],"version-history":[{"count":15,"href":"https:\/\/www.dspprerov.cz\/de\/wp-json\/wp\/v2\/pages\/3150\/revisions"}],"predecessor-version":[{"id":5936,"href":"https:\/\/www.dspprerov.cz\/de\/wp-json\/wp\/v2\/pages\/3150\/revisions\/5936"}],"wp:attachment":[{"href":"https:\/\/www.dspprerov.cz\/de\/wp-json\/wp\/v2\/media?parent=3150"}],"curies":[{"name":"wp","href":"https:\/\/api.w.org\/{rel}","templated":true}]}}