{"id":3027,"date":"2022-08-08T08:47:02","date_gmt":"2022-08-08T06:47:02","guid":{"rendered":"https:\/\/vx3785300.server2.imperialmedia.cz\/?page_id=3027"},"modified":"2022-08-08T08:54:24","modified_gmt":"2022-08-08T06:54:24","slug":"rct-walzenbrecher","status":"publish","type":"page","link":"https:\/\/www.dspprerov.cz\/de\/rct-walzenbrecher\/","title":{"rendered":"RCT-Walzenbrecher"},"content":{"rendered":"\t\t<div data-elementor-type=\"wp-page\" data-elementor-id=\"3027\" class=\"elementor elementor-3027 elementor-986\" data-elementor-post-type=\"page\">\n\t\t\t\t\t\t<section class=\"elementor-section elementor-top-section elementor-element elementor-element-b6b8908 elementor-section-content-middle elementor-section-boxed elementor-section-height-default elementor-section-height-default\" data-id=\"b6b8908\" data-element_type=\"section\" data-e-type=\"section\" data-settings=\"{&quot;background_background&quot;:&quot;classic&quot;}\">\n\t\t\t\t\t\t\t<div class=\"elementor-background-overlay\"><\/div>\n\t\t\t\t\t\t\t<div class=\"elementor-container elementor-column-gap-no\">\n\t\t\t\t\t<div class=\"elementor-column elementor-col-100 elementor-top-column elementor-element elementor-element-1deea2fe\" data-id=\"1deea2fe\" data-element_type=\"column\" data-e-type=\"column\">\n\t\t\t<div class=\"elementor-widget-wrap elementor-element-populated\">\n\t\t\t\t\t\t<div class=\"elementor-element elementor-element-301dc7b3 elementor-widget elementor-widget-heading\" data-id=\"301dc7b3\" data-element_type=\"widget\" data-e-type=\"widget\" data-widget_type=\"heading.default\">\n\t\t\t\t<div class=\"elementor-widget-container\">\n\t\t\t\t\t<h4 class=\"elementor-heading-title elementor-size-default\">RCT-Walzenbrecher<\/h4>\t\t\t\t<\/div>\n\t\t\t\t<\/div>\n\t\t\t\t\t<\/div>\n\t\t<\/div>\n\t\t\t\t\t<\/div>\n\t\t<\/section>\n\t\t\t\t<section class=\"elementor-section elementor-top-section elementor-element elementor-element-15f697f elementor-section-boxed elementor-section-height-default elementor-section-height-default\" data-id=\"15f697f\" data-element_type=\"section\" data-e-type=\"section\">\n\t\t\t\t\t\t<div class=\"elementor-container elementor-column-gap-default\">\n\t\t\t\t\t<div class=\"elementor-column elementor-col-50 elementor-top-column elementor-element elementor-element-cb280fc\" data-id=\"cb280fc\" data-element_type=\"column\" data-e-type=\"column\">\n\t\t\t<div class=\"elementor-widget-wrap elementor-element-populated\">\n\t\t\t\t\t\t<div class=\"elementor-element elementor-element-05455fd elementor-widget elementor-widget-text-editor\" data-id=\"05455fd\" data-element_type=\"widget\" data-e-type=\"widget\" data-widget_type=\"text-editor.default\">\n\t\t\t\t<div class=\"elementor-widget-container\">\n\t\t\t\t\t\t\t\t\t<p>Die RCT-Walzenbrecher sind f\u00fcr die Zerkleinerung von Asche aus den Kraftwerkkesseln und von anderen Materialien mit \u00e4hnlichen Eigenschaften bestimmt.<\/p>\t\t\t\t\t\t\t\t<\/div>\n\t\t\t\t<\/div>\n\t\t\t\t<div class=\"elementor-element elementor-element-d04ef9c elementor-widget elementor-widget-text-editor\" data-id=\"d04ef9c\" data-element_type=\"widget\" data-e-type=\"widget\" data-widget_type=\"text-editor.default\">\n\t\t\t\t<div class=\"elementor-widget-container\">\n\t\t\t\t\t\t\t\t\t<h4>RCT-Brecher &gt;&gt; viele Vorteile:<\/h4><ul><li>hohes technisches Niveau, gerichtet auf die Einfachheit bei der Bedienung und Instandhaltung,<\/li><li>Minimalisierung der Staubanteile im gebrochenen Produkt,<\/li><li>hohe Stufe des Zerkleinerungsgrades,<\/li><li><b>hohe Qualit\u00e4t = hohe Betriebswirtschaftlichkeit.<\/b><\/li><\/ul><div><b>\u00a0<\/b><\/div><h4 style=\"font-family: Roboto, sans-serif;\">Konstruktionsausf\u00fchrung &gt;&gt; einfache Bedienung und Instandhaltung<\/h4><h4><span style=\"color: #7a7a7a;\"><span style=\"font-size: 16px;\">Der RCT-Brecher wurde auch angesichts der einfachen Installation, Bedienung und Instandhaltung entworfen. Der komplette Brecher steht mit dem Antrieb der Rotoren und mit den Laufr\u00e4dern auf einem gemeinsamen Rahmen. Der Brecher ist mit zwei gegenl\u00e4ufigen Zahnwalzen best\u00fcckt, die das zu brechende Material zwischen sich einziehen und zerkleinern. Die Brecher k\u00f6nnen nach den Kundenw\u00fcnschen mit Laufr\u00e4dern versehen werden, die entweder l\u00e4ngs oder senkrecht zu den Rotorachsen gerichtet sind. Die Gr\u00f6\u00dfe des gebrochenen Materials wird unter anderem durch die Form der Z\u00e4hne und ihre gegenseitige Weite gegeben. Der Vorteil bei Zerkleinerung mit dem Brecher mit den Zahnwalzen ist ein minimaler Anteil von Feinpartikeln im gebrochenen Produkt.<\/span><\/span><\/h4><div>\u00a0<\/div><div><div>\u00a0<\/div><\/div>\t\t\t\t\t\t\t\t<\/div>\n\t\t\t\t<\/div>\n\t\t\t\t\t<\/div>\n\t\t<\/div>\n\t\t\t\t<div class=\"elementor-column elementor-col-50 elementor-top-column elementor-element elementor-element-71b6915\" data-id=\"71b6915\" data-element_type=\"column\" data-e-type=\"column\">\n\t\t\t<div class=\"elementor-widget-wrap elementor-element-populated\">\n\t\t\t\t\t\t<div class=\"elementor-element elementor-element-226a917 elementor-widget elementor-widget-image\" data-id=\"226a917\" data-element_type=\"widget\" data-e-type=\"widget\" data-widget_type=\"image.default\">\n\t\t\t\t<div class=\"elementor-widget-container\">\n\t\t\t\t\t\t\t\t\t\t\t\t\t\t\t<img fetchpriority=\"high\" decoding=\"async\" width=\"768\" height=\"1024\" src=\"https:\/\/www.dspprerov.cz\/wp-content\/uploads\/2022\/07\/rct-46x160-a-2-768x1024.jpg\" class=\"attachment-large size-large wp-image-1349\" alt=\"\" srcset=\"https:\/\/www.dspprerov.cz\/wp-content\/uploads\/2022\/07\/rct-46x160-a-2-768x1024.jpg 768w, https:\/\/www.dspprerov.cz\/wp-content\/uploads\/2022\/07\/rct-46x160-a-2-225x300.jpg 225w, https:\/\/www.dspprerov.cz\/wp-content\/uploads\/2022\/07\/rct-46x160-a-2-1152x1536.jpg 1152w, https:\/\/www.dspprerov.cz\/wp-content\/uploads\/2022\/07\/rct-46x160-a-2-1536x2048.jpg 1536w, https:\/\/www.dspprerov.cz\/wp-content\/uploads\/2022\/07\/rct-46x160-a-2-scaled.jpg 1920w\" sizes=\"(max-width: 768px) 100vw, 768px\" \/>\t\t\t\t\t\t\t\t\t\t\t\t\t\t\t<\/div>\n\t\t\t\t<\/div>\n\t\t\t\t\t<\/div>\n\t\t<\/div>\n\t\t\t\t\t<\/div>\n\t\t<\/section>\n\t\t\t\t<section class=\"elementor-section elementor-top-section elementor-element elementor-element-bd38e5e elementor-section-boxed elementor-section-height-default elementor-section-height-default\" data-id=\"bd38e5e\" data-element_type=\"section\" data-e-type=\"section\">\n\t\t\t\t\t\t<div class=\"elementor-container elementor-column-gap-default\">\n\t\t\t\t\t<div class=\"elementor-column elementor-col-100 elementor-top-column elementor-element elementor-element-0eb3787\" data-id=\"0eb3787\" data-element_type=\"column\" data-e-type=\"column\">\n\t\t\t<div class=\"elementor-widget-wrap elementor-element-populated\">\n\t\t\t\t\t\t<div class=\"elementor-element elementor-element-554901a elementor-widget elementor-widget-image-gallery\" data-id=\"554901a\" data-element_type=\"widget\" data-e-type=\"widget\" data-widget_type=\"image-gallery.default\">\n\t\t\t\t<div class=\"elementor-widget-container\">\n\t\t\t\t\t\t\t<div class=\"elementor-image-gallery\">\n\t\t\t<div class=\"wpmf-gallerys wpmf-gallerys-life \" ><div id=\"gallery-1\" class=\"gallery gallery_life wpmf_gallery_default gallery_default  gallery-columns-5 gallery-size-medium gallery-link-file wpmf-has-border-radius-0 wpmf-gutterwidth-5 no_ratio\"><figure class=\"wpmf-gallery-item\" data-index=\"0\"><div class=\"wpmf-gallery-icon\"><div class=\"square_thumbnail\"><div class=\"img_centered\"><a class=\" not_video noLightbox\" data-lightbox=\"1\" data-href=\"https:\/\/www.dspprerov.cz\/wp-content\/uploads\/2022\/07\/rct-46x160-a-3-scaled.jpg\" title=\"rct-46x160-a-3\" target=\"_self\" data-index=\"0\"><img decoding=\"async\" class=\"wpmf_img\" alt=\"rct-46x160-a-3\" src=\"https:\/\/www.dspprerov.cz\/wp-content\/uploads\/2022\/07\/rct-46x160-a-3-scaled.jpg\" data-type=\"wpmfgalleryimg\" data-lazy-src=\"https:\/\/www.dspprerov.cz\/wp-content\/uploads\/2022\/07\/rct-46x160-a-3-scaled.jpg\"><\/a><\/div><\/div><\/div><\/figure><figure class=\"wpmf-gallery-item\" data-index=\"1\"><div class=\"wpmf-gallery-icon\"><div class=\"square_thumbnail\"><div class=\"img_centered\"><a class=\" not_video noLightbox\" data-lightbox=\"1\" data-href=\"https:\/\/www.dspprerov.cz\/wp-content\/uploads\/2022\/07\/rct6-1.jpg\" title=\"rct6\" target=\"_self\" data-index=\"1\"><img decoding=\"async\" class=\"wpmf_img\" alt=\"rct6\" src=\"https:\/\/www.dspprerov.cz\/wp-content\/uploads\/2022\/07\/rct6-1-300x217.jpg\" data-type=\"wpmfgalleryimg\" data-lazy-src=\"https:\/\/www.dspprerov.cz\/wp-content\/uploads\/2022\/07\/rct6-1-300x217.jpg\"><\/a><\/div><\/div><\/div><\/figure><\/div><\/div>\t\t<\/div>\n\t\t\t\t\t\t<\/div>\n\t\t\t\t<\/div>\n\t\t\t\t\t<\/div>\n\t\t<\/div>\n\t\t\t\t\t<\/div>\n\t\t<\/section>\n\t\t\t\t<section class=\"elementor-section elementor-top-section elementor-element elementor-element-cfeaec2 elementor-section-boxed elementor-section-height-default elementor-section-height-default\" data-id=\"cfeaec2\" data-element_type=\"section\" data-e-type=\"section\">\n\t\t\t\t\t\t<div class=\"elementor-container elementor-column-gap-default\">\n\t\t\t\t\t<div class=\"elementor-column elementor-col-100 elementor-top-column elementor-element elementor-element-1392df3\" data-id=\"1392df3\" data-element_type=\"column\" data-e-type=\"column\">\n\t\t\t<div class=\"elementor-widget-wrap elementor-element-populated\">\n\t\t\t\t\t\t<div class=\"elementor-element elementor-element-cf80113 elementor-widget elementor-widget-text-editor\" data-id=\"cf80113\" data-element_type=\"widget\" data-e-type=\"widget\" data-widget_type=\"text-editor.default\">\n\t\t\t\t<div class=\"elementor-widget-container\">\n\t\t\t\t\t\t\t\t\t<h5><b>Parameter des RCT-Brechers<\/b><br><\/h5>\n<p>Die Parameter sind individuell in Zusammenhang mit konkreten Bedingungen zu l\u00f6sen.<\/p>\n<table style=\"width: 58.9627%; height: 199px;\">\n<tbody>\n<tr style=\"height: 100px;\">\n<td style=\"height: 100px; width: 15.4762%;\" width=\"85\">\n<p><b>Typenbezeichnung<\/b><br><\/p>\n<\/td>\n<td style=\"width: 15.4762%; height: 100px;\">\n<p><b>Leistung<\/b><br><\/p>\n<\/td>\n<td style=\"height: 100px; width: 36.5079%;\" width=\"86\">\n<p><b>Zugef\u00fchrte Leistung<\/b><br><\/p>\n<\/td>\n<\/tr>\n<tr style=\"height: 52px;\">\n<td style=\"height: 52px; width: 15.4762%;\" width=\"85\">\n<p>&#8211;<\/p>\n<\/td>\n<td style=\"width: 15.4762%; height: 52px;\">t\/h<\/td>\n<td style=\"height: 52px; width: 36.5079%;\" width=\"86\">\n<p>kW<\/p>\n<\/td>\n<\/tr>\n<tr style=\"height: 76px;\">\n<td style=\"height: 47px; width: 15.4762%;\" width=\"85\">\n<p><b>RCT 46&#215;160 A<br><\/b><\/p>\n<\/td>\n<td style=\"width: 15.4762%; height: 47px;\">10-50<\/td>\n<td style=\"height: 47px; width: 36.5079%;\" width=\"86\">30<\/td>\n<\/tr>\n<\/tbody>\n<\/table>\t\t\t\t\t\t\t\t<\/div>\n\t\t\t\t<\/div>\n\t\t\t\t\t<\/div>\n\t\t<\/div>\n\t\t\t\t\t<\/div>\n\t\t<\/section>\n\t\t\t\t<\/div>\n\t\t","protected":false},"excerpt":{"rendered":"<p>RCT-Walzenbrecher Die RCT-Walzenbrecher sind f\u00fcr die Zerkleinerung von Asche aus den Kraftwerkkesseln und von anderen Materialien mit \u00e4hnlichen Eigenschaften bestimmt. RCT-Brecher &gt;&gt; viele Vorteile: hohes technisches Niveau, gerichtet auf die Einfachheit bei der Bedienung und Instandhaltung, Minimalisierung der Staubanteile im gebrochenen Produkt, hohe Stufe des Zerkleinerungsgrades, hohe Qualit\u00e4t = hohe Betriebswirtschaftlichkeit. \u00a0 Konstruktionsausf\u00fchrung &gt;&gt; einfache [&hellip;]<\/p>\n","protected":false},"author":3,"featured_media":0,"parent":0,"menu_order":0,"comment_status":"closed","ping_status":"closed","template":"","meta":{"_acf_changed":false,"footnotes":""},"class_list":["post-3027","page","type-page","status-publish","hentry"],"acf":[],"_links":{"self":[{"href":"https:\/\/www.dspprerov.cz\/de\/wp-json\/wp\/v2\/pages\/3027","targetHints":{"allow":["GET"]}}],"collection":[{"href":"https:\/\/www.dspprerov.cz\/de\/wp-json\/wp\/v2\/pages"}],"about":[{"href":"https:\/\/www.dspprerov.cz\/de\/wp-json\/wp\/v2\/types\/page"}],"author":[{"embeddable":true,"href":"https:\/\/www.dspprerov.cz\/de\/wp-json\/wp\/v2\/users\/3"}],"replies":[{"embeddable":true,"href":"https:\/\/www.dspprerov.cz\/de\/wp-json\/wp\/v2\/comments?post=3027"}],"version-history":[{"count":5,"href":"https:\/\/www.dspprerov.cz\/de\/wp-json\/wp\/v2\/pages\/3027\/revisions"}],"predecessor-version":[{"id":3033,"href":"https:\/\/www.dspprerov.cz\/de\/wp-json\/wp\/v2\/pages\/3027\/revisions\/3033"}],"wp:attachment":[{"href":"https:\/\/www.dspprerov.cz\/de\/wp-json\/wp\/v2\/media?parent=3027"}],"curies":[{"name":"wp","href":"https:\/\/api.w.org\/{rel}","templated":true}]}}