{"id":2904,"date":"2022-08-04T14:53:52","date_gmt":"2022-08-04T12:53:52","guid":{"rendered":"https:\/\/vx3785300.server2.imperialmedia.cz\/?page_id=2904"},"modified":"2022-08-04T15:00:22","modified_gmt":"2022-08-04T13:00:22","slug":"hic-prallbrecher","status":"publish","type":"page","link":"https:\/\/www.dspprerov.cz\/de\/hic-prallbrecher\/","title":{"rendered":"HIC-Prallbrecher"},"content":{"rendered":"\t\t<div data-elementor-type=\"wp-page\" data-elementor-id=\"2904\" class=\"elementor elementor-2904 elementor-928\" data-elementor-post-type=\"page\">\n\t\t\t\t\t\t<section class=\"elementor-section elementor-top-section elementor-element elementor-element-b6b8908 elementor-section-content-middle elementor-section-boxed elementor-section-height-default elementor-section-height-default\" data-id=\"b6b8908\" data-element_type=\"section\" data-e-type=\"section\" data-settings=\"{&quot;background_background&quot;:&quot;classic&quot;}\">\n\t\t\t\t\t\t\t<div class=\"elementor-background-overlay\"><\/div>\n\t\t\t\t\t\t\t<div class=\"elementor-container elementor-column-gap-no\">\n\t\t\t\t\t<div class=\"elementor-column elementor-col-100 elementor-top-column elementor-element elementor-element-1deea2fe\" data-id=\"1deea2fe\" data-element_type=\"column\" data-e-type=\"column\">\n\t\t\t<div class=\"elementor-widget-wrap elementor-element-populated\">\n\t\t\t\t\t\t<div class=\"elementor-element elementor-element-301dc7b3 elementor-widget elementor-widget-heading\" data-id=\"301dc7b3\" data-element_type=\"widget\" data-e-type=\"widget\" data-widget_type=\"heading.default\">\n\t\t\t\t<div class=\"elementor-widget-container\">\n\t\t\t\t\t<h4 class=\"elementor-heading-title elementor-size-default\">HIC-Prallbrecher<\/h4>\t\t\t\t<\/div>\n\t\t\t\t<\/div>\n\t\t\t\t\t<\/div>\n\t\t<\/div>\n\t\t\t\t\t<\/div>\n\t\t<\/section>\n\t\t\t\t<section class=\"elementor-section elementor-top-section elementor-element elementor-element-15f697f elementor-section-boxed elementor-section-height-default elementor-section-height-default\" data-id=\"15f697f\" data-element_type=\"section\" data-e-type=\"section\">\n\t\t\t\t\t\t<div class=\"elementor-container elementor-column-gap-default\">\n\t\t\t\t\t<div class=\"elementor-column elementor-col-50 elementor-top-column elementor-element elementor-element-cb280fc\" data-id=\"cb280fc\" data-element_type=\"column\" data-e-type=\"column\">\n\t\t\t<div class=\"elementor-widget-wrap elementor-element-populated\">\n\t\t\t\t\t\t<div class=\"elementor-element elementor-element-05455fd elementor-widget elementor-widget-text-editor\" data-id=\"05455fd\" data-element_type=\"widget\" data-e-type=\"widget\" data-widget_type=\"text-editor.default\">\n\t\t\t\t<div class=\"elementor-widget-container\">\n\t\t\t\t\t\t\t\t\t<p>Die HIC-Prallbrecher sind konstruktionsm\u00e4\u00dfig f\u00fcr ein breites Spektrum der Anwendung gel\u00f6st. Sie k\u00f6nnen sowohl f\u00fcr Brechen von gewonnenen Matrialien im Bruch (Kalkstein, Dolomit, Sandstein, Schotter usw.) als auch f\u00fcr die Verarbeitung von Bauabfall f\u00fcr Recycling (Beton, Ziegelsteinsutt, bitumin\u00f6se Oberfl\u00e4chen bei Renovierung von Stra\u00dfen) eingesetzt werden.<\/p>\t\t\t\t\t\t\t\t<\/div>\n\t\t\t\t<\/div>\n\t\t\t\t<div class=\"elementor-element elementor-element-d04ef9c elementor-widget elementor-widget-text-editor\" data-id=\"d04ef9c\" data-element_type=\"widget\" data-e-type=\"widget\" data-widget_type=\"text-editor.default\">\n\t\t\t\t<div class=\"elementor-widget-container\">\n\t\t\t\t\t\t\t\t\t<h4>HIC-Brecher &gt;&gt; viele Vorteile:<\/h4><ul><li>hohes technisches Niveau f\u00fcr Erh\u00f6hung der Effektivit\u00e4t des Betriebes,<\/li><li>hoher Zerkleinerungsgrad, sehr guter Formwert des Produktes,<\/li><li>Feinheit der Zerkleinerung kann bei der Montage des Endbrechensweges unterst\u00fctzt werden,<\/li><li>variable Konstruktionsl\u00f6sung des Schrankes f\u00fcr den Einsatz der HIC-Brecher in station\u00e4re Linien oder mobile Einrichtungen,<\/li><li>geschlossener Rotork\u00f6rper, feste Bindung der Brecherleisten im Rotor,<\/li><li>kompakte L\u00f6sung der federnden Einheiten und Einstellung des Schlitzes der Abprallplatten und der Endbrechensplatte,<\/li><li>hydraulisches \u00d6ffnen des Brecherschrankes vereinfacht den Zugang f\u00fcr die Instandhaltung,<\/li><li><b>hohe Qualit\u00e4t = hohe Sparsamkeit des Betriebes.<\/b><\/li><\/ul><div><b>\u00a0<\/b><\/div><div><b>\u00a0<\/b><\/div><div><h4 style=\"font-family: Roboto, sans-serif;\">Variabilit\u00e4t der Konstruktion &gt;&gt; viele M\u00f6glichkeiten des Einsatzes der HIC-Brecher<\/h4><div>Die Variabilit\u00e4t der Ausf\u00fchrung der HIC-Brecher gibt uns viele M\u00f6glichkeiten f\u00fcr deren Betriebseinsatz. Durch die \u00c4nderung der Einordnung des Einsch\u00fcttschrankes k\u00f6nnen sie einfach an station\u00e4ren oder mobilen Einsatz angepasst werden. Die Gestaltung f\u00fcr den mobilen Einsatz entspricht den Anforderungen f\u00fcr minimale H\u00f6he des Aufgebers und f\u00fcr den Schutz gegen Abspringen des Materials aus dem inneren Raum des Brechers.<\/div><div>\u00a0<\/div><div>Die alternative Ausstattung des HIC-Brechers mit der Endbrechenspiste erh\u00f6ht die Brechwirkung und somit die Feinheit des gebrochenen Materials. Der Brecher mit der Endbrechensplatte ist mit der Bezeichnung <b>GB<\/b> im Namen des Brechers markiert.<\/div><div>\u00a0<\/div><div>Die HIC-Brecher k\u00f6nnen f\u00fcr Brechen von Materialien mit einer h\u00f6heren Abrasivit\u00e4t angepasst werden. Der HIC-Brecher f\u00fcr Brechen von abrasivem Material ist mit der Bezeichnung <b>A<\/b> im Namen des Brechers markiert.<\/div><div>\u00a0<\/div><div><b>Brecher mit gemacht wird:<\/b><\/div><div><b>HIC<\/b> &#8211; Zerkleinern geringe abrasive Materialien<\/div><div>HIC <b>A<\/b>\u00a0 &#8211; Zerkleinerungs Materialien mit h\u00f6herer Abrieb<\/div><div>HIC <b>GB<\/b> &#8211; Geringe abrasive Materialien mit einem h\u00f6heren Grad an Zerkleinerung<\/div><div>HIC <b>FGB<\/b> &#8211; Geringe abrasive Materialien mit einem maximalen Grad der Zerkleinerung<\/div><div>\u00a0<\/div><div><div>\u00a0<\/div><\/div><\/div>\t\t\t\t\t\t\t\t<\/div>\n\t\t\t\t<\/div>\n\t\t\t\t\t<\/div>\n\t\t<\/div>\n\t\t\t\t<div class=\"elementor-column elementor-col-50 elementor-top-column elementor-element elementor-element-71b6915\" data-id=\"71b6915\" data-element_type=\"column\" data-e-type=\"column\">\n\t\t\t<div class=\"elementor-widget-wrap elementor-element-populated\">\n\t\t\t\t\t\t<div class=\"elementor-element elementor-element-38a8613 elementor-widget elementor-widget-image\" data-id=\"38a8613\" data-element_type=\"widget\" data-e-type=\"widget\" data-widget_type=\"image.default\">\n\t\t\t\t<div class=\"elementor-widget-container\">\n\t\t\t\t\t\t\t\t\t\t\t\t\t\t\t<img fetchpriority=\"high\" decoding=\"async\" width=\"800\" height=\"600\" src=\"https:\/\/www.dspprerov.cz\/wp-content\/uploads\/2022\/07\/niznyj-novgorod-img-5416-1024x768.jpg\" class=\"attachment-large size-large wp-image-1399\" alt=\"\" srcset=\"https:\/\/www.dspprerov.cz\/wp-content\/uploads\/2022\/07\/niznyj-novgorod-img-5416-1024x768.jpg 1024w, https:\/\/www.dspprerov.cz\/wp-content\/uploads\/2022\/07\/niznyj-novgorod-img-5416-300x225.jpg 300w, https:\/\/www.dspprerov.cz\/wp-content\/uploads\/2022\/07\/niznyj-novgorod-img-5416-768x576.jpg 768w, https:\/\/www.dspprerov.cz\/wp-content\/uploads\/2022\/07\/niznyj-novgorod-img-5416-1536x1152.jpg 1536w, https:\/\/www.dspprerov.cz\/wp-content\/uploads\/2022\/07\/niznyj-novgorod-img-5416-2048x1536.jpg 2048w\" sizes=\"(max-width: 800px) 100vw, 800px\" \/>\t\t\t\t\t\t\t\t\t\t\t\t\t\t\t<\/div>\n\t\t\t\t<\/div>\n\t\t\t\t<div class=\"elementor-element elementor-element-226a917 elementor-widget elementor-widget-image\" data-id=\"226a917\" data-element_type=\"widget\" data-e-type=\"widget\" data-widget_type=\"image.default\">\n\t\t\t\t<div class=\"elementor-widget-container\">\n\t\t\t\t\t\t\t\t\t\t\t\t\t\t\t<img decoding=\"async\" width=\"800\" height=\"576\" src=\"https:\/\/www.dspprerov.cz\/wp-content\/uploads\/2022\/07\/odrazovy-drtic-hic-100x100-2-1024x737.png\" class=\"attachment-large size-large wp-image-1394\" alt=\"\" srcset=\"https:\/\/www.dspprerov.cz\/wp-content\/uploads\/2022\/07\/odrazovy-drtic-hic-100x100-2-1024x737.png 1024w, https:\/\/www.dspprerov.cz\/wp-content\/uploads\/2022\/07\/odrazovy-drtic-hic-100x100-2-300x216.png 300w, https:\/\/www.dspprerov.cz\/wp-content\/uploads\/2022\/07\/odrazovy-drtic-hic-100x100-2-768x553.png 768w, https:\/\/www.dspprerov.cz\/wp-content\/uploads\/2022\/07\/odrazovy-drtic-hic-100x100-2-1536x1106.png 1536w, https:\/\/www.dspprerov.cz\/wp-content\/uploads\/2022\/07\/odrazovy-drtic-hic-100x100-2.png 2000w\" sizes=\"(max-width: 800px) 100vw, 800px\" \/>\t\t\t\t\t\t\t\t\t\t\t\t\t\t\t<\/div>\n\t\t\t\t<\/div>\n\t\t\t\t\t<\/div>\n\t\t<\/div>\n\t\t\t\t\t<\/div>\n\t\t<\/section>\n\t\t\t\t<section class=\"elementor-section elementor-top-section elementor-element elementor-element-bd38e5e elementor-section-boxed elementor-section-height-default elementor-section-height-default\" data-id=\"bd38e5e\" data-element_type=\"section\" data-e-type=\"section\">\n\t\t\t\t\t\t<div class=\"elementor-container elementor-column-gap-default\">\n\t\t\t\t\t<div class=\"elementor-column elementor-col-100 elementor-top-column elementor-element elementor-element-0eb3787\" data-id=\"0eb3787\" data-element_type=\"column\" data-e-type=\"column\">\n\t\t\t<div class=\"elementor-widget-wrap elementor-element-populated\">\n\t\t\t\t\t\t<div class=\"elementor-element elementor-element-554901a elementor-widget elementor-widget-image-gallery\" data-id=\"554901a\" data-element_type=\"widget\" data-e-type=\"widget\" data-widget_type=\"image-gallery.default\">\n\t\t\t\t<div class=\"elementor-widget-container\">\n\t\t\t\t\t\t\t<div class=\"elementor-image-gallery\">\n\t\t\t<div class=\"wpmf-gallerys wpmf-gallerys-life \" ><div id=\"gallery-1\" class=\"gallery gallery_life wpmf_gallery_default gallery_default  gallery-columns-5 gallery-size-medium gallery-link-file wpmf-has-border-radius-0 wpmf-gutterwidth-5 no_ratio\"><figure class=\"wpmf-gallery-item\" data-index=\"0\"><div class=\"wpmf-gallery-icon\"><div class=\"square_thumbnail\"><div class=\"img_centered\"><a class=\" not_video noLightbox\" data-lightbox=\"1\" data-href=\"https:\/\/www.dspprerov.cz\/wp-content\/uploads\/2022\/07\/hic5.jpg\" title=\"hic5\" target=\"_self\" data-index=\"0\"><img decoding=\"async\" class=\"wpmf_img\" alt=\"hic5\" src=\"https:\/\/www.dspprerov.cz\/wp-content\/uploads\/2022\/07\/hic5-300x225.jpg\" data-type=\"wpmfgalleryimg\" data-lazy-src=\"https:\/\/www.dspprerov.cz\/wp-content\/uploads\/2022\/07\/hic5-300x225.jpg\"><\/a><\/div><\/div><\/div><\/figure><figure class=\"wpmf-gallery-item\" data-index=\"1\"><div class=\"wpmf-gallery-icon\"><div class=\"square_thumbnail\"><div class=\"img_centered\"><a class=\" not_video noLightbox\" data-lightbox=\"1\" data-href=\"https:\/\/www.dspprerov.cz\/wp-content\/uploads\/2022\/07\/hic4.jpg\" title=\"hic4\" target=\"_self\" data-index=\"1\"><img decoding=\"async\" class=\"wpmf_img\" alt=\"hic4\" src=\"https:\/\/www.dspprerov.cz\/wp-content\/uploads\/2022\/07\/hic4-300x227.jpg\" data-type=\"wpmfgalleryimg\" data-lazy-src=\"https:\/\/www.dspprerov.cz\/wp-content\/uploads\/2022\/07\/hic4-300x227.jpg\"><\/a><\/div><\/div><\/div><\/figure><figure class=\"wpmf-gallery-item\" data-index=\"2\"><div class=\"wpmf-gallery-icon\"><div class=\"square_thumbnail\"><div class=\"img_centered\"><a class=\" not_video noLightbox\" data-lightbox=\"1\" data-href=\"https:\/\/www.dspprerov.cz\/wp-content\/uploads\/2022\/07\/hic7.jpg\" title=\"hic7\" target=\"_self\" data-index=\"2\"><img decoding=\"async\" class=\"wpmf_img\" alt=\"hic7\" src=\"https:\/\/www.dspprerov.cz\/wp-content\/uploads\/2022\/07\/hic7-300x224.jpg\" data-type=\"wpmfgalleryimg\" data-lazy-src=\"https:\/\/www.dspprerov.cz\/wp-content\/uploads\/2022\/07\/hic7-300x224.jpg\"><\/a><\/div><\/div><\/div><\/figure><figure class=\"wpmf-gallery-item\" data-index=\"3\"><div class=\"wpmf-gallery-icon\"><div class=\"square_thumbnail\"><div class=\"img_centered\"><a class=\" not_video noLightbox\" data-lightbox=\"1\" data-href=\"https:\/\/www.dspprerov.cz\/wp-content\/uploads\/2022\/07\/hic6.jpg\" title=\"hic6\" target=\"_self\" data-index=\"3\"><img decoding=\"async\" class=\"wpmf_img\" alt=\"hic6\" src=\"https:\/\/www.dspprerov.cz\/wp-content\/uploads\/2022\/07\/hic6-300x224.jpg\" data-type=\"wpmfgalleryimg\" data-lazy-src=\"https:\/\/www.dspprerov.cz\/wp-content\/uploads\/2022\/07\/hic6-300x224.jpg\"><\/a><\/div><\/div><\/div><\/figure><figure class=\"wpmf-gallery-item\" data-index=\"4\"><div class=\"wpmf-gallery-icon\"><div class=\"square_thumbnail\"><div class=\"img_centered\"><a class=\" not_video noLightbox\" data-lightbox=\"1\" data-href=\"https:\/\/www.dspprerov.cz\/wp-content\/uploads\/2022\/07\/hic3.jpg\" title=\"hic3\" target=\"_self\" data-index=\"4\"><img decoding=\"async\" class=\"wpmf_img\" alt=\"hic3\" src=\"https:\/\/www.dspprerov.cz\/wp-content\/uploads\/2022\/07\/hic3-300x225.jpg\" data-type=\"wpmfgalleryimg\" data-lazy-src=\"https:\/\/www.dspprerov.cz\/wp-content\/uploads\/2022\/07\/hic3-300x225.jpg\"><\/a><\/div><\/div><\/div><\/figure><figure class=\"wpmf-gallery-item\" data-index=\"5\"><div class=\"wpmf-gallery-icon\"><div class=\"square_thumbnail\"><div class=\"img_centered\"><a class=\" not_video noLightbox\" data-lightbox=\"1\" data-href=\"https:\/\/www.dspprerov.cz\/wp-content\/uploads\/2022\/07\/hic2.jpg\" title=\"hic2\" target=\"_self\" data-index=\"5\"><img decoding=\"async\" class=\"wpmf_img\" alt=\"hic2\" src=\"https:\/\/www.dspprerov.cz\/wp-content\/uploads\/2022\/07\/hic2-300x224.jpg\" data-type=\"wpmfgalleryimg\" data-lazy-src=\"https:\/\/www.dspprerov.cz\/wp-content\/uploads\/2022\/07\/hic2-300x224.jpg\"><\/a><\/div><\/div><\/div><\/figure><figure class=\"wpmf-gallery-item\" data-index=\"6\"><div class=\"wpmf-gallery-icon\"><div class=\"square_thumbnail\"><div class=\"img_centered\"><a class=\" not_video noLightbox\" data-lightbox=\"1\" data-href=\"https:\/\/www.dspprerov.cz\/wp-content\/uploads\/2022\/07\/hic9.jpg\" title=\"hic9\" target=\"_self\" data-index=\"6\"><img decoding=\"async\" class=\"wpmf_img\" alt=\"hic9\" src=\"https:\/\/www.dspprerov.cz\/wp-content\/uploads\/2022\/07\/hic9-300x224.jpg\" data-type=\"wpmfgalleryimg\" data-lazy-src=\"https:\/\/www.dspprerov.cz\/wp-content\/uploads\/2022\/07\/hic9-300x224.jpg\"><\/a><\/div><\/div><\/div><\/figure><figure class=\"wpmf-gallery-item\" data-index=\"7\"><div class=\"wpmf-gallery-icon\"><div class=\"square_thumbnail\"><div class=\"img_centered\"><a class=\" not_video noLightbox\" data-lightbox=\"1\" data-href=\"https:\/\/www.dspprerov.cz\/wp-content\/uploads\/2022\/07\/hic8.jpg\" title=\"hic8\" target=\"_self\" data-index=\"7\"><img decoding=\"async\" class=\"wpmf_img\" alt=\"hic8\" src=\"https:\/\/www.dspprerov.cz\/wp-content\/uploads\/2022\/07\/hic8-300x224.jpg\" data-type=\"wpmfgalleryimg\" data-lazy-src=\"https:\/\/www.dspprerov.cz\/wp-content\/uploads\/2022\/07\/hic8-300x224.jpg\"><\/a><\/div><\/div><\/div><\/figure><figure class=\"wpmf-gallery-item\" data-index=\"8\"><div class=\"wpmf-gallery-icon\"><div class=\"square_thumbnail\"><div class=\"img_centered\"><a class=\" not_video noLightbox\" data-lightbox=\"1\" data-href=\"https:\/\/www.dspprerov.cz\/wp-content\/uploads\/2022\/07\/hic10.jpg\" title=\"hic10\" target=\"_self\" data-index=\"8\"><img decoding=\"async\" class=\"wpmf_img\" alt=\"hic10\" src=\"https:\/\/www.dspprerov.cz\/wp-content\/uploads\/2022\/07\/hic10-300x227.jpg\" data-type=\"wpmfgalleryimg\" data-lazy-src=\"https:\/\/www.dspprerov.cz\/wp-content\/uploads\/2022\/07\/hic10-300x227.jpg\"><\/a><\/div><\/div><\/div><\/figure><\/div><\/div>\t\t<\/div>\n\t\t\t\t\t\t<\/div>\n\t\t\t\t<\/div>\n\t\t\t\t\t<\/div>\n\t\t<\/div>\n\t\t\t\t\t<\/div>\n\t\t<\/section>\n\t\t\t\t<section class=\"elementor-section elementor-top-section elementor-element elementor-element-cfeaec2 elementor-section-boxed elementor-section-height-default elementor-section-height-default\" data-id=\"cfeaec2\" data-element_type=\"section\" data-e-type=\"section\">\n\t\t\t\t\t\t<div class=\"elementor-container elementor-column-gap-default\">\n\t\t\t\t\t<div class=\"elementor-column elementor-col-100 elementor-top-column elementor-element elementor-element-1392df3\" data-id=\"1392df3\" data-element_type=\"column\" data-e-type=\"column\">\n\t\t\t<div class=\"elementor-widget-wrap elementor-element-populated\">\n\t\t\t\t\t\t<div class=\"elementor-element elementor-element-cf80113 elementor-widget elementor-widget-text-editor\" data-id=\"cf80113\" data-element_type=\"widget\" data-e-type=\"widget\" data-widget_type=\"text-editor.default\">\n\t\t\t\t<div class=\"elementor-widget-container\">\n\t\t\t\t\t\t\t\t\t<h5><b>Parameter der HIC-Brecher<\/b><br><\/h5>\n<p>Die Parameter sind individuell in Zusammenhang mit konkreten Bedingungen zu l\u00f6sen.<\/p>\n<table style=\"width: 80.9446%; height: 501px;\">\n<tbody>\n<tr style=\"height: 100px;\">\n<td style=\"height: 100px;\" width=\"85\">\n<p><b>Typbezeichnung<\/b><br><\/p>\n<\/td>\n<td style=\"height: 100px;\" width=\"86\">\n<p><b>Leistung<\/b><br><\/p>\n<\/td>\n<td style=\"height: 100px;\" width=\"84\">\n<p><b>Zugef\u00fchrte Leistung<\/b><br><\/p>\n<\/td>\n<td style=\"height: 100px;\" width=\"99\">\n<p><b>Maximales Eingangsst\u00fcck<\/b><br><\/p>\n<\/td>\n<td style=\"height: 100px;\" width=\"86\">\n<p><strong>Gewicht ohne Antrieb<\/strong><\/p>\n<\/td>\n<\/tr>\n<tr style=\"height: 52px;\">\n<td style=\"height: 52px;\" width=\"85\">\n<p>&#8211;<\/p>\n<\/td>\n<td style=\"height: 52px;\" width=\"86\">\n<p>t\/h<\/p>\n<\/td>\n<td style=\"height: 52px;\" width=\"84\">\n<p>kW<\/p>\n<\/td>\n<td style=\"height: 52px;\" width=\"99\">\n<p>mm<\/p>\n<\/td>\n<td style=\"height: 52px;\" width=\"86\">\n<p>kg<\/p>\n<\/td>\n<\/tr>\n<tr style=\"height: 76px;\">\n<td style=\"height: 76px;\" width=\"85\">\n<p><b>HIC 85&#215;50<\/b><\/p>\n<\/td>\n<td style=\"height: 76px;\" width=\"86\">\n<p>40-80<\/p>\n<\/td>\n<td style=\"height: 76px;\" width=\"84\">\n<p>55-75<\/p>\n<\/td>\n<td style=\"height: 76px;\" width=\"99\">\n<p>300<\/p>\n<\/td>\n<td style=\"height: 76px;\" width=\"86\">\n<p>4000-4300<\/p>\n<\/td>\n<\/tr>\n<tr style=\"height: 76px;\">\n<td style=\"height: 76px;\" width=\"85\">\n<p><b>HIC 85&#215;100<\/b><\/p>\n<\/td>\n<td style=\"height: 76px;\" width=\"86\">70-130<\/td>\n<td style=\"height: 76px;\" width=\"84\">\n<p>90-110<\/p>\n<\/td>\n<td style=\"height: 76px;\" width=\"99\">\n<p>300<\/p>\n<\/td>\n<td style=\"height: 76px;\" width=\"86\">\n<p>5900-6200<\/p>\n<\/td>\n<\/tr>\n<tr style=\"height: 76px;\">\n<td style=\"height: 76px;\" width=\"85\">\n<p><b>HIC 100&#215;100<\/b><\/p>\n<\/td>\n<td style=\"height: 76px;\" width=\"86\">\n<p>100-190<\/p>\n<\/td>\n<td style=\"height: 76px;\" width=\"84\">\n<p>130-160<\/p>\n<\/td>\n<td style=\"height: 76px;\" width=\"99\">\n<p>600<\/p>\n<\/td>\n<td style=\"height: 76px;\" width=\"86\">\n<p>9400-10400<\/p>\n<\/td>\n<\/tr>\n<tr style=\"height: 76px;\">\n<td style=\"height: 76px;\" width=\"85\">\n<p><b>HIC 125&#215;130<\/b><\/p>\n<\/td>\n<td style=\"height: 76px;\" width=\"86\">\n<p>150-280<\/p>\n<\/td>\n<td style=\"height: 76px;\" width=\"84\">\n<p>200-250<\/p>\n<\/td>\n<td style=\"height: 76px;\" width=\"99\">\n<p>750<\/p>\n<\/td>\n<td style=\"height: 76px;\" width=\"86\">\n<p>13900-15600<\/p>\n<\/td>\n<\/tr>\n<tr style=\"height: 76px;\">\n<td style=\"height: 45px;\" width=\"85\"><b>HIC 150&#215;150<span style=\"font-size: 12.96px;\">&nbsp;<\/span><\/b><\/td>\n<td style=\"height: 45px;\" width=\"86\">270-500<\/td>\n<td style=\"height: 45px;\" width=\"84\">315-550<\/td>\n<td style=\"height: 45px;\" width=\"99\">1000<\/td>\n<td style=\"height: 45px;\" width=\"86\">23900-26000<\/td>\n<\/tr>\n<\/tbody>\n<\/table>\t\t\t\t\t\t\t\t<\/div>\n\t\t\t\t<\/div>\n\t\t\t\t\t<\/div>\n\t\t<\/div>\n\t\t\t\t\t<\/div>\n\t\t<\/section>\n\t\t\t\t<\/div>\n\t\t","protected":false},"excerpt":{"rendered":"<p>HIC-Prallbrecher Die HIC-Prallbrecher sind konstruktionsm\u00e4\u00dfig f\u00fcr ein breites Spektrum der Anwendung gel\u00f6st. Sie k\u00f6nnen sowohl f\u00fcr Brechen von gewonnenen Matrialien im Bruch (Kalkstein, Dolomit, Sandstein, Schotter usw.) als auch f\u00fcr die Verarbeitung von Bauabfall f\u00fcr Recycling (Beton, Ziegelsteinsutt, bitumin\u00f6se Oberfl\u00e4chen bei Renovierung von Stra\u00dfen) eingesetzt werden. HIC-Brecher &gt;&gt; viele Vorteile: hohes technisches Niveau f\u00fcr Erh\u00f6hung [&hellip;]<\/p>\n","protected":false},"author":3,"featured_media":0,"parent":0,"menu_order":0,"comment_status":"closed","ping_status":"closed","template":"","meta":{"_acf_changed":false,"footnotes":""},"class_list":["post-2904","page","type-page","status-publish","hentry"],"acf":[],"_links":{"self":[{"href":"https:\/\/www.dspprerov.cz\/de\/wp-json\/wp\/v2\/pages\/2904","targetHints":{"allow":["GET"]}}],"collection":[{"href":"https:\/\/www.dspprerov.cz\/de\/wp-json\/wp\/v2\/pages"}],"about":[{"href":"https:\/\/www.dspprerov.cz\/de\/wp-json\/wp\/v2\/types\/page"}],"author":[{"embeddable":true,"href":"https:\/\/www.dspprerov.cz\/de\/wp-json\/wp\/v2\/users\/3"}],"replies":[{"embeddable":true,"href":"https:\/\/www.dspprerov.cz\/de\/wp-json\/wp\/v2\/comments?post=2904"}],"version-history":[{"count":5,"href":"https:\/\/www.dspprerov.cz\/de\/wp-json\/wp\/v2\/pages\/2904\/revisions"}],"predecessor-version":[{"id":2909,"href":"https:\/\/www.dspprerov.cz\/de\/wp-json\/wp\/v2\/pages\/2904\/revisions\/2909"}],"wp:attachment":[{"href":"https:\/\/www.dspprerov.cz\/de\/wp-json\/wp\/v2\/media?parent=2904"}],"curies":[{"name":"wp","href":"https:\/\/api.w.org\/{rel}","templated":true}]}}