{"id":2805,"date":"2022-08-01T12:06:16","date_gmt":"2022-08-01T10:06:16","guid":{"rendered":"https:\/\/vx3785300.server2.imperialmedia.cz\/?page_id=2805"},"modified":"2022-08-01T12:10:07","modified_gmt":"2022-08-01T10:10:07","slug":"dc-backenbrecher","status":"publish","type":"page","link":"https:\/\/www.dspprerov.cz\/de\/dc-backenbrecher\/","title":{"rendered":"DC-Backenbrecher"},"content":{"rendered":"\t\t<div data-elementor-type=\"wp-page\" data-elementor-id=\"2805\" class=\"elementor elementor-2805 elementor-855\" data-elementor-post-type=\"page\">\n\t\t\t\t\t\t<section class=\"elementor-section elementor-top-section elementor-element elementor-element-b6b8908 elementor-section-content-middle elementor-section-boxed elementor-section-height-default elementor-section-height-default\" data-id=\"b6b8908\" data-element_type=\"section\" data-e-type=\"section\" data-settings=\"{&quot;background_background&quot;:&quot;classic&quot;}\">\n\t\t\t\t\t\t\t<div class=\"elementor-background-overlay\"><\/div>\n\t\t\t\t\t\t\t<div class=\"elementor-container elementor-column-gap-no\">\n\t\t\t\t\t<div class=\"elementor-column elementor-col-100 elementor-top-column elementor-element elementor-element-1deea2fe\" data-id=\"1deea2fe\" data-element_type=\"column\" data-e-type=\"column\">\n\t\t\t<div class=\"elementor-widget-wrap elementor-element-populated\">\n\t\t\t\t\t\t<div class=\"elementor-element elementor-element-301dc7b3 elementor-widget elementor-widget-heading\" data-id=\"301dc7b3\" data-element_type=\"widget\" data-e-type=\"widget\" data-widget_type=\"heading.default\">\n\t\t\t\t<div class=\"elementor-widget-container\">\n\t\t\t\t\t<h4 class=\"elementor-heading-title elementor-size-default\">DC-Backenbrecher<\/h4>\t\t\t\t<\/div>\n\t\t\t\t<\/div>\n\t\t\t\t\t<\/div>\n\t\t<\/div>\n\t\t\t\t\t<\/div>\n\t\t<\/section>\n\t\t\t\t<section class=\"elementor-section elementor-top-section elementor-element elementor-element-15f697f elementor-section-boxed elementor-section-height-default elementor-section-height-default\" data-id=\"15f697f\" data-element_type=\"section\" data-e-type=\"section\">\n\t\t\t\t\t\t<div class=\"elementor-container elementor-column-gap-default\">\n\t\t\t\t\t<div class=\"elementor-column elementor-col-50 elementor-top-column elementor-element elementor-element-cb280fc\" data-id=\"cb280fc\" data-element_type=\"column\" data-e-type=\"column\">\n\t\t\t<div class=\"elementor-widget-wrap elementor-element-populated\">\n\t\t\t\t\t\t<div class=\"elementor-element elementor-element-05455fd elementor-widget elementor-widget-text-editor\" data-id=\"05455fd\" data-element_type=\"widget\" data-e-type=\"widget\" data-widget_type=\"text-editor.default\">\n\t\t\t\t<div class=\"elementor-widget-container\">\n\t\t\t\t\t\t\t\t\t<p>Die DC-Backenbrecher erf\u00fcllen die wichtigsten Anforderungen f\u00fcr moderne Backenbrecher \u2013 hohe Leistung und die F\u00e4higkeit die gr\u00f6\u00dften Materialst\u00fccke bei einem niedrigen Gewicht und einer einfachen Maschinenkonstruktion zu verarbeiten.<\/p><p>Deren robuste, aber leichte technische L\u00f6sung mit einem einfachen kinematischen Mechanismus ist auch mit R\u00fccksicht auf die Betriebszuverl\u00e4ssigkeit und Sparsamkeit, einfache Einstellung und Instandhaltung und auf die Integrierbarkeit in semimobile oder mobile Brechereinrichtungen entworfen.<\/p>\t\t\t\t\t\t\t\t<\/div>\n\t\t\t\t<\/div>\n\t\t\t\t<div class=\"elementor-element elementor-element-d04ef9c elementor-widget elementor-widget-text-editor\" data-id=\"d04ef9c\" data-element_type=\"widget\" data-e-type=\"widget\" data-widget_type=\"text-editor.default\">\n\t\t\t\t<div class=\"elementor-widget-container\">\n\t\t\t\t\t\t\t\t\t<h4>DC-Brecher = viele Vorteile:<\/h4><ul><li>sehr niedriges Gewicht, das die Investitionskosten f\u00fcr die Installierung des Brechers senk,<\/li><li>einstrebiger kinematischer Mechanismus, der h\u00f6here Leistung und besseres Einziehen von gr\u00f6\u00dferen Materialst\u00fccken in den Brecherraum erm\u00f6glicht,<\/li><li>einfachere Konstruktionen senken die Betriebs- und Instandhaltungskosten,<\/li><li>technische L\u00f6sung, die die Anspr\u00fcche auf die Bedienung und Instandhaltung bei Sicherstellung hoher Arbeitssicherheit minimiert,<\/li><li>gro\u00dfe Einsatzm\u00f6glichkeiten \u2013 vom Brechen von Bruchsteinen bis zur Verarbeitung von Beton oder Recycling des Mauerwerks,<\/li><li><b>hohe Qualit\u00e4t = hohe Sparsamkeit des Betriebes.<\/b><\/li><\/ul>\t\t\t\t\t\t\t\t<\/div>\n\t\t\t\t<\/div>\n\t\t\t\t\t<\/div>\n\t\t<\/div>\n\t\t\t\t<div class=\"elementor-column elementor-col-50 elementor-top-column elementor-element elementor-element-71b6915\" data-id=\"71b6915\" data-element_type=\"column\" data-e-type=\"column\">\n\t\t\t<div class=\"elementor-widget-wrap elementor-element-populated\">\n\t\t\t\t\t\t<div class=\"elementor-element elementor-element-38a8613 elementor-widget elementor-widget-image\" data-id=\"38a8613\" data-element_type=\"widget\" data-e-type=\"widget\" data-widget_type=\"image.default\">\n\t\t\t\t<div class=\"elementor-widget-container\">\n\t\t\t\t\t\t\t\t\t\t\t\t\t\t\t<img fetchpriority=\"high\" decoding=\"async\" width=\"800\" height=\"451\" src=\"https:\/\/www.dspprerov.cz\/wp-content\/uploads\/2022\/07\/kamenolom-brant-2-1024x577.jpg\" class=\"attachment-large size-large wp-image-1319\" alt=\"\" srcset=\"https:\/\/www.dspprerov.cz\/wp-content\/uploads\/2022\/07\/kamenolom-brant-2-1024x577.jpg 1024w, https:\/\/www.dspprerov.cz\/wp-content\/uploads\/2022\/07\/kamenolom-brant-2-300x169.jpg 300w, https:\/\/www.dspprerov.cz\/wp-content\/uploads\/2022\/07\/kamenolom-brant-2-768x433.jpg 768w, https:\/\/www.dspprerov.cz\/wp-content\/uploads\/2022\/07\/kamenolom-brant-2-1536x865.jpg 1536w, https:\/\/www.dspprerov.cz\/wp-content\/uploads\/2022\/07\/kamenolom-brant-2-2048x1154.jpg 2048w\" sizes=\"(max-width: 800px) 100vw, 800px\" \/>\t\t\t\t\t\t\t\t\t\t\t\t\t\t\t<\/div>\n\t\t\t\t<\/div>\n\t\t\t\t<div class=\"elementor-element elementor-element-226a917 elementor-widget elementor-widget-image\" data-id=\"226a917\" data-element_type=\"widget\" data-e-type=\"widget\" data-widget_type=\"image.default\">\n\t\t\t\t<div class=\"elementor-widget-container\">\n\t\t\t\t\t\t\t\t\t\t\t\t\t\t\t<img decoding=\"async\" width=\"800\" height=\"576\" src=\"https:\/\/www.dspprerov.cz\/wp-content\/uploads\/2022\/07\/dc-75x50hydro-1024x737.png\" class=\"attachment-large size-large wp-image-1404\" alt=\"\" srcset=\"https:\/\/www.dspprerov.cz\/wp-content\/uploads\/2022\/07\/dc-75x50hydro-1024x737.png 1024w, https:\/\/www.dspprerov.cz\/wp-content\/uploads\/2022\/07\/dc-75x50hydro-300x216.png 300w, https:\/\/www.dspprerov.cz\/wp-content\/uploads\/2022\/07\/dc-75x50hydro-768x553.png 768w, https:\/\/www.dspprerov.cz\/wp-content\/uploads\/2022\/07\/dc-75x50hydro.png 1199w\" sizes=\"(max-width: 800px) 100vw, 800px\" \/>\t\t\t\t\t\t\t\t\t\t\t\t\t\t\t<\/div>\n\t\t\t\t<\/div>\n\t\t\t\t\t<\/div>\n\t\t<\/div>\n\t\t\t\t\t<\/div>\n\t\t<\/section>\n\t\t\t\t<section class=\"elementor-section elementor-top-section elementor-element elementor-element-bd38e5e elementor-section-boxed elementor-section-height-default elementor-section-height-default\" data-id=\"bd38e5e\" data-element_type=\"section\" data-e-type=\"section\">\n\t\t\t\t\t\t<div class=\"elementor-container elementor-column-gap-default\">\n\t\t\t\t\t<div class=\"elementor-column elementor-col-100 elementor-top-column elementor-element elementor-element-0eb3787\" data-id=\"0eb3787\" data-element_type=\"column\" data-e-type=\"column\">\n\t\t\t<div class=\"elementor-widget-wrap elementor-element-populated\">\n\t\t\t\t\t\t<div class=\"elementor-element elementor-element-554901a elementor-widget elementor-widget-image-gallery\" data-id=\"554901a\" data-element_type=\"widget\" data-e-type=\"widget\" data-widget_type=\"image-gallery.default\">\n\t\t\t\t<div class=\"elementor-widget-container\">\n\t\t\t\t\t\t\t<div class=\"elementor-image-gallery\">\n\t\t\t<div class=\"wpmf-gallerys wpmf-gallerys-life \" ><div id=\"gallery-1\" class=\"gallery gallery_life wpmf_gallery_default gallery_default  gallery-columns-5 gallery-size-medium gallery-link-file wpmf-has-border-radius-0 wpmf-gutterwidth-5 no_ratio\"><figure class=\"wpmf-gallery-item\" data-index=\"0\"><div class=\"wpmf-gallery-icon\"><div class=\"square_thumbnail\"><div class=\"img_centered\"><a class=\" not_video noLightbox\" data-lightbox=\"1\" data-href=\"https:\/\/www.dspprerov.cz\/wp-content\/uploads\/2022\/07\/dc1.jpg\" title=\"dc1\" target=\"_self\" data-index=\"0\"><img decoding=\"async\" class=\"wpmf_img\" alt=\"dc1\" src=\"https:\/\/www.dspprerov.cz\/wp-content\/uploads\/2022\/07\/dc1-300x215.jpg\" data-type=\"wpmfgalleryimg\" data-lazy-src=\"https:\/\/www.dspprerov.cz\/wp-content\/uploads\/2022\/07\/dc1-300x215.jpg\"><\/a><\/div><\/div><\/div><\/figure><figure class=\"wpmf-gallery-item\" data-index=\"1\"><div class=\"wpmf-gallery-icon\"><div class=\"square_thumbnail\"><div class=\"img_centered\"><a class=\" not_video noLightbox\" data-lightbox=\"1\" data-href=\"https:\/\/www.dspprerov.cz\/wp-content\/uploads\/2022\/07\/dc2.jpg\" title=\"dc2\" target=\"_self\" data-index=\"1\"><img decoding=\"async\" class=\"wpmf_img\" alt=\"dc2\" src=\"https:\/\/www.dspprerov.cz\/wp-content\/uploads\/2022\/07\/dc2-300x225.jpg\" data-type=\"wpmfgalleryimg\" data-lazy-src=\"https:\/\/www.dspprerov.cz\/wp-content\/uploads\/2022\/07\/dc2-300x225.jpg\"><\/a><\/div><\/div><\/div><\/figure><figure class=\"wpmf-gallery-item\" data-index=\"2\"><div class=\"wpmf-gallery-icon\"><div class=\"square_thumbnail\"><div class=\"img_centered\"><a class=\" not_video noLightbox\" data-lightbox=\"1\" data-href=\"https:\/\/www.dspprerov.cz\/wp-content\/uploads\/2022\/07\/dc3.jpg\" title=\"dc3\" target=\"_self\" data-index=\"2\"><img decoding=\"async\" class=\"wpmf_img\" alt=\"dc3\" src=\"https:\/\/www.dspprerov.cz\/wp-content\/uploads\/2022\/07\/dc3-300x225.jpg\" data-type=\"wpmfgalleryimg\" data-lazy-src=\"https:\/\/www.dspprerov.cz\/wp-content\/uploads\/2022\/07\/dc3-300x225.jpg\"><\/a><\/div><\/div><\/div><\/figure><figure class=\"wpmf-gallery-item\" data-index=\"3\"><div class=\"wpmf-gallery-icon\"><div class=\"square_thumbnail\"><div class=\"img_centered\"><a class=\" not_video noLightbox\" data-lightbox=\"1\" data-href=\"https:\/\/www.dspprerov.cz\/wp-content\/uploads\/2022\/07\/dc7-1.jpg\" title=\"dc7\" target=\"_self\" data-index=\"3\"><img decoding=\"async\" class=\"wpmf_img\" alt=\"dc7\" src=\"https:\/\/www.dspprerov.cz\/wp-content\/uploads\/2022\/07\/dc7-1-300x225.jpg\" data-type=\"wpmfgalleryimg\" data-lazy-src=\"https:\/\/www.dspprerov.cz\/wp-content\/uploads\/2022\/07\/dc7-1-300x225.jpg\"><\/a><\/div><\/div><\/div><\/figure><figure class=\"wpmf-gallery-item\" data-index=\"4\"><div class=\"wpmf-gallery-icon\"><div class=\"square_thumbnail\"><div class=\"img_centered\"><a class=\" not_video noLightbox\" data-lightbox=\"1\" data-href=\"https:\/\/www.dspprerov.cz\/wp-content\/uploads\/2022\/07\/dc4.jpg\" title=\"dc4\" target=\"_self\" data-index=\"4\"><img decoding=\"async\" class=\"wpmf_img\" alt=\"dc4\" src=\"https:\/\/www.dspprerov.cz\/wp-content\/uploads\/2022\/07\/dc4-300x225.jpg\" data-type=\"wpmfgalleryimg\" data-lazy-src=\"https:\/\/www.dspprerov.cz\/wp-content\/uploads\/2022\/07\/dc4-300x225.jpg\"><\/a><\/div><\/div><\/div><\/figure><figure class=\"wpmf-gallery-item\" data-index=\"5\"><div class=\"wpmf-gallery-icon\"><div class=\"square_thumbnail\"><div class=\"img_centered\"><a class=\" not_video noLightbox\" data-lightbox=\"1\" data-href=\"https:\/\/www.dspprerov.cz\/wp-content\/uploads\/2022\/07\/dc6.jpg\" title=\"dc6\" target=\"_self\" data-index=\"5\"><img decoding=\"async\" class=\"wpmf_img\" alt=\"dc6\" src=\"https:\/\/www.dspprerov.cz\/wp-content\/uploads\/2022\/07\/dc6-300x225.jpg\" data-type=\"wpmfgalleryimg\" data-lazy-src=\"https:\/\/www.dspprerov.cz\/wp-content\/uploads\/2022\/07\/dc6-300x225.jpg\"><\/a><\/div><\/div><\/div><\/figure><figure class=\"wpmf-gallery-item\" data-index=\"6\"><div class=\"wpmf-gallery-icon\"><div class=\"square_thumbnail\"><div class=\"img_centered\"><a class=\" not_video noLightbox\" data-lightbox=\"1\" data-href=\"https:\/\/www.dspprerov.cz\/wp-content\/uploads\/2022\/07\/dc5-1.jpg\" title=\"dc5\" target=\"_self\" data-index=\"6\"><img decoding=\"async\" class=\"wpmf_img\" alt=\"dc5\" src=\"https:\/\/www.dspprerov.cz\/wp-content\/uploads\/2022\/07\/dc5-1-300x225.jpg\" data-type=\"wpmfgalleryimg\" data-lazy-src=\"https:\/\/www.dspprerov.cz\/wp-content\/uploads\/2022\/07\/dc5-1-300x225.jpg\"><\/a><\/div><\/div><\/div><\/figure><\/div><\/div>\t\t<\/div>\n\t\t\t\t\t\t<\/div>\n\t\t\t\t<\/div>\n\t\t\t\t\t<\/div>\n\t\t<\/div>\n\t\t\t\t\t<\/div>\n\t\t<\/section>\n\t\t\t\t<section class=\"elementor-section elementor-top-section elementor-element elementor-element-cfeaec2 elementor-section-boxed elementor-section-height-default elementor-section-height-default\" data-id=\"cfeaec2\" data-element_type=\"section\" data-e-type=\"section\">\n\t\t\t\t\t\t<div class=\"elementor-container elementor-column-gap-default\">\n\t\t\t\t\t<div class=\"elementor-column elementor-col-100 elementor-top-column elementor-element elementor-element-1392df3\" data-id=\"1392df3\" data-element_type=\"column\" data-e-type=\"column\">\n\t\t\t<div class=\"elementor-widget-wrap elementor-element-populated\">\n\t\t\t\t\t\t<div class=\"elementor-element elementor-element-cf80113 elementor-widget elementor-widget-text-editor\" data-id=\"cf80113\" data-element_type=\"widget\" data-e-type=\"widget\" data-widget_type=\"text-editor.default\">\n\t\t\t\t<div class=\"elementor-widget-container\">\n\t\t\t\t\t\t\t\t\t<h5>Parameter der DC-Brecher<br><\/h5>\n<p>Die Parameter sind individuell in Zusammenhang mit konkreten Bedingungen zu l\u00f6sen.<\/p>\n<table style=\"width: 80.9446%; height: 634px;\">\n<tbody>\n<tr style=\"height: 100px;\">\n<td style=\"height: 82px;\" width=\"85\">\n<p><b>Typbezeichnung<\/b><br><\/p>\n<\/td>\n<td style=\"height: 82px;\" width=\"86\">\n<p><b>Abgabeleistung<\/b><br><\/p>\n<\/td>\n<td style=\"height: 82px;\" width=\"84\">\n<p><b>Zugef\u00fchrte Leistung<\/b><br><\/p>\n<\/td>\n<td style=\"height: 82px;\" width=\"99\">\n<p><b>Eingangsst\u00fcckgr\u00f6\u00dfet<\/b><br><\/p>\n<\/td>\n<td style=\"height: 82px;\" width=\"86\">\n<p><b>Spaltweite verstellbar<\/b><br><\/p>\n<\/td>\n<\/tr>\n<tr style=\"height: 52px;\">\n<td style=\"height: 40px;\" width=\"85\">\n<p>&#8211;<\/p>\n<\/td>\n<td style=\"height: 40px;\" width=\"86\">\n<p>t\/h<\/p>\n<\/td>\n<td style=\"height: 40px;\" width=\"84\">\n<p>kW<\/p>\n<\/td>\n<td style=\"height: 40px;\" width=\"99\">\n<p>mm<\/p>\n<\/td>\n<td style=\"height: 40px;\" width=\"86\">\n<p>mm<\/p>\n<\/td>\n<\/tr>\n<tr style=\"height: 76px;\">\n<td style=\"height: 76px;\" width=\"85\">\n<p><b>DC 75&#215;50<\/b><\/p>\n<\/td>\n<td style=\"height: 76px;\" width=\"86\">\n<p>25-90<\/p>\n<\/td>\n<td style=\"height: 76px;\" width=\"84\">\n<p>45<\/p>\n<\/td>\n<td style=\"height: 76px;\" width=\"99\">\n<p>650x450x450<\/p>\n<\/td>\n<td style=\"height: 76px;\" width=\"86\">\n<p>20-80<\/p>\n<\/td>\n<\/tr>\n<tr style=\"height: 76px;\">\n<td style=\"height: 76px;\" width=\"85\">\n<p><b>DC 85&#215;50<\/b><\/p>\n<\/td>\n<td style=\"height: 76px;\" width=\"86\">\n<p>30-110<\/p>\n<\/td>\n<td style=\"height: 76px;\" width=\"84\">\n<p>55-75<\/p>\n<\/td>\n<td style=\"height: 76px;\" width=\"99\">\n<p>650x450x450<\/p>\n<\/td>\n<td style=\"height: 76px;\" width=\"86\">\n<p>40-100<\/p>\n<\/td>\n<\/tr>\n<tr style=\"height: 76px;\">\n<td style=\"height: 76px;\" width=\"85\">\n<p><b>DC 95&#215;70<\/b><\/p>\n<\/td>\n<td style=\"height: 76px;\" width=\"86\">\n<p>75-300<\/p>\n<\/td>\n<td style=\"height: 76px;\" width=\"84\">\n<p>90-110<\/p>\n<\/td>\n<td style=\"height: 76px;\" width=\"99\">\n<p>750x540x540<\/p>\n<\/td>\n<td style=\"height: 76px;\" width=\"86\">\n<p>50-150<\/p>\n<\/td>\n<\/tr>\n<tr style=\"height: 76px;\">\n<td style=\"height: 76px;\" width=\"85\">\n<p><b>DC 105&#215;80<\/b><\/p>\n<\/td>\n<td style=\"height: 76px;\" width=\"86\">\n<p>120-400<\/p>\n<\/td>\n<td style=\"height: 76px;\" width=\"84\">\n<p>90-110<\/p>\n<\/td>\n<td style=\"height: 76px;\" width=\"99\">\n<p>880x550x550<\/p>\n<\/td>\n<td style=\"height: 76px;\" width=\"86\">\n<p>70-180<\/p>\n<\/td>\n<\/tr>\n<tr style=\"height: 76px;\">\n<td style=\"height: 76px;\" width=\"85\">\n<p><b>DC 110x70R<\/b><\/p>\n<\/td>\n<td style=\"height: 76px;\" width=\"86\">\n<p>120-410<\/p>\n<\/td>\n<td style=\"height: 76px;\" width=\"84\">\n<p>90-110<\/p>\n<\/td>\n<td style=\"height: 76px;\" width=\"99\">\n<p>880x540x540<\/p>\n<\/td>\n<td style=\"height: 76px;\" width=\"86\">\n<p>70-180<\/p>\n<\/td>\n<\/tr>\n<tr style=\"height: 76px;\">\n<td style=\"height: 76px;\" width=\"85\">\n<p><b>DC 115&#215;85<\/b><\/p>\n<\/td>\n<td style=\"height: 76px;\" width=\"86\">\n<p>110-480<\/p>\n<\/td>\n<td style=\"height: 76px;\" width=\"84\">\n<p>90-132<\/p>\n<\/td>\n<td style=\"height: 76px;\" width=\"99\">\n<p>1000x800x750<\/p>\n<\/td>\n<td style=\"height: 76px;\" width=\"86\">\n<p>80-250<\/p>\n<\/td>\n<\/tr>\n<tr style=\"height: 76px;\">\n<td style=\"height: 56px;\" width=\"85\">\n<p><b>DC 130&#215;105<\/b><\/p>\n<\/td>\n<td style=\"height: 56px;\" width=\"86\">190-610<\/td>\n<td style=\"height: 56px;\" width=\"84\">\n<p>132-160<\/p>\n<\/td>\n<td style=\"height: 56px;\" width=\"99\">\n<p>1100x1000x950<\/p>\n<\/td>\n<td style=\"height: 56px;\" width=\"86\">\n<p>120-260<\/p>\n<\/td>\n<\/tr>\n<\/tbody>\n<\/table>\t\t\t\t\t\t\t\t<\/div>\n\t\t\t\t<\/div>\n\t\t\t\t\t<\/div>\n\t\t<\/div>\n\t\t\t\t\t<\/div>\n\t\t<\/section>\n\t\t\t\t<\/div>\n\t\t","protected":false},"excerpt":{"rendered":"<p>DC-Backenbrecher Die DC-Backenbrecher erf\u00fcllen die wichtigsten Anforderungen f\u00fcr moderne Backenbrecher \u2013 hohe Leistung und die F\u00e4higkeit die gr\u00f6\u00dften Materialst\u00fccke bei einem niedrigen Gewicht und einer einfachen Maschinenkonstruktion zu verarbeiten. Deren robuste, aber leichte technische L\u00f6sung mit einem einfachen kinematischen Mechanismus ist auch mit R\u00fccksicht auf die Betriebszuverl\u00e4ssigkeit und Sparsamkeit, einfache Einstellung und Instandhaltung und auf [&hellip;]<\/p>\n","protected":false},"author":3,"featured_media":0,"parent":0,"menu_order":0,"comment_status":"closed","ping_status":"closed","template":"","meta":{"_acf_changed":false,"footnotes":""},"class_list":["post-2805","page","type-page","status-publish","hentry"],"acf":[],"_links":{"self":[{"href":"https:\/\/www.dspprerov.cz\/de\/wp-json\/wp\/v2\/pages\/2805","targetHints":{"allow":["GET"]}}],"collection":[{"href":"https:\/\/www.dspprerov.cz\/de\/wp-json\/wp\/v2\/pages"}],"about":[{"href":"https:\/\/www.dspprerov.cz\/de\/wp-json\/wp\/v2\/types\/page"}],"author":[{"embeddable":true,"href":"https:\/\/www.dspprerov.cz\/de\/wp-json\/wp\/v2\/users\/3"}],"replies":[{"embeddable":true,"href":"https:\/\/www.dspprerov.cz\/de\/wp-json\/wp\/v2\/comments?post=2805"}],"version-history":[{"count":5,"href":"https:\/\/www.dspprerov.cz\/de\/wp-json\/wp\/v2\/pages\/2805\/revisions"}],"predecessor-version":[{"id":2810,"href":"https:\/\/www.dspprerov.cz\/de\/wp-json\/wp\/v2\/pages\/2805\/revisions\/2810"}],"wp:attachment":[{"href":"https:\/\/www.dspprerov.cz\/de\/wp-json\/wp\/v2\/media?parent=2805"}],"curies":[{"name":"wp","href":"https:\/\/api.w.org\/{rel}","templated":true}]}}